{"id":10057,"date":"2021-09-07T12:25:09","date_gmt":"2021-09-07T10:25:09","guid":{"rendered":"https:\/\/www.allnav.com\/?page_id=10057"},"modified":"2024-06-06T17:53:43","modified_gmt":"2024-06-06T15:53:43","slug":"trimble-mx50","status":"publish","type":"page","link":"https:\/\/www.allnav.com\/fr\/produkte\/mobile-mapping\/trimble-mx50\/","title":{"rendered":"Trimble MX50"},"content":{"rendered":"<div data-elementor-type=\"wp-page\" data-elementor-id=\"10057\" class=\"elementor elementor-10057\" data-elementor-post-type=\"page\">\n\t\t\t\t\t\t<section class=\"elementor-section elementor-top-section elementor-element elementor-element-dd9b35e elementor-section-full_width elementor-reverse-mobile elementor-section-height-default elementor-section-height-default\" data-id=\"dd9b35e\" data-element_type=\"section\" data-e-type=\"section\">\n\t\t\t\t\t\t<div class=\"elementor-container elementor-column-gap-default\">\n\t\t\t\t\t<div class=\"elementor-column elementor-col-33 elementor-top-column elementor-element elementor-element-2c14371\" data-id=\"2c14371\" data-element_type=\"column\" data-e-type=\"column\">\n\t\t\t<div class=\"elementor-widget-wrap elementor-element-populated\">\n\t\t\t\t\t\t<div class=\"elementor-element elementor-element-651fd52 elementor-widget elementor-widget-image\" data-id=\"651fd52\" data-element_type=\"widget\" data-e-type=\"widget\" data-widget_type=\"image.default\">\n\t\t\t\t<div class=\"elementor-widget-container\">\n\t\t\t\t\t\t\t\t\t\t\t\t\t\t\t\t<a href=\"https:\/\/www.allnav.com\/wp-content\/uploads\/2021\/09\/MX50-Hero-Image_0_preview.png\" data-elementor-open-lightbox=\"yes\" data-elementor-lightbox-title=\"MX50--Hero-Image_0_preview\" data-e-action-hash=\"#elementor-action%3Aaction%3Dlightbox%26settings%3DeyJpZCI6MTAwNzIsInVybCI6Imh0dHBzOlwvXC93d3cuYWxsbmF2LmNvbVwvd3AtY29udGVudFwvdXBsb2Fkc1wvMjAyMVwvMDlcL01YNTAtSGVyby1JbWFnZV8wX3ByZXZpZXcucG5nIn0%3D\">\n\t\t\t\t\t\t\t<img decoding=\"async\" width=\"220\" height=\"191\" src=\"https:\/\/www.allnav.com\/wp-content\/uploads\/2021\/09\/MX50-Hero-Image_0_preview.png\" class=\"attachment-large size-large wp-image-10072\" alt=\"\" \/>\t\t\t\t\t\t\t\t<\/a>\n\t\t\t\t\t\t\t\t\t\t\t\t\t\t\t<\/div>\n\t\t\t\t<\/div>\n\t\t\t\t\t<\/div>\n\t\t<\/div>\n\t\t\t\t<div class=\"elementor-column elementor-col-66 elementor-top-column elementor-element elementor-element-74821a7\" data-id=\"74821a7\" data-element_type=\"column\" data-e-type=\"column\">\n\t\t\t<div class=\"elementor-widget-wrap elementor-element-populated\">\n\t\t\t\t\t\t<div class=\"elementor-element elementor-element-afb8177 elementor-widget elementor-widget-heading\" data-id=\"afb8177\" data-element_type=\"widget\" data-e-type=\"widget\" data-widget_type=\"heading.default\">\n\t\t\t\t<div class=\"elementor-widget-container\">\n\t\t\t\t\t<h1 class=\"elementor-heading-title elementor-size-default\">Trimble MX50<\/h1>\t\t\t\t<\/div>\n\t\t\t\t<\/div>\n\t\t\t\t<div class=\"elementor-element elementor-element-d7b3c21 elementor-widget-divider--view-line elementor-widget elementor-widget-divider\" data-id=\"d7b3c21\" data-element_type=\"widget\" data-e-type=\"widget\" data-widget_type=\"divider.default\">\n\t\t\t\t<div class=\"elementor-widget-container\">\n\t\t\t\t\t\t\t<div class=\"elementor-divider\">\n\t\t\t<span class=\"elementor-divider-separator\">\n\t\t\t\t\t\t<\/span>\n\t\t<\/div>\n\t\t\t\t\t\t<\/div>\n\t\t\t\t<\/div>\n\t\t\t\t<div class=\"elementor-element elementor-element-71baf61 elementor-widget elementor-widget-heading\" data-id=\"71baf61\" data-element_type=\"widget\" data-e-type=\"widget\" data-widget_type=\"heading.default\">\n\t\t\t\t<div class=\"elementor-widget-container\">\n\t\t\t\t\t<h3 class=\"elementor-heading-title elementor-size-default\">SOLUTION DE CARTOGRAPHIE MOBILE COMPACTE\n<\/h3>\t\t\t\t<\/div>\n\t\t\t\t<\/div>\n\t\t\t\t<div class=\"elementor-element elementor-element-ecbb409 elementor-widget elementor-widget-text-editor\" data-id=\"ecbb409\" data-element_type=\"widget\" data-e-type=\"widget\" data-widget_type=\"text-editor.default\">\n\t\t\t\t<div class=\"elementor-widget-container\">\n\t\t\t\t\t\t\t\t\tLa Trimble MX50 est une solution de cartographie mobile pour une collecte de donn\u00e9es embarqu\u00e9e, pratique, efficace et pr\u00e9cise. Le syst\u00e8me compact, mont\u00e9 sur v\u00e9hicule, est \u00e9quip\u00e9 de la technologie LiDAR de Trimble et d\u2019un syst\u00e8me inertiel GNSS. En capturant et en combinant facilement et avec pr\u00e9cision des nuages de points et des images haute r\u00e9solution, la Trimble MX50 est la solution id\u00e9ale pour la gestion des infrastructures, la cartographie et l\u2019entretien des routes, entre autres applications, en produisant des donn\u00e9es d\u2019inspection et en r\u00e9alisant l\u2019inventaire des objets avec leurs attributs.\t\t\t\t\t\t\t\t<\/div>\n\t\t\t\t<\/div>\n\t\t\t\t<div class=\"elementor-element elementor-element-50df679 elementor-widget elementor-widget-text-editor\" data-id=\"50df679\" data-element_type=\"widget\" data-e-type=\"widget\" data-widget_type=\"text-editor.default\">\n\t\t\t\t<div class=\"elementor-widget-container\">\n\t\t\t\t\t\t\t\t\tLe syst\u00e8me MX50 peut \u00eatre mont\u00e9 sur des v\u00e9hicules de tourisme classiques et utilis\u00e9 \u00e0 des vitesses allant jusqu\u2019\u00e0 110 km\/h pour la collecte de donn\u00e9es. Il est \u00e9galement possible d\u2019acqu\u00e9rir de grandes zones, comme de longs tron\u00e7ons de route.\t\t\t\t\t\t\t\t<\/div>\n\t\t\t\t<\/div>\n\t\t\t\t<div class=\"elementor-element elementor-element-5b21e7c elementor-widget elementor-widget-text-editor\" data-id=\"5b21e7c\" data-element_type=\"widget\" data-e-type=\"widget\" data-widget_type=\"text-editor.default\">\n\t\t\t\t<div class=\"elementor-widget-container\">\n\t\t\t\t\t\t\t\t\tLes avantages : l\u2019effort de collecte des donn\u00e9es \u00e9tant consid\u00e9rablement r\u00e9duit, les fermetures de routes et de voies ferr\u00e9es deviennent inutiles, ce qui permet de r\u00e9duire les co\u00fbts, de collecter rapidement les donn\u00e9es, d\u2019accro\u00eetre la s\u00e9curit\u00e9 des employ\u00e9s et d\u2019obtenir des donn\u00e9es plus pr\u00e9cises.\t\t\t\t\t\t\t\t<\/div>\n\t\t\t\t<\/div>\n\t\t\t\t\t<\/div>\n\t\t<\/div>\n\t\t\t\t\t<\/div>\n\t\t<\/section>\n\t\t\t\t<section class=\"elementor-section elementor-top-section elementor-element elementor-element-5c7c8bb elementor-section-full_width elementor-section-height-default elementor-section-height-default\" data-id=\"5c7c8bb\" data-element_type=\"section\" data-e-type=\"section\" data-settings=\"{&quot;background_background&quot;:&quot;classic&quot;}\">\n\t\t\t\t\t\t<div class=\"elementor-container elementor-column-gap-default\">\n\t\t\t\t\t<div class=\"elementor-column elementor-col-100 elementor-top-column elementor-element elementor-element-8e085db\" data-id=\"8e085db\" data-element_type=\"column\" data-e-type=\"column\">\n\t\t\t<div class=\"elementor-widget-wrap elementor-element-populated\">\n\t\t\t\t\t\t<div class=\"elementor-element elementor-element-8b1362b elementor-widget elementor-widget-heading\" data-id=\"8b1362b\" data-element_type=\"widget\" data-e-type=\"widget\" data-widget_type=\"heading.default\">\n\t\t\t\t<div class=\"elementor-widget-container\">\n\t\t\t\t\t<h2 class=\"elementor-heading-title elementor-size-default\">Caract\u00e9ristques<\/h2>\t\t\t\t<\/div>\n\t\t\t\t<\/div>\n\t\t\t\t<div class=\"elementor-element elementor-element-3bd9387 elementor-widget-divider--view-line elementor-widget elementor-widget-divider\" data-id=\"3bd9387\" data-element_type=\"widget\" data-e-type=\"widget\" data-widget_type=\"divider.default\">\n\t\t\t\t<div class=\"elementor-widget-container\">\n\t\t\t\t\t\t\t<div class=\"elementor-divider\">\n\t\t\t<span class=\"elementor-divider-separator\">\n\t\t\t\t\t\t<\/span>\n\t\t<\/div>\n\t\t\t\t\t\t<\/div>\n\t\t\t\t<\/div>\n\t\t\t\t<div class=\"elementor-element elementor-element-cdc314f elementor-widget elementor-widget-text-editor\" data-id=\"cdc314f\" data-element_type=\"widget\" data-e-type=\"widget\" data-widget_type=\"text-editor.default\">\n\t\t\t\t<div class=\"elementor-widget-container\">\n\t\t\t\t\t\t\t\t\t<ul><li>Installation simple de l\u2019application mobile<\/li><li>Collecte de donn\u00e9es gr\u00e2ce \u00e0 la technologie LiDAR de Trimble et \u00e0 des cam\u00e9ras panoramiques \u00e0 haute r\u00e9solution.<\/li><li>Utilisation facile depuis une tablette, un t\u00e9l\u00e9phone mobile ou un ordinateur portable via un navigateur.<\/li><li>Technologie LiDAR Trimble de pointe<\/li><li>Syst\u00e8me intertiel GNSS int\u00e9gr\u00e9<\/li><li>Port\u00e9e jusqu\u2019\u00e0 80 m\u00e8tres<\/li><li>Pr\u00e9cision 2,5 mm @ 30 m<\/li><li>Vitesse de num\u00e9risation jusqu\u2019\u00e0 240 scans\/sec.<\/li><li>Plusieurs cam\u00e9ras pour jusqu'\u00e0 10 images\/sec.<\/li><li>Int\u00e9gration parfaite avec les applications Trimble<\/li><\/ul>\t\t\t\t\t\t\t\t<\/div>\n\t\t\t\t<\/div>\n\t\t\t\t<section class=\"elementor-section elementor-inner-section elementor-element elementor-element-9d8f48d elementor-section-full_width elementor-section-height-default elementor-section-height-default\" data-id=\"9d8f48d\" data-element_type=\"section\" data-e-type=\"section\">\n\t\t\t\t\t\t<div class=\"elementor-container elementor-column-gap-default\">\n\t\t\t\t\t<div class=\"elementor-column elementor-col-25 elementor-inner-column elementor-element elementor-element-df101f1\" data-id=\"df101f1\" data-element_type=\"column\" data-e-type=\"column\">\n\t\t\t<div class=\"elementor-widget-wrap elementor-element-populated\">\n\t\t\t\t\t\t<div class=\"elementor-element elementor-element-f82bed7 elementor-align-justify elementor-widget elementor-widget-button\" data-id=\"f82bed7\" data-element_type=\"widget\" data-e-type=\"widget\" data-widget_type=\"button.default\">\n\t\t\t\t<div class=\"elementor-widget-container\">\n\t\t\t\t\t\t\t\t\t<div class=\"elementor-button-wrapper\">\n\t\t\t\t\t<a class=\"elementor-button elementor-button-link elementor-size-sm\" href=\"https:\/\/trl.trimble.com\/docushare\/dsweb\/Get\/Document-980167\/Datasheet%20-%20Trimble%20MX50%20Mobile%20Mapping%20Solution%20-%20German%20-%20Screen.pdf\" target=\"_blank\">\n\t\t\t\t\t\t<span class=\"elementor-button-content-wrapper\">\n\t\t\t\t\t\t\t\t\t<span class=\"elementor-button-text\">Fiche Technique<\/span>\n\t\t\t\t\t<\/span>\n\t\t\t\t\t<\/a>\n\t\t\t\t<\/div>\n\t\t\t\t\t\t\t\t<\/div>\n\t\t\t\t<\/div>\n\t\t\t\t\t<\/div>\n\t\t<\/div>\n\t\t\t\t<div class=\"elementor-column elementor-col-25 elementor-inner-column elementor-element elementor-element-6a299e9\" data-id=\"6a299e9\" data-element_type=\"column\" data-e-type=\"column\">\n\t\t\t<div class=\"elementor-widget-wrap elementor-element-populated\">\n\t\t\t\t\t\t<div class=\"elementor-element elementor-element-d1d2508 elementor-align-justify elementor-widget elementor-widget-button\" data-id=\"d1d2508\" data-element_type=\"widget\" data-e-type=\"widget\" data-widget_type=\"button.default\">\n\t\t\t\t<div class=\"elementor-widget-container\">\n\t\t\t\t\t\t\t\t\t<div class=\"elementor-button-wrapper\">\n\t\t\t\t\t<a class=\"elementor-button elementor-button-link elementor-size-sm\" href=\"https:\/\/trl.trimble.com\/docushare\/dsweb\/Get\/Document-983207\/Brochure%20-%20Trimble%20MX50%20Mobile%20Mapping%20Solution%20-%20German%20-%20Screen.pdf\" target=\"_blank\">\n\t\t\t\t\t\t<span class=\"elementor-button-content-wrapper\">\n\t\t\t\t\t\t\t\t\t<span class=\"elementor-button-text\">Brochure<\/span>\n\t\t\t\t\t<\/span>\n\t\t\t\t\t<\/a>\n\t\t\t\t<\/div>\n\t\t\t\t\t\t\t\t<\/div>\n\t\t\t\t<\/div>\n\t\t\t\t\t<\/div>\n\t\t<\/div>\n\t\t\t\t<div class=\"elementor-column elementor-col-25 elementor-inner-column elementor-element elementor-element-4f95093\" data-id=\"4f95093\" data-element_type=\"column\" data-e-type=\"column\">\n\t\t\t<div class=\"elementor-widget-wrap\">\n\t\t\t\t\t\t\t<\/div>\n\t\t<\/div>\n\t\t\t\t<div class=\"elementor-column elementor-col-25 elementor-inner-column elementor-element elementor-element-722639b\" data-id=\"722639b\" data-element_type=\"column\" data-e-type=\"column\">\n\t\t\t<div class=\"elementor-widget-wrap\">\n\t\t\t\t\t\t\t<\/div>\n\t\t<\/div>\n\t\t\t\t\t<\/div>\n\t\t<\/section>\n\t\t\t\t\t<\/div>\n\t\t<\/div>\n\t\t\t\t\t<\/div>\n\t\t<\/section>\n\t\t\t\t<section class=\"elementor-section elementor-top-section elementor-element elementor-element-3d3eb54 elementor-section-full_width elementor-section-height-default elementor-section-height-default\" data-id=\"3d3eb54\" data-element_type=\"section\" data-e-type=\"section\" data-settings=\"{&quot;background_background&quot;:&quot;classic&quot;}\">\n\t\t\t\t\t\t<div class=\"elementor-container elementor-column-gap-default\">\n\t\t\t\t\t<div class=\"elementor-column elementor-col-100 elementor-top-column elementor-element elementor-element-a17a299\" data-id=\"a17a299\" data-element_type=\"column\" data-e-type=\"column\">\n\t\t\t<div class=\"elementor-widget-wrap elementor-element-populated\">\n\t\t\t\t\t\t<div class=\"elementor-element elementor-element-49dd59a elementor-arrows-position-inside elementor-pagination-position-outside elementor-widget elementor-widget-image-carousel\" data-id=\"49dd59a\" data-element_type=\"widget\" data-e-type=\"widget\" data-settings=\"{&quot;slides_to_show&quot;:&quot;4&quot;,&quot;lazyload&quot;:&quot;yes&quot;,&quot;navigation&quot;:&quot;both&quot;,&quot;speed&quot;:500}\" data-widget_type=\"image-carousel.default\">\n\t\t\t\t<div class=\"elementor-widget-container\">\n\t\t\t\t\t\t\t<div class=\"elementor-image-carousel-wrapper swiper\" role=\"region\" aria-roledescription=\"carousel\" aria-label=\"Bild Karussell\" dir=\"ltr\">\n\t\t\t<div class=\"elementor-image-carousel swiper-wrapper\" aria-live=\"polite\">\n\t\t\t\t\t\t\t\t<div class=\"swiper-slide\" role=\"group\" aria-roledescription=\"slide\" aria-label=\"1 von 1\"><a data-elementor-open-lightbox=\"yes\" data-elementor-lightbox-slideshow=\"49dd59a\" data-elementor-lightbox-title=\"Trimble_MX50_713A3208_Web\" data-e-action-hash=\"#elementor-action%3Aaction%3Dlightbox%26settings%3DeyJpZCI6MTAwNjUsInVybCI6Imh0dHBzOlwvXC93d3cuYWxsbmF2LmNvbVwvd3AtY29udGVudFwvdXBsb2Fkc1wvMjAyMVwvMDlcL1RyaW1ibGVfTVg1MF83MTNBMzIwOF9XZWIuanBnIiwic2xpZGVzaG93IjoiNDlkZDU5YSJ9\" href=\"https:\/\/www.allnav.com\/wp-content\/uploads\/2021\/09\/Trimble_MX50_713A3208_Web.jpg\"><figure class=\"swiper-slide-inner\"><img class=\"swiper-slide-image swiper-lazy\" data-src=\"https:\/\/www.allnav.com\/wp-content\/uploads\/2021\/09\/Trimble_MX50_713A3208_Web-768x512.jpg\" alt=\"Trimble_MX50_713A3208_Web\" \/><div class=\"swiper-lazy-preloader\"><\/div><\/figure><\/a><\/div>\t\t\t<\/div>\n\t\t\t\t\t<\/div>\n\t\t\t\t\t\t<\/div>\n\t\t\t\t<\/div>\n\t\t\t\t\t<\/div>\n\t\t<\/div>\n\t\t\t\t\t<\/div>\n\t\t<\/section>\n\t\t\t\t<\/div>","protected":false},"excerpt":{"rendered":"<p>Trimble MX50 MOBILE UND KOMPAKTE MOBILEMAPPING-L\u00d6SUNGEN Trimble MX50 ist eine MobileMapping-L\u00f6sung f\u00fcr die mobile und praxisorientierte sowie effiziente und pr\u00e4zise Datenerfassung. Das auf einem Fahrzeug einfach zu montierende kompakte System ist mit der Trimble LiDAR-Technologie und einem GNSS-Inertialsystem ausgestattet. Durch die einfache und pr\u00e4zise Erfassung sowie Kombination von Punktwolken und hochaufl\u00f6sendem Bildmaterial ist das Trimble [&hellip;]<\/p>\n","protected":false},"author":1,"featured_media":10074,"parent":4351,"menu_order":0,"comment_status":"closed","ping_status":"closed","template":"elementor_header_footer","meta":{"footnotes":""},"class_list":["post-10057","page","type-page","status-publish","has-post-thumbnail","hentry"],"yoast_head":"<!-- This site is optimized with the Yoast SEO Premium plugin v25.3.1 (Yoast SEO v27.2) - https:\/\/yoast.com\/product\/yoast-seo-premium-wordpress\/ -->\n<title>Trimble MX50 - ALLNAV<\/title>\n<meta name=\"description\" content=\"Trimble MX50 ist eine MobileMapping-L\u00f6sung f\u00fcr die mobile und praxisorientierte sowie effiziente und pr\u00e4zise Datenerfassung.\" \/>\n<meta name=\"robots\" content=\"index, follow, max-snippet:-1, max-image-preview:large, max-video-preview:-1\" \/>\n<link rel=\"canonical\" href=\"https:\/\/www.allnav.com\/fr\/produkte\/mobile-mapping\/trimble-mx50\/\" \/>\n<meta property=\"og:locale\" content=\"fr_FR\" \/>\n<meta property=\"og:type\" content=\"article\" \/>\n<meta property=\"og:title\" content=\"MX50\" \/>\n<meta property=\"og:description\" content=\"Trimble MX50 ist eine MobileMapping-L\u00f6sung f\u00fcr die mobile und praxisorientierte sowie effiziente und pr\u00e4zise Datenerfassung.\" \/>\n<meta property=\"og:url\" content=\"https:\/\/www.allnav.com\/fr\/produkte\/mobile-mapping\/trimble-mx50\/\" \/>\n<meta property=\"og:site_name\" content=\"ALLNAV\" \/>\n<meta property=\"article:modified_time\" content=\"2024-06-06T15:53:43+00:00\" \/>\n<meta property=\"og:image\" content=\"https:\/\/www.allnav.com\/wp-content\/uploads\/2021\/09\/MX50-Hero-Image_0_web.png\" \/>\n\t<meta property=\"og:image:width\" content=\"900\" \/>\n\t<meta property=\"og:image:height\" content=\"814\" \/>\n\t<meta property=\"og:image:type\" content=\"image\/png\" \/>\n<meta name=\"twitter:card\" content=\"summary_large_image\" \/>\n<meta name=\"twitter:title\" content=\"MX50\" \/>\n<meta name=\"twitter:description\" content=\"Trimble MX50 ist eine MobileMapping-L\u00f6sung f\u00fcr die mobile und praxisorientierte sowie effiziente und pr\u00e4zise Datenerfassung.\" \/>\n<meta name=\"twitter:image\" content=\"https:\/\/www.allnav.com\/wp-content\/uploads\/2021\/09\/MX50-Hero-Image_0_web.png\" \/>\n<meta name=\"twitter:label1\" content=\"Dur\u00e9e de lecture estim\u00e9e\" \/>\n\t<meta name=\"twitter:data1\" content=\"2 minutes\" \/>\n<script type=\"application\/ld+json\" class=\"yoast-schema-graph\">{\"@context\":\"https:\/\/schema.org\",\"@graph\":[{\"@type\":\"WebPage\",\"@id\":\"https:\/\/www.allnav.com\/produkte\/mobile-mapping\/trimble-mx50\/\",\"url\":\"https:\/\/www.allnav.com\/produkte\/mobile-mapping\/trimble-mx50\/\",\"name\":\"Trimble MX50 - ALLNAV\",\"isPartOf\":{\"@id\":\"https:\/\/www.allnav.com\/#website\"},\"primaryImageOfPage\":{\"@id\":\"https:\/\/www.allnav.com\/produkte\/mobile-mapping\/trimble-mx50\/#primaryimage\"},\"image\":{\"@id\":\"https:\/\/www.allnav.com\/produkte\/mobile-mapping\/trimble-mx50\/#primaryimage\"},\"thumbnailUrl\":\"https:\/\/www.allnav.com\/wp-content\/uploads\/2021\/09\/MX50-Hero-Image_0_web.png\",\"datePublished\":\"2021-09-07T10:25:09+00:00\",\"dateModified\":\"2024-06-06T15:53:43+00:00\",\"description\":\"Trimble MX50 ist eine MobileMapping-L\u00f6sung f\u00fcr die mobile und praxisorientierte sowie effiziente und pr\u00e4zise Datenerfassung.\",\"breadcrumb\":{\"@id\":\"https:\/\/www.allnav.com\/produkte\/mobile-mapping\/trimble-mx50\/#breadcrumb\"},\"inLanguage\":\"fr-FR\",\"potentialAction\":[{\"@type\":\"ReadAction\",\"target\":[\"https:\/\/www.allnav.com\/produkte\/mobile-mapping\/trimble-mx50\/\"]}]},{\"@type\":\"ImageObject\",\"inLanguage\":\"fr-FR\",\"@id\":\"https:\/\/www.allnav.com\/produkte\/mobile-mapping\/trimble-mx50\/#primaryimage\",\"url\":\"https:\/\/www.allnav.com\/wp-content\/uploads\/2021\/09\/MX50-Hero-Image_0_web.png\",\"contentUrl\":\"https:\/\/www.allnav.com\/wp-content\/uploads\/2021\/09\/MX50-Hero-Image_0_web.png\",\"width\":900,\"height\":814},{\"@type\":\"BreadcrumbList\",\"@id\":\"https:\/\/www.allnav.com\/produkte\/mobile-mapping\/trimble-mx50\/#breadcrumb\",\"itemListElement\":[{\"@type\":\"ListItem\",\"position\":1,\"name\":\"Startseite\",\"item\":\"https:\/\/www.allnav.com\/\"},{\"@type\":\"ListItem\",\"position\":2,\"name\":\"Produkte\",\"item\":\"https:\/\/www.allnav.com\/produkte\/\"},{\"@type\":\"ListItem\",\"position\":3,\"name\":\"Mobile Mapping\",\"item\":\"https:\/\/www.allnav.com\/produkte\/mobile-mapping\/\"},{\"@type\":\"ListItem\",\"position\":4,\"name\":\"Trimble MX50\"}]},{\"@type\":\"WebSite\",\"@id\":\"https:\/\/www.allnav.com\/#website\",\"url\":\"https:\/\/www.allnav.com\/\",\"name\":\"ALLNAV\",\"description\":\"L\u00f6sungen und Systeme f\u00fcr Vermessungsprofis\",\"publisher\":{\"@id\":\"https:\/\/www.allnav.com\/#organization\"},\"potentialAction\":[{\"@type\":\"SearchAction\",\"target\":{\"@type\":\"EntryPoint\",\"urlTemplate\":\"https:\/\/www.allnav.com\/?s={search_term_string}\"},\"query-input\":{\"@type\":\"PropertyValueSpecification\",\"valueRequired\":true,\"valueName\":\"search_term_string\"}}],\"inLanguage\":\"fr-FR\"},{\"@type\":\"Organization\",\"@id\":\"https:\/\/www.allnav.com\/#organization\",\"name\":\"ALLNAV\",\"url\":\"https:\/\/www.allnav.com\/\",\"logo\":{\"@type\":\"ImageObject\",\"inLanguage\":\"fr-FR\",\"@id\":\"https:\/\/www.allnav.com\/#\/schema\/logo\/image\/\",\"url\":\"https:\/\/www.allnav.com\/wp-content\/uploads\/2020\/01\/allnav.png\",\"contentUrl\":\"https:\/\/www.allnav.com\/wp-content\/uploads\/2020\/01\/allnav.png\",\"width\":506,\"height\":152,\"caption\":\"ALLNAV\"},\"image\":{\"@id\":\"https:\/\/www.allnav.com\/#\/schema\/logo\/image\/\"}}]}<\/script>\n<!-- \/ Yoast SEO Premium plugin. -->","yoast_head_json":{"title":"Trimble MX50 - ALLNAV","description":"Trimble MX50 ist eine MobileMapping-L\u00f6sung f\u00fcr die mobile und praxisorientierte sowie effiziente und pr\u00e4zise Datenerfassung.","robots":{"index":"index","follow":"follow","max-snippet":"max-snippet:-1","max-image-preview":"max-image-preview:large","max-video-preview":"max-video-preview:-1"},"canonical":"https:\/\/www.allnav.com\/fr\/produkte\/mobile-mapping\/trimble-mx50\/","og_locale":"fr_FR","og_type":"article","og_title":"MX50","og_description":"Trimble MX50 ist eine MobileMapping-L\u00f6sung f\u00fcr die mobile und praxisorientierte sowie effiziente und pr\u00e4zise Datenerfassung.","og_url":"https:\/\/www.allnav.com\/fr\/produkte\/mobile-mapping\/trimble-mx50\/","og_site_name":"ALLNAV","article_modified_time":"2024-06-06T15:53:43+00:00","og_image":[{"width":900,"height":814,"url":"https:\/\/www.allnav.com\/wp-content\/uploads\/2021\/09\/MX50-Hero-Image_0_web.png","type":"image\/png"}],"twitter_card":"summary_large_image","twitter_title":"MX50","twitter_description":"Trimble MX50 ist eine MobileMapping-L\u00f6sung f\u00fcr die mobile und praxisorientierte sowie effiziente und pr\u00e4zise Datenerfassung.","twitter_image":"https:\/\/www.allnav.com\/wp-content\/uploads\/2021\/09\/MX50-Hero-Image_0_web.png","twitter_misc":{"Dur\u00e9e de lecture estim\u00e9e":"2 minutes"},"schema":{"@context":"https:\/\/schema.org","@graph":[{"@type":"WebPage","@id":"https:\/\/www.allnav.com\/produkte\/mobile-mapping\/trimble-mx50\/","url":"https:\/\/www.allnav.com\/produkte\/mobile-mapping\/trimble-mx50\/","name":"Trimble MX50 - ALLNAV","isPartOf":{"@id":"https:\/\/www.allnav.com\/#website"},"primaryImageOfPage":{"@id":"https:\/\/www.allnav.com\/produkte\/mobile-mapping\/trimble-mx50\/#primaryimage"},"image":{"@id":"https:\/\/www.allnav.com\/produkte\/mobile-mapping\/trimble-mx50\/#primaryimage"},"thumbnailUrl":"https:\/\/www.allnav.com\/wp-content\/uploads\/2021\/09\/MX50-Hero-Image_0_web.png","datePublished":"2021-09-07T10:25:09+00:00","dateModified":"2024-06-06T15:53:43+00:00","description":"Trimble MX50 ist eine MobileMapping-L\u00f6sung f\u00fcr die mobile und praxisorientierte sowie effiziente und pr\u00e4zise Datenerfassung.","breadcrumb":{"@id":"https:\/\/www.allnav.com\/produkte\/mobile-mapping\/trimble-mx50\/#breadcrumb"},"inLanguage":"fr-FR","potentialAction":[{"@type":"ReadAction","target":["https:\/\/www.allnav.com\/produkte\/mobile-mapping\/trimble-mx50\/"]}]},{"@type":"ImageObject","inLanguage":"fr-FR","@id":"https:\/\/www.allnav.com\/produkte\/mobile-mapping\/trimble-mx50\/#primaryimage","url":"https:\/\/www.allnav.com\/wp-content\/uploads\/2021\/09\/MX50-Hero-Image_0_web.png","contentUrl":"https:\/\/www.allnav.com\/wp-content\/uploads\/2021\/09\/MX50-Hero-Image_0_web.png","width":900,"height":814},{"@type":"BreadcrumbList","@id":"https:\/\/www.allnav.com\/produkte\/mobile-mapping\/trimble-mx50\/#breadcrumb","itemListElement":[{"@type":"ListItem","position":1,"name":"Startseite","item":"https:\/\/www.allnav.com\/"},{"@type":"ListItem","position":2,"name":"Produkte","item":"https:\/\/www.allnav.com\/produkte\/"},{"@type":"ListItem","position":3,"name":"Mobile Mapping","item":"https:\/\/www.allnav.com\/produkte\/mobile-mapping\/"},{"@type":"ListItem","position":4,"name":"Trimble MX50"}]},{"@type":"WebSite","@id":"https:\/\/www.allnav.com\/#website","url":"https:\/\/www.allnav.com\/","name":"ALLNAV","description":"L\u00f6sungen und Systeme f\u00fcr Vermessungsprofis","publisher":{"@id":"https:\/\/www.allnav.com\/#organization"},"potentialAction":[{"@type":"SearchAction","target":{"@type":"EntryPoint","urlTemplate":"https:\/\/www.allnav.com\/?s={search_term_string}"},"query-input":{"@type":"PropertyValueSpecification","valueRequired":true,"valueName":"search_term_string"}}],"inLanguage":"fr-FR"},{"@type":"Organization","@id":"https:\/\/www.allnav.com\/#organization","name":"ALLNAV","url":"https:\/\/www.allnav.com\/","logo":{"@type":"ImageObject","inLanguage":"fr-FR","@id":"https:\/\/www.allnav.com\/#\/schema\/logo\/image\/","url":"https:\/\/www.allnav.com\/wp-content\/uploads\/2020\/01\/allnav.png","contentUrl":"https:\/\/www.allnav.com\/wp-content\/uploads\/2020\/01\/allnav.png","width":506,"height":152,"caption":"ALLNAV"},"image":{"@id":"https:\/\/www.allnav.com\/#\/schema\/logo\/image\/"}}]}},"_links":{"self":[{"href":"https:\/\/www.allnav.com\/fr\/wp-json\/wp\/v2\/pages\/10057","targetHints":{"allow":["GET"]}}],"collection":[{"href":"https:\/\/www.allnav.com\/fr\/wp-json\/wp\/v2\/pages"}],"about":[{"href":"https:\/\/www.allnav.com\/fr\/wp-json\/wp\/v2\/types\/page"}],"author":[{"embeddable":true,"href":"https:\/\/www.allnav.com\/fr\/wp-json\/wp\/v2\/users\/1"}],"replies":[{"embeddable":true,"href":"https:\/\/www.allnav.com\/fr\/wp-json\/wp\/v2\/comments?post=10057"}],"version-history":[{"count":13,"href":"https:\/\/www.allnav.com\/fr\/wp-json\/wp\/v2\/pages\/10057\/revisions"}],"predecessor-version":[{"id":13596,"href":"https:\/\/www.allnav.com\/fr\/wp-json\/wp\/v2\/pages\/10057\/revisions\/13596"}],"up":[{"embeddable":true,"href":"https:\/\/www.allnav.com\/fr\/wp-json\/wp\/v2\/pages\/4351"}],"wp:featuredmedia":[{"embeddable":true,"href":"https:\/\/www.allnav.com\/fr\/wp-json\/wp\/v2\/media\/10074"}],"wp:attachment":[{"href":"https:\/\/www.allnav.com\/fr\/wp-json\/wp\/v2\/media?parent=10057"}],"curies":[{"name":"wp","href":"https:\/\/api.w.org\/{rel}","templated":true}]}}