{"id":10280,"date":"2024-06-06T11:01:53","date_gmt":"2024-06-06T09:01:53","guid":{"rendered":"https:\/\/www.allnav.com\/?page_id=10280"},"modified":"2024-06-11T13:08:11","modified_gmt":"2024-06-11T11:08:11","slug":"trimble-r750","status":"publish","type":"page","link":"https:\/\/www.allnav.com\/fr\/produkte\/gnss-systeme\/trimble-r750\/","title":{"rendered":"Trimble R750"},"content":{"rendered":"<div data-elementor-type=\"wp-page\" data-elementor-id=\"10280\" class=\"elementor elementor-10280\" data-elementor-post-type=\"page\">\n\t\t\t\t\t\t<section class=\"elementor-section elementor-top-section elementor-element elementor-element-976149e elementor-section-full_width elementor-reverse-mobile elementor-section-height-default elementor-section-height-default\" data-id=\"976149e\" data-element_type=\"section\" data-e-type=\"section\">\n\t\t\t\t\t\t<div class=\"elementor-container elementor-column-gap-default\">\n\t\t\t\t\t<div class=\"elementor-column elementor-col-33 elementor-top-column elementor-element elementor-element-48a3daf\" data-id=\"48a3daf\" data-element_type=\"column\" data-e-type=\"column\">\n\t\t\t<div class=\"elementor-widget-wrap elementor-element-populated\">\n\t\t\t\t\t\t<div class=\"elementor-element elementor-element-68aa856 elementor-widget elementor-widget-image\" data-id=\"68aa856\" data-element_type=\"widget\" data-e-type=\"widget\" data-widget_type=\"image.default\">\n\t\t\t\t<div class=\"elementor-widget-container\">\n\t\t\t\t\t\t\t\t\t\t\t\t\t\t\t\t<a href=\"https:\/\/www.allnav.com\/wp-content\/uploads\/2022\/02\/trimble_r750.jpg\" data-elementor-open-lightbox=\"yes\" data-elementor-lightbox-title=\"trimble_r750\" data-e-action-hash=\"#elementor-action%3Aaction%3Dlightbox%26settings%3DeyJpZCI6MTA0NjQsInVybCI6Imh0dHBzOlwvXC93d3cuYWxsbmF2LmNvbVwvd3AtY29udGVudFwvdXBsb2Fkc1wvMjAyMlwvMDJcL3RyaW1ibGVfcjc1MC5qcGcifQ%3D%3D\">\n\t\t\t\t\t\t\t<img fetchpriority=\"high\" decoding=\"async\" width=\"768\" height=\"922\" src=\"https:\/\/www.allnav.com\/wp-content\/uploads\/2022\/02\/trimble_r750.jpg\" class=\"attachment-large size-large wp-image-10464\" alt=\"\" srcset=\"https:\/\/www.allnav.com\/wp-content\/uploads\/2022\/02\/trimble_r750.jpg 768w, https:\/\/www.allnav.com\/wp-content\/uploads\/2022\/02\/trimble_r750-250x300.jpg 250w\" sizes=\"(max-width: 768px) 100vw, 768px\" \/>\t\t\t\t\t\t\t\t<\/a>\n\t\t\t\t\t\t\t\t\t\t\t\t\t\t\t<\/div>\n\t\t\t\t<\/div>\n\t\t\t\t\t<\/div>\n\t\t<\/div>\n\t\t\t\t<div class=\"elementor-column elementor-col-66 elementor-top-column elementor-element elementor-element-5435d8e\" data-id=\"5435d8e\" data-element_type=\"column\" data-e-type=\"column\">\n\t\t\t<div class=\"elementor-widget-wrap elementor-element-populated\">\n\t\t\t\t\t\t<div class=\"elementor-element elementor-element-abf3a12 elementor-widget elementor-widget-heading\" data-id=\"abf3a12\" data-element_type=\"widget\" data-e-type=\"widget\" data-widget_type=\"heading.default\">\n\t\t\t\t<div class=\"elementor-widget-container\">\n\t\t\t\t\t<h1 class=\"elementor-heading-title elementor-size-default\">Trimble R750<\/h1>\t\t\t\t<\/div>\n\t\t\t\t<\/div>\n\t\t\t\t<div class=\"elementor-element elementor-element-cb00846 elementor-widget-divider--view-line elementor-widget elementor-widget-divider\" data-id=\"cb00846\" data-element_type=\"widget\" data-e-type=\"widget\" data-widget_type=\"divider.default\">\n\t\t\t\t<div class=\"elementor-widget-container\">\n\t\t\t\t\t\t\t<div class=\"elementor-divider\">\n\t\t\t<span class=\"elementor-divider-separator\">\n\t\t\t\t\t\t<\/span>\n\t\t<\/div>\n\t\t\t\t\t\t<\/div>\n\t\t\t\t<\/div>\n\t\t\t\t<div class=\"elementor-element elementor-element-69af661 elementor-widget elementor-widget-heading\" data-id=\"69af661\" data-element_type=\"widget\" data-e-type=\"widget\" data-widget_type=\"heading.default\">\n\t\t\t\t<div class=\"elementor-widget-container\">\n\t\t\t\t\t<h3 class=\"elementor-heading-title elementor-size-default\">MODULARIT\u00c9 GNSS \u00c9VOLUTIVE<\/h3>\t\t\t\t<\/div>\n\t\t\t\t<\/div>\n\t\t\t\t<div class=\"elementor-element elementor-element-3409a32 elementor-widget elementor-widget-text-editor\" data-id=\"3409a32\" data-element_type=\"widget\" data-e-type=\"widget\" data-widget_type=\"text-editor.default\">\n\t\t\t\t<div class=\"elementor-widget-container\">\n\t\t\t\t\t\t\t\t\tLe Trimble R750 est un r\u00e9cepteur GNSS dot\u00e9 d'un maximum de fonctionnalit\u00e9s et de flexibilit\u00e9 pour les professionnels de la topographie.\t\t\t\t\t\t\t\t<\/div>\n\t\t\t\t<\/div>\n\t\t\t\t<div class=\"elementor-element elementor-element-34b2f82 elementor-widget elementor-widget-text-editor\" data-id=\"34b2f82\" data-element_type=\"widget\" data-e-type=\"widget\" data-widget_type=\"text-editor.default\">\n\t\t\t\t<div class=\"elementor-widget-container\">\n\t\t\t\t\t\t\t\t\tCette solution GNSS modulaire haut de gamme associe la toute derni\u00e8re technologie de positionnement de Trimble \u00e0 des fonctions de communication modernes. Le Trimble R750 offre la connectivit\u00e9, la flexibilit\u00e9 et l\u2019\u00e9volutivit\u00e9 n\u00e9cessaires pour r\u00e9pondre aux exigences des flux de travail professionnels bas\u00e9s sur le GNSS. Le syst\u00e8me est \u00e9volutif, des extensions sont facilement r\u00e9alisables d\u00e8s que vos besoins \u00e9voluent.\t\t\t\t\t\t\t\t<\/div>\n\t\t\t\t<\/div>\n\t\t\t\t\t<\/div>\n\t\t<\/div>\n\t\t\t\t\t<\/div>\n\t\t<\/section>\n\t\t\t\t<section class=\"elementor-section elementor-top-section elementor-element elementor-element-0b4795a elementor-section-full_width elementor-section-height-default elementor-section-height-default\" data-id=\"0b4795a\" data-element_type=\"section\" data-e-type=\"section\" data-settings=\"{&quot;background_background&quot;:&quot;classic&quot;}\">\n\t\t\t\t\t\t<div class=\"elementor-container elementor-column-gap-default\">\n\t\t\t\t\t<div class=\"elementor-column elementor-col-100 elementor-top-column elementor-element elementor-element-e8e0b55\" data-id=\"e8e0b55\" data-element_type=\"column\" data-e-type=\"column\">\n\t\t\t<div class=\"elementor-widget-wrap elementor-element-populated\">\n\t\t\t\t\t\t<div class=\"elementor-element elementor-element-0286f1c elementor-widget elementor-widget-heading\" data-id=\"0286f1c\" data-element_type=\"widget\" data-e-type=\"widget\" data-widget_type=\"heading.default\">\n\t\t\t\t<div class=\"elementor-widget-container\">\n\t\t\t\t\t<h2 class=\"elementor-heading-title elementor-size-default\">Caract\u00e9ristques<\/h2>\t\t\t\t<\/div>\n\t\t\t\t<\/div>\n\t\t\t\t<div class=\"elementor-element elementor-element-f7737a3 elementor-widget-divider--view-line elementor-widget elementor-widget-divider\" data-id=\"f7737a3\" data-element_type=\"widget\" data-e-type=\"widget\" data-widget_type=\"divider.default\">\n\t\t\t\t<div class=\"elementor-widget-container\">\n\t\t\t\t\t\t\t<div class=\"elementor-divider\">\n\t\t\t<span class=\"elementor-divider-separator\">\n\t\t\t\t\t\t<\/span>\n\t\t<\/div>\n\t\t\t\t\t\t<\/div>\n\t\t\t\t<\/div>\n\t\t\t\t<div class=\"elementor-element elementor-element-84b9bae elementor-widget elementor-widget-text-editor\" data-id=\"84b9bae\" data-element_type=\"widget\" data-e-type=\"widget\" data-widget_type=\"text-editor.default\">\n\t\t\t\t<div class=\"elementor-widget-container\">\n\t\t\t\t\t\t\t\t\t<ul><li>Trimble Maxwell \u2122 7 GNSS ASIC<\/li><li>Suivi satellite de pointe avec la technologie de r\u00e9cepteur Trimble 360<\/li><li>Technologie de positionnement GNSS Trimble ProPoint pour une pr\u00e9cision et une productivit\u00e9 accrue dans les environnements GNSS difficiles.<\/li><li>Supporte la technologie de correction CenterPoint RTX de Trimble avec la pr\u00e9cision RTK<\/li><li>Technologie Trimble xFill\u00ae en cas d\u2019interruption de la correction<\/li><li>\u00c9cran pratique et facile \u00e0 lire sur le panneau avant pour une configuration ais\u00e9e<\/li><li>Options de connexion via Wi-Fi et modem 4G LTE<\/li><li>Prise en charge Bluetooth, Ethernet, s\u00e9rie et USB<\/li><li>8 GB de m\u00e9moire interne<\/li><li>Stockage des donn\u00e9es en interne et sur un disque dur externe<\/li><li>Fonction de charge USB-C PD<\/li><\/ul>\t\t\t\t\t\t\t\t<\/div>\n\t\t\t\t<\/div>\n\t\t\t\t<section class=\"elementor-section elementor-inner-section elementor-element elementor-element-ec75093 elementor-section-full_width elementor-section-height-default elementor-section-height-default\" data-id=\"ec75093\" data-element_type=\"section\" data-e-type=\"section\">\n\t\t\t\t\t\t<div class=\"elementor-container elementor-column-gap-default\">\n\t\t\t\t\t<div class=\"elementor-column elementor-col-25 elementor-inner-column elementor-element elementor-element-d37c3d7\" data-id=\"d37c3d7\" data-element_type=\"column\" data-e-type=\"column\">\n\t\t\t<div class=\"elementor-widget-wrap elementor-element-populated\">\n\t\t\t\t\t\t<div class=\"elementor-element elementor-element-74fa189 elementor-align-justify elementor-widget elementor-widget-button\" data-id=\"74fa189\" data-element_type=\"widget\" data-e-type=\"widget\" data-widget_type=\"button.default\">\n\t\t\t\t<div class=\"elementor-widget-container\">\n\t\t\t\t\t\t\t\t\t<div class=\"elementor-button-wrapper\">\n\t\t\t\t\t<a class=\"elementor-button elementor-button-link elementor-size-sm\" href=\"https:\/\/geospatial.trimble.com\/sites\/geospatial.trimble.com\/files\/2021-12\/Datasheet-TrimbleR750GNSSReceiver-French.pdf\" target=\"_blank\">\n\t\t\t\t\t\t<span class=\"elementor-button-content-wrapper\">\n\t\t\t\t\t\t\t\t\t<span class=\"elementor-button-text\">Fiche Technique<\/span>\n\t\t\t\t\t<\/span>\n\t\t\t\t\t<\/a>\n\t\t\t\t<\/div>\n\t\t\t\t\t\t\t\t<\/div>\n\t\t\t\t<\/div>\n\t\t\t\t\t<\/div>\n\t\t<\/div>\n\t\t\t\t<div class=\"elementor-column elementor-col-25 elementor-inner-column elementor-element elementor-element-2ddd731\" data-id=\"2ddd731\" data-element_type=\"column\" data-e-type=\"column\">\n\t\t\t<div class=\"elementor-widget-wrap elementor-element-populated\">\n\t\t\t\t\t\t<div class=\"elementor-element elementor-element-b7fa99d elementor-align-justify elementor-widget elementor-widget-button\" data-id=\"b7fa99d\" data-element_type=\"widget\" data-e-type=\"widget\" data-widget_type=\"button.default\">\n\t\t\t\t<div class=\"elementor-widget-container\">\n\t\t\t\t\t\t\t\t\t<div class=\"elementor-button-wrapper\">\n\t\t\t\t\t<a class=\"elementor-button elementor-button-link elementor-size-sm\" href=\"https:\/\/geospatial.trimble.com\/en\/products\/hardware\/trimble-r750\" target=\"_blank\">\n\t\t\t\t\t\t<span class=\"elementor-button-content-wrapper\">\n\t\t\t\t\t\t\t\t\t<span class=\"elementor-button-text\">En savoir plus<\/span>\n\t\t\t\t\t<\/span>\n\t\t\t\t\t<\/a>\n\t\t\t\t<\/div>\n\t\t\t\t\t\t\t\t<\/div>\n\t\t\t\t<\/div>\n\t\t\t\t\t<\/div>\n\t\t<\/div>\n\t\t\t\t<div class=\"elementor-column elementor-col-25 elementor-inner-column elementor-element elementor-element-ee74d2e\" data-id=\"ee74d2e\" data-element_type=\"column\" data-e-type=\"column\">\n\t\t\t<div class=\"elementor-widget-wrap\">\n\t\t\t\t\t\t\t<\/div>\n\t\t<\/div>\n\t\t\t\t<div class=\"elementor-column elementor-col-25 elementor-inner-column elementor-element elementor-element-00c1314\" data-id=\"00c1314\" data-element_type=\"column\" data-e-type=\"column\">\n\t\t\t<div class=\"elementor-widget-wrap\">\n\t\t\t\t\t\t\t<\/div>\n\t\t<\/div>\n\t\t\t\t\t<\/div>\n\t\t<\/section>\n\t\t\t\t\t<\/div>\n\t\t<\/div>\n\t\t\t\t\t<\/div>\n\t\t<\/section>\n\t\t\t\t<\/div>","protected":false},"excerpt":{"rendered":"<p>Le Trimble R750 est un r\u00e9cepteur GNSS dot\u00e9 d'un maximum de fonctionnalit\u00e9s et de flexibilit\u00e9 pour les professionnels de la topographie.<\/p>","protected":false},"author":1,"featured_media":13872,"parent":4065,"menu_order":0,"comment_status":"closed","ping_status":"closed","template":"elementor_header_footer","meta":{"footnotes":""},"class_list":["post-10280","page","type-page","status-publish","has-post-thumbnail","hentry"],"yoast_head":"<!-- This site is optimized with the Yoast SEO Premium plugin v27.5 (Yoast SEO v27.5) - https:\/\/yoast.com\/product\/yoast-seo-premium-wordpress\/ -->\n<title>Trimble R750 - ALLNAV<\/title>\n<meta name=\"description\" content=\"Bei dem Trimble R750 handelt es sich um einen mit maximalem Funktionsumfang und maximaler Flexibilit\u00e4t ausgestatteten GNSS-Empf\u00e4nger.\" \/>\n<meta name=\"robots\" content=\"index, follow, max-snippet:-1, max-image-preview:large, max-video-preview:-1\" \/>\n<link rel=\"canonical\" href=\"https:\/\/www.allnav.com\/fr\/produkte\/gnss-systeme\/trimble-r750\/\" \/>\n<meta property=\"og:locale\" content=\"fr_FR\" \/>\n<meta property=\"og:type\" content=\"article\" \/>\n<meta property=\"og:title\" content=\"R9s\" \/>\n<meta property=\"og:description\" content=\"Der Trimble\u00ae R9s ist ein mit maximalem Funktionsumfang und maximaler Flexibilit\u00e4t ausgestatteter GNSS-Empf\u00e4nger.\" \/>\n<meta property=\"og:url\" content=\"https:\/\/www.allnav.com\/fr\/produkte\/gnss-systeme\/trimble-r750\/\" \/>\n<meta property=\"og:site_name\" content=\"ALLNAV\" \/>\n<meta property=\"article:modified_time\" content=\"2024-06-11T11:08:11+00:00\" \/>\n<meta property=\"og:image\" content=\"https:\/\/www.allnav.com\/wp-content\/uploads\/2020\/04\/NetR9-2.ashx_.jpg\" \/>\n\t<meta property=\"og:image:width\" content=\"349\" \/>\n\t<meta property=\"og:image:height\" content=\"500\" \/>\n\t<meta property=\"og:image:type\" content=\"image\/jpeg\" \/>\n<meta name=\"twitter:card\" content=\"summary_large_image\" \/>\n<meta name=\"twitter:title\" content=\"R9s\" \/>\n<meta name=\"twitter:description\" content=\"Der Trimble\u00ae R9s ist ein mit maximalem Funktionsumfang und maximaler Flexibilit\u00e4t ausgestatteter GNSS-Empf\u00e4nger.\" \/>\n<meta name=\"twitter:image\" content=\"https:\/\/www.allnav.com\/wp-content\/uploads\/2020\/04\/NetR9-2.ashx_.jpg\" \/>\n<meta name=\"twitter:label1\" content=\"Dur\u00e9e de lecture estim\u00e9e\" \/>\n\t<meta name=\"twitter:data1\" content=\"1 minute\" \/>\n<script type=\"application\/ld+json\" class=\"yoast-schema-graph\">{\"@context\":\"https:\\\/\\\/schema.org\",\"@graph\":[{\"@type\":\"WebPage\",\"@id\":\"https:\\\/\\\/www.allnav.com\\\/produkte\\\/gnss-systeme\\\/trimble-r750\\\/\",\"url\":\"https:\\\/\\\/www.allnav.com\\\/produkte\\\/gnss-systeme\\\/trimble-r750\\\/\",\"name\":\"Trimble R750 - ALLNAV\",\"isPartOf\":{\"@id\":\"https:\\\/\\\/www.allnav.com\\\/#website\"},\"primaryImageOfPage\":{\"@id\":\"https:\\\/\\\/www.allnav.com\\\/produkte\\\/gnss-systeme\\\/trimble-r750\\\/#primaryimage\"},\"image\":{\"@id\":\"https:\\\/\\\/www.allnav.com\\\/produkte\\\/gnss-systeme\\\/trimble-r750\\\/#primaryimage\"},\"thumbnailUrl\":\"https:\\\/\\\/www.allnav.com\\\/wp-content\\\/uploads\\\/2024\\\/06\\\/trimble-r750-thumb.jpg\",\"datePublished\":\"2024-06-06T09:01:53+00:00\",\"dateModified\":\"2024-06-11T11:08:11+00:00\",\"description\":\"Bei dem Trimble R750 handelt es sich um einen mit maximalem Funktionsumfang und maximaler Flexibilit\u00e4t ausgestatteten GNSS-Empf\u00e4nger.\",\"breadcrumb\":{\"@id\":\"https:\\\/\\\/www.allnav.com\\\/produkte\\\/gnss-systeme\\\/trimble-r750\\\/#breadcrumb\"},\"inLanguage\":\"fr-FR\",\"potentialAction\":[{\"@type\":\"ReadAction\",\"target\":[\"https:\\\/\\\/www.allnav.com\\\/produkte\\\/gnss-systeme\\\/trimble-r750\\\/\"]}]},{\"@type\":\"ImageObject\",\"inLanguage\":\"fr-FR\",\"@id\":\"https:\\\/\\\/www.allnav.com\\\/produkte\\\/gnss-systeme\\\/trimble-r750\\\/#primaryimage\",\"url\":\"https:\\\/\\\/www.allnav.com\\\/wp-content\\\/uploads\\\/2024\\\/06\\\/trimble-r750-thumb.jpg\",\"contentUrl\":\"https:\\\/\\\/www.allnav.com\\\/wp-content\\\/uploads\\\/2024\\\/06\\\/trimble-r750-thumb.jpg\",\"width\":1280,\"height\":853},{\"@type\":\"BreadcrumbList\",\"@id\":\"https:\\\/\\\/www.allnav.com\\\/produkte\\\/gnss-systeme\\\/trimble-r750\\\/#breadcrumb\",\"itemListElement\":[{\"@type\":\"ListItem\",\"position\":1,\"name\":\"Startseite\",\"item\":\"https:\\\/\\\/www.allnav.com\\\/\"},{\"@type\":\"ListItem\",\"position\":2,\"name\":\"Produkte\",\"item\":\"https:\\\/\\\/www.allnav.com\\\/produkte\\\/\"},{\"@type\":\"ListItem\",\"position\":3,\"name\":\"GNSS-Systeme\",\"item\":\"https:\\\/\\\/www.allnav.com\\\/produkte\\\/gnss-systeme\\\/\"},{\"@type\":\"ListItem\",\"position\":4,\"name\":\"Trimble R750\"}]},{\"@type\":\"WebSite\",\"@id\":\"https:\\\/\\\/www.allnav.com\\\/#website\",\"url\":\"https:\\\/\\\/www.allnav.com\\\/\",\"name\":\"ALLNAV\",\"description\":\"L\u00f6sungen und Systeme f\u00fcr Vermessungsprofis\",\"publisher\":{\"@id\":\"https:\\\/\\\/www.allnav.com\\\/#organization\"},\"potentialAction\":[{\"@type\":\"SearchAction\",\"target\":{\"@type\":\"EntryPoint\",\"urlTemplate\":\"https:\\\/\\\/www.allnav.com\\\/?s={search_term_string}\"},\"query-input\":{\"@type\":\"PropertyValueSpecification\",\"valueRequired\":true,\"valueName\":\"search_term_string\"}}],\"inLanguage\":\"fr-FR\"},{\"@type\":\"Organization\",\"@id\":\"https:\\\/\\\/www.allnav.com\\\/#organization\",\"name\":\"ALLNAV\",\"url\":\"https:\\\/\\\/www.allnav.com\\\/\",\"logo\":{\"@type\":\"ImageObject\",\"inLanguage\":\"fr-FR\",\"@id\":\"https:\\\/\\\/www.allnav.com\\\/#\\\/schema\\\/logo\\\/image\\\/\",\"url\":\"https:\\\/\\\/www.allnav.com\\\/wp-content\\\/uploads\\\/2020\\\/01\\\/allnav.png\",\"contentUrl\":\"https:\\\/\\\/www.allnav.com\\\/wp-content\\\/uploads\\\/2020\\\/01\\\/allnav.png\",\"width\":506,\"height\":152,\"caption\":\"ALLNAV\"},\"image\":{\"@id\":\"https:\\\/\\\/www.allnav.com\\\/#\\\/schema\\\/logo\\\/image\\\/\"}}]}<\/script>\n<!-- \/ Yoast SEO Premium plugin. -->","yoast_head_json":{"title":"Trimble R750 - ALLNAV","description":"Bei dem Trimble R750 handelt es sich um einen mit maximalem Funktionsumfang und maximaler Flexibilit\u00e4t ausgestatteten GNSS-Empf\u00e4nger.","robots":{"index":"index","follow":"follow","max-snippet":"max-snippet:-1","max-image-preview":"max-image-preview:large","max-video-preview":"max-video-preview:-1"},"canonical":"https:\/\/www.allnav.com\/fr\/produkte\/gnss-systeme\/trimble-r750\/","og_locale":"fr_FR","og_type":"article","og_title":"R9s","og_description":"Der Trimble\u00ae R9s ist ein mit maximalem Funktionsumfang und maximaler Flexibilit\u00e4t ausgestatteter GNSS-Empf\u00e4nger.","og_url":"https:\/\/www.allnav.com\/fr\/produkte\/gnss-systeme\/trimble-r750\/","og_site_name":"ALLNAV","article_modified_time":"2024-06-11T11:08:11+00:00","og_image":[{"width":349,"height":500,"url":"https:\/\/www.allnav.com\/wp-content\/uploads\/2020\/04\/NetR9-2.ashx_.jpg","type":"image\/jpeg"}],"twitter_card":"summary_large_image","twitter_title":"R9s","twitter_description":"Der Trimble\u00ae R9s ist ein mit maximalem Funktionsumfang und maximaler Flexibilit\u00e4t ausgestatteter GNSS-Empf\u00e4nger.","twitter_image":"https:\/\/www.allnav.com\/wp-content\/uploads\/2020\/04\/NetR9-2.ashx_.jpg","twitter_misc":{"Dur\u00e9e de lecture estim\u00e9e":"1 minute"},"schema":{"@context":"https:\/\/schema.org","@graph":[{"@type":"WebPage","@id":"https:\/\/www.allnav.com\/produkte\/gnss-systeme\/trimble-r750\/","url":"https:\/\/www.allnav.com\/produkte\/gnss-systeme\/trimble-r750\/","name":"Trimble R750 - ALLNAV","isPartOf":{"@id":"https:\/\/www.allnav.com\/#website"},"primaryImageOfPage":{"@id":"https:\/\/www.allnav.com\/produkte\/gnss-systeme\/trimble-r750\/#primaryimage"},"image":{"@id":"https:\/\/www.allnav.com\/produkte\/gnss-systeme\/trimble-r750\/#primaryimage"},"thumbnailUrl":"https:\/\/www.allnav.com\/wp-content\/uploads\/2024\/06\/trimble-r750-thumb.jpg","datePublished":"2024-06-06T09:01:53+00:00","dateModified":"2024-06-11T11:08:11+00:00","description":"Bei dem Trimble R750 handelt es sich um einen mit maximalem Funktionsumfang und maximaler Flexibilit\u00e4t ausgestatteten GNSS-Empf\u00e4nger.","breadcrumb":{"@id":"https:\/\/www.allnav.com\/produkte\/gnss-systeme\/trimble-r750\/#breadcrumb"},"inLanguage":"fr-FR","potentialAction":[{"@type":"ReadAction","target":["https:\/\/www.allnav.com\/produkte\/gnss-systeme\/trimble-r750\/"]}]},{"@type":"ImageObject","inLanguage":"fr-FR","@id":"https:\/\/www.allnav.com\/produkte\/gnss-systeme\/trimble-r750\/#primaryimage","url":"https:\/\/www.allnav.com\/wp-content\/uploads\/2024\/06\/trimble-r750-thumb.jpg","contentUrl":"https:\/\/www.allnav.com\/wp-content\/uploads\/2024\/06\/trimble-r750-thumb.jpg","width":1280,"height":853},{"@type":"BreadcrumbList","@id":"https:\/\/www.allnav.com\/produkte\/gnss-systeme\/trimble-r750\/#breadcrumb","itemListElement":[{"@type":"ListItem","position":1,"name":"Startseite","item":"https:\/\/www.allnav.com\/"},{"@type":"ListItem","position":2,"name":"Produkte","item":"https:\/\/www.allnav.com\/produkte\/"},{"@type":"ListItem","position":3,"name":"GNSS-Systeme","item":"https:\/\/www.allnav.com\/produkte\/gnss-systeme\/"},{"@type":"ListItem","position":4,"name":"Trimble R750"}]},{"@type":"WebSite","@id":"https:\/\/www.allnav.com\/#website","url":"https:\/\/www.allnav.com\/","name":"ALLNAV","description":"L\u00f6sungen und Systeme f\u00fcr Vermessungsprofis","publisher":{"@id":"https:\/\/www.allnav.com\/#organization"},"potentialAction":[{"@type":"SearchAction","target":{"@type":"EntryPoint","urlTemplate":"https:\/\/www.allnav.com\/?s={search_term_string}"},"query-input":{"@type":"PropertyValueSpecification","valueRequired":true,"valueName":"search_term_string"}}],"inLanguage":"fr-FR"},{"@type":"Organization","@id":"https:\/\/www.allnav.com\/#organization","name":"ALLNAV","url":"https:\/\/www.allnav.com\/","logo":{"@type":"ImageObject","inLanguage":"fr-FR","@id":"https:\/\/www.allnav.com\/#\/schema\/logo\/image\/","url":"https:\/\/www.allnav.com\/wp-content\/uploads\/2020\/01\/allnav.png","contentUrl":"https:\/\/www.allnav.com\/wp-content\/uploads\/2020\/01\/allnav.png","width":506,"height":152,"caption":"ALLNAV"},"image":{"@id":"https:\/\/www.allnav.com\/#\/schema\/logo\/image\/"}}]}},"_links":{"self":[{"href":"https:\/\/www.allnav.com\/fr\/wp-json\/wp\/v2\/pages\/10280","targetHints":{"allow":["GET"]}}],"collection":[{"href":"https:\/\/www.allnav.com\/fr\/wp-json\/wp\/v2\/pages"}],"about":[{"href":"https:\/\/www.allnav.com\/fr\/wp-json\/wp\/v2\/types\/page"}],"author":[{"embeddable":true,"href":"https:\/\/www.allnav.com\/fr\/wp-json\/wp\/v2\/users\/1"}],"replies":[{"embeddable":true,"href":"https:\/\/www.allnav.com\/fr\/wp-json\/wp\/v2\/comments?post=10280"}],"version-history":[{"count":0,"href":"https:\/\/www.allnav.com\/fr\/wp-json\/wp\/v2\/pages\/10280\/revisions"}],"up":[{"embeddable":true,"href":"https:\/\/www.allnav.com\/fr\/wp-json\/wp\/v2\/pages\/4065"}],"wp:featuredmedia":[{"embeddable":true,"href":"https:\/\/www.allnav.com\/fr\/wp-json\/wp\/v2\/media\/13872"}],"wp:attachment":[{"href":"https:\/\/www.allnav.com\/fr\/wp-json\/wp\/v2\/media?parent=10280"}],"curies":[{"name":"wp","href":"https:\/\/api.w.org\/{rel}","templated":true}]}}