{"id":10771,"date":"2022-08-08T10:19:55","date_gmt":"2022-08-08T08:19:55","guid":{"rendered":"https:\/\/www.allnav.com\/?page_id=10771"},"modified":"2024-06-11T12:35:32","modified_gmt":"2024-06-11T10:35:32","slug":"trimble-perspective","status":"publish","type":"page","link":"https:\/\/www.allnav.com\/fr\/produkte\/laserscanner\/trimble-perspective\/","title":{"rendered":"Trimble Perspective"},"content":{"rendered":"<div data-elementor-type=\"wp-page\" data-elementor-id=\"10771\" class=\"elementor elementor-10771\" data-elementor-post-type=\"page\">\n\t\t\t\t\t\t<section class=\"elementor-section elementor-top-section elementor-element elementor-element-3e416be elementor-section-full_width elementor-reverse-mobile elementor-section-height-default elementor-section-height-default\" data-id=\"3e416be\" data-element_type=\"section\" data-e-type=\"section\">\n\t\t\t\t\t\t<div class=\"elementor-container elementor-column-gap-default\">\n\t\t\t\t\t<div class=\"elementor-column elementor-col-33 elementor-top-column elementor-element elementor-element-2d62a13\" data-id=\"2d62a13\" data-element_type=\"column\" data-e-type=\"column\">\n\t\t\t<div class=\"elementor-widget-wrap elementor-element-populated\">\n\t\t\t\t\t\t<div class=\"elementor-element elementor-element-9fae6f1 elementor-widget elementor-widget-image\" data-id=\"9fae6f1\" data-element_type=\"widget\" data-e-type=\"widget\" data-widget_type=\"image.default\">\n\t\t\t\t<div class=\"elementor-widget-container\">\n\t\t\t\t\t\t\t\t\t\t\t\t\t\t\t\t<a href=\"https:\/\/www.allnav.com\/wp-content\/uploads\/2024\/06\/trimble-perspective.jpg\" data-elementor-open-lightbox=\"yes\" data-elementor-lightbox-title=\"trimble-perspective\" data-e-action-hash=\"#elementor-action%3Aaction%3Dlightbox%26settings%3DeyJpZCI6MTM4MTQsInVybCI6Imh0dHBzOlwvXC93d3cuYWxsbmF2LmNvbVwvd3AtY29udGVudFwvdXBsb2Fkc1wvMjAyNFwvMDZcL3RyaW1ibGUtcGVyc3BlY3RpdmUuanBnIn0%3D\">\n\t\t\t\t\t\t\t<img fetchpriority=\"high\" decoding=\"async\" width=\"800\" height=\"533\" src=\"https:\/\/www.allnav.com\/wp-content\/uploads\/2024\/06\/trimble-perspective-1024x682.jpg\" class=\"attachment-large size-large wp-image-13814\" alt=\"\" srcset=\"https:\/\/www.allnav.com\/wp-content\/uploads\/2024\/06\/trimble-perspective-1024x682.jpg 1024w, https:\/\/www.allnav.com\/wp-content\/uploads\/2024\/06\/trimble-perspective-300x200.jpg 300w, https:\/\/www.allnav.com\/wp-content\/uploads\/2024\/06\/trimble-perspective-768x512.jpg 768w, https:\/\/www.allnav.com\/wp-content\/uploads\/2024\/06\/trimble-perspective.jpg 1280w\" sizes=\"(max-width: 800px) 100vw, 800px\" \/>\t\t\t\t\t\t\t\t<\/a>\n\t\t\t\t\t\t\t\t\t\t\t\t\t\t\t<\/div>\n\t\t\t\t<\/div>\n\t\t\t\t\t<\/div>\n\t\t<\/div>\n\t\t\t\t<div class=\"elementor-column elementor-col-66 elementor-top-column elementor-element elementor-element-3a1fc71\" data-id=\"3a1fc71\" data-element_type=\"column\" data-e-type=\"column\">\n\t\t\t<div class=\"elementor-widget-wrap elementor-element-populated\">\n\t\t\t\t\t\t<div class=\"elementor-element elementor-element-707ac9a elementor-widget elementor-widget-heading\" data-id=\"707ac9a\" data-element_type=\"widget\" data-e-type=\"widget\" data-widget_type=\"heading.default\">\n\t\t\t\t<div class=\"elementor-widget-container\">\n\t\t\t\t\t<h1 class=\"elementor-heading-title elementor-size-default\">Trimble Perspective<\/h1>\t\t\t\t<\/div>\n\t\t\t\t<\/div>\n\t\t\t\t<div class=\"elementor-element elementor-element-08e2748 elementor-widget-divider--view-line elementor-widget elementor-widget-divider\" data-id=\"08e2748\" data-element_type=\"widget\" data-e-type=\"widget\" data-widget_type=\"divider.default\">\n\t\t\t\t<div class=\"elementor-widget-container\">\n\t\t\t\t\t\t\t<div class=\"elementor-divider\">\n\t\t\t<span class=\"elementor-divider-separator\">\n\t\t\t\t\t\t<\/span>\n\t\t<\/div>\n\t\t\t\t\t\t<\/div>\n\t\t\t\t<\/div>\n\t\t\t\t<div class=\"elementor-element elementor-element-aed4bba elementor-widget elementor-widget-heading\" data-id=\"aed4bba\" data-element_type=\"widget\" data-e-type=\"widget\" data-widget_type=\"heading.default\">\n\t\t\t\t<div class=\"elementor-widget-container\">\n\t\t\t\t\t<h3 class=\"elementor-heading-title elementor-size-default\">LOGICIEL D\u2019ENREGISTREMENT ET D\u2019ANALYSE DE NUAGES DE POINTS 3D SUR LE TERRAIN<\/h3>\t\t\t\t<\/div>\n\t\t\t\t<\/div>\n\t\t\t\t<div class=\"elementor-element elementor-element-d31228e elementor-widget elementor-widget-text-editor\" data-id=\"d31228e\" data-element_type=\"widget\" data-e-type=\"widget\" data-widget_type=\"text-editor.default\">\n\t\t\t\t<div class=\"elementor-widget-container\">\n\t\t\t\t\t\t\t\t\tTrimble Perspective est la solution logicielle sp\u00e9cialement con\u00e7ue pour l\u2019enregistrement complet et le contr\u00f4le sur le terrain lors de l\u2019utilisation d\u2019un syst\u00e8me de scanner laser 3D Trimble X12 ou X7.\nL\u2019application est une solution totale adapt\u00e9e pour le traitement et l\u2019analyse de nuages de points. Elle permet des processus de travail flexibles et faciles \u00e0 apprendre, une interface utilisateur personnalisable et une liaison automatis\u00e9e des scans ainsi que des mesures \u00e0 la vol\u00e9e (on-the-fly).\t\t\t\t\t\t\t\t<\/div>\n\t\t\t\t<\/div>\n\t\t\t\t<div class=\"elementor-element elementor-element-ec24c81 elementor-align-justify elementor-widget elementor-widget-button\" data-id=\"ec24c81\" data-element_type=\"widget\" data-e-type=\"widget\" data-widget_type=\"button.default\">\n\t\t\t\t<div class=\"elementor-widget-container\">\n\t\t\t\t\t\t\t\t\t<div class=\"elementor-button-wrapper\">\n\t\t\t\t\t<a class=\"elementor-button elementor-button-link elementor-size-sm\" href=\"https:\/\/geospatial.trimble.com\/en\/products\/software\/trimble-perspective\" target=\"_blank\">\n\t\t\t\t\t\t<span class=\"elementor-button-content-wrapper\">\n\t\t\t\t\t\t\t\t\t<span class=\"elementor-button-text\">En savoir plus<\/span>\n\t\t\t\t\t<\/span>\n\t\t\t\t\t<\/a>\n\t\t\t\t<\/div>\n\t\t\t\t\t\t\t\t<\/div>\n\t\t\t\t<\/div>\n\t\t\t\t\t<\/div>\n\t\t<\/div>\n\t\t\t\t\t<\/div>\n\t\t<\/section>\n\t\t\t\t<section class=\"elementor-section elementor-top-section elementor-element elementor-element-89c591d elementor-section-full_width elementor-section-height-default elementor-section-height-default\" data-id=\"89c591d\" data-element_type=\"section\" data-e-type=\"section\" data-settings=\"{&quot;background_background&quot;:&quot;classic&quot;}\">\n\t\t\t\t\t\t<div class=\"elementor-container elementor-column-gap-default\">\n\t\t\t\t\t<div class=\"elementor-column elementor-col-100 elementor-top-column elementor-element elementor-element-4a04bcd\" data-id=\"4a04bcd\" data-element_type=\"column\" data-e-type=\"column\">\n\t\t\t<div class=\"elementor-widget-wrap\">\n\t\t\t\t\t\t\t<\/div>\n\t\t<\/div>\n\t\t\t\t\t<\/div>\n\t\t<\/section>\n\t\t\t\t<\/div>","protected":false},"excerpt":{"rendered":"<p>Trimble Perspective est la solution logicielle sp\u00e9cialement con\u00e7ue pour la gestion des flux sur le terrain et l'encha\u00eenement complet des scans au travail pour les syst\u00e8mes de scanning laser 3D Trimble X12 ou X7.<\/p>","protected":false},"author":1,"featured_media":13814,"parent":4273,"menu_order":0,"comment_status":"closed","ping_status":"closed","template":"elementor_header_footer","meta":{"footnotes":""},"class_list":["post-10771","page","type-page","status-publish","has-post-thumbnail","hentry"],"yoast_head":"<!-- This site is optimized with the Yoast SEO Premium plugin v27.4 (Yoast SEO v27.4) - https:\/\/yoast.com\/product\/yoast-seo-premium-wordpress\/ -->\n<title>Trimble Perspective - ALLNAV<\/title>\n<meta name=\"description\" content=\"Das leistungsstarke 3D-Lasersoftwarepaket Trimble RealWorks wurde speziell f\u00fcr die Verarbeitung und Auswertung von Punktwolken entwickelt.\" \/>\n<meta name=\"robots\" content=\"index, follow, max-snippet:-1, max-image-preview:large, max-video-preview:-1\" \/>\n<link rel=\"canonical\" href=\"https:\/\/www.allnav.com\/fr\/produkte\/laserscanner\/trimble-perspective\/\" \/>\n<meta property=\"og:locale\" content=\"fr_FR\" \/>\n<meta property=\"og:type\" content=\"article\" \/>\n<meta property=\"og:title\" content=\"Realworks\" \/>\n<meta property=\"og:description\" content=\"Das leistungsstarke 3D-Lasersoftwarepaket Trimble RealWorks wurde speziell f\u00fcr die Verarbeitung und Auswertung von Punktwolken entwickelt.\" \/>\n<meta property=\"og:url\" content=\"https:\/\/www.allnav.com\/fr\/produkte\/laserscanner\/trimble-perspective\/\" \/>\n<meta property=\"og:site_name\" content=\"ALLNAV\" \/>\n<meta property=\"article:modified_time\" content=\"2024-06-11T10:35:32+00:00\" \/>\n<meta property=\"og:image\" content=\"https:\/\/www.allnav.com\/wp-content\/uploads\/2020\/04\/RealWorks_studio_2.jpg\" \/>\n\t<meta property=\"og:image:width\" content=\"267\" \/>\n\t<meta property=\"og:image:height\" content=\"382\" \/>\n\t<meta property=\"og:image:type\" content=\"image\/jpeg\" \/>\n<meta name=\"twitter:card\" content=\"summary_large_image\" \/>\n<meta name=\"twitter:title\" content=\"Realworks\" \/>\n<meta name=\"twitter:description\" content=\"Das leistungsstarke 3D-Lasersoftwarepaket Trimble RealWorks wurde speziell f\u00fcr die Verarbeitung und Auswertung von Punktwolken entwickelt.\" \/>\n<meta name=\"twitter:image\" content=\"https:\/\/www.allnav.com\/wp-content\/uploads\/2020\/04\/RealWorks_studio_2.jpg\" \/>\n<meta name=\"twitter:label1\" content=\"Dur\u00e9e de lecture estim\u00e9e\" \/>\n\t<meta name=\"twitter:data1\" content=\"1 minute\" \/>\n<script type=\"application\/ld+json\" class=\"yoast-schema-graph\">{\"@context\":\"https:\\\/\\\/schema.org\",\"@graph\":[{\"@type\":\"WebPage\",\"@id\":\"https:\\\/\\\/www.allnav.com\\\/produkte\\\/laserscanner\\\/trimble-perspective\\\/\",\"url\":\"https:\\\/\\\/www.allnav.com\\\/produkte\\\/laserscanner\\\/trimble-perspective\\\/\",\"name\":\"Trimble Perspective - ALLNAV\",\"isPartOf\":{\"@id\":\"https:\\\/\\\/www.allnav.com\\\/#website\"},\"primaryImageOfPage\":{\"@id\":\"https:\\\/\\\/www.allnav.com\\\/produkte\\\/laserscanner\\\/trimble-perspective\\\/#primaryimage\"},\"image\":{\"@id\":\"https:\\\/\\\/www.allnav.com\\\/produkte\\\/laserscanner\\\/trimble-perspective\\\/#primaryimage\"},\"thumbnailUrl\":\"https:\\\/\\\/www.allnav.com\\\/wp-content\\\/uploads\\\/2024\\\/06\\\/trimble-perspective.jpg\",\"datePublished\":\"2022-08-08T08:19:55+00:00\",\"dateModified\":\"2024-06-11T10:35:32+00:00\",\"description\":\"Das leistungsstarke 3D-Lasersoftwarepaket Trimble RealWorks wurde speziell f\u00fcr die Verarbeitung und Auswertung von Punktwolken entwickelt.\",\"breadcrumb\":{\"@id\":\"https:\\\/\\\/www.allnav.com\\\/produkte\\\/laserscanner\\\/trimble-perspective\\\/#breadcrumb\"},\"inLanguage\":\"fr-FR\",\"potentialAction\":[{\"@type\":\"ReadAction\",\"target\":[\"https:\\\/\\\/www.allnav.com\\\/produkte\\\/laserscanner\\\/trimble-perspective\\\/\"]}]},{\"@type\":\"ImageObject\",\"inLanguage\":\"fr-FR\",\"@id\":\"https:\\\/\\\/www.allnav.com\\\/produkte\\\/laserscanner\\\/trimble-perspective\\\/#primaryimage\",\"url\":\"https:\\\/\\\/www.allnav.com\\\/wp-content\\\/uploads\\\/2024\\\/06\\\/trimble-perspective.jpg\",\"contentUrl\":\"https:\\\/\\\/www.allnav.com\\\/wp-content\\\/uploads\\\/2024\\\/06\\\/trimble-perspective.jpg\",\"width\":1280,\"height\":853},{\"@type\":\"BreadcrumbList\",\"@id\":\"https:\\\/\\\/www.allnav.com\\\/produkte\\\/laserscanner\\\/trimble-perspective\\\/#breadcrumb\",\"itemListElement\":[{\"@type\":\"ListItem\",\"position\":1,\"name\":\"Startseite\",\"item\":\"https:\\\/\\\/www.allnav.com\\\/\"},{\"@type\":\"ListItem\",\"position\":2,\"name\":\"Produkte\",\"item\":\"https:\\\/\\\/www.allnav.com\\\/produkte\\\/\"},{\"@type\":\"ListItem\",\"position\":3,\"name\":\"Laserscanner\",\"item\":\"https:\\\/\\\/www.allnav.com\\\/produkte\\\/laserscanner\\\/\"},{\"@type\":\"ListItem\",\"position\":4,\"name\":\"Trimble Perspective\"}]},{\"@type\":\"WebSite\",\"@id\":\"https:\\\/\\\/www.allnav.com\\\/#website\",\"url\":\"https:\\\/\\\/www.allnav.com\\\/\",\"name\":\"ALLNAV\",\"description\":\"L\u00f6sungen und Systeme f\u00fcr Vermessungsprofis\",\"publisher\":{\"@id\":\"https:\\\/\\\/www.allnav.com\\\/#organization\"},\"potentialAction\":[{\"@type\":\"SearchAction\",\"target\":{\"@type\":\"EntryPoint\",\"urlTemplate\":\"https:\\\/\\\/www.allnav.com\\\/?s={search_term_string}\"},\"query-input\":{\"@type\":\"PropertyValueSpecification\",\"valueRequired\":true,\"valueName\":\"search_term_string\"}}],\"inLanguage\":\"fr-FR\"},{\"@type\":\"Organization\",\"@id\":\"https:\\\/\\\/www.allnav.com\\\/#organization\",\"name\":\"ALLNAV\",\"url\":\"https:\\\/\\\/www.allnav.com\\\/\",\"logo\":{\"@type\":\"ImageObject\",\"inLanguage\":\"fr-FR\",\"@id\":\"https:\\\/\\\/www.allnav.com\\\/#\\\/schema\\\/logo\\\/image\\\/\",\"url\":\"https:\\\/\\\/www.allnav.com\\\/wp-content\\\/uploads\\\/2020\\\/01\\\/allnav.png\",\"contentUrl\":\"https:\\\/\\\/www.allnav.com\\\/wp-content\\\/uploads\\\/2020\\\/01\\\/allnav.png\",\"width\":506,\"height\":152,\"caption\":\"ALLNAV\"},\"image\":{\"@id\":\"https:\\\/\\\/www.allnav.com\\\/#\\\/schema\\\/logo\\\/image\\\/\"}}]}<\/script>\n<!-- \/ Yoast SEO Premium plugin. -->","yoast_head_json":{"title":"Trimble Perspective - ALLNAV","description":"Das leistungsstarke 3D-Lasersoftwarepaket Trimble RealWorks wurde speziell f\u00fcr die Verarbeitung und Auswertung von Punktwolken entwickelt.","robots":{"index":"index","follow":"follow","max-snippet":"max-snippet:-1","max-image-preview":"max-image-preview:large","max-video-preview":"max-video-preview:-1"},"canonical":"https:\/\/www.allnav.com\/fr\/produkte\/laserscanner\/trimble-perspective\/","og_locale":"fr_FR","og_type":"article","og_title":"Realworks","og_description":"Das leistungsstarke 3D-Lasersoftwarepaket Trimble RealWorks wurde speziell f\u00fcr die Verarbeitung und Auswertung von Punktwolken entwickelt.","og_url":"https:\/\/www.allnav.com\/fr\/produkte\/laserscanner\/trimble-perspective\/","og_site_name":"ALLNAV","article_modified_time":"2024-06-11T10:35:32+00:00","og_image":[{"width":267,"height":382,"url":"https:\/\/www.allnav.com\/wp-content\/uploads\/2020\/04\/RealWorks_studio_2.jpg","type":"image\/jpeg"}],"twitter_card":"summary_large_image","twitter_title":"Realworks","twitter_description":"Das leistungsstarke 3D-Lasersoftwarepaket Trimble RealWorks wurde speziell f\u00fcr die Verarbeitung und Auswertung von Punktwolken entwickelt.","twitter_image":"https:\/\/www.allnav.com\/wp-content\/uploads\/2020\/04\/RealWorks_studio_2.jpg","twitter_misc":{"Dur\u00e9e de lecture estim\u00e9e":"1 minute"},"schema":{"@context":"https:\/\/schema.org","@graph":[{"@type":"WebPage","@id":"https:\/\/www.allnav.com\/produkte\/laserscanner\/trimble-perspective\/","url":"https:\/\/www.allnav.com\/produkte\/laserscanner\/trimble-perspective\/","name":"Trimble Perspective - ALLNAV","isPartOf":{"@id":"https:\/\/www.allnav.com\/#website"},"primaryImageOfPage":{"@id":"https:\/\/www.allnav.com\/produkte\/laserscanner\/trimble-perspective\/#primaryimage"},"image":{"@id":"https:\/\/www.allnav.com\/produkte\/laserscanner\/trimble-perspective\/#primaryimage"},"thumbnailUrl":"https:\/\/www.allnav.com\/wp-content\/uploads\/2024\/06\/trimble-perspective.jpg","datePublished":"2022-08-08T08:19:55+00:00","dateModified":"2024-06-11T10:35:32+00:00","description":"Das leistungsstarke 3D-Lasersoftwarepaket Trimble RealWorks wurde speziell f\u00fcr die Verarbeitung und Auswertung von Punktwolken entwickelt.","breadcrumb":{"@id":"https:\/\/www.allnav.com\/produkte\/laserscanner\/trimble-perspective\/#breadcrumb"},"inLanguage":"fr-FR","potentialAction":[{"@type":"ReadAction","target":["https:\/\/www.allnav.com\/produkte\/laserscanner\/trimble-perspective\/"]}]},{"@type":"ImageObject","inLanguage":"fr-FR","@id":"https:\/\/www.allnav.com\/produkte\/laserscanner\/trimble-perspective\/#primaryimage","url":"https:\/\/www.allnav.com\/wp-content\/uploads\/2024\/06\/trimble-perspective.jpg","contentUrl":"https:\/\/www.allnav.com\/wp-content\/uploads\/2024\/06\/trimble-perspective.jpg","width":1280,"height":853},{"@type":"BreadcrumbList","@id":"https:\/\/www.allnav.com\/produkte\/laserscanner\/trimble-perspective\/#breadcrumb","itemListElement":[{"@type":"ListItem","position":1,"name":"Startseite","item":"https:\/\/www.allnav.com\/"},{"@type":"ListItem","position":2,"name":"Produkte","item":"https:\/\/www.allnav.com\/produkte\/"},{"@type":"ListItem","position":3,"name":"Laserscanner","item":"https:\/\/www.allnav.com\/produkte\/laserscanner\/"},{"@type":"ListItem","position":4,"name":"Trimble Perspective"}]},{"@type":"WebSite","@id":"https:\/\/www.allnav.com\/#website","url":"https:\/\/www.allnav.com\/","name":"ALLNAV","description":"L\u00f6sungen und Systeme f\u00fcr Vermessungsprofis","publisher":{"@id":"https:\/\/www.allnav.com\/#organization"},"potentialAction":[{"@type":"SearchAction","target":{"@type":"EntryPoint","urlTemplate":"https:\/\/www.allnav.com\/?s={search_term_string}"},"query-input":{"@type":"PropertyValueSpecification","valueRequired":true,"valueName":"search_term_string"}}],"inLanguage":"fr-FR"},{"@type":"Organization","@id":"https:\/\/www.allnav.com\/#organization","name":"ALLNAV","url":"https:\/\/www.allnav.com\/","logo":{"@type":"ImageObject","inLanguage":"fr-FR","@id":"https:\/\/www.allnav.com\/#\/schema\/logo\/image\/","url":"https:\/\/www.allnav.com\/wp-content\/uploads\/2020\/01\/allnav.png","contentUrl":"https:\/\/www.allnav.com\/wp-content\/uploads\/2020\/01\/allnav.png","width":506,"height":152,"caption":"ALLNAV"},"image":{"@id":"https:\/\/www.allnav.com\/#\/schema\/logo\/image\/"}}]}},"_links":{"self":[{"href":"https:\/\/www.allnav.com\/fr\/wp-json\/wp\/v2\/pages\/10771","targetHints":{"allow":["GET"]}}],"collection":[{"href":"https:\/\/www.allnav.com\/fr\/wp-json\/wp\/v2\/pages"}],"about":[{"href":"https:\/\/www.allnav.com\/fr\/wp-json\/wp\/v2\/types\/page"}],"author":[{"embeddable":true,"href":"https:\/\/www.allnav.com\/fr\/wp-json\/wp\/v2\/users\/1"}],"replies":[{"embeddable":true,"href":"https:\/\/www.allnav.com\/fr\/wp-json\/wp\/v2\/comments?post=10771"}],"version-history":[{"count":0,"href":"https:\/\/www.allnav.com\/fr\/wp-json\/wp\/v2\/pages\/10771\/revisions"}],"up":[{"embeddable":true,"href":"https:\/\/www.allnav.com\/fr\/wp-json\/wp\/v2\/pages\/4273"}],"wp:featuredmedia":[{"embeddable":true,"href":"https:\/\/www.allnav.com\/fr\/wp-json\/wp\/v2\/media\/13814"}],"wp:attachment":[{"href":"https:\/\/www.allnav.com\/fr\/wp-json\/wp\/v2\/media?parent=10771"}],"curies":[{"name":"wp","href":"https:\/\/api.w.org\/{rel}","templated":true}]}}