{"id":11198,"date":"2023-04-25T09:49:22","date_gmt":"2023-04-25T07:49:22","guid":{"rendered":"https:\/\/www.allnav.com\/?page_id=11198"},"modified":"2026-03-26T09:02:05","modified_gmt":"2026-03-26T08:02:05","slug":"dji-mavic-3-enterprise-2","status":"publish","type":"page","link":"https:\/\/www.allnav.com\/fr\/produkte\/drohnen\/dji-mavic-3-enterprise-2\/","title":{"rendered":"DJI Mavic 3 Enterprise"},"content":{"rendered":"<div data-elementor-type=\"wp-page\" data-elementor-id=\"11198\" class=\"elementor elementor-11198\" data-elementor-post-type=\"page\">\n\t\t\t\t\t\t<section class=\"elementor-section elementor-top-section elementor-element elementor-element-482ccce elementor-section-full_width elementor-reverse-mobile elementor-section-height-default elementor-section-height-default\" data-id=\"482ccce\" data-element_type=\"section\" data-e-type=\"section\">\n\t\t\t\t\t\t<div class=\"elementor-container elementor-column-gap-default\">\n\t\t\t\t\t<div class=\"elementor-column elementor-col-33 elementor-top-column elementor-element elementor-element-6950eca\" data-id=\"6950eca\" data-element_type=\"column\" data-e-type=\"column\">\n\t\t\t<div class=\"elementor-widget-wrap elementor-element-populated\">\n\t\t\t\t\t\t<div class=\"elementor-element elementor-element-fff605b elementor-widget elementor-widget-image\" data-id=\"fff605b\" data-element_type=\"widget\" data-e-type=\"widget\" data-widget_type=\"image.default\">\n\t\t\t\t<div class=\"elementor-widget-container\">\n\t\t\t\t\t\t\t\t\t\t\t\t\t\t\t\t<a href=\"https:\/\/www.allnav.com\/wp-content\/uploads\/2023\/04\/ALC_Web_Mavic_3_Enterprise_01.jpg\" data-elementor-open-lightbox=\"yes\" data-e-action-hash=\"#elementor-action%3Aaction%3Dlightbox%26settings%3DeyJpZCI6MTEyMDMsInVybCI6ZmFsc2V9\">\n\t\t\t\t\t\t\t<img decoding=\"async\" src=\"https:\/\/www.allnav.com\/wp-content\/uploads\/2023\/04\/ALC_Web_Mavic_3_Enterprise_01.jpg\" title=\"\" alt=\"\" loading=\"lazy\" \/>\t\t\t\t\t\t\t\t<\/a>\n\t\t\t\t\t\t\t\t\t\t\t\t\t\t\t<\/div>\n\t\t\t\t<\/div>\n\t\t\t\t\t<\/div>\n\t\t<\/div>\n\t\t\t\t<div class=\"elementor-column elementor-col-66 elementor-top-column elementor-element elementor-element-f0ae32c\" data-id=\"f0ae32c\" data-element_type=\"column\" data-e-type=\"column\">\n\t\t\t<div class=\"elementor-widget-wrap elementor-element-populated\">\n\t\t\t\t\t\t<div class=\"elementor-element elementor-element-81c6ab1 elementor-widget elementor-widget-heading\" data-id=\"81c6ab1\" data-element_type=\"widget\" data-e-type=\"widget\" data-widget_type=\"heading.default\">\n\t\t\t\t<div class=\"elementor-widget-container\">\n\t\t\t\t\t<h1 class=\"elementor-heading-title elementor-size-default\">DJI MAVIC 3 ENTERPRISE<\/h1>\t\t\t\t<\/div>\n\t\t\t\t<\/div>\n\t\t\t\t<div class=\"elementor-element elementor-element-64bd2e2 elementor-widget-divider--view-line elementor-widget elementor-widget-divider\" data-id=\"64bd2e2\" data-element_type=\"widget\" data-e-type=\"widget\" data-widget_type=\"divider.default\">\n\t\t\t\t<div class=\"elementor-widget-container\">\n\t\t\t\t\t\t\t<div class=\"elementor-divider\">\n\t\t\t<span class=\"elementor-divider-separator\">\n\t\t\t\t\t\t<\/span>\n\t\t<\/div>\n\t\t\t\t\t\t<\/div>\n\t\t\t\t<\/div>\n\t\t\t\t<div class=\"elementor-element elementor-element-cfe3a25 elementor-widget elementor-widget-heading\" data-id=\"cfe3a25\" data-element_type=\"widget\" data-e-type=\"widget\" data-widget_type=\"heading.default\">\n\t\t\t\t<div class=\"elementor-widget-container\">\n\t\t\t\t\t<h3 class=\"elementor-heading-title elementor-size-default\">DRONE PROFESSIONNEL POUR LA PHOTOGRAMMETRIE, CONTR\u00d4LEUR INCLUS<\/h3>\t\t\t\t<\/div>\n\t\t\t\t<\/div>\n\t\t\t\t<div class=\"elementor-element elementor-element-6a158f8 elementor-widget elementor-widget-text-editor\" data-id=\"6a158f8\" data-element_type=\"widget\" data-e-type=\"widget\" data-widget_type=\"text-editor.default\">\n\t\t\t\t<div class=\"elementor-widget-container\">\n\t\t\t\t\t\t\t\t\tLe Mavic 3E est \u00e9quip\u00e9 d'une cam\u00e9ra grand angle de 20 Mpx et d'une cam\u00e9ra zoom suppl\u00e9mentaire de 12 Mpx. La cam\u00e9ra grand angle couvre un large champ de vision avec son FoV (Field of View) de 84\u00b0. La cam\u00e9ra t\u00e9l\u00e9objectif permet de zoomer jusque dans les moindres d\u00e9tails gr\u00e2ce \u00e0 son zoom hybride 56x. Le Mavic 3E peut voler jusqu'\u00e0 45 minutes par charge de batterie. La batterie de vol peut \u00eatre chang\u00e9e sans outils. De plus, le drone est \u00e9quip\u00e9 de capteurs d'obstacles omnidirectionnels afin de permettre un vol aussi s\u00fbr que possible. La t\u00e9l\u00e9commande RC Pro Enterprise est \u00e9quip\u00e9e d'un \u00e9cran tactile 5.5\u2033 Full-HD. Avec la transmission DJI Ocusync 3, des port\u00e9es radio allant jusqu'\u00e0 8 km sont possibles.\t\t\t\t\t\t\t\t<\/div>\n\t\t\t\t<\/div>\n\t\t\t\t<div class=\"elementor-element elementor-element-8e318f3 elementor-widget elementor-widget-text-editor\" data-id=\"8e318f3\" data-element_type=\"widget\" data-e-type=\"widget\" data-widget_type=\"text-editor.default\">\n\t\t\t\t<div class=\"elementor-widget-container\">\n\t\t\t\t\t\t\t\t\tLe Mavic 3 Enterprise peut \u00eatre \u00e9quip\u00e9 de modules suppl\u00e9mentaires si n\u00e9cessaire. Comme par exemple le module RTK ou les haut-parleurs en option.\t\t\t\t\t\t\t\t<\/div>\n\t\t\t\t<\/div>\n\t\t\t\t\t<\/div>\n\t\t<\/div>\n\t\t\t\t\t<\/div>\n\t\t<\/section>\n\t\t\t\t<section class=\"elementor-section elementor-top-section elementor-element elementor-element-a94a9ee elementor-section-full_width elementor-section-height-default elementor-section-height-default\" data-id=\"a94a9ee\" data-element_type=\"section\" data-e-type=\"section\" data-settings=\"{&quot;background_background&quot;:&quot;classic&quot;}\">\n\t\t\t\t\t\t<div class=\"elementor-container elementor-column-gap-default\">\n\t\t\t\t\t<div class=\"elementor-column elementor-col-100 elementor-top-column elementor-element elementor-element-9f97a98\" data-id=\"9f97a98\" data-element_type=\"column\" data-e-type=\"column\">\n\t\t\t<div class=\"elementor-widget-wrap elementor-element-populated\">\n\t\t\t\t\t\t<div class=\"elementor-element elementor-element-229a982 elementor-widget elementor-widget-heading\" data-id=\"229a982\" data-element_type=\"widget\" data-e-type=\"widget\" data-widget_type=\"heading.default\">\n\t\t\t\t<div class=\"elementor-widget-container\">\n\t\t\t\t\t<h2 class=\"elementor-heading-title elementor-size-default\">Caract\u00e9ristques<\/h2>\t\t\t\t<\/div>\n\t\t\t\t<\/div>\n\t\t\t\t<div class=\"elementor-element elementor-element-402205f elementor-widget-divider--view-line elementor-widget elementor-widget-divider\" data-id=\"402205f\" data-element_type=\"widget\" data-e-type=\"widget\" data-widget_type=\"divider.default\">\n\t\t\t\t<div class=\"elementor-widget-container\">\n\t\t\t\t\t\t\t<div class=\"elementor-divider\">\n\t\t\t<span class=\"elementor-divider-separator\">\n\t\t\t\t\t\t<\/span>\n\t\t<\/div>\n\t\t\t\t\t\t<\/div>\n\t\t\t\t<\/div>\n\t\t\t\t<div class=\"elementor-element elementor-element-cd2fd55 elementor-widget elementor-widget-text-editor\" data-id=\"cd2fd55\" data-element_type=\"widget\" data-e-type=\"widget\" data-widget_type=\"text-editor.default\">\n\t\t\t\t<div class=\"elementor-widget-container\">\n\t\t\t\t\t\t\t\t\t<ul><li>Cam\u00e9ra principale 20 Mpx avec capteur CMOS 4\/3\u2033 avec un obturateur m\u00e9canique<\/li><li>Cam\u00e9ra t\u00e9l\u00e9objectif 12 Mpx avec capteur CMOS 1\/2\u2033 et zoom hybride 56x<\/li><li>Jusqu\u2019\u00e0 8 km de port\u00e9e avec transmission vid\u00e9o Full HD<\/li><li>Temps de vol jusqu\u2019\u00e0 45 min avec la batterie LiPo 5000 mAh<\/li><li>D\u00e9tection omnidirectionnelle des obstacles<\/li><\/ul>\t\t\t\t\t\t\t\t<\/div>\n\t\t\t\t<\/div>\n\t\t\t\t<section class=\"elementor-section elementor-inner-section elementor-element elementor-element-4517bb9 elementor-section-full_width elementor-section-height-default elementor-section-height-default\" data-id=\"4517bb9\" data-element_type=\"section\" data-e-type=\"section\">\n\t\t\t\t\t\t<div class=\"elementor-container elementor-column-gap-default\">\n\t\t\t\t\t<div class=\"elementor-column elementor-col-25 elementor-inner-column elementor-element elementor-element-39e8396\" data-id=\"39e8396\" data-element_type=\"column\" data-e-type=\"column\">\n\t\t\t<div class=\"elementor-widget-wrap elementor-element-populated\">\n\t\t\t\t\t\t<div class=\"elementor-element elementor-element-fd4ca50 elementor-align-justify elementor-widget elementor-widget-button\" data-id=\"fd4ca50\" data-element_type=\"widget\" data-e-type=\"widget\" data-widget_type=\"button.default\">\n\t\t\t\t<div class=\"elementor-widget-container\">\n\t\t\t\t\t\t\t\t\t<div class=\"elementor-button-wrapper\">\n\t\t\t\t\t<a class=\"elementor-button elementor-button-link elementor-size-sm\" href=\"https:\/\/www.dji.com\/de\/mavic-3-enterprise\" target=\"_blank\">\n\t\t\t\t\t\t<span class=\"elementor-button-content-wrapper\">\n\t\t\t\t\t\t\t\t\t<span class=\"elementor-button-text\">En savoir plus<\/span>\n\t\t\t\t\t<\/span>\n\t\t\t\t\t<\/a>\n\t\t\t\t<\/div>\n\t\t\t\t\t\t\t\t<\/div>\n\t\t\t\t<\/div>\n\t\t\t\t\t<\/div>\n\t\t<\/div>\n\t\t\t\t<div class=\"elementor-column elementor-col-25 elementor-inner-column elementor-element elementor-element-3f7ee3f\" data-id=\"3f7ee3f\" data-element_type=\"column\" data-e-type=\"column\">\n\t\t\t<div class=\"elementor-widget-wrap elementor-element-populated\">\n\t\t\t\t\t\t<div class=\"elementor-element elementor-element-67b7dfe elementor-align-justify elementor-widget elementor-widget-button\" data-id=\"67b7dfe\" data-element_type=\"widget\" data-e-type=\"widget\" data-widget_type=\"button.default\">\n\t\t\t\t<div class=\"elementor-widget-container\">\n\t\t\t\t\t\t\t\t\t<div class=\"elementor-button-wrapper\">\n\t\t\t\t\t<a class=\"elementor-button elementor-button-link elementor-size-sm\" href=\"https:\/\/shop.allnav.ch\/shop\/drohnen-uas\/dji\/dji-mavic-3-enterprise-eu-c1\/\" target=\"_blank\">\n\t\t\t\t\t\t<span class=\"elementor-button-content-wrapper\">\n\t\t\t\t\t\t\t\t\t<span class=\"elementor-button-text\">Boutique en ligne<\/span>\n\t\t\t\t\t<\/span>\n\t\t\t\t\t<\/a>\n\t\t\t\t<\/div>\n\t\t\t\t\t\t\t\t<\/div>\n\t\t\t\t<\/div>\n\t\t\t\t\t<\/div>\n\t\t<\/div>\n\t\t\t\t<div class=\"elementor-column elementor-col-25 elementor-inner-column elementor-element elementor-element-bf063be\" data-id=\"bf063be\" data-element_type=\"column\" data-e-type=\"column\">\n\t\t\t<div class=\"elementor-widget-wrap elementor-element-populated\">\n\t\t\t\t\t\t<div class=\"elementor-element elementor-element-720a476 elementor-align-justify elementor-widget elementor-widget-button\" data-id=\"720a476\" data-element_type=\"widget\" data-e-type=\"widget\" data-widget_type=\"button.default\">\n\t\t\t\t<div class=\"elementor-widget-container\">\n\t\t\t\t\t\t\t\t\t<div class=\"elementor-button-wrapper\">\n\t\t\t\t\t<a class=\"elementor-button elementor-button-link elementor-size-sm\" href=\"https:\/\/www.allnav.com\/fr\/klassenmarkierung-fuer-allnav-drohnen\/\" target=\"_blank\">\n\t\t\t\t\t\t<span class=\"elementor-button-content-wrapper\">\n\t\t\t\t\t\t\t\t\t<span class=\"elementor-button-text\">R\u00e9gulation des drones<\/span>\n\t\t\t\t\t<\/span>\n\t\t\t\t\t<\/a>\n\t\t\t\t<\/div>\n\t\t\t\t\t\t\t\t<\/div>\n\t\t\t\t<\/div>\n\t\t\t\t\t<\/div>\n\t\t<\/div>\n\t\t\t\t<div class=\"elementor-column elementor-col-25 elementor-inner-column elementor-element elementor-element-a24ca6f\" data-id=\"a24ca6f\" data-element_type=\"column\" data-e-type=\"column\">\n\t\t\t<div class=\"elementor-widget-wrap elementor-element-populated\">\n\t\t\t\t\t\t<div class=\"elementor-element elementor-element-45ff734 elementor-align-justify elementor-widget elementor-widget-button\" data-id=\"45ff734\" data-element_type=\"widget\" data-e-type=\"widget\" data-widget_type=\"button.default\">\n\t\t\t\t<div class=\"elementor-widget-container\">\n\t\t\t\t\t\t\t\t\t<div class=\"elementor-button-wrapper\">\n\t\t\t\t\t<a class=\"elementor-button elementor-button-link elementor-size-sm\" href=\"#elementor-action%3Aaction%3Dlightbox%26settings%3DeyJ0eXBlIjoidmlkZW8iLCJ2aWRlb1R5cGUiOiJ5b3V0dWJlIiwidXJsIjoiaHR0cHM6XC9cL3d3dy55b3V0dWJlLmNvbVwvZW1iZWRcL0Y4X1BsS0FoNmZFP2ZlYXR1cmU9b2VtYmVkIn0%3D\" target=\"_blank\">\n\t\t\t\t\t\t<span class=\"elementor-button-content-wrapper\">\n\t\t\t\t\t\t\t\t\t<span class=\"elementor-button-text\">Vid\u00e9o<\/span>\n\t\t\t\t\t<\/span>\n\t\t\t\t\t<\/a>\n\t\t\t\t<\/div>\n\t\t\t\t\t\t\t\t<\/div>\n\t\t\t\t<\/div>\n\t\t\t\t\t<\/div>\n\t\t<\/div>\n\t\t\t\t\t<\/div>\n\t\t<\/section>\n\t\t\t\t\t<\/div>\n\t\t<\/div>\n\t\t\t\t\t<\/div>\n\t\t<\/section>\n\t\t\t\t<\/div>","protected":false},"excerpt":{"rendered":"<p>DJI MAVIC 3 ENTERPRISE PROFESSIONELLE VERMESSUNGSDROHNE F\u00dcR FOTOGRAMMETRIE INKL. CONTROLLER Die Mavic 3E ist mit einer 20 Mpx Weitwinkel- und zus\u00e4tzlicher 12 Mpx Zoom-Kamera ausger\u00fcstet. Die Weitwinkelkamera deckt ein Breites Sichtfeld ab mit ihrem 84\u00b0 FoV (Field of View). Mit der Tele Kamera k\u00f6nnen Sie bis ins kleinste Detail zoomen mit ihrem 56x Hybrid Zoom. [&hellip;]<\/p>\n","protected":false},"author":1,"featured_media":0,"parent":4335,"menu_order":0,"comment_status":"closed","ping_status":"closed","template":"elementor_header_footer","meta":{"footnotes":""},"class_list":["post-11198","page","type-page","status-publish","hentry"],"yoast_head":"<!-- This site is optimized with the Yoast SEO Premium plugin v27.4 (Yoast SEO v27.4) - https:\/\/yoast.com\/product\/yoast-seo-premium-wordpress\/ -->\n<title>DJI Mavic 3 Enterprise - ALLNAV<\/title>\n<meta name=\"description\" content=\"Die DJI Mavic 3 Enterprise ist mit einer 20 Mpx Weitwinkel- und zus\u00e4tzlicher 12 Mpx Zoom-Kamera ausger\u00fcstet.\" \/>\n<meta name=\"robots\" content=\"index, follow, max-snippet:-1, max-image-preview:large, max-video-preview:-1\" \/>\n<link rel=\"canonical\" href=\"https:\/\/www.allnav.com\/fr\/produkte\/drohnen\/dji-mavic-3-enterprise-2\/\" \/>\n<meta property=\"og:locale\" content=\"fr_FR\" \/>\n<meta property=\"og:type\" content=\"article\" \/>\n<meta property=\"og:title\" content=\"DJI Mavic 3 Enterprise\" \/>\n<meta property=\"og:description\" content=\"Die DJI Mavic 3 Enterprise ist mit einer 20 Mpx Weitwinkel- und zus\u00e4tzlicher 12 Mpx Zoom-Kamera ausger\u00fcstet.\" \/>\n<meta property=\"og:url\" content=\"https:\/\/www.allnav.com\/fr\/produkte\/drohnen\/dji-mavic-3-enterprise-2\/\" \/>\n<meta property=\"og:site_name\" content=\"ALLNAV\" \/>\n<meta property=\"article:modified_time\" content=\"2026-03-26T08:02:05+00:00\" \/>\n<meta property=\"og:image\" content=\"https:\/\/www.allnav.com\/wp-content\/uploads\/2020\/04\/ALC_Web_Phantom4RTK_Bild1-web.jpg\" \/>\n\t<meta property=\"og:image:width\" content=\"1384\" \/>\n\t<meta property=\"og:image:height\" content=\"866\" \/>\n\t<meta property=\"og:image:type\" content=\"image\/jpeg\" \/>\n<meta name=\"twitter:card\" content=\"summary_large_image\" \/>\n<meta name=\"twitter:title\" content=\"DJI Mavic 3 Enterprise\" \/>\n<meta name=\"twitter:description\" content=\"Die DJI Mavic 3 Enterprise ist mit einer 20 Mpx Weitwinkel- und zus\u00e4tzlicher 12 Mpx Zoom-Kamera ausger\u00fcstet.\" \/>\n<meta name=\"twitter:image\" content=\"https:\/\/www.allnav.com\/wp-content\/uploads\/2020\/04\/ALC_Web_Phantom4RTK_Bild1-web.jpg\" \/>\n<meta name=\"twitter:label1\" content=\"Dur\u00e9e de lecture estim\u00e9e\" \/>\n\t<meta name=\"twitter:data1\" content=\"2 minutes\" \/>\n<script type=\"application\/ld+json\" class=\"yoast-schema-graph\">{\"@context\":\"https:\\\/\\\/schema.org\",\"@graph\":[{\"@type\":\"WebPage\",\"@id\":\"https:\\\/\\\/www.allnav.com\\\/produkte\\\/drohnen\\\/dji-mavic-3-enterprise-2\\\/\",\"url\":\"https:\\\/\\\/www.allnav.com\\\/produkte\\\/drohnen\\\/dji-mavic-3-enterprise-2\\\/\",\"name\":\"DJI Mavic 3 Enterprise - ALLNAV\",\"isPartOf\":{\"@id\":\"https:\\\/\\\/www.allnav.com\\\/#website\"},\"primaryImageOfPage\":{\"@id\":\"https:\\\/\\\/www.allnav.com\\\/produkte\\\/drohnen\\\/dji-mavic-3-enterprise-2\\\/#primaryimage\"},\"image\":{\"@id\":\"https:\\\/\\\/www.allnav.com\\\/produkte\\\/drohnen\\\/dji-mavic-3-enterprise-2\\\/#primaryimage\"},\"thumbnailUrl\":\"https:\\\/\\\/www.allnav.com\\\/wp-content\\\/uploads\\\/2023\\\/04\\\/ALC_Web_Mavic_3_Enterprise_01.jpg\",\"datePublished\":\"2023-04-25T07:49:22+00:00\",\"dateModified\":\"2026-03-26T08:02:05+00:00\",\"description\":\"Die DJI Mavic 3 Enterprise ist mit einer 20 Mpx Weitwinkel- und zus\u00e4tzlicher 12 Mpx Zoom-Kamera ausger\u00fcstet.\",\"breadcrumb\":{\"@id\":\"https:\\\/\\\/www.allnav.com\\\/produkte\\\/drohnen\\\/dji-mavic-3-enterprise-2\\\/#breadcrumb\"},\"inLanguage\":\"fr-FR\",\"potentialAction\":[{\"@type\":\"ReadAction\",\"target\":[\"https:\\\/\\\/www.allnav.com\\\/produkte\\\/drohnen\\\/dji-mavic-3-enterprise-2\\\/\"]}]},{\"@type\":\"ImageObject\",\"inLanguage\":\"fr-FR\",\"@id\":\"https:\\\/\\\/www.allnav.com\\\/produkte\\\/drohnen\\\/dji-mavic-3-enterprise-2\\\/#primaryimage\",\"url\":\"https:\\\/\\\/www.allnav.com\\\/wp-content\\\/uploads\\\/2023\\\/04\\\/ALC_Web_Mavic_3_Enterprise_01.jpg\",\"contentUrl\":\"https:\\\/\\\/www.allnav.com\\\/wp-content\\\/uploads\\\/2023\\\/04\\\/ALC_Web_Mavic_3_Enterprise_01.jpg\"},{\"@type\":\"BreadcrumbList\",\"@id\":\"https:\\\/\\\/www.allnav.com\\\/produkte\\\/drohnen\\\/dji-mavic-3-enterprise-2\\\/#breadcrumb\",\"itemListElement\":[{\"@type\":\"ListItem\",\"position\":1,\"name\":\"Startseite\",\"item\":\"https:\\\/\\\/www.allnav.com\\\/\"},{\"@type\":\"ListItem\",\"position\":2,\"name\":\"Produkte\",\"item\":\"https:\\\/\\\/www.allnav.com\\\/produkte\\\/\"},{\"@type\":\"ListItem\",\"position\":3,\"name\":\"Drohnen\",\"item\":\"https:\\\/\\\/www.allnav.com\\\/produkte\\\/drohnen\\\/\"},{\"@type\":\"ListItem\",\"position\":4,\"name\":\"DJI Mavic 3 Enterprise\"}]},{\"@type\":\"WebSite\",\"@id\":\"https:\\\/\\\/www.allnav.com\\\/#website\",\"url\":\"https:\\\/\\\/www.allnav.com\\\/\",\"name\":\"ALLNAV\",\"description\":\"L\u00f6sungen und Systeme f\u00fcr Vermessungsprofis\",\"publisher\":{\"@id\":\"https:\\\/\\\/www.allnav.com\\\/#organization\"},\"potentialAction\":[{\"@type\":\"SearchAction\",\"target\":{\"@type\":\"EntryPoint\",\"urlTemplate\":\"https:\\\/\\\/www.allnav.com\\\/?s={search_term_string}\"},\"query-input\":{\"@type\":\"PropertyValueSpecification\",\"valueRequired\":true,\"valueName\":\"search_term_string\"}}],\"inLanguage\":\"fr-FR\"},{\"@type\":\"Organization\",\"@id\":\"https:\\\/\\\/www.allnav.com\\\/#organization\",\"name\":\"ALLNAV\",\"url\":\"https:\\\/\\\/www.allnav.com\\\/\",\"logo\":{\"@type\":\"ImageObject\",\"inLanguage\":\"fr-FR\",\"@id\":\"https:\\\/\\\/www.allnav.com\\\/#\\\/schema\\\/logo\\\/image\\\/\",\"url\":\"https:\\\/\\\/www.allnav.com\\\/wp-content\\\/uploads\\\/2020\\\/01\\\/allnav.png\",\"contentUrl\":\"https:\\\/\\\/www.allnav.com\\\/wp-content\\\/uploads\\\/2020\\\/01\\\/allnav.png\",\"width\":506,\"height\":152,\"caption\":\"ALLNAV\"},\"image\":{\"@id\":\"https:\\\/\\\/www.allnav.com\\\/#\\\/schema\\\/logo\\\/image\\\/\"}}]}<\/script>\n<!-- \/ Yoast SEO Premium plugin. -->","yoast_head_json":{"title":"DJI Mavic 3 Enterprise - ALLNAV","description":"Die DJI Mavic 3 Enterprise ist mit einer 20 Mpx Weitwinkel- und zus\u00e4tzlicher 12 Mpx Zoom-Kamera ausger\u00fcstet.","robots":{"index":"index","follow":"follow","max-snippet":"max-snippet:-1","max-image-preview":"max-image-preview:large","max-video-preview":"max-video-preview:-1"},"canonical":"https:\/\/www.allnav.com\/fr\/produkte\/drohnen\/dji-mavic-3-enterprise-2\/","og_locale":"fr_FR","og_type":"article","og_title":"DJI Mavic 3 Enterprise","og_description":"Die DJI Mavic 3 Enterprise ist mit einer 20 Mpx Weitwinkel- und zus\u00e4tzlicher 12 Mpx Zoom-Kamera ausger\u00fcstet.","og_url":"https:\/\/www.allnav.com\/fr\/produkte\/drohnen\/dji-mavic-3-enterprise-2\/","og_site_name":"ALLNAV","article_modified_time":"2026-03-26T08:02:05+00:00","og_image":[{"width":1384,"height":866,"url":"https:\/\/www.allnav.com\/wp-content\/uploads\/2020\/04\/ALC_Web_Phantom4RTK_Bild1-web.jpg","type":"image\/jpeg"}],"twitter_card":"summary_large_image","twitter_title":"DJI Mavic 3 Enterprise","twitter_description":"Die DJI Mavic 3 Enterprise ist mit einer 20 Mpx Weitwinkel- und zus\u00e4tzlicher 12 Mpx Zoom-Kamera ausger\u00fcstet.","twitter_image":"https:\/\/www.allnav.com\/wp-content\/uploads\/2020\/04\/ALC_Web_Phantom4RTK_Bild1-web.jpg","twitter_misc":{"Dur\u00e9e de lecture estim\u00e9e":"2 minutes"},"schema":{"@context":"https:\/\/schema.org","@graph":[{"@type":"WebPage","@id":"https:\/\/www.allnav.com\/produkte\/drohnen\/dji-mavic-3-enterprise-2\/","url":"https:\/\/www.allnav.com\/produkte\/drohnen\/dji-mavic-3-enterprise-2\/","name":"DJI Mavic 3 Enterprise - ALLNAV","isPartOf":{"@id":"https:\/\/www.allnav.com\/#website"},"primaryImageOfPage":{"@id":"https:\/\/www.allnav.com\/produkte\/drohnen\/dji-mavic-3-enterprise-2\/#primaryimage"},"image":{"@id":"https:\/\/www.allnav.com\/produkte\/drohnen\/dji-mavic-3-enterprise-2\/#primaryimage"},"thumbnailUrl":"https:\/\/www.allnav.com\/wp-content\/uploads\/2023\/04\/ALC_Web_Mavic_3_Enterprise_01.jpg","datePublished":"2023-04-25T07:49:22+00:00","dateModified":"2026-03-26T08:02:05+00:00","description":"Die DJI Mavic 3 Enterprise ist mit einer 20 Mpx Weitwinkel- und zus\u00e4tzlicher 12 Mpx Zoom-Kamera ausger\u00fcstet.","breadcrumb":{"@id":"https:\/\/www.allnav.com\/produkte\/drohnen\/dji-mavic-3-enterprise-2\/#breadcrumb"},"inLanguage":"fr-FR","potentialAction":[{"@type":"ReadAction","target":["https:\/\/www.allnav.com\/produkte\/drohnen\/dji-mavic-3-enterprise-2\/"]}]},{"@type":"ImageObject","inLanguage":"fr-FR","@id":"https:\/\/www.allnav.com\/produkte\/drohnen\/dji-mavic-3-enterprise-2\/#primaryimage","url":"https:\/\/www.allnav.com\/wp-content\/uploads\/2023\/04\/ALC_Web_Mavic_3_Enterprise_01.jpg","contentUrl":"https:\/\/www.allnav.com\/wp-content\/uploads\/2023\/04\/ALC_Web_Mavic_3_Enterprise_01.jpg"},{"@type":"BreadcrumbList","@id":"https:\/\/www.allnav.com\/produkte\/drohnen\/dji-mavic-3-enterprise-2\/#breadcrumb","itemListElement":[{"@type":"ListItem","position":1,"name":"Startseite","item":"https:\/\/www.allnav.com\/"},{"@type":"ListItem","position":2,"name":"Produkte","item":"https:\/\/www.allnav.com\/produkte\/"},{"@type":"ListItem","position":3,"name":"Drohnen","item":"https:\/\/www.allnav.com\/produkte\/drohnen\/"},{"@type":"ListItem","position":4,"name":"DJI Mavic 3 Enterprise"}]},{"@type":"WebSite","@id":"https:\/\/www.allnav.com\/#website","url":"https:\/\/www.allnav.com\/","name":"ALLNAV","description":"L\u00f6sungen und Systeme f\u00fcr Vermessungsprofis","publisher":{"@id":"https:\/\/www.allnav.com\/#organization"},"potentialAction":[{"@type":"SearchAction","target":{"@type":"EntryPoint","urlTemplate":"https:\/\/www.allnav.com\/?s={search_term_string}"},"query-input":{"@type":"PropertyValueSpecification","valueRequired":true,"valueName":"search_term_string"}}],"inLanguage":"fr-FR"},{"@type":"Organization","@id":"https:\/\/www.allnav.com\/#organization","name":"ALLNAV","url":"https:\/\/www.allnav.com\/","logo":{"@type":"ImageObject","inLanguage":"fr-FR","@id":"https:\/\/www.allnav.com\/#\/schema\/logo\/image\/","url":"https:\/\/www.allnav.com\/wp-content\/uploads\/2020\/01\/allnav.png","contentUrl":"https:\/\/www.allnav.com\/wp-content\/uploads\/2020\/01\/allnav.png","width":506,"height":152,"caption":"ALLNAV"},"image":{"@id":"https:\/\/www.allnav.com\/#\/schema\/logo\/image\/"}}]}},"_links":{"self":[{"href":"https:\/\/www.allnav.com\/fr\/wp-json\/wp\/v2\/pages\/11198","targetHints":{"allow":["GET"]}}],"collection":[{"href":"https:\/\/www.allnav.com\/fr\/wp-json\/wp\/v2\/pages"}],"about":[{"href":"https:\/\/www.allnav.com\/fr\/wp-json\/wp\/v2\/types\/page"}],"author":[{"embeddable":true,"href":"https:\/\/www.allnav.com\/fr\/wp-json\/wp\/v2\/users\/1"}],"replies":[{"embeddable":true,"href":"https:\/\/www.allnav.com\/fr\/wp-json\/wp\/v2\/comments?post=11198"}],"version-history":[{"count":0,"href":"https:\/\/www.allnav.com\/fr\/wp-json\/wp\/v2\/pages\/11198\/revisions"}],"up":[{"embeddable":true,"href":"https:\/\/www.allnav.com\/fr\/wp-json\/wp\/v2\/pages\/4335"}],"wp:attachment":[{"href":"https:\/\/www.allnav.com\/fr\/wp-json\/wp\/v2\/media?parent=11198"}],"curies":[{"name":"wp","href":"https:\/\/api.w.org\/{rel}","templated":true}]}}