{"id":16177,"date":"2024-07-17T14:14:41","date_gmt":"2024-07-17T12:14:41","guid":{"rendered":"https:\/\/www.allnav.com\/?page_id=16177"},"modified":"2024-07-29T21:00:53","modified_gmt":"2024-07-29T19:00:53","slug":"trimble-r980","status":"publish","type":"page","link":"https:\/\/www.allnav.com\/fr\/produkte\/gnss-systeme\/trimble-r980\/","title":{"rendered":"Trimble R980"},"content":{"rendered":"<div data-elementor-type=\"wp-page\" data-elementor-id=\"16177\" class=\"elementor elementor-16177\" data-elementor-post-type=\"page\">\n\t\t\t\t\t\t<section class=\"elementor-section elementor-top-section elementor-element elementor-element-5ef76f5 elementor-section-full_width elementor-reverse-mobile elementor-section-height-default elementor-section-height-default\" data-id=\"5ef76f5\" data-element_type=\"section\" data-e-type=\"section\">\n\t\t\t\t\t\t<div class=\"elementor-container elementor-column-gap-default\">\n\t\t\t\t\t<div class=\"elementor-column elementor-col-33 elementor-top-column elementor-element elementor-element-da77ca4\" data-id=\"da77ca4\" data-element_type=\"column\" data-e-type=\"column\">\n\t\t\t<div class=\"elementor-widget-wrap elementor-element-populated\">\n\t\t\t\t\t\t<div class=\"elementor-element elementor-element-4baae99 elementor-widget elementor-widget-image\" data-id=\"4baae99\" data-element_type=\"widget\" data-e-type=\"widget\" data-widget_type=\"image.default\">\n\t\t\t\t<div class=\"elementor-widget-container\">\n\t\t\t\t\t\t\t\t\t\t\t\t\t\t\t\t<a href=\"https:\/\/www.allnav.com\/wp-content\/uploads\/2024\/07\/gnss-systeme-trimble-r980.jpg\" data-elementor-open-lightbox=\"yes\" data-elementor-lightbox-title=\"gnss-systeme-trimble-r980\" data-e-action-hash=\"#elementor-action%3Aaction%3Dlightbox%26settings%3DeyJpZCI6MTYxOTQsInVybCI6Imh0dHBzOlwvXC93d3cuYWxsbmF2LmNvbVwvd3AtY29udGVudFwvdXBsb2Fkc1wvMjAyNFwvMDdcL2duc3Mtc3lzdGVtZS10cmltYmxlLXI5ODAuanBnIn0%3D\">\n\t\t\t\t\t\t\t<img fetchpriority=\"high\" decoding=\"async\" width=\"800\" height=\"533\" src=\"https:\/\/www.allnav.com\/wp-content\/uploads\/2024\/07\/gnss-systeme-trimble-r980-1024x682.jpg\" class=\"attachment-large size-large wp-image-16194\" alt=\"\" srcset=\"https:\/\/www.allnav.com\/wp-content\/uploads\/2024\/07\/gnss-systeme-trimble-r980-1024x682.jpg 1024w, https:\/\/www.allnav.com\/wp-content\/uploads\/2024\/07\/gnss-systeme-trimble-r980-300x200.jpg 300w, https:\/\/www.allnav.com\/wp-content\/uploads\/2024\/07\/gnss-systeme-trimble-r980-768x512.jpg 768w, https:\/\/www.allnav.com\/wp-content\/uploads\/2024\/07\/gnss-systeme-trimble-r980-18x12.webp 18w, https:\/\/www.allnav.com\/wp-content\/uploads\/2024\/07\/gnss-systeme-trimble-r980.jpg 1280w\" sizes=\"(max-width: 800px) 100vw, 800px\" \/>\t\t\t\t\t\t\t\t<\/a>\n\t\t\t\t\t\t\t\t\t\t\t\t\t\t\t<\/div>\n\t\t\t\t<\/div>\n\t\t\t\t\t<\/div>\n\t\t<\/div>\n\t\t\t\t<div class=\"elementor-column elementor-col-66 elementor-top-column elementor-element elementor-element-5560ed8\" data-id=\"5560ed8\" data-element_type=\"column\" data-e-type=\"column\">\n\t\t\t<div class=\"elementor-widget-wrap elementor-element-populated\">\n\t\t\t\t\t\t<div class=\"elementor-element elementor-element-b353875 elementor-widget elementor-widget-heading\" data-id=\"b353875\" data-element_type=\"widget\" data-e-type=\"widget\" data-widget_type=\"heading.default\">\n\t\t\t\t<div class=\"elementor-widget-container\">\n\t\t\t\t\t<h1 class=\"elementor-heading-title elementor-size-default\">Trimble R980<\/h1>\t\t\t\t<\/div>\n\t\t\t\t<\/div>\n\t\t\t\t<div class=\"elementor-element elementor-element-c9c35a5 elementor-widget-divider--view-line elementor-widget elementor-widget-divider\" data-id=\"c9c35a5\" data-element_type=\"widget\" data-e-type=\"widget\" data-widget_type=\"divider.default\">\n\t\t\t\t<div class=\"elementor-widget-container\">\n\t\t\t\t\t\t\t<div class=\"elementor-divider\">\n\t\t\t<span class=\"elementor-divider-separator\">\n\t\t\t\t\t\t<\/span>\n\t\t<\/div>\n\t\t\t\t\t\t<\/div>\n\t\t\t\t<\/div>\n\t\t\t\t<div class=\"elementor-element elementor-element-f8311b0 elementor-widget elementor-widget-heading\" data-id=\"f8311b0\" data-element_type=\"widget\" data-e-type=\"widget\" data-widget_type=\"heading.default\">\n\t\t\t\t<div class=\"elementor-widget-container\">\n\t\t\t\t\t<h3 class=\"elementor-heading-title elementor-size-default\">Le Trimble\u00ae R980 est un r\u00e9cepteur GNSS haut de gamme avec antenne int\u00e9gr\u00e9e qui r\u00e9pond aux exigences les plus \u00e9lev\u00e9es en mati\u00e8re de pr\u00e9cision et de fiabilit\u00e9.<\/h3>\t\t\t\t<\/div>\n\t\t\t\t<\/div>\n\t\t\t\t<div class=\"elementor-element elementor-element-9ea8a55 elementor-widget elementor-widget-text-editor\" data-id=\"9ea8a55\" data-element_type=\"widget\" data-e-type=\"widget\" data-widget_type=\"text-editor.default\">\n\t\t\t\t<div class=\"elementor-widget-container\">\n\t\t\t\t\t\t\t\t\tL\u00e9ger et compact, il offre des performances de premier ordre et s'av\u00e8re particuli\u00e8rement efficace dans des conditions difficiles et dans des endroits isol\u00e9s. La technologie GNSS Trimble ProPoint\u2122 assure une collecte fiable des donn\u00e9es, m\u00eame dans les environnements difficiles, par exemple sous la canop\u00e9e ou \u00e0 proximit\u00e9 de b\u00e2timents, tandis que la technologie Trimble EVEREST\u2122 Plus permet de d\u00e9tecter et d'\u00e9liminer les signaux multivoies ind\u00e9sirables afin d'am\u00e9liorer la pr\u00e9cision et la fiabilit\u00e9 des donn\u00e9es. Gr\u00e2ce \u00e0 la technologie du chipset Trimble Maxwell\u2122 7, le r\u00e9cepteur offre un traitement rapide, une capacit\u00e9 d'anti-spoofing et la possibilit\u00e9 de suivre toutes les constellations GNSS disponibles. Gr\u00e2ce \u00e0 la compensation d'inclinaison bas\u00e9e sur l'IMU (Trimble TIP\u2122), il n'est plus n\u00e9cessaire d'incliner la canne et vous pouvez mieux vous concentrer sur les points eux-m\u00eames. Utilisez le service de correction Trimble CenterPoint\u00ae RTX pour effectuer des corrections en temps r\u00e9el par satellite ou sur Internet, sans avoir besoin d'une station de base locale ou d'un r\u00e9seau VRS : la premi\u00e8re ann\u00e9e est d\u00e9j\u00e0 incluse dans l'achat.\t\t\t\t\t\t\t\t<\/div>\n\t\t\t\t<\/div>\n\t\t\t\t\t<\/div>\n\t\t<\/div>\n\t\t\t\t\t<\/div>\n\t\t<\/section>\n\t\t\t\t<section class=\"elementor-section elementor-top-section elementor-element elementor-element-189821b elementor-section-full_width elementor-section-height-default elementor-section-height-default\" data-id=\"189821b\" data-element_type=\"section\" data-e-type=\"section\" data-settings=\"{&quot;background_background&quot;:&quot;classic&quot;}\">\n\t\t\t\t\t\t<div class=\"elementor-container elementor-column-gap-default\">\n\t\t\t\t\t<div class=\"elementor-column elementor-col-100 elementor-top-column elementor-element elementor-element-e90719f\" data-id=\"e90719f\" data-element_type=\"column\" data-e-type=\"column\">\n\t\t\t<div class=\"elementor-widget-wrap elementor-element-populated\">\n\t\t\t\t\t\t<div class=\"elementor-element elementor-element-7e6d0f1 elementor-widget elementor-widget-heading\" data-id=\"7e6d0f1\" data-element_type=\"widget\" data-e-type=\"widget\" data-widget_type=\"heading.default\">\n\t\t\t\t<div class=\"elementor-widget-container\">\n\t\t\t\t\t<h2 class=\"elementor-heading-title elementor-size-default\">Caract\u00e9ristques<\/h2>\t\t\t\t<\/div>\n\t\t\t\t<\/div>\n\t\t\t\t<div class=\"elementor-element elementor-element-d7bf348 elementor-widget-divider--view-line elementor-widget elementor-widget-divider\" data-id=\"d7bf348\" data-element_type=\"widget\" data-e-type=\"widget\" data-widget_type=\"divider.default\">\n\t\t\t\t<div class=\"elementor-widget-container\">\n\t\t\t\t\t\t\t<div class=\"elementor-divider\">\n\t\t\t<span class=\"elementor-divider-separator\">\n\t\t\t\t\t\t<\/span>\n\t\t<\/div>\n\t\t\t\t\t\t<\/div>\n\t\t\t\t<\/div>\n\t\t\t\t<div class=\"elementor-element elementor-element-2287ff1 elementor-widget elementor-widget-text-editor\" data-id=\"2287ff1\" data-element_type=\"widget\" data-e-type=\"widget\" data-widget_type=\"text-editor.default\">\n\t\t\t\t<div class=\"elementor-widget-container\">\n\t\t\t\t\t\t\t\t\t<ul><li>Technologie de positionnement GNSS Trimble ProPoint\u2122 : con\u00e7ue pour une pr\u00e9cision et une productivit\u00e9 accrues dans des conditions d'environnement GNSS difficiles.<\/li><li>Technologie Trimble Inertial Platform (TIP\u2122) : compensation de l'inclinaison sans \u00e9talonnage, bas\u00e9e sur l'IMU, pour les lev\u00e9s topographiques et les implantations.<\/li><li>T\u00e9l\u00e9m\u00e9trie UHF bi-bande 450\/900 MHz<\/li><li>Modem 4G LTE int\u00e9gr\u00e9<\/li><li>Configurations flexibles possibles : base et rover ou rover seul, mises \u00e0 niveau possibles \u00e0 tout moment, type de licence au choix : perp\u00e9tuelle ou abonnement annuel<\/li><li>IonoGuard contre les interf\u00e9rences atmosph\u00e9riques<\/li><li>1 an d'utilisation CenterPoint RTX d\u00e9j\u00e0 inclus<\/li><li>Technologie Trimble xFill\u00ae pour pallier les interruptions de correction<\/li><li>Prise en charge des corrections Trimble CenterPoint\u00ae RTX par satellite ou Internet<\/li><li>Fonctions antispoofing de la technologie Trimble Maxwell\u2122 7<\/li><li>Trimble EVEREST\u2122 Plus suppression des Multi-trajets.<\/li><li>Conception compacte sans fil avec antenne GNSS int\u00e9gr\u00e9e<\/li><li>Optimis\u00e9 pour le logiciel d'application Trimble Access\u2122 ou Trimble TerraFlex\u00ae.<\/li><li>Connexion de donn\u00e9es via Bluetooth\u00ae et Wi-Fi\u00ae.<\/li><li>Construction robuste conforme aux normes militaires, statut de protection IP67<\/li><\/ul>\t\t\t\t\t\t\t\t<\/div>\n\t\t\t\t<\/div>\n\t\t\t\t<section class=\"elementor-section elementor-inner-section elementor-element elementor-element-3387778 elementor-section-full_width elementor-section-height-default elementor-section-height-default\" data-id=\"3387778\" data-element_type=\"section\" data-e-type=\"section\">\n\t\t\t\t\t\t<div class=\"elementor-container elementor-column-gap-default\">\n\t\t\t\t\t<div class=\"elementor-column elementor-col-25 elementor-inner-column elementor-element elementor-element-e19fbde\" data-id=\"e19fbde\" data-element_type=\"column\" data-e-type=\"column\">\n\t\t\t<div class=\"elementor-widget-wrap elementor-element-populated\">\n\t\t\t\t\t\t<div class=\"elementor-element elementor-element-12a0398 elementor-align-justify elementor-widget elementor-widget-button\" data-id=\"12a0398\" data-element_type=\"widget\" data-e-type=\"widget\" data-widget_type=\"button.default\">\n\t\t\t\t<div class=\"elementor-widget-container\">\n\t\t\t\t\t\t\t\t\t<div class=\"elementor-button-wrapper\">\n\t\t\t\t\t<a class=\"elementor-button elementor-button-link elementor-size-sm\" href=\"https:\/\/trl.trimble.com\/docushare\/dsweb\/Get\/Document-1075885\/022516-681-de-DE_TrimbleR980_SpecSheet_A4_0624_LR_SEC.pdf\" target=\"_blank\">\n\t\t\t\t\t\t<span class=\"elementor-button-content-wrapper\">\n\t\t\t\t\t\t\t\t\t<span class=\"elementor-button-text\">Fiche Technique<\/span>\n\t\t\t\t\t<\/span>\n\t\t\t\t\t<\/a>\n\t\t\t\t<\/div>\n\t\t\t\t\t\t\t\t<\/div>\n\t\t\t\t<\/div>\n\t\t\t\t\t<\/div>\n\t\t<\/div>\n\t\t\t\t<div class=\"elementor-column elementor-col-25 elementor-inner-column elementor-element elementor-element-6235632\" data-id=\"6235632\" data-element_type=\"column\" data-e-type=\"column\">\n\t\t\t<div class=\"elementor-widget-wrap elementor-element-populated\">\n\t\t\t\t\t\t<div class=\"elementor-element elementor-element-111836c elementor-align-justify elementor-widget elementor-widget-button\" data-id=\"111836c\" data-element_type=\"widget\" data-e-type=\"widget\" data-widget_type=\"button.default\">\n\t\t\t\t<div class=\"elementor-widget-container\">\n\t\t\t\t\t\t\t\t\t<div class=\"elementor-button-wrapper\">\n\t\t\t\t\t<a class=\"elementor-button elementor-button-link elementor-size-sm\" href=\"https:\/\/geospatial.trimble.com\/de\/products\/hardware\/trimble-r980\" target=\"_blank\">\n\t\t\t\t\t\t<span class=\"elementor-button-content-wrapper\">\n\t\t\t\t\t\t\t\t\t<span class=\"elementor-button-text\">En savoir plus<\/span>\n\t\t\t\t\t<\/span>\n\t\t\t\t\t<\/a>\n\t\t\t\t<\/div>\n\t\t\t\t\t\t\t\t<\/div>\n\t\t\t\t<\/div>\n\t\t\t\t\t<\/div>\n\t\t<\/div>\n\t\t\t\t<div class=\"elementor-column elementor-col-25 elementor-inner-column elementor-element elementor-element-2cb03cb\" data-id=\"2cb03cb\" data-element_type=\"column\" data-e-type=\"column\">\n\t\t\t<div class=\"elementor-widget-wrap\">\n\t\t\t\t\t\t\t<\/div>\n\t\t<\/div>\n\t\t\t\t<div class=\"elementor-column elementor-col-25 elementor-inner-column elementor-element elementor-element-6477ffe\" data-id=\"6477ffe\" data-element_type=\"column\" data-e-type=\"column\">\n\t\t\t<div class=\"elementor-widget-wrap\">\n\t\t\t\t\t\t\t<\/div>\n\t\t<\/div>\n\t\t\t\t\t<\/div>\n\t\t<\/section>\n\t\t\t\t\t<\/div>\n\t\t<\/div>\n\t\t\t\t\t<\/div>\n\t\t<\/section>\n\t\t\t\t<\/div>","protected":false},"excerpt":{"rendered":"<p>Der Trimble\u00ae R980 ist der Premium-GNSS-Empf\u00e4nger mit integrierter Antenne f\u00fcr h\u00f6chste Anspr\u00fcche was Genauigkeit und Zuverl\u00e4ssigkeit anbelangen. Leicht und kompakt bietet er erstklassige Leistung und bew\u00e4hrt sich speziell unter diffizilen Bedingungen und an abgelegenen Orten.<\/p>","protected":false},"author":1,"featured_media":16194,"parent":4065,"menu_order":0,"comment_status":"closed","ping_status":"closed","template":"elementor_header_footer","meta":{"footnotes":""},"class_list":["post-16177","page","type-page","status-publish","has-post-thumbnail","hentry"],"yoast_head":"<!-- This site is optimized with the Yoast SEO Premium plugin v25.3.1 (Yoast SEO v27.3) - https:\/\/yoast.com\/product\/yoast-seo-premium-wordpress\/ -->\n<title>Trimble R980 - ALLNAV<\/title>\n<meta name=\"description\" content=\"Mit dem GNSS-Empf\u00e4nger Trimble R12i erhalten Sie auch unter schwierigsten Bedingungen pr\u00e4zise Messergebnisse.\" \/>\n<meta name=\"robots\" content=\"index, follow, max-snippet:-1, max-image-preview:large, max-video-preview:-1\" \/>\n<link rel=\"canonical\" href=\"https:\/\/www.allnav.com\/fr\/produkte\/gnss-systeme\/trimble-r980\/\" \/>\n<meta property=\"og:locale\" content=\"fr_FR\" \/>\n<meta property=\"og:type\" content=\"article\" \/>\n<meta property=\"og:title\" content=\"Trimble R980\" \/>\n<meta property=\"og:description\" content=\"Der Trimble R980 ist der Premium-GNSS-Empf\u00e4nger mit integrierter Antenne f\u00fcr h\u00f6chste Anspr\u00fcche was Genauigkeit und Zuverl\u00e4ssigkeit anbelangen.\" \/>\n<meta property=\"og:url\" content=\"https:\/\/www.allnav.com\/fr\/produkte\/gnss-systeme\/trimble-r980\/\" \/>\n<meta property=\"og:site_name\" content=\"ALLNAV\" \/>\n<meta property=\"article:modified_time\" content=\"2024-07-29T19:00:53+00:00\" \/>\n<meta property=\"og:image\" content=\"https:\/\/www.allnav.com\/wp-content\/uploads\/2024\/07\/gnss-systeme-trimble-r980.jpg\" \/>\n\t<meta property=\"og:image:width\" content=\"1280\" \/>\n\t<meta property=\"og:image:height\" content=\"853\" \/>\n\t<meta property=\"og:image:type\" content=\"image\/webp\" \/>\n<meta name=\"twitter:card\" content=\"summary_large_image\" \/>\n<meta name=\"twitter:title\" content=\"Trimble R980\" \/>\n<meta name=\"twitter:description\" content=\"Der Trimble R980 ist der Premium-GNSS-Empf\u00e4nger mit integrierter Antenne f\u00fcr h\u00f6chste Anspr\u00fcche was Genauigkeit und Zuverl\u00e4ssigkeit anbelangen.\" \/>\n<meta name=\"twitter:image\" content=\"https:\/\/www.allnav.com\/wp-content\/uploads\/2024\/07\/gnss-systeme-trimble-r980.jpg\" \/>\n<meta name=\"twitter:label1\" content=\"Dur\u00e9e de lecture estim\u00e9e\" \/>\n\t<meta name=\"twitter:data1\" content=\"2 minutes\" \/>\n<script type=\"application\/ld+json\" class=\"yoast-schema-graph\">{\"@context\":\"https:\\\/\\\/schema.org\",\"@graph\":[{\"@type\":\"WebPage\",\"@id\":\"https:\\\/\\\/www.allnav.com\\\/produkte\\\/gnss-systeme\\\/trimble-r980\\\/\",\"url\":\"https:\\\/\\\/www.allnav.com\\\/produkte\\\/gnss-systeme\\\/trimble-r980\\\/\",\"name\":\"Trimble R980 - ALLNAV\",\"isPartOf\":{\"@id\":\"https:\\\/\\\/www.allnav.com\\\/#website\"},\"primaryImageOfPage\":{\"@id\":\"https:\\\/\\\/www.allnav.com\\\/produkte\\\/gnss-systeme\\\/trimble-r980\\\/#primaryimage\"},\"image\":{\"@id\":\"https:\\\/\\\/www.allnav.com\\\/produkte\\\/gnss-systeme\\\/trimble-r980\\\/#primaryimage\"},\"thumbnailUrl\":\"https:\\\/\\\/www.allnav.com\\\/wp-content\\\/uploads\\\/2024\\\/07\\\/gnss-systeme-trimble-r980.jpg\",\"datePublished\":\"2024-07-17T12:14:41+00:00\",\"dateModified\":\"2024-07-29T19:00:53+00:00\",\"description\":\"Mit dem GNSS-Empf\u00e4nger Trimble R12i erhalten Sie auch unter schwierigsten Bedingungen pr\u00e4zise Messergebnisse.\",\"breadcrumb\":{\"@id\":\"https:\\\/\\\/www.allnav.com\\\/produkte\\\/gnss-systeme\\\/trimble-r980\\\/#breadcrumb\"},\"inLanguage\":\"fr-FR\",\"potentialAction\":[{\"@type\":\"ReadAction\",\"target\":[\"https:\\\/\\\/www.allnav.com\\\/produkte\\\/gnss-systeme\\\/trimble-r980\\\/\"]}]},{\"@type\":\"ImageObject\",\"inLanguage\":\"fr-FR\",\"@id\":\"https:\\\/\\\/www.allnav.com\\\/produkte\\\/gnss-systeme\\\/trimble-r980\\\/#primaryimage\",\"url\":\"https:\\\/\\\/www.allnav.com\\\/wp-content\\\/uploads\\\/2024\\\/07\\\/gnss-systeme-trimble-r980.jpg\",\"contentUrl\":\"https:\\\/\\\/www.allnav.com\\\/wp-content\\\/uploads\\\/2024\\\/07\\\/gnss-systeme-trimble-r980.jpg\",\"width\":1280,\"height\":853},{\"@type\":\"BreadcrumbList\",\"@id\":\"https:\\\/\\\/www.allnav.com\\\/produkte\\\/gnss-systeme\\\/trimble-r980\\\/#breadcrumb\",\"itemListElement\":[{\"@type\":\"ListItem\",\"position\":1,\"name\":\"Startseite\",\"item\":\"https:\\\/\\\/www.allnav.com\\\/\"},{\"@type\":\"ListItem\",\"position\":2,\"name\":\"Produkte\",\"item\":\"https:\\\/\\\/www.allnav.com\\\/produkte\\\/\"},{\"@type\":\"ListItem\",\"position\":3,\"name\":\"GNSS-Systeme\",\"item\":\"https:\\\/\\\/www.allnav.com\\\/produkte\\\/gnss-systeme\\\/\"},{\"@type\":\"ListItem\",\"position\":4,\"name\":\"Trimble R980\"}]},{\"@type\":\"WebSite\",\"@id\":\"https:\\\/\\\/www.allnav.com\\\/#website\",\"url\":\"https:\\\/\\\/www.allnav.com\\\/\",\"name\":\"ALLNAV\",\"description\":\"L\u00f6sungen und Systeme f\u00fcr Vermessungsprofis\",\"publisher\":{\"@id\":\"https:\\\/\\\/www.allnav.com\\\/#organization\"},\"potentialAction\":[{\"@type\":\"SearchAction\",\"target\":{\"@type\":\"EntryPoint\",\"urlTemplate\":\"https:\\\/\\\/www.allnav.com\\\/?s={search_term_string}\"},\"query-input\":{\"@type\":\"PropertyValueSpecification\",\"valueRequired\":true,\"valueName\":\"search_term_string\"}}],\"inLanguage\":\"fr-FR\"},{\"@type\":\"Organization\",\"@id\":\"https:\\\/\\\/www.allnav.com\\\/#organization\",\"name\":\"ALLNAV\",\"url\":\"https:\\\/\\\/www.allnav.com\\\/\",\"logo\":{\"@type\":\"ImageObject\",\"inLanguage\":\"fr-FR\",\"@id\":\"https:\\\/\\\/www.allnav.com\\\/#\\\/schema\\\/logo\\\/image\\\/\",\"url\":\"https:\\\/\\\/www.allnav.com\\\/wp-content\\\/uploads\\\/2020\\\/01\\\/allnav.png\",\"contentUrl\":\"https:\\\/\\\/www.allnav.com\\\/wp-content\\\/uploads\\\/2020\\\/01\\\/allnav.png\",\"width\":506,\"height\":152,\"caption\":\"ALLNAV\"},\"image\":{\"@id\":\"https:\\\/\\\/www.allnav.com\\\/#\\\/schema\\\/logo\\\/image\\\/\"}}]}<\/script>\n<!-- \/ Yoast SEO Premium plugin. -->","yoast_head_json":{"title":"Trimble R980 - ALLNAV","description":"Mit dem GNSS-Empf\u00e4nger Trimble R12i erhalten Sie auch unter schwierigsten Bedingungen pr\u00e4zise Messergebnisse.","robots":{"index":"index","follow":"follow","max-snippet":"max-snippet:-1","max-image-preview":"max-image-preview:large","max-video-preview":"max-video-preview:-1"},"canonical":"https:\/\/www.allnav.com\/fr\/produkte\/gnss-systeme\/trimble-r980\/","og_locale":"fr_FR","og_type":"article","og_title":"Trimble R980","og_description":"Der Trimble R980 ist der Premium-GNSS-Empf\u00e4nger mit integrierter Antenne f\u00fcr h\u00f6chste Anspr\u00fcche was Genauigkeit und Zuverl\u00e4ssigkeit anbelangen.","og_url":"https:\/\/www.allnav.com\/fr\/produkte\/gnss-systeme\/trimble-r980\/","og_site_name":"ALLNAV","article_modified_time":"2024-07-29T19:00:53+00:00","og_image":[{"width":1280,"height":853,"url":"https:\/\/www.allnav.com\/wp-content\/uploads\/2024\/07\/gnss-systeme-trimble-r980.jpg","type":"image\/webp"}],"twitter_card":"summary_large_image","twitter_title":"Trimble R980","twitter_description":"Der Trimble R980 ist der Premium-GNSS-Empf\u00e4nger mit integrierter Antenne f\u00fcr h\u00f6chste Anspr\u00fcche was Genauigkeit und Zuverl\u00e4ssigkeit anbelangen.","twitter_image":"https:\/\/www.allnav.com\/wp-content\/uploads\/2024\/07\/gnss-systeme-trimble-r980.jpg","twitter_misc":{"Dur\u00e9e de lecture estim\u00e9e":"2 minutes"},"schema":{"@context":"https:\/\/schema.org","@graph":[{"@type":"WebPage","@id":"https:\/\/www.allnav.com\/produkte\/gnss-systeme\/trimble-r980\/","url":"https:\/\/www.allnav.com\/produkte\/gnss-systeme\/trimble-r980\/","name":"Trimble R980 - ALLNAV","isPartOf":{"@id":"https:\/\/www.allnav.com\/#website"},"primaryImageOfPage":{"@id":"https:\/\/www.allnav.com\/produkte\/gnss-systeme\/trimble-r980\/#primaryimage"},"image":{"@id":"https:\/\/www.allnav.com\/produkte\/gnss-systeme\/trimble-r980\/#primaryimage"},"thumbnailUrl":"https:\/\/www.allnav.com\/wp-content\/uploads\/2024\/07\/gnss-systeme-trimble-r980.jpg","datePublished":"2024-07-17T12:14:41+00:00","dateModified":"2024-07-29T19:00:53+00:00","description":"Mit dem GNSS-Empf\u00e4nger Trimble R12i erhalten Sie auch unter schwierigsten Bedingungen pr\u00e4zise Messergebnisse.","breadcrumb":{"@id":"https:\/\/www.allnav.com\/produkte\/gnss-systeme\/trimble-r980\/#breadcrumb"},"inLanguage":"fr-FR","potentialAction":[{"@type":"ReadAction","target":["https:\/\/www.allnav.com\/produkte\/gnss-systeme\/trimble-r980\/"]}]},{"@type":"ImageObject","inLanguage":"fr-FR","@id":"https:\/\/www.allnav.com\/produkte\/gnss-systeme\/trimble-r980\/#primaryimage","url":"https:\/\/www.allnav.com\/wp-content\/uploads\/2024\/07\/gnss-systeme-trimble-r980.jpg","contentUrl":"https:\/\/www.allnav.com\/wp-content\/uploads\/2024\/07\/gnss-systeme-trimble-r980.jpg","width":1280,"height":853},{"@type":"BreadcrumbList","@id":"https:\/\/www.allnav.com\/produkte\/gnss-systeme\/trimble-r980\/#breadcrumb","itemListElement":[{"@type":"ListItem","position":1,"name":"Startseite","item":"https:\/\/www.allnav.com\/"},{"@type":"ListItem","position":2,"name":"Produkte","item":"https:\/\/www.allnav.com\/produkte\/"},{"@type":"ListItem","position":3,"name":"GNSS-Systeme","item":"https:\/\/www.allnav.com\/produkte\/gnss-systeme\/"},{"@type":"ListItem","position":4,"name":"Trimble R980"}]},{"@type":"WebSite","@id":"https:\/\/www.allnav.com\/#website","url":"https:\/\/www.allnav.com\/","name":"ALLNAV","description":"L\u00f6sungen und Systeme f\u00fcr Vermessungsprofis","publisher":{"@id":"https:\/\/www.allnav.com\/#organization"},"potentialAction":[{"@type":"SearchAction","target":{"@type":"EntryPoint","urlTemplate":"https:\/\/www.allnav.com\/?s={search_term_string}"},"query-input":{"@type":"PropertyValueSpecification","valueRequired":true,"valueName":"search_term_string"}}],"inLanguage":"fr-FR"},{"@type":"Organization","@id":"https:\/\/www.allnav.com\/#organization","name":"ALLNAV","url":"https:\/\/www.allnav.com\/","logo":{"@type":"ImageObject","inLanguage":"fr-FR","@id":"https:\/\/www.allnav.com\/#\/schema\/logo\/image\/","url":"https:\/\/www.allnav.com\/wp-content\/uploads\/2020\/01\/allnav.png","contentUrl":"https:\/\/www.allnav.com\/wp-content\/uploads\/2020\/01\/allnav.png","width":506,"height":152,"caption":"ALLNAV"},"image":{"@id":"https:\/\/www.allnav.com\/#\/schema\/logo\/image\/"}}]}},"_links":{"self":[{"href":"https:\/\/www.allnav.com\/fr\/wp-json\/wp\/v2\/pages\/16177","targetHints":{"allow":["GET"]}}],"collection":[{"href":"https:\/\/www.allnav.com\/fr\/wp-json\/wp\/v2\/pages"}],"about":[{"href":"https:\/\/www.allnav.com\/fr\/wp-json\/wp\/v2\/types\/page"}],"author":[{"embeddable":true,"href":"https:\/\/www.allnav.com\/fr\/wp-json\/wp\/v2\/users\/1"}],"replies":[{"embeddable":true,"href":"https:\/\/www.allnav.com\/fr\/wp-json\/wp\/v2\/comments?post=16177"}],"version-history":[{"count":29,"href":"https:\/\/www.allnav.com\/fr\/wp-json\/wp\/v2\/pages\/16177\/revisions"}],"predecessor-version":[{"id":17899,"href":"https:\/\/www.allnav.com\/fr\/wp-json\/wp\/v2\/pages\/16177\/revisions\/17899"}],"up":[{"embeddable":true,"href":"https:\/\/www.allnav.com\/fr\/wp-json\/wp\/v2\/pages\/4065"}],"wp:featuredmedia":[{"embeddable":true,"href":"https:\/\/www.allnav.com\/fr\/wp-json\/wp\/v2\/media\/16194"}],"wp:attachment":[{"href":"https:\/\/www.allnav.com\/fr\/wp-json\/wp\/v2\/media?parent=16177"}],"curies":[{"name":"wp","href":"https:\/\/api.w.org\/{rel}","templated":true}]}}