{"id":16838,"date":"2024-07-18T15:51:28","date_gmt":"2024-07-18T13:51:28","guid":{"rendered":"https:\/\/www.allnav.com\/?page_id=16838"},"modified":"2024-07-22T12:42:51","modified_gmt":"2024-07-22T10:42:51","slug":"mobiles-laserscanning","status":"publish","type":"page","link":"https:\/\/www.allnav.com\/fr\/produkte\/mobiles-laserscanning\/","title":{"rendered":"Num\u00e9risation laser mobile"},"content":{"rendered":"<div data-elementor-type=\"wp-page\" data-elementor-id=\"16838\" class=\"elementor elementor-16838\" data-elementor-post-type=\"page\">\n\t\t\t\t\t\t<section class=\"elementor-section elementor-top-section elementor-element elementor-element-aa71f1f elementor-section-full_width elementor-section-height-min-height elementor-section-items-bottom elementor-section-height-default\" data-id=\"aa71f1f\" data-element_type=\"section\" data-e-type=\"section\" data-settings=\"{&quot;background_background&quot;:&quot;classic&quot;}\">\n\t\t\t\t\t\t\t<div class=\"elementor-background-overlay\"><\/div>\n\t\t\t\t\t\t\t<div class=\"elementor-container elementor-column-gap-default\">\n\t\t\t\t\t<div class=\"elementor-column elementor-col-50 elementor-top-column elementor-element elementor-element-0cc3434\" data-id=\"0cc3434\" data-element_type=\"column\" data-e-type=\"column\">\n\t\t\t<div class=\"elementor-widget-wrap elementor-element-populated\">\n\t\t\t\t\t\t<div class=\"elementor-element elementor-element-364fd52 elementor-widget elementor-widget-heading\" data-id=\"364fd52\" data-element_type=\"widget\" data-e-type=\"widget\" data-widget_type=\"heading.default\">\n\t\t\t\t<div class=\"elementor-widget-container\">\n\t\t\t\t\t<h1 class=\"elementor-heading-title elementor-size-default\"><b>Num\u00e9risation laser mobile<\/b><\/h1>\t\t\t\t<\/div>\n\t\t\t\t<\/div>\n\t\t\t\t\t<\/div>\n\t\t<\/div>\n\t\t\t\t<div class=\"elementor-column elementor-col-50 elementor-top-column elementor-element elementor-element-ba3318f\" data-id=\"ba3318f\" data-element_type=\"column\" data-e-type=\"column\">\n\t\t\t<div class=\"elementor-widget-wrap\">\n\t\t\t\t\t\t\t<\/div>\n\t\t<\/div>\n\t\t\t\t\t<\/div>\n\t\t<\/section>\n\t\t\t\t<section class=\"elementor-section elementor-top-section elementor-element elementor-element-97831d1 elementor-section-full_width elementor-reverse-mobile elementor-section-height-default elementor-section-height-default\" data-id=\"97831d1\" data-element_type=\"section\" data-e-type=\"section\">\n\t\t\t\t\t\t<div class=\"elementor-container elementor-column-gap-default\">\n\t\t\t\t\t<div class=\"elementor-column elementor-col-100 elementor-top-column elementor-element elementor-element-2594437\" data-id=\"2594437\" data-element_type=\"column\" data-e-type=\"column\">\n\t\t\t<div class=\"elementor-widget-wrap elementor-element-populated\">\n\t\t\t\t\t\t<div class=\"elementor-element elementor-element-2cd4799 elementor-widget elementor-widget-heading\" data-id=\"2cd4799\" data-element_type=\"widget\" data-e-type=\"widget\" data-widget_type=\"heading.default\">\n\t\t\t\t<div class=\"elementor-widget-container\">\n\t\t\t\t\t<h2 class=\"elementor-heading-title elementor-size-default\">Lorem ipsum dolor sit amet, consetetur sadipscing elitr, sed diam nonumy eirmod tempor invidunt ut labore et dolore magna aliquyam erat, sed diam voluptua.<\/h2>\t\t\t\t<\/div>\n\t\t\t\t<\/div>\n\t\t\t\t<div class=\"elementor-element elementor-element-6b9cdf8 elementor-widget-divider--view-line elementor-widget elementor-widget-divider\" data-id=\"6b9cdf8\" data-element_type=\"widget\" data-e-type=\"widget\" data-widget_type=\"divider.default\">\n\t\t\t\t<div class=\"elementor-widget-container\">\n\t\t\t\t\t\t\t<div class=\"elementor-divider\">\n\t\t\t<span class=\"elementor-divider-separator\">\n\t\t\t\t\t\t<\/span>\n\t\t<\/div>\n\t\t\t\t\t\t<\/div>\n\t\t\t\t<\/div>\n\t\t\t\t<div class=\"elementor-element elementor-element-51de382 elementor-widget elementor-widget-text-editor\" data-id=\"51de382\" data-element_type=\"widget\" data-e-type=\"widget\" data-widget_type=\"text-editor.default\">\n\t\t\t\t<div class=\"elementor-widget-container\">\n\t\t\t\t\t\t\t\t\tLorem ipsum dolor sit amet, consetetur sadipscing elitr, sed diam nonumy eirmod tempor invidunt ut labore et dolore magna aliquyam erat, sed diam voluptua. At vero eos et accusam et justo duo dolores et ea rebum. Stet clita kasd gubergren, no sea takimata sanctus est Lorem ipsum dolor sit amet. Lorem ipsum dolor sit amet, consetetur sadipscing elitr, sed diam nonumy eirmod tempor invidunt ut labore et dolore magna aliquyam erat, sed diam voluptua. At vero eos et accusam et justo duo dolores et ea rebum. Stet clita kasd gubergren, no sea takimata sanctus est Lorem ipsum dolor sit amet.\t\t\t\t\t\t\t\t<\/div>\n\t\t\t\t<\/div>\n\t\t\t\t\t<\/div>\n\t\t<\/div>\n\t\t\t\t\t<\/div>\n\t\t<\/section>\n\t\t\t\t<section class=\"elementor-section elementor-top-section elementor-element elementor-element-4cb359d elementor-section-full_width elementor-reverse-mobile elementor-section-height-default elementor-section-height-default\" data-id=\"4cb359d\" data-element_type=\"section\" data-e-type=\"section\">\n\t\t\t\t\t\t<div class=\"elementor-container elementor-column-gap-default\">\n\t\t\t\t\t<div class=\"elementor-column elementor-col-100 elementor-top-column elementor-element elementor-element-2dcf7dd\" data-id=\"2dcf7dd\" data-element_type=\"column\" data-e-type=\"column\">\n\t\t\t<div class=\"elementor-widget-wrap elementor-element-populated\">\n\t\t\t\t\t\t<div class=\"elementor-element elementor-element-e1f1030 elementor-widget elementor-widget-heading\" data-id=\"e1f1030\" data-element_type=\"widget\" data-e-type=\"widget\" data-widget_type=\"heading.default\">\n\t\t\t\t<div class=\"elementor-widget-container\">\n\t\t\t\t\t<h3 class=\"elementor-heading-title elementor-size-default\">Num\u00e9risation laser mobile<\/h3>\t\t\t\t<\/div>\n\t\t\t\t<\/div>\n\t\t\t\t<div class=\"elementor-element elementor-element-e4ca725 elementor-widget-divider--view-line elementor-widget elementor-widget-divider\" data-id=\"e4ca725\" data-element_type=\"widget\" data-e-type=\"widget\" data-widget_type=\"divider.default\">\n\t\t\t\t<div class=\"elementor-widget-container\">\n\t\t\t\t\t\t\t<div class=\"elementor-divider\">\n\t\t\t<span class=\"elementor-divider-separator\">\n\t\t\t\t\t\t<\/span>\n\t\t<\/div>\n\t\t\t\t\t\t<\/div>\n\t\t\t\t<\/div>\n\t\t\t\t\t<\/div>\n\t\t<\/div>\n\t\t\t\t\t<\/div>\n\t\t<\/section>\n\t\t\t\t<section class=\"elementor-section elementor-top-section elementor-element elementor-element-b1e3b3f elementor-section-full_width elementor-reverse-mobile elementor-section-height-default elementor-section-height-default\" data-id=\"b1e3b3f\" data-element_type=\"section\" data-e-type=\"section\">\n\t\t\t\t\t\t<div class=\"elementor-container elementor-column-gap-default\">\n\t\t\t\t\t<div class=\"elementor-column elementor-col-25 elementor-top-column elementor-element elementor-element-a0e712c\" data-id=\"a0e712c\" data-element_type=\"column\" data-e-type=\"column\">\n\t\t\t<div class=\"elementor-widget-wrap elementor-element-populated\">\n\t\t\t\t\t\t<div class=\"elementor-element elementor-element-6a59eaf elementor-widget elementor-widget-image\" data-id=\"6a59eaf\" data-element_type=\"widget\" data-e-type=\"widget\" data-widget_type=\"image.default\">\n\t\t\t\t<div class=\"elementor-widget-container\">\n\t\t\t\t\t\t\t\t\t\t\t\t\t\t\t<img fetchpriority=\"high\" decoding=\"async\" width=\"800\" height=\"533\" src=\"https:\/\/www.allnav.com\/wp-content\/uploads\/2024\/07\/viametris-ms-96-thumb-1024x682.jpg\" class=\"attachment-large size-large wp-image-16788\" alt=\"\" srcset=\"https:\/\/www.allnav.com\/wp-content\/uploads\/2024\/07\/viametris-ms-96-thumb-1024x682.jpg 1024w, https:\/\/www.allnav.com\/wp-content\/uploads\/2024\/07\/viametris-ms-96-thumb-300x200.jpg 300w, https:\/\/www.allnav.com\/wp-content\/uploads\/2024\/07\/viametris-ms-96-thumb-768x512.jpg 768w, https:\/\/www.allnav.com\/wp-content\/uploads\/2024\/07\/viametris-ms-96-thumb-18x12.webp 18w, https:\/\/www.allnav.com\/wp-content\/uploads\/2024\/07\/viametris-ms-96-thumb.jpg 1280w\" sizes=\"(max-width: 800px) 100vw, 800px\" \/>\t\t\t\t\t\t\t\t\t\t\t\t\t\t\t<\/div>\n\t\t\t\t<\/div>\n\t\t\t\t<section class=\"elementor-section elementor-inner-section elementor-element elementor-element-958090b elementor-section-height-min-height elementor-section-boxed elementor-section-height-default\" data-id=\"958090b\" data-element_type=\"section\" data-e-type=\"section\">\n\t\t\t\t\t\t<div class=\"elementor-container elementor-column-gap-default\">\n\t\t\t\t\t<div class=\"elementor-column elementor-col-100 elementor-inner-column elementor-element elementor-element-4685797\" data-id=\"4685797\" data-element_type=\"column\" data-e-type=\"column\">\n\t\t\t<div class=\"elementor-widget-wrap elementor-element-populated\">\n\t\t\t\t\t\t<div class=\"elementor-element elementor-element-020409a elementor-widget elementor-widget-heading\" data-id=\"020409a\" data-element_type=\"widget\" data-e-type=\"widget\" data-widget_type=\"heading.default\">\n\t\t\t\t<div class=\"elementor-widget-container\">\n\t\t\t\t\t<h4 class=\"elementor-heading-title elementor-size-default\">Viametris MS-96<\/h4>\t\t\t\t<\/div>\n\t\t\t\t<\/div>\n\t\t\t\t<div class=\"elementor-element elementor-element-0381828 elementor-widget elementor-widget-text-editor\" data-id=\"0381828\" data-element_type=\"widget\" data-e-type=\"widget\" data-widget_type=\"text-editor.default\">\n\t\t\t\t<div class=\"elementor-widget-container\">\n\t\t\t\t\t\t\t\t\tAvec le MS-96, Viametris met \u00e0 disposition un syst\u00e8me de Reality Capture modulaire qui peut \u00eatre utilis\u00e9 aussi bien en mode pi\u00e9ton qu'en mode motoris\u00e9.\t\t\t\t\t\t\t\t<\/div>\n\t\t\t\t<\/div>\n\t\t\t\t<div class=\"elementor-element elementor-element-eb08d9d elementor-widget elementor-widget-button\" data-id=\"eb08d9d\" data-element_type=\"widget\" data-e-type=\"widget\" data-widget_type=\"button.default\">\n\t\t\t\t<div class=\"elementor-widget-container\">\n\t\t\t\t\t\t\t\t\t<div class=\"elementor-button-wrapper\">\n\t\t\t\t\t<a class=\"elementor-button elementor-button-link elementor-size-sm\" href=\"https:\/\/www.allnav.com\/fr\/viametris-ms-96\/\">\n\t\t\t\t\t\t<span class=\"elementor-button-content-wrapper\">\n\t\t\t\t\t\t<span class=\"elementor-button-icon\">\n\t\t\t\t<svg aria-hidden=\"true\" class=\"e-font-icon-svg e-fas-caret-right\" viewbox=\"0 0 192 512\" xmlns=\"http:\/\/www.w3.org\/2000\/svg\"><path d=\"M0 384.662V127.338c0-17.818 21.543-26.741 34.142-14.142l128.662 128.662c7.81 7.81 7.81 20.474 0 28.284L34.142 398.804C21.543 411.404 0 402.48 0 384.662z\"><\/path><\/svg>\t\t\t<\/span>\n\t\t\t\t\t\t\t\t\t<span class=\"elementor-button-text\">En savoir plus<\/span>\n\t\t\t\t\t<\/span>\n\t\t\t\t\t<\/a>\n\t\t\t\t<\/div>\n\t\t\t\t\t\t\t\t<\/div>\n\t\t\t\t<\/div>\n\t\t\t\t\t<\/div>\n\t\t<\/div>\n\t\t\t\t\t<\/div>\n\t\t<\/section>\n\t\t\t\t\t<\/div>\n\t\t<\/div>\n\t\t\t\t<div class=\"elementor-column elementor-col-25 elementor-top-column elementor-element elementor-element-c4de7ce\" data-id=\"c4de7ce\" data-element_type=\"column\" data-e-type=\"column\">\n\t\t\t<div class=\"elementor-widget-wrap\">\n\t\t\t\t\t\t\t<\/div>\n\t\t<\/div>\n\t\t\t\t<div class=\"elementor-column elementor-col-25 elementor-top-column elementor-element elementor-element-11fc64b\" data-id=\"11fc64b\" data-element_type=\"column\" data-e-type=\"column\">\n\t\t\t<div class=\"elementor-widget-wrap\">\n\t\t\t\t\t\t\t<\/div>\n\t\t<\/div>\n\t\t\t\t<div class=\"elementor-column elementor-col-25 elementor-top-column elementor-element elementor-element-a545cb9\" data-id=\"a545cb9\" data-element_type=\"column\" data-e-type=\"column\">\n\t\t\t<div class=\"elementor-widget-wrap\">\n\t\t\t\t\t\t\t<\/div>\n\t\t<\/div>\n\t\t\t\t\t<\/div>\n\t\t<\/section>\n\t\t\t\t<\/div>","protected":false},"excerpt":{"rendered":"<p>Mobiles Laserscanning Lorem ipsum dolor sit amet, consetetur sadipscing elitr, sed diam nonumy eirmod tempor invidunt ut labore et dolore magna aliquyam erat, sed diam voluptua. Lorem ipsum dolor sit amet, consetetur sadipscing elitr, sed diam nonumy eirmod tempor invidunt ut labore et dolore magna aliquyam erat, sed diam voluptua. At vero eos et accusam [&hellip;]<\/p>\n","protected":false},"author":1,"featured_media":0,"parent":4997,"menu_order":0,"comment_status":"closed","ping_status":"closed","template":"elementor_header_footer","meta":{"footnotes":""},"class_list":["post-16838","page","type-page","status-publish","hentry"],"yoast_head":"<!-- This site is optimized with the Yoast SEO Premium plugin v25.3.1 (Yoast SEO v27.3) - https:\/\/yoast.com\/product\/yoast-seo-premium-wordpress\/ -->\n<title>Mobiles Laserscanning - ALLNAV<\/title>\n<meta name=\"description\" content=\"Mit den Trimble Augmented Reality-L\u00f6sungen er\u00f6ffnen sich neue Anwendungen und M\u00f6glichkeiten f\u00fcr Vermesser. Zukunftsweisend und einzigartig.\" \/>\n<meta name=\"robots\" content=\"index, follow, max-snippet:-1, max-image-preview:large, max-video-preview:-1\" \/>\n<link rel=\"canonical\" href=\"https:\/\/www.allnav.com\/fr\/produkte\/mobiles-laserscanning\/\" \/>\n<meta property=\"og:locale\" content=\"fr_FR\" \/>\n<meta property=\"og:type\" content=\"article\" \/>\n<meta property=\"og:title\" content=\"Augmented Reality\" \/>\n<meta property=\"og:description\" content=\"Mit den Trimble Augmented Reality-L\u00f6sungen er\u00f6ffnen sich neue Anwendungen und M\u00f6glichkeiten f\u00fcr Vermesser. Zukunftsweisend und einzigartig.\" \/>\n<meta property=\"og:url\" content=\"https:\/\/www.allnav.com\/fr\/produkte\/mobiles-laserscanning\/\" \/>\n<meta property=\"og:site_name\" content=\"ALLNAV\" \/>\n<meta property=\"article:modified_time\" content=\"2024-07-22T10:42:51+00:00\" \/>\n<meta property=\"og:image\" content=\"https:\/\/www.allnav.com\/wp-content\/uploads\/2020\/04\/Trimble_SiteVision_Hero_8249_0.png\" \/>\n\t<meta property=\"og:image:width\" content=\"382\" \/>\n\t<meta property=\"og:image:height\" content=\"480\" \/>\n\t<meta property=\"og:image:type\" content=\"image\/png\" \/>\n<meta name=\"twitter:card\" content=\"summary_large_image\" \/>\n<meta name=\"twitter:title\" content=\"Augmented Reality\" \/>\n<meta name=\"twitter:description\" content=\"Mit den Trimble Augmented Reality-L\u00f6sungen er\u00f6ffnen sich neue Anwendungen und M\u00f6glichkeiten f\u00fcr Vermesser. Zukunftsweisend und einzigartig.\" \/>\n<meta name=\"twitter:image\" content=\"https:\/\/www.allnav.com\/wp-content\/uploads\/2020\/04\/Trimble_SiteVision_Hero_8249_0.png\" \/>\n<meta name=\"twitter:label1\" content=\"Dur\u00e9e de lecture estim\u00e9e\" \/>\n\t<meta name=\"twitter:data1\" content=\"2 minutes\" \/>\n<script type=\"application\/ld+json\" class=\"yoast-schema-graph\">{\"@context\":\"https:\\\/\\\/schema.org\",\"@graph\":[{\"@type\":\"WebPage\",\"@id\":\"https:\\\/\\\/www.allnav.com\\\/produkte\\\/mobiles-laserscanning\\\/\",\"url\":\"https:\\\/\\\/www.allnav.com\\\/produkte\\\/mobiles-laserscanning\\\/\",\"name\":\"Mobiles Laserscanning - ALLNAV\",\"isPartOf\":{\"@id\":\"https:\\\/\\\/www.allnav.com\\\/#website\"},\"primaryImageOfPage\":{\"@id\":\"https:\\\/\\\/www.allnav.com\\\/produkte\\\/mobiles-laserscanning\\\/#primaryimage\"},\"image\":{\"@id\":\"https:\\\/\\\/www.allnav.com\\\/produkte\\\/mobiles-laserscanning\\\/#primaryimage\"},\"thumbnailUrl\":\"https:\\\/\\\/www.allnav.com\\\/wp-content\\\/uploads\\\/2024\\\/07\\\/viametris-ms-96-thumb-1024x682.jpg\",\"datePublished\":\"2024-07-18T13:51:28+00:00\",\"dateModified\":\"2024-07-22T10:42:51+00:00\",\"description\":\"Mit den Trimble Augmented Reality-L\u00f6sungen er\u00f6ffnen sich neue Anwendungen und M\u00f6glichkeiten f\u00fcr Vermesser. Zukunftsweisend und einzigartig.\",\"breadcrumb\":{\"@id\":\"https:\\\/\\\/www.allnav.com\\\/produkte\\\/mobiles-laserscanning\\\/#breadcrumb\"},\"inLanguage\":\"fr-FR\",\"potentialAction\":[{\"@type\":\"ReadAction\",\"target\":[\"https:\\\/\\\/www.allnav.com\\\/produkte\\\/mobiles-laserscanning\\\/\"]}]},{\"@type\":\"ImageObject\",\"inLanguage\":\"fr-FR\",\"@id\":\"https:\\\/\\\/www.allnav.com\\\/produkte\\\/mobiles-laserscanning\\\/#primaryimage\",\"url\":\"https:\\\/\\\/www.allnav.com\\\/wp-content\\\/uploads\\\/2024\\\/07\\\/viametris-ms-96-thumb-1024x682.jpg\",\"contentUrl\":\"https:\\\/\\\/www.allnav.com\\\/wp-content\\\/uploads\\\/2024\\\/07\\\/viametris-ms-96-thumb-1024x682.jpg\"},{\"@type\":\"BreadcrumbList\",\"@id\":\"https:\\\/\\\/www.allnav.com\\\/produkte\\\/mobiles-laserscanning\\\/#breadcrumb\",\"itemListElement\":[{\"@type\":\"ListItem\",\"position\":1,\"name\":\"Startseite\",\"item\":\"https:\\\/\\\/www.allnav.com\\\/\"},{\"@type\":\"ListItem\",\"position\":2,\"name\":\"Produkte\",\"item\":\"https:\\\/\\\/www.allnav.com\\\/produkte\\\/\"},{\"@type\":\"ListItem\",\"position\":3,\"name\":\"Mobiles Laserscanning\"}]},{\"@type\":\"WebSite\",\"@id\":\"https:\\\/\\\/www.allnav.com\\\/#website\",\"url\":\"https:\\\/\\\/www.allnav.com\\\/\",\"name\":\"ALLNAV\",\"description\":\"L\u00f6sungen und Systeme f\u00fcr Vermessungsprofis\",\"publisher\":{\"@id\":\"https:\\\/\\\/www.allnav.com\\\/#organization\"},\"potentialAction\":[{\"@type\":\"SearchAction\",\"target\":{\"@type\":\"EntryPoint\",\"urlTemplate\":\"https:\\\/\\\/www.allnav.com\\\/?s={search_term_string}\"},\"query-input\":{\"@type\":\"PropertyValueSpecification\",\"valueRequired\":true,\"valueName\":\"search_term_string\"}}],\"inLanguage\":\"fr-FR\"},{\"@type\":\"Organization\",\"@id\":\"https:\\\/\\\/www.allnav.com\\\/#organization\",\"name\":\"ALLNAV\",\"url\":\"https:\\\/\\\/www.allnav.com\\\/\",\"logo\":{\"@type\":\"ImageObject\",\"inLanguage\":\"fr-FR\",\"@id\":\"https:\\\/\\\/www.allnav.com\\\/#\\\/schema\\\/logo\\\/image\\\/\",\"url\":\"https:\\\/\\\/www.allnav.com\\\/wp-content\\\/uploads\\\/2020\\\/01\\\/allnav.png\",\"contentUrl\":\"https:\\\/\\\/www.allnav.com\\\/wp-content\\\/uploads\\\/2020\\\/01\\\/allnav.png\",\"width\":506,\"height\":152,\"caption\":\"ALLNAV\"},\"image\":{\"@id\":\"https:\\\/\\\/www.allnav.com\\\/#\\\/schema\\\/logo\\\/image\\\/\"}}]}<\/script>\n<!-- \/ Yoast SEO Premium plugin. -->","yoast_head_json":{"title":"Mobiles Laserscanning - ALLNAV","description":"Avec les solutions de r\u00e9alit\u00e9 augment\u00e9e de Trimble, de nouvelles applications et possibilit\u00e9s s'ouvrent aux g\u00e9om\u00e8tres. Unique en son genre et tourn\u00e9 vers l'avenir.","robots":{"index":"index","follow":"follow","max-snippet":"max-snippet:-1","max-image-preview":"max-image-preview:large","max-video-preview":"max-video-preview:-1"},"canonical":"https:\/\/www.allnav.com\/fr\/produkte\/mobiles-laserscanning\/","og_locale":"fr_FR","og_type":"article","og_title":"Augmented Reality","og_description":"Mit den Trimble Augmented Reality-L\u00f6sungen er\u00f6ffnen sich neue Anwendungen und M\u00f6glichkeiten f\u00fcr Vermesser. Zukunftsweisend und einzigartig.","og_url":"https:\/\/www.allnav.com\/fr\/produkte\/mobiles-laserscanning\/","og_site_name":"ALLNAV","article_modified_time":"2024-07-22T10:42:51+00:00","og_image":[{"width":382,"height":480,"url":"https:\/\/www.allnav.com\/wp-content\/uploads\/2020\/04\/Trimble_SiteVision_Hero_8249_0.png","type":"image\/png"}],"twitter_card":"summary_large_image","twitter_title":"Augmented Reality","twitter_description":"Mit den Trimble Augmented Reality-L\u00f6sungen er\u00f6ffnen sich neue Anwendungen und M\u00f6glichkeiten f\u00fcr Vermesser. Zukunftsweisend und einzigartig.","twitter_image":"https:\/\/www.allnav.com\/wp-content\/uploads\/2020\/04\/Trimble_SiteVision_Hero_8249_0.png","twitter_misc":{"Dur\u00e9e de lecture estim\u00e9e":"2 minutes"},"schema":{"@context":"https:\/\/schema.org","@graph":[{"@type":"WebPage","@id":"https:\/\/www.allnav.com\/produkte\/mobiles-laserscanning\/","url":"https:\/\/www.allnav.com\/produkte\/mobiles-laserscanning\/","name":"Mobiles Laserscanning - ALLNAV","isPartOf":{"@id":"https:\/\/www.allnav.com\/#website"},"primaryImageOfPage":{"@id":"https:\/\/www.allnav.com\/produkte\/mobiles-laserscanning\/#primaryimage"},"image":{"@id":"https:\/\/www.allnav.com\/produkte\/mobiles-laserscanning\/#primaryimage"},"thumbnailUrl":"https:\/\/www.allnav.com\/wp-content\/uploads\/2024\/07\/viametris-ms-96-thumb-1024x682.jpg","datePublished":"2024-07-18T13:51:28+00:00","dateModified":"2024-07-22T10:42:51+00:00","description":"Avec les solutions de r\u00e9alit\u00e9 augment\u00e9e de Trimble, de nouvelles applications et possibilit\u00e9s s'ouvrent aux g\u00e9om\u00e8tres. Unique en son genre et tourn\u00e9 vers l'avenir.","breadcrumb":{"@id":"https:\/\/www.allnav.com\/produkte\/mobiles-laserscanning\/#breadcrumb"},"inLanguage":"fr-FR","potentialAction":[{"@type":"ReadAction","target":["https:\/\/www.allnav.com\/produkte\/mobiles-laserscanning\/"]}]},{"@type":"ImageObject","inLanguage":"fr-FR","@id":"https:\/\/www.allnav.com\/produkte\/mobiles-laserscanning\/#primaryimage","url":"https:\/\/www.allnav.com\/wp-content\/uploads\/2024\/07\/viametris-ms-96-thumb-1024x682.jpg","contentUrl":"https:\/\/www.allnav.com\/wp-content\/uploads\/2024\/07\/viametris-ms-96-thumb-1024x682.jpg"},{"@type":"BreadcrumbList","@id":"https:\/\/www.allnav.com\/produkte\/mobiles-laserscanning\/#breadcrumb","itemListElement":[{"@type":"ListItem","position":1,"name":"Startseite","item":"https:\/\/www.allnav.com\/"},{"@type":"ListItem","position":2,"name":"Produkte","item":"https:\/\/www.allnav.com\/produkte\/"},{"@type":"ListItem","position":3,"name":"Mobiles Laserscanning"}]},{"@type":"WebSite","@id":"https:\/\/www.allnav.com\/#website","url":"https:\/\/www.allnav.com\/","name":"ALLNAV","description":"L\u00f6sungen und Systeme f\u00fcr Vermessungsprofis","publisher":{"@id":"https:\/\/www.allnav.com\/#organization"},"potentialAction":[{"@type":"SearchAction","target":{"@type":"EntryPoint","urlTemplate":"https:\/\/www.allnav.com\/?s={search_term_string}"},"query-input":{"@type":"PropertyValueSpecification","valueRequired":true,"valueName":"search_term_string"}}],"inLanguage":"fr-FR"},{"@type":"Organization","@id":"https:\/\/www.allnav.com\/#organization","name":"ALLNAV","url":"https:\/\/www.allnav.com\/","logo":{"@type":"ImageObject","inLanguage":"fr-FR","@id":"https:\/\/www.allnav.com\/#\/schema\/logo\/image\/","url":"https:\/\/www.allnav.com\/wp-content\/uploads\/2020\/01\/allnav.png","contentUrl":"https:\/\/www.allnav.com\/wp-content\/uploads\/2020\/01\/allnav.png","width":506,"height":152,"caption":"ALLNAV"},"image":{"@id":"https:\/\/www.allnav.com\/#\/schema\/logo\/image\/"}}]}},"_links":{"self":[{"href":"https:\/\/www.allnav.com\/fr\/wp-json\/wp\/v2\/pages\/16838","targetHints":{"allow":["GET"]}}],"collection":[{"href":"https:\/\/www.allnav.com\/fr\/wp-json\/wp\/v2\/pages"}],"about":[{"href":"https:\/\/www.allnav.com\/fr\/wp-json\/wp\/v2\/types\/page"}],"author":[{"embeddable":true,"href":"https:\/\/www.allnav.com\/fr\/wp-json\/wp\/v2\/users\/1"}],"replies":[{"embeddable":true,"href":"https:\/\/www.allnav.com\/fr\/wp-json\/wp\/v2\/comments?post=16838"}],"version-history":[{"count":28,"href":"https:\/\/www.allnav.com\/fr\/wp-json\/wp\/v2\/pages\/16838\/revisions"}],"predecessor-version":[{"id":17873,"href":"https:\/\/www.allnav.com\/fr\/wp-json\/wp\/v2\/pages\/16838\/revisions\/17873"}],"up":[{"embeddable":true,"href":"https:\/\/www.allnav.com\/fr\/wp-json\/wp\/v2\/pages\/4997"}],"wp:attachment":[{"href":"https:\/\/www.allnav.com\/fr\/wp-json\/wp\/v2\/media?parent=16838"}],"curies":[{"name":"wp","href":"https:\/\/api.w.org\/{rel}","templated":true}]}}