{"id":17616,"date":"2024-07-19T15:14:33","date_gmt":"2024-07-19T13:14:33","guid":{"rendered":"https:\/\/www.allnav.com\/?page_id=17616"},"modified":"2024-07-19T15:23:19","modified_gmt":"2024-07-19T13:23:19","slug":"trimble-access-monitoring","status":"publish","type":"page","link":"https:\/\/www.allnav.com\/fr\/produkte\/monitoring\/trimble-access-monitoring\/","title":{"rendered":"Trimble Access Monitoring"},"content":{"rendered":"<div data-elementor-type=\"wp-page\" data-elementor-id=\"17616\" class=\"elementor elementor-17616\" data-elementor-post-type=\"page\">\n\t\t\t\t\t\t<section class=\"elementor-section elementor-top-section elementor-element elementor-element-72a479b elementor-section-full_width elementor-reverse-mobile elementor-section-height-default elementor-section-height-default\" data-id=\"72a479b\" data-element_type=\"section\" data-e-type=\"section\">\n\t\t\t\t\t\t<div class=\"elementor-container elementor-column-gap-default\">\n\t\t\t\t\t<div class=\"elementor-column elementor-col-33 elementor-top-column elementor-element elementor-element-688c76e\" data-id=\"688c76e\" data-element_type=\"column\" data-e-type=\"column\">\n\t\t\t<div class=\"elementor-widget-wrap elementor-element-populated\">\n\t\t\t\t\t\t<div class=\"elementor-element elementor-element-a23e657 elementor-widget elementor-widget-image\" data-id=\"a23e657\" data-element_type=\"widget\" data-e-type=\"widget\" data-widget_type=\"image.default\">\n\t\t\t\t<div class=\"elementor-widget-container\">\n\t\t\t\t\t\t\t\t\t\t\t\t\t\t\t\t<a href=\"https:\/\/www.allnav.com\/wp-content\/uploads\/2024\/07\/allnav-monitoring-trimble-access-moonitoring-thumb.jpg\" data-elementor-open-lightbox=\"yes\" data-elementor-lightbox-title=\"allnav-monitoring-trimble-access-moonitoring-thumb\" data-e-action-hash=\"#elementor-action%3Aaction%3Dlightbox%26settings%3DeyJpZCI6MTc2MzAsInVybCI6Imh0dHBzOlwvXC93d3cuYWxsbmF2LmNvbVwvd3AtY29udGVudFwvdXBsb2Fkc1wvMjAyNFwvMDdcL2FsbG5hdi1tb25pdG9yaW5nLXRyaW1ibGUtYWNjZXNzLW1vb25pdG9yaW5nLXRodW1iLmpwZyJ9\">\n\t\t\t\t\t\t\t<img fetchpriority=\"high\" decoding=\"async\" width=\"800\" height=\"533\" src=\"https:\/\/www.allnav.com\/wp-content\/uploads\/2024\/07\/allnav-monitoring-trimble-access-moonitoring-thumb-1024x682.jpg\" class=\"attachment-large size-large wp-image-17630\" alt=\"\" srcset=\"https:\/\/www.allnav.com\/wp-content\/uploads\/2024\/07\/allnav-monitoring-trimble-access-moonitoring-thumb-1024x682.jpg 1024w, https:\/\/www.allnav.com\/wp-content\/uploads\/2024\/07\/allnav-monitoring-trimble-access-moonitoring-thumb-300x200.jpg 300w, https:\/\/www.allnav.com\/wp-content\/uploads\/2024\/07\/allnav-monitoring-trimble-access-moonitoring-thumb-768x512.jpg 768w, https:\/\/www.allnav.com\/wp-content\/uploads\/2024\/07\/allnav-monitoring-trimble-access-moonitoring-thumb-18x12.webp 18w, https:\/\/www.allnav.com\/wp-content\/uploads\/2024\/07\/allnav-monitoring-trimble-access-moonitoring-thumb.jpg 1280w\" sizes=\"(max-width: 800px) 100vw, 800px\" \/>\t\t\t\t\t\t\t\t<\/a>\n\t\t\t\t\t\t\t\t\t\t\t\t\t\t\t<\/div>\n\t\t\t\t<\/div>\n\t\t\t\t\t<\/div>\n\t\t<\/div>\n\t\t\t\t<div class=\"elementor-column elementor-col-66 elementor-top-column elementor-element elementor-element-58c1532\" data-id=\"58c1532\" data-element_type=\"column\" data-e-type=\"column\">\n\t\t\t<div class=\"elementor-widget-wrap elementor-element-populated\">\n\t\t\t\t\t\t<div class=\"elementor-element elementor-element-8ef12ce elementor-widget elementor-widget-heading\" data-id=\"8ef12ce\" data-element_type=\"widget\" data-e-type=\"widget\" data-widget_type=\"heading.default\">\n\t\t\t\t<div class=\"elementor-widget-container\">\n\t\t\t\t\t<h1 class=\"elementor-heading-title elementor-size-default\">Trimble Access Monitoring<\/h1>\t\t\t\t<\/div>\n\t\t\t\t<\/div>\n\t\t\t\t<div class=\"elementor-element elementor-element-86590ea elementor-widget-divider--view-line elementor-widget elementor-widget-divider\" data-id=\"86590ea\" data-element_type=\"widget\" data-e-type=\"widget\" data-widget_type=\"divider.default\">\n\t\t\t\t<div class=\"elementor-widget-container\">\n\t\t\t\t\t\t\t<div class=\"elementor-divider\">\n\t\t\t<span class=\"elementor-divider-separator\">\n\t\t\t\t\t\t<\/span>\n\t\t<\/div>\n\t\t\t\t\t\t<\/div>\n\t\t\t\t<\/div>\n\t\t\t\t<div class=\"elementor-element elementor-element-941ab53 elementor-widget elementor-widget-heading\" data-id=\"941ab53\" data-element_type=\"widget\" data-e-type=\"widget\" data-widget_type=\"heading.default\">\n\t\t\t\t<div class=\"elementor-widget-container\">\n\t\t\t\t\t<h3 class=\"elementor-heading-title elementor-size-default\">Acquisition optimis\u00e9e des donn\u00e9es de surveillance.<\/h3>\t\t\t\t<\/div>\n\t\t\t\t<\/div>\n\t\t\t\t<div class=\"elementor-element elementor-element-0ba78a3 elementor-widget elementor-widget-text-editor\" data-id=\"0ba78a3\" data-element_type=\"widget\" data-e-type=\"widget\" data-widget_type=\"text-editor.default\">\n\t\t\t\t<div class=\"elementor-widget-container\">\n\t\t\t\t\t\t\t\t\tLe logiciel de terrain Trimble Access Monitoring offre un flux de travail optimis\u00e9 pour les mesures r\u00e9p\u00e9t\u00e9es de stations totales, qui sont courantes dans la surveillance des d\u00e9formations et les flux de travail pr\u00e9cis pour les mesures de points fixes. Le logiciel pour les contr\u00f4leurs de terrain Trimble guide les g\u00e9om\u00e8tres \u00e0 travers un processus qui acc\u00e9l\u00e8re la mise en place, les mesures et la documentation, augmentant ainsi l'efficacit\u00e9 des visites de projet.\t\t\t\t\t\t\t\t<\/div>\n\t\t\t\t<\/div>\n\t\t\t\t<div class=\"elementor-element elementor-element-5d235f8 elementor-widget elementor-widget-text-editor\" data-id=\"5d235f8\" data-element_type=\"widget\" data-e-type=\"widget\" data-widget_type=\"text-editor.default\">\n\t\t\t\t<div class=\"elementor-widget-container\">\n\t\t\t\t\t\t\t\t\t<strong>Assistant de configuration intuitif<\/strong><br>\nD\u00e9finissez le site de surveillance \u00e0 l'aide de l'assistant de surveillance Trimble Access afin de r\u00e9duire le temps de configuration et de ne configurer qu'une seule fois la surveillance de plusieurs points dans diff\u00e9rentes sessions.\t\t\t\t\t\t\t\t<\/div>\n\t\t\t\t<\/div>\n\t\t\t\t<div class=\"elementor-element elementor-element-bc128b0 elementor-widget elementor-widget-text-editor\" data-id=\"bc128b0\" data-element_type=\"widget\" data-e-type=\"widget\" data-widget_type=\"text-editor.default\">\n\t\t\t\t<div class=\"elementor-widget-container\">\n\t\t\t\t\t\t\t\t\t<strong>D\u00e9finir des seuils de mouvement<\/strong><br>\nLes points de surveillance peuvent \u00eatre enregistr\u00e9s automatiquement et, lors de l'acquisition de mesures, le syst\u00e8me vous alerte par des alarmes en cas de d\u00e9placement en dehors de la tol\u00e9rance d\u00e9finie.\t\t\t\t\t\t\t\t<\/div>\n\t\t\t\t<\/div>\n\t\t\t\t<div class=\"elementor-element elementor-element-61f26d4 elementor-widget elementor-widget-text-editor\" data-id=\"61f26d4\" data-element_type=\"widget\" data-e-type=\"widget\" data-widget_type=\"text-editor.default\">\n\t\t\t\t<div class=\"elementor-widget-container\">\n\t\t\t\t\t\t\t\t\t<strong>Analyse des donn\u00e9es sur le terrain<\/strong><br>\nAvec Trimble Access Monitoring, analysez les donn\u00e9es sur le terrain en g\u00e9n\u00e9rant des rapports de d\u00e9placement bas\u00e9s sur le temps et des diagrammes de dispersion.\t\t\t\t\t\t\t\t<\/div>\n\t\t\t\t<\/div>\n\t\t\t\t<div class=\"elementor-element elementor-element-8842dff elementor-widget elementor-widget-text-editor\" data-id=\"8842dff\" data-element_type=\"widget\" data-e-type=\"widget\" data-widget_type=\"text-editor.default\">\n\t\t\t\t<div class=\"elementor-widget-container\">\n\t\t\t\t\t\t\t\t\t<strong>Optimisation de la configuration de la surveillance<\/strong><br>\nLa fonctionnalit\u00e9 de configuration de la zone de surveillance pr\u00e9pare la disposition des cibles sur le terrain et envoie automatiquement des informations \u00e0 Trimble 4D Control (T4D) pour lancer la surveillance automatique.\t\t\t\t\t\t\t\t<\/div>\n\t\t\t\t<\/div>\n\t\t\t\t\t<\/div>\n\t\t<\/div>\n\t\t\t\t\t<\/div>\n\t\t<\/section>\n\t\t\t\t<section class=\"elementor-section elementor-top-section elementor-element elementor-element-44b9816 elementor-section-full_width elementor-section-height-default elementor-section-height-default\" data-id=\"44b9816\" data-element_type=\"section\" data-e-type=\"section\" data-settings=\"{&quot;background_background&quot;:&quot;classic&quot;}\">\n\t\t\t\t\t\t<div class=\"elementor-container elementor-column-gap-default\">\n\t\t\t\t\t<div class=\"elementor-column elementor-col-100 elementor-top-column elementor-element elementor-element-ef40595\" data-id=\"ef40595\" data-element_type=\"column\" data-e-type=\"column\">\n\t\t\t<div class=\"elementor-widget-wrap elementor-element-populated\">\n\t\t\t\t\t\t<div class=\"elementor-element elementor-element-7b73bba elementor-widget elementor-widget-heading\" data-id=\"7b73bba\" data-element_type=\"widget\" data-e-type=\"widget\" data-widget_type=\"heading.default\">\n\t\t\t\t<div class=\"elementor-widget-container\">\n\t\t\t\t\t<h2 class=\"elementor-heading-title elementor-size-default\">Caract\u00e9ristques<\/h2>\t\t\t\t<\/div>\n\t\t\t\t<\/div>\n\t\t\t\t<div class=\"elementor-element elementor-element-d18b2a8 elementor-widget-divider--view-line elementor-widget elementor-widget-divider\" data-id=\"d18b2a8\" data-element_type=\"widget\" data-e-type=\"widget\" data-widget_type=\"divider.default\">\n\t\t\t\t<div class=\"elementor-widget-container\">\n\t\t\t\t\t\t\t<div class=\"elementor-divider\">\n\t\t\t<span class=\"elementor-divider-separator\">\n\t\t\t\t\t\t<\/span>\n\t\t<\/div>\n\t\t\t\t\t\t<\/div>\n\t\t\t\t<\/div>\n\t\t\t\t<div class=\"elementor-element elementor-element-6debcd8 elementor-widget elementor-widget-text-editor\" data-id=\"6debcd8\" data-element_type=\"widget\" data-e-type=\"widget\" data-widget_type=\"text-editor.default\">\n\t\t\t\t<div class=\"elementor-widget-container\">\n\t\t\t\t\t\t\t\t\t<ul><li>Assistant d'installation intuitif - guide pas \u00e0 pas pour une installation facile<\/li><li>D\u00e9finition des valeurs seuils pour les mouvements - Avertissements en cas de d\u00e9passement des tol\u00e9rances<\/li><li>Documentation sur place - Analysez vos donn\u00e9es sur place<\/li><li>Messages d'avertissement \u00e0 l'\u00e9cran - v\u00e9rifier les d\u00e9calages pendant la mesure<\/li><li>Enregistrer les points de surveillance - S\u00e9lectionner le mode automatique ou manuel<\/li><li>Configuration de la zone de surveillance pour une surveillance automatis\u00e9e - \u00c9change de donn\u00e9es avec T4D Control<\/li><\/ul>\t\t\t\t\t\t\t\t<\/div>\n\t\t\t\t<\/div>\n\t\t\t\t<section class=\"elementor-section elementor-inner-section elementor-element elementor-element-f158809 elementor-section-full_width elementor-section-height-default elementor-section-height-default\" data-id=\"f158809\" data-element_type=\"section\" data-e-type=\"section\">\n\t\t\t\t\t\t<div class=\"elementor-container elementor-column-gap-default\">\n\t\t\t\t\t<div class=\"elementor-column elementor-col-33 elementor-inner-column elementor-element elementor-element-dd869ad\" data-id=\"dd869ad\" data-element_type=\"column\" data-e-type=\"column\">\n\t\t\t<div class=\"elementor-widget-wrap elementor-element-populated\">\n\t\t\t\t\t\t<div class=\"elementor-element elementor-element-018436b elementor-align-justify elementor-widget elementor-widget-button\" data-id=\"018436b\" data-element_type=\"widget\" data-e-type=\"widget\" data-widget_type=\"button.default\">\n\t\t\t\t<div class=\"elementor-widget-container\">\n\t\t\t\t\t\t\t\t\t<div class=\"elementor-button-wrapper\">\n\t\t\t\t\t<a class=\"elementor-button elementor-button-link elementor-size-sm\" href=\"https:\/\/geospatial.trimble.com\/de\/products\/software\/trimble-access-monitoring\" target=\"_blank\">\n\t\t\t\t\t\t<span class=\"elementor-button-content-wrapper\">\n\t\t\t\t\t\t\t\t\t<span class=\"elementor-button-text\">En savoir plus<\/span>\n\t\t\t\t\t<\/span>\n\t\t\t\t\t<\/a>\n\t\t\t\t<\/div>\n\t\t\t\t\t\t\t\t<\/div>\n\t\t\t\t<\/div>\n\t\t\t\t\t<\/div>\n\t\t<\/div>\n\t\t\t\t<div class=\"elementor-column elementor-col-33 elementor-inner-column elementor-element elementor-element-5e8c630\" data-id=\"5e8c630\" data-element_type=\"column\" data-e-type=\"column\">\n\t\t\t<div class=\"elementor-widget-wrap\">\n\t\t\t\t\t\t\t<\/div>\n\t\t<\/div>\n\t\t\t\t<div class=\"elementor-column elementor-col-33 elementor-inner-column elementor-element elementor-element-ea4a7d4\" data-id=\"ea4a7d4\" data-element_type=\"column\" data-e-type=\"column\">\n\t\t\t<div class=\"elementor-widget-wrap\">\n\t\t\t\t\t\t\t<\/div>\n\t\t<\/div>\n\t\t\t\t\t<\/div>\n\t\t<\/section>\n\t\t\t\t\t<\/div>\n\t\t<\/div>\n\t\t\t\t\t<\/div>\n\t\t<\/section>\n\t\t\t\t<\/div>","protected":false},"excerpt":{"rendered":"<p>Trimble Access Monitoring Optimierte Erfassung von \u00dcberwachungsdaten. Die Feldsoftware Trimble Access Monitoring bietet einen optimierten Arbeitsablauf f\u00fcr wiederholte Totalstationsmessungen, die bei der Deformations\u00fcberwachung und pr\u00e4zisen Arbeitsabl\u00e4ufen bei Festpunktmessungen \u00fcblich sind. Die Software f\u00fcr Trimble Feldrechner f\u00fchrt die Vermessungsingenieure durch einen Prozess, der die Einrichtung, die Messungen und die Dokumentation beschleunigt und damit die Effizienz von [&hellip;]<\/p>\n","protected":false},"author":1,"featured_media":0,"parent":4387,"menu_order":0,"comment_status":"closed","ping_status":"closed","template":"elementor_header_footer","meta":{"footnotes":""},"class_list":["post-17616","page","type-page","status-publish","hentry"],"yoast_head":"<!-- This site is optimized with the Yoast SEO Premium plugin v27.4 (Yoast SEO v27.4) - https:\/\/yoast.com\/product\/yoast-seo-premium-wordpress\/ -->\n<title>Trimble Access Monitoring - ALLNAV<\/title>\n<meta name=\"description\" content=\"Die Vermessungs- &amp; CAD-Software Trimble Business Center unterst\u00fctzt Vermessungsfachleute \u00fcber all ihre Arbeitsschritte hinweg.\" \/>\n<meta name=\"robots\" content=\"index, follow, max-snippet:-1, max-image-preview:large, max-video-preview:-1\" \/>\n<link rel=\"canonical\" href=\"https:\/\/www.allnav.com\/fr\/produkte\/monitoring\/trimble-access-monitoring\/\" \/>\n<meta property=\"og:locale\" content=\"fr_FR\" \/>\n<meta property=\"og:type\" content=\"article\" \/>\n<meta property=\"og:title\" content=\"Trimble Business Center\" \/>\n<meta property=\"og:description\" content=\"Die Vermessungs- &amp; CAD-Software Trimble Business Center unterst\u00fctzt Vermessungsfachleute \u00fcber all ihre Arbeitsschritte hinweg.\" \/>\n<meta property=\"og:url\" content=\"https:\/\/www.allnav.com\/fr\/produkte\/monitoring\/trimble-access-monitoring\/\" \/>\n<meta property=\"og:site_name\" content=\"ALLNAV\" \/>\n<meta property=\"article:modified_time\" content=\"2024-07-19T13:23:19+00:00\" \/>\n<meta property=\"og:image\" content=\"https:\/\/www.allnav.com\/wp-content\/uploads\/2020\/04\/RealWorks_studio_6.jpg\" \/>\n\t<meta property=\"og:image:width\" content=\"267\" \/>\n\t<meta property=\"og:image:height\" content=\"382\" \/>\n\t<meta property=\"og:image:type\" content=\"image\/jpeg\" \/>\n<meta name=\"twitter:card\" content=\"summary_large_image\" \/>\n<meta name=\"twitter:title\" content=\"Trimble Business Center\" \/>\n<meta name=\"twitter:description\" content=\"Die Vermessungs- &amp; CAD-Software Trimble Business Center unterst\u00fctzt Vermessungsfachleute \u00fcber all ihre Arbeitsschritte hinweg.\" \/>\n<meta name=\"twitter:image\" content=\"https:\/\/www.allnav.com\/wp-content\/uploads\/2020\/04\/RealWorks_studio_6.jpg\" \/>\n<meta name=\"twitter:label1\" content=\"Dur\u00e9e de lecture estim\u00e9e\" \/>\n\t<meta name=\"twitter:data1\" content=\"2 minutes\" \/>\n<script type=\"application\/ld+json\" class=\"yoast-schema-graph\">{\"@context\":\"https:\\\/\\\/schema.org\",\"@graph\":[{\"@type\":\"WebPage\",\"@id\":\"https:\\\/\\\/www.allnav.com\\\/produkte\\\/monitoring\\\/trimble-access-monitoring\\\/\",\"url\":\"https:\\\/\\\/www.allnav.com\\\/produkte\\\/monitoring\\\/trimble-access-monitoring\\\/\",\"name\":\"Trimble Access Monitoring - ALLNAV\",\"isPartOf\":{\"@id\":\"https:\\\/\\\/www.allnav.com\\\/#website\"},\"primaryImageOfPage\":{\"@id\":\"https:\\\/\\\/www.allnav.com\\\/produkte\\\/monitoring\\\/trimble-access-monitoring\\\/#primaryimage\"},\"image\":{\"@id\":\"https:\\\/\\\/www.allnav.com\\\/produkte\\\/monitoring\\\/trimble-access-monitoring\\\/#primaryimage\"},\"thumbnailUrl\":\"https:\\\/\\\/www.allnav.com\\\/wp-content\\\/uploads\\\/2024\\\/07\\\/allnav-monitoring-trimble-access-moonitoring-thumb-1024x682.jpg\",\"datePublished\":\"2024-07-19T13:14:33+00:00\",\"dateModified\":\"2024-07-19T13:23:19+00:00\",\"description\":\"Die Vermessungs- & CAD-Software Trimble Business Center unterst\u00fctzt Vermessungsfachleute \u00fcber all ihre Arbeitsschritte hinweg.\",\"breadcrumb\":{\"@id\":\"https:\\\/\\\/www.allnav.com\\\/produkte\\\/monitoring\\\/trimble-access-monitoring\\\/#breadcrumb\"},\"inLanguage\":\"fr-FR\",\"potentialAction\":[{\"@type\":\"ReadAction\",\"target\":[\"https:\\\/\\\/www.allnav.com\\\/produkte\\\/monitoring\\\/trimble-access-monitoring\\\/\"]}]},{\"@type\":\"ImageObject\",\"inLanguage\":\"fr-FR\",\"@id\":\"https:\\\/\\\/www.allnav.com\\\/produkte\\\/monitoring\\\/trimble-access-monitoring\\\/#primaryimage\",\"url\":\"https:\\\/\\\/www.allnav.com\\\/wp-content\\\/uploads\\\/2024\\\/07\\\/allnav-monitoring-trimble-access-moonitoring-thumb-1024x682.jpg\",\"contentUrl\":\"https:\\\/\\\/www.allnav.com\\\/wp-content\\\/uploads\\\/2024\\\/07\\\/allnav-monitoring-trimble-access-moonitoring-thumb-1024x682.jpg\"},{\"@type\":\"BreadcrumbList\",\"@id\":\"https:\\\/\\\/www.allnav.com\\\/produkte\\\/monitoring\\\/trimble-access-monitoring\\\/#breadcrumb\",\"itemListElement\":[{\"@type\":\"ListItem\",\"position\":1,\"name\":\"Startseite\",\"item\":\"https:\\\/\\\/www.allnav.com\\\/\"},{\"@type\":\"ListItem\",\"position\":2,\"name\":\"Produkte\",\"item\":\"https:\\\/\\\/www.allnav.com\\\/produkte\\\/\"},{\"@type\":\"ListItem\",\"position\":3,\"name\":\"Monitoring\",\"item\":\"https:\\\/\\\/www.allnav.com\\\/produkte\\\/monitoring\\\/\"},{\"@type\":\"ListItem\",\"position\":4,\"name\":\"Trimble Access Monitoring\"}]},{\"@type\":\"WebSite\",\"@id\":\"https:\\\/\\\/www.allnav.com\\\/#website\",\"url\":\"https:\\\/\\\/www.allnav.com\\\/\",\"name\":\"ALLNAV\",\"description\":\"L\u00f6sungen und Systeme f\u00fcr Vermessungsprofis\",\"publisher\":{\"@id\":\"https:\\\/\\\/www.allnav.com\\\/#organization\"},\"potentialAction\":[{\"@type\":\"SearchAction\",\"target\":{\"@type\":\"EntryPoint\",\"urlTemplate\":\"https:\\\/\\\/www.allnav.com\\\/?s={search_term_string}\"},\"query-input\":{\"@type\":\"PropertyValueSpecification\",\"valueRequired\":true,\"valueName\":\"search_term_string\"}}],\"inLanguage\":\"fr-FR\"},{\"@type\":\"Organization\",\"@id\":\"https:\\\/\\\/www.allnav.com\\\/#organization\",\"name\":\"ALLNAV\",\"url\":\"https:\\\/\\\/www.allnav.com\\\/\",\"logo\":{\"@type\":\"ImageObject\",\"inLanguage\":\"fr-FR\",\"@id\":\"https:\\\/\\\/www.allnav.com\\\/#\\\/schema\\\/logo\\\/image\\\/\",\"url\":\"https:\\\/\\\/www.allnav.com\\\/wp-content\\\/uploads\\\/2020\\\/01\\\/allnav.png\",\"contentUrl\":\"https:\\\/\\\/www.allnav.com\\\/wp-content\\\/uploads\\\/2020\\\/01\\\/allnav.png\",\"width\":506,\"height\":152,\"caption\":\"ALLNAV\"},\"image\":{\"@id\":\"https:\\\/\\\/www.allnav.com\\\/#\\\/schema\\\/logo\\\/image\\\/\"}}]}<\/script>\n<!-- \/ Yoast SEO Premium plugin. -->","yoast_head_json":{"title":"Trimble Access Monitoring - ALLNAV","description":"Die Vermessungs- & CAD-Software Trimble Business Center unterst\u00fctzt Vermessungsfachleute \u00fcber all ihre Arbeitsschritte hinweg.","robots":{"index":"index","follow":"follow","max-snippet":"max-snippet:-1","max-image-preview":"max-image-preview:large","max-video-preview":"max-video-preview:-1"},"canonical":"https:\/\/www.allnav.com\/fr\/produkte\/monitoring\/trimble-access-monitoring\/","og_locale":"fr_FR","og_type":"article","og_title":"Trimble Business Center","og_description":"Die Vermessungs- & CAD-Software Trimble Business Center unterst\u00fctzt Vermessungsfachleute \u00fcber all ihre Arbeitsschritte hinweg.","og_url":"https:\/\/www.allnav.com\/fr\/produkte\/monitoring\/trimble-access-monitoring\/","og_site_name":"ALLNAV","article_modified_time":"2024-07-19T13:23:19+00:00","og_image":[{"width":267,"height":382,"url":"https:\/\/www.allnav.com\/wp-content\/uploads\/2020\/04\/RealWorks_studio_6.jpg","type":"image\/jpeg"}],"twitter_card":"summary_large_image","twitter_title":"Trimble Business Center","twitter_description":"Die Vermessungs- & CAD-Software Trimble Business Center unterst\u00fctzt Vermessungsfachleute \u00fcber all ihre Arbeitsschritte hinweg.","twitter_image":"https:\/\/www.allnav.com\/wp-content\/uploads\/2020\/04\/RealWorks_studio_6.jpg","twitter_misc":{"Dur\u00e9e de lecture estim\u00e9e":"2 minutes"},"schema":{"@context":"https:\/\/schema.org","@graph":[{"@type":"WebPage","@id":"https:\/\/www.allnav.com\/produkte\/monitoring\/trimble-access-monitoring\/","url":"https:\/\/www.allnav.com\/produkte\/monitoring\/trimble-access-monitoring\/","name":"Trimble Access Monitoring - ALLNAV","isPartOf":{"@id":"https:\/\/www.allnav.com\/#website"},"primaryImageOfPage":{"@id":"https:\/\/www.allnav.com\/produkte\/monitoring\/trimble-access-monitoring\/#primaryimage"},"image":{"@id":"https:\/\/www.allnav.com\/produkte\/monitoring\/trimble-access-monitoring\/#primaryimage"},"thumbnailUrl":"https:\/\/www.allnav.com\/wp-content\/uploads\/2024\/07\/allnav-monitoring-trimble-access-moonitoring-thumb-1024x682.jpg","datePublished":"2024-07-19T13:14:33+00:00","dateModified":"2024-07-19T13:23:19+00:00","description":"Die Vermessungs- & CAD-Software Trimble Business Center unterst\u00fctzt Vermessungsfachleute \u00fcber all ihre Arbeitsschritte hinweg.","breadcrumb":{"@id":"https:\/\/www.allnav.com\/produkte\/monitoring\/trimble-access-monitoring\/#breadcrumb"},"inLanguage":"fr-FR","potentialAction":[{"@type":"ReadAction","target":["https:\/\/www.allnav.com\/produkte\/monitoring\/trimble-access-monitoring\/"]}]},{"@type":"ImageObject","inLanguage":"fr-FR","@id":"https:\/\/www.allnav.com\/produkte\/monitoring\/trimble-access-monitoring\/#primaryimage","url":"https:\/\/www.allnav.com\/wp-content\/uploads\/2024\/07\/allnav-monitoring-trimble-access-moonitoring-thumb-1024x682.jpg","contentUrl":"https:\/\/www.allnav.com\/wp-content\/uploads\/2024\/07\/allnav-monitoring-trimble-access-moonitoring-thumb-1024x682.jpg"},{"@type":"BreadcrumbList","@id":"https:\/\/www.allnav.com\/produkte\/monitoring\/trimble-access-monitoring\/#breadcrumb","itemListElement":[{"@type":"ListItem","position":1,"name":"Startseite","item":"https:\/\/www.allnav.com\/"},{"@type":"ListItem","position":2,"name":"Produkte","item":"https:\/\/www.allnav.com\/produkte\/"},{"@type":"ListItem","position":3,"name":"Monitoring","item":"https:\/\/www.allnav.com\/produkte\/monitoring\/"},{"@type":"ListItem","position":4,"name":"Trimble Access Monitoring"}]},{"@type":"WebSite","@id":"https:\/\/www.allnav.com\/#website","url":"https:\/\/www.allnav.com\/","name":"ALLNAV","description":"L\u00f6sungen und Systeme f\u00fcr Vermessungsprofis","publisher":{"@id":"https:\/\/www.allnav.com\/#organization"},"potentialAction":[{"@type":"SearchAction","target":{"@type":"EntryPoint","urlTemplate":"https:\/\/www.allnav.com\/?s={search_term_string}"},"query-input":{"@type":"PropertyValueSpecification","valueRequired":true,"valueName":"search_term_string"}}],"inLanguage":"fr-FR"},{"@type":"Organization","@id":"https:\/\/www.allnav.com\/#organization","name":"ALLNAV","url":"https:\/\/www.allnav.com\/","logo":{"@type":"ImageObject","inLanguage":"fr-FR","@id":"https:\/\/www.allnav.com\/#\/schema\/logo\/image\/","url":"https:\/\/www.allnav.com\/wp-content\/uploads\/2020\/01\/allnav.png","contentUrl":"https:\/\/www.allnav.com\/wp-content\/uploads\/2020\/01\/allnav.png","width":506,"height":152,"caption":"ALLNAV"},"image":{"@id":"https:\/\/www.allnav.com\/#\/schema\/logo\/image\/"}}]}},"_links":{"self":[{"href":"https:\/\/www.allnav.com\/fr\/wp-json\/wp\/v2\/pages\/17616","targetHints":{"allow":["GET"]}}],"collection":[{"href":"https:\/\/www.allnav.com\/fr\/wp-json\/wp\/v2\/pages"}],"about":[{"href":"https:\/\/www.allnav.com\/fr\/wp-json\/wp\/v2\/types\/page"}],"author":[{"embeddable":true,"href":"https:\/\/www.allnav.com\/fr\/wp-json\/wp\/v2\/users\/1"}],"replies":[{"embeddable":true,"href":"https:\/\/www.allnav.com\/fr\/wp-json\/wp\/v2\/comments?post=17616"}],"version-history":[{"count":0,"href":"https:\/\/www.allnav.com\/fr\/wp-json\/wp\/v2\/pages\/17616\/revisions"}],"up":[{"embeddable":true,"href":"https:\/\/www.allnav.com\/fr\/wp-json\/wp\/v2\/pages\/4387"}],"wp:attachment":[{"href":"https:\/\/www.allnav.com\/fr\/wp-json\/wp\/v2\/media?parent=17616"}],"curies":[{"name":"wp","href":"https:\/\/api.w.org\/{rel}","templated":true}]}}