{"id":17686,"date":"2024-07-19T15:43:16","date_gmt":"2024-07-19T13:43:16","guid":{"rendered":"https:\/\/www.allnav.com\/?page_id=17686"},"modified":"2024-07-26T12:49:58","modified_gmt":"2024-07-26T10:49:58","slug":"trimble-mx90","status":"publish","type":"page","link":"https:\/\/www.allnav.com\/fr\/produkte\/mobile-mapping\/trimble-mx90\/","title":{"rendered":"Trimble MX90"},"content":{"rendered":"<div data-elementor-type=\"wp-page\" data-elementor-id=\"17686\" class=\"elementor elementor-17686\" data-elementor-post-type=\"page\">\n\t\t\t\t\t\t<section class=\"elementor-section elementor-top-section elementor-element elementor-element-a3ac1a0 elementor-section-full_width elementor-reverse-mobile elementor-section-height-default elementor-section-height-default\" data-id=\"a3ac1a0\" data-element_type=\"section\" data-e-type=\"section\">\n\t\t\t\t\t\t<div class=\"elementor-container elementor-column-gap-default\">\n\t\t\t\t\t<div class=\"elementor-column elementor-col-33 elementor-top-column elementor-element elementor-element-fde4f0e\" data-id=\"fde4f0e\" data-element_type=\"column\" data-e-type=\"column\">\n\t\t\t<div class=\"elementor-widget-wrap elementor-element-populated\">\n\t\t\t\t\t\t<div class=\"elementor-element elementor-element-6609747 elementor-widget elementor-widget-image\" data-id=\"6609747\" data-element_type=\"widget\" data-e-type=\"widget\" data-widget_type=\"image.default\">\n\t\t\t\t<div class=\"elementor-widget-container\">\n\t\t\t\t\t\t\t\t\t\t\t\t\t\t\t\t<a href=\"https:\/\/www.allnav.com\/wp-content\/uploads\/2024\/07\/Mobile-Mapping-Trimble-MX90.jpg\" data-elementor-open-lightbox=\"yes\" data-elementor-lightbox-title=\"Mobile-Mapping-Trimble-MX90\" data-e-action-hash=\"#elementor-action%3Aaction%3Dlightbox%26settings%3DeyJpZCI6MTc2ODksInVybCI6Imh0dHBzOlwvXC93d3cuYWxsbmF2LmNvbVwvd3AtY29udGVudFwvdXBsb2Fkc1wvMjAyNFwvMDdcL01vYmlsZS1NYXBwaW5nLVRyaW1ibGUtTVg5MC5qcGcifQ%3D%3D\">\n\t\t\t\t\t\t\t<img fetchpriority=\"high\" decoding=\"async\" width=\"800\" height=\"533\" src=\"https:\/\/www.allnav.com\/wp-content\/uploads\/2024\/07\/Mobile-Mapping-Trimble-MX90-1024x682.jpg\" class=\"attachment-large size-large wp-image-17689\" alt=\"\" srcset=\"https:\/\/www.allnav.com\/wp-content\/uploads\/2024\/07\/Mobile-Mapping-Trimble-MX90-1024x682.jpg 1024w, https:\/\/www.allnav.com\/wp-content\/uploads\/2024\/07\/Mobile-Mapping-Trimble-MX90-300x200.jpg 300w, https:\/\/www.allnav.com\/wp-content\/uploads\/2024\/07\/Mobile-Mapping-Trimble-MX90-768x512.jpg 768w, https:\/\/www.allnav.com\/wp-content\/uploads\/2024\/07\/Mobile-Mapping-Trimble-MX90-18x12.webp 18w, https:\/\/www.allnav.com\/wp-content\/uploads\/2024\/07\/Mobile-Mapping-Trimble-MX90.jpg 1280w\" sizes=\"(max-width: 800px) 100vw, 800px\" \/>\t\t\t\t\t\t\t\t<\/a>\n\t\t\t\t\t\t\t\t\t\t\t\t\t\t\t<\/div>\n\t\t\t\t<\/div>\n\t\t\t\t\t<\/div>\n\t\t<\/div>\n\t\t\t\t<div class=\"elementor-column elementor-col-66 elementor-top-column elementor-element elementor-element-78b437c\" data-id=\"78b437c\" data-element_type=\"column\" data-e-type=\"column\">\n\t\t\t<div class=\"elementor-widget-wrap elementor-element-populated\">\n\t\t\t\t\t\t<div class=\"elementor-element elementor-element-5560389 elementor-widget elementor-widget-heading\" data-id=\"5560389\" data-element_type=\"widget\" data-e-type=\"widget\" data-widget_type=\"heading.default\">\n\t\t\t\t<div class=\"elementor-widget-container\">\n\t\t\t\t\t<h1 class=\"elementor-heading-title elementor-size-default\">Trimble MX90<\/h1>\t\t\t\t<\/div>\n\t\t\t\t<\/div>\n\t\t\t\t<div class=\"elementor-element elementor-element-d3fdbff elementor-widget-divider--view-line elementor-widget elementor-widget-divider\" data-id=\"d3fdbff\" data-element_type=\"widget\" data-e-type=\"widget\" data-widget_type=\"divider.default\">\n\t\t\t\t<div class=\"elementor-widget-container\">\n\t\t\t\t\t\t\t<div class=\"elementor-divider\">\n\t\t\t<span class=\"elementor-divider-separator\">\n\t\t\t\t\t\t<\/span>\n\t\t<\/div>\n\t\t\t\t\t\t<\/div>\n\t\t\t\t<\/div>\n\t\t\t\t<div class=\"elementor-element elementor-element-56bd25a elementor-widget elementor-widget-heading\" data-id=\"56bd25a\" data-element_type=\"widget\" data-e-type=\"widget\" data-widget_type=\"heading.default\">\n\t\t\t\t<div class=\"elementor-widget-container\">\n\t\t\t\t\t<h3 class=\"elementor-heading-title elementor-size-default\">SYST\u00c8ME PREMIUM PARMI LES SYST\u00c8MES DE MOBILE MAPPING<\/h3>\t\t\t\t<\/div>\n\t\t\t\t<\/div>\n\t\t\t\t<div class=\"elementor-element elementor-element-604781c elementor-widget elementor-widget-text-editor\" data-id=\"604781c\" data-element_type=\"widget\" data-e-type=\"widget\" data-widget_type=\"text-editor.default\">\n\t\t\t\t<div class=\"elementor-widget-container\">\n\t\t\t\t\t\t\t\t\tLe Trimble\u00ae MX90 est le syst\u00e8me haut de gamme parmi les syst\u00e8mes de cartographie mobile Trimble. Comme les autres, il s'agit d'un syst\u00e8me mobile d'acquisition de l'environnement, con\u00e7u pour \u00eatre mont\u00e9 sur des v\u00e9hicules. La combinaison des technologies de g\u00e9or\u00e9f\u00e9rencement avec des scanners laser pr\u00e9cis \u00e0 haute vitesse et des capteurs d'images haute r\u00e9solution est particuli\u00e8rement id\u00e9ale pour les grands projets. En cons\u00e9quence, vous obtenez rapidement de grandes quantit\u00e9s de donn\u00e9es spatiales g\u00e9or\u00e9f\u00e9renc\u00e9es pour les mod\u00e8les 3D et les cartes.\t\t\t\t\t\t\t\t<\/div>\n\t\t\t\t<\/div>\n\t\t\t\t<div class=\"elementor-element elementor-element-04cd346 elementor-widget elementor-widget-text-editor\" data-id=\"04cd346\" data-element_type=\"widget\" data-e-type=\"widget\" data-widget_type=\"text-editor.default\">\n\t\t\t\t<div class=\"elementor-widget-container\">\n\t\t\t\t\t\t\t\t\tLes cam\u00e9ras panoramiques \u00e0 360 degr\u00e9s et les cam\u00e9ras cibl\u00e9es fournissent des images haute r\u00e9solution des d\u00e9tails, par exemple des fissures ou des trous dans les routes, de sorte que le monde virtuel vous semblera r\u00e9el. Profitez des avantages de projections en couleur plus \u00e9tendues et plus pr\u00e9cises en capturant davantage de pixels. Des nuages de points tr\u00e8s denses, associ\u00e9s \u00e0 des images haute r\u00e9solution (panoramiques et planaires) et \u00e0 des trajectoires pr\u00e9cises, constituent la base d'une grande vari\u00e9t\u00e9 de r\u00e9sultats, tels que des sc\u00e8nes de rue, des d\u00e9tails de routes et de voies ferr\u00e9es, des mod\u00e8les altim\u00e9triques, des calculs de volumes, des mod\u00e8les urbains 3D et des inventaires. M\u00eame dans un environnement GNSS exigeant et difficile, l'UGI haut de gamme associ\u00e9e \u00e0 la technologie IN-Fusion et de traitement des donn\u00e9es vous permet d'obtenir des donn\u00e9es de grande qualit\u00e9.\t\t\t\t\t\t\t\t<\/div>\n\t\t\t\t<\/div>\n\t\t\t\t\t<\/div>\n\t\t<\/div>\n\t\t\t\t\t<\/div>\n\t\t<\/section>\n\t\t\t\t<section class=\"elementor-section elementor-top-section elementor-element elementor-element-34186e9 elementor-section-full_width elementor-section-height-default elementor-section-height-default\" data-id=\"34186e9\" data-element_type=\"section\" data-e-type=\"section\" data-settings=\"{&quot;background_background&quot;:&quot;classic&quot;}\">\n\t\t\t\t\t\t<div class=\"elementor-container elementor-column-gap-default\">\n\t\t\t\t\t<div class=\"elementor-column elementor-col-100 elementor-top-column elementor-element elementor-element-f6494db\" data-id=\"f6494db\" data-element_type=\"column\" data-e-type=\"column\">\n\t\t\t<div class=\"elementor-widget-wrap elementor-element-populated\">\n\t\t\t\t\t\t<div class=\"elementor-element elementor-element-1a83ebb elementor-widget elementor-widget-heading\" data-id=\"1a83ebb\" data-element_type=\"widget\" data-e-type=\"widget\" data-widget_type=\"heading.default\">\n\t\t\t\t<div class=\"elementor-widget-container\">\n\t\t\t\t\t<h2 class=\"elementor-heading-title elementor-size-default\">Caract\u00e9ristques<\/h2>\t\t\t\t<\/div>\n\t\t\t\t<\/div>\n\t\t\t\t<div class=\"elementor-element elementor-element-cd342a4 elementor-widget-divider--view-line elementor-widget elementor-widget-divider\" data-id=\"cd342a4\" data-element_type=\"widget\" data-e-type=\"widget\" data-widget_type=\"divider.default\">\n\t\t\t\t<div class=\"elementor-widget-container\">\n\t\t\t\t\t\t\t<div class=\"elementor-divider\">\n\t\t\t<span class=\"elementor-divider-separator\">\n\t\t\t\t\t\t<\/span>\n\t\t<\/div>\n\t\t\t\t\t\t<\/div>\n\t\t\t\t<\/div>\n\t\t\t\t<div class=\"elementor-element elementor-element-f003fa4 elementor-widget elementor-widget-text-editor\" data-id=\"f003fa4\" data-element_type=\"widget\" data-e-type=\"widget\" data-widget_type=\"text-editor.default\">\n\t\t\t\t<div class=\"elementor-widget-container\">\n\t\t\t\t\t\t\t\t\t<ul><li>Syst\u00e8me de cartographie mobile performant<\/li><li>Id\u00e9al pour les tr\u00e8s grands projets<\/li><li>Installation facile du syst\u00e8me<\/li><li>Utilisation facile depuis une tablette, un t\u00e9l\u00e9phone mobile ou un ordinateur portable via un navigateur.<\/li><li>G\u00e9n\u00e9ration de nuages de points d\u00e9taill\u00e9s avec des zones de mesure de plus de 150 m\u00e8tres.<\/li><li>Vitesse de d\u00e9ploiement jusqu'\u00e0 110 km\/h max.<\/li><li>Images 360\u00b0 jusqu'\u00e0 72 m\u00e9gapixels<\/li><li>Technologie LiDAR Trimble de pointe<\/li><li>R\u00e9duction des co\u00fbts, des efforts et des risques de s\u00e9curit\u00e9<\/li><li>Fournit des r\u00e9sultats fiables m\u00eame dans des environnements GNSS difficiles<\/li><li>Id\u00e9al pour l'inspection des routes, des voies ferr\u00e9es, des a\u00e9roports, des jumeaux num\u00e9riques<\/li><\/ul>\t\t\t\t\t\t\t\t<\/div>\n\t\t\t\t<\/div>\n\t\t\t\t<section class=\"elementor-section elementor-inner-section elementor-element elementor-element-98ecb14 elementor-section-full_width elementor-section-height-default elementor-section-height-default\" data-id=\"98ecb14\" data-element_type=\"section\" data-e-type=\"section\">\n\t\t\t\t\t\t<div class=\"elementor-container elementor-column-gap-default\">\n\t\t\t\t\t<div class=\"elementor-column elementor-col-25 elementor-inner-column elementor-element elementor-element-a714539\" data-id=\"a714539\" data-element_type=\"column\" data-e-type=\"column\">\n\t\t\t<div class=\"elementor-widget-wrap elementor-element-populated\">\n\t\t\t\t\t\t<div class=\"elementor-element elementor-element-2ca8242 elementor-align-justify elementor-widget elementor-widget-button\" data-id=\"2ca8242\" data-element_type=\"widget\" data-e-type=\"widget\" data-widget_type=\"button.default\">\n\t\t\t\t<div class=\"elementor-widget-container\">\n\t\t\t\t\t\t\t\t\t<div class=\"elementor-button-wrapper\">\n\t\t\t\t\t<a class=\"elementor-button elementor-button-link elementor-size-sm\" href=\"https:\/\/trl.trimble.com\/docushare\/dsweb\/Get\/Document-1069613\/PN-022516-714A-de-DE_TrimbleMX90_SpecSheet_A4_0224_LR_SEC.pdf\" target=\"_blank\">\n\t\t\t\t\t\t<span class=\"elementor-button-content-wrapper\">\n\t\t\t\t\t\t\t\t\t<span class=\"elementor-button-text\">Fiche Technique<\/span>\n\t\t\t\t\t<\/span>\n\t\t\t\t\t<\/a>\n\t\t\t\t<\/div>\n\t\t\t\t\t\t\t\t<\/div>\n\t\t\t\t<\/div>\n\t\t\t\t\t<\/div>\n\t\t<\/div>\n\t\t\t\t<div class=\"elementor-column elementor-col-25 elementor-inner-column elementor-element elementor-element-8585d81\" data-id=\"8585d81\" data-element_type=\"column\" data-e-type=\"column\">\n\t\t\t<div class=\"elementor-widget-wrap elementor-element-populated\">\n\t\t\t\t\t\t<div class=\"elementor-element elementor-element-6915038 elementor-align-justify elementor-widget elementor-widget-button\" data-id=\"6915038\" data-element_type=\"widget\" data-e-type=\"widget\" data-widget_type=\"button.default\">\n\t\t\t\t<div class=\"elementor-widget-container\">\n\t\t\t\t\t\t\t\t\t<div class=\"elementor-button-wrapper\">\n\t\t\t\t\t<a class=\"elementor-button elementor-button-link elementor-size-sm\" href=\"https:\/\/geospatial.trimble.com\/de\/products\/hardware\/trimble-mx90\" target=\"_blank\">\n\t\t\t\t\t\t<span class=\"elementor-button-content-wrapper\">\n\t\t\t\t\t\t\t\t\t<span class=\"elementor-button-text\">En savoir plus<\/span>\n\t\t\t\t\t<\/span>\n\t\t\t\t\t<\/a>\n\t\t\t\t<\/div>\n\t\t\t\t\t\t\t\t<\/div>\n\t\t\t\t<\/div>\n\t\t\t\t\t<\/div>\n\t\t<\/div>\n\t\t\t\t<div class=\"elementor-column elementor-col-25 elementor-inner-column elementor-element elementor-element-4f3b3f4\" data-id=\"4f3b3f4\" data-element_type=\"column\" data-e-type=\"column\">\n\t\t\t<div class=\"elementor-widget-wrap elementor-element-populated\">\n\t\t\t\t\t\t<div class=\"elementor-element elementor-element-7bee912 elementor-align-justify elementor-widget elementor-widget-button\" data-id=\"7bee912\" data-element_type=\"widget\" data-e-type=\"widget\" data-widget_type=\"button.default\">\n\t\t\t\t<div class=\"elementor-widget-container\">\n\t\t\t\t\t\t\t\t\t<div class=\"elementor-button-wrapper\">\n\t\t\t\t\t<a class=\"elementor-button elementor-button-link elementor-size-sm\" href=\"https:\/\/trl.trimble.com\/docushare\/dsweb\/Get\/Document-1070577\/022516-715-de-DE_Trimble_Mobile%20Mapping%20Solutions_ProductComparison_A4_0224_LR_SEC.pdf\" target=\"_blank\">\n\t\t\t\t\t\t<span class=\"elementor-button-content-wrapper\">\n\t\t\t\t\t\t\t\t\t<span class=\"elementor-button-text\">COMPARAISON DES PRODUITS<\/span>\n\t\t\t\t\t<\/span>\n\t\t\t\t\t<\/a>\n\t\t\t\t<\/div>\n\t\t\t\t\t\t\t\t<\/div>\n\t\t\t\t<\/div>\n\t\t\t\t\t<\/div>\n\t\t<\/div>\n\t\t\t\t<div class=\"elementor-column elementor-col-25 elementor-inner-column elementor-element elementor-element-de05ec3\" data-id=\"de05ec3\" data-element_type=\"column\" data-e-type=\"column\">\n\t\t\t<div class=\"elementor-widget-wrap\">\n\t\t\t\t\t\t\t<\/div>\n\t\t<\/div>\n\t\t\t\t\t<\/div>\n\t\t<\/section>\n\t\t\t\t\t<\/div>\n\t\t<\/div>\n\t\t\t\t\t<\/div>\n\t\t<\/section>\n\t\t\t\t<\/div>","protected":false},"excerpt":{"rendered":"<p>Trimble MX90 Premiumsystem unter den Trimble Mobile Mapping Systemen Das Trimble\u00ae MX90 ist das Premiumsystem unter den Trimble Mobile Mapping Systemen. Wie die anderen auch handelt es sich um ein mobiles Erfassungssystem der Umgebung und ist f\u00fcr die Montage auf Fahrzeugen konzipiert. Die Kombination aus Georeferenzierungstechnologien mit pr\u00e4zisen Hochgeschwindigkeits-Laserscannern und hochaufl\u00f6senden Bildsensoren ist besonders f\u00fcr [&hellip;]<\/p>\n","protected":false},"author":1,"featured_media":0,"parent":4351,"menu_order":0,"comment_status":"closed","ping_status":"closed","template":"elementor_header_footer","meta":{"footnotes":""},"class_list":["post-17686","page","type-page","status-publish","hentry"],"yoast_head":"<!-- This site is optimized with the Yoast SEO Premium plugin v27.4 (Yoast SEO v27.4) - https:\/\/yoast.com\/product\/yoast-seo-premium-wordpress\/ -->\n<title>Trimble MX90 - ALLNAV<\/title>\n<meta name=\"description\" content=\"Das MX9 ist das komplette Mobile Mapping-System, das einen zuverl\u00e4ssigen und effizienten Auswertesoftware-Arbeitsablauf erm\u00f6glicht.\" \/>\n<meta name=\"robots\" content=\"index, follow, max-snippet:-1, max-image-preview:large, max-video-preview:-1\" \/>\n<link rel=\"canonical\" href=\"https:\/\/www.allnav.com\/fr\/produkte\/mobile-mapping\/trimble-mx90\/\" \/>\n<meta property=\"og:locale\" content=\"fr_FR\" \/>\n<meta property=\"og:type\" content=\"article\" \/>\n<meta property=\"og:title\" content=\"MX90\" \/>\n<meta property=\"og:description\" content=\"Das MX90 ist das komplette Mobile Mapping-System, das einen zuverl\u00e4ssigen und effizienten Auswertesoftware-Arbeitsablauf erm\u00f6glicht.\" \/>\n<meta property=\"og:url\" content=\"https:\/\/www.allnav.com\/fr\/produkte\/mobile-mapping\/trimble-mx90\/\" \/>\n<meta property=\"og:site_name\" content=\"ALLNAV\" \/>\n<meta property=\"article:modified_time\" content=\"2024-07-26T10:49:58+00:00\" \/>\n<meta property=\"og:image\" content=\"https:\/\/www.allnav.com\/wp-content\/uploads\/2024\/07\/Mobile-Mapping-Trimble-MX90.jpg\" \/>\n\t<meta property=\"og:image:width\" content=\"1280\" \/>\n\t<meta property=\"og:image:height\" content=\"853\" \/>\n\t<meta property=\"og:image:type\" content=\"image\/webp\" \/>\n<meta name=\"twitter:card\" content=\"summary_large_image\" \/>\n<meta name=\"twitter:title\" content=\"MX9\" \/>\n<meta name=\"twitter:description\" content=\"Das MX9 ist das komplette Mobile Mapping-System, das einen zuverl\u00e4ssigen und effizienten Auswertesoftware-Arbeitsablauf erm\u00f6glicht.\" \/>\n<meta name=\"twitter:image\" content=\"https:\/\/www.allnav.com\/wp-content\/uploads\/2020\/06\/2019_11_06_Swiss_Dimensions_188-Kopie_web.jpg\" \/>\n<meta name=\"twitter:label1\" content=\"Dur\u00e9e de lecture estim\u00e9e\" \/>\n\t<meta name=\"twitter:data1\" content=\"2 minutes\" \/>\n<script type=\"application\/ld+json\" class=\"yoast-schema-graph\">{\"@context\":\"https:\\\/\\\/schema.org\",\"@graph\":[{\"@type\":\"WebPage\",\"@id\":\"https:\\\/\\\/www.allnav.com\\\/produkte\\\/mobile-mapping\\\/trimble-mx90\\\/\",\"url\":\"https:\\\/\\\/www.allnav.com\\\/produkte\\\/mobile-mapping\\\/trimble-mx90\\\/\",\"name\":\"Trimble MX90 - ALLNAV\",\"isPartOf\":{\"@id\":\"https:\\\/\\\/www.allnav.com\\\/#website\"},\"primaryImageOfPage\":{\"@id\":\"https:\\\/\\\/www.allnav.com\\\/produkte\\\/mobile-mapping\\\/trimble-mx90\\\/#primaryimage\"},\"image\":{\"@id\":\"https:\\\/\\\/www.allnav.com\\\/produkte\\\/mobile-mapping\\\/trimble-mx90\\\/#primaryimage\"},\"thumbnailUrl\":\"https:\\\/\\\/www.allnav.com\\\/wp-content\\\/uploads\\\/2024\\\/07\\\/Mobile-Mapping-Trimble-MX90-1024x682.jpg\",\"datePublished\":\"2024-07-19T13:43:16+00:00\",\"dateModified\":\"2024-07-26T10:49:58+00:00\",\"description\":\"Das MX9 ist das komplette Mobile Mapping-System, das einen zuverl\u00e4ssigen und effizienten Auswertesoftware-Arbeitsablauf erm\u00f6glicht.\",\"breadcrumb\":{\"@id\":\"https:\\\/\\\/www.allnav.com\\\/produkte\\\/mobile-mapping\\\/trimble-mx90\\\/#breadcrumb\"},\"inLanguage\":\"fr-FR\",\"potentialAction\":[{\"@type\":\"ReadAction\",\"target\":[\"https:\\\/\\\/www.allnav.com\\\/produkte\\\/mobile-mapping\\\/trimble-mx90\\\/\"]}]},{\"@type\":\"ImageObject\",\"inLanguage\":\"fr-FR\",\"@id\":\"https:\\\/\\\/www.allnav.com\\\/produkte\\\/mobile-mapping\\\/trimble-mx90\\\/#primaryimage\",\"url\":\"https:\\\/\\\/www.allnav.com\\\/wp-content\\\/uploads\\\/2024\\\/07\\\/Mobile-Mapping-Trimble-MX90-1024x682.jpg\",\"contentUrl\":\"https:\\\/\\\/www.allnav.com\\\/wp-content\\\/uploads\\\/2024\\\/07\\\/Mobile-Mapping-Trimble-MX90-1024x682.jpg\"},{\"@type\":\"BreadcrumbList\",\"@id\":\"https:\\\/\\\/www.allnav.com\\\/produkte\\\/mobile-mapping\\\/trimble-mx90\\\/#breadcrumb\",\"itemListElement\":[{\"@type\":\"ListItem\",\"position\":1,\"name\":\"Startseite\",\"item\":\"https:\\\/\\\/www.allnav.com\\\/\"},{\"@type\":\"ListItem\",\"position\":2,\"name\":\"Produkte\",\"item\":\"https:\\\/\\\/www.allnav.com\\\/produkte\\\/\"},{\"@type\":\"ListItem\",\"position\":3,\"name\":\"Mobile Mapping\",\"item\":\"https:\\\/\\\/www.allnav.com\\\/produkte\\\/mobile-mapping\\\/\"},{\"@type\":\"ListItem\",\"position\":4,\"name\":\"Trimble MX90\"}]},{\"@type\":\"WebSite\",\"@id\":\"https:\\\/\\\/www.allnav.com\\\/#website\",\"url\":\"https:\\\/\\\/www.allnav.com\\\/\",\"name\":\"ALLNAV\",\"description\":\"L\u00f6sungen und Systeme f\u00fcr Vermessungsprofis\",\"publisher\":{\"@id\":\"https:\\\/\\\/www.allnav.com\\\/#organization\"},\"potentialAction\":[{\"@type\":\"SearchAction\",\"target\":{\"@type\":\"EntryPoint\",\"urlTemplate\":\"https:\\\/\\\/www.allnav.com\\\/?s={search_term_string}\"},\"query-input\":{\"@type\":\"PropertyValueSpecification\",\"valueRequired\":true,\"valueName\":\"search_term_string\"}}],\"inLanguage\":\"fr-FR\"},{\"@type\":\"Organization\",\"@id\":\"https:\\\/\\\/www.allnav.com\\\/#organization\",\"name\":\"ALLNAV\",\"url\":\"https:\\\/\\\/www.allnav.com\\\/\",\"logo\":{\"@type\":\"ImageObject\",\"inLanguage\":\"fr-FR\",\"@id\":\"https:\\\/\\\/www.allnav.com\\\/#\\\/schema\\\/logo\\\/image\\\/\",\"url\":\"https:\\\/\\\/www.allnav.com\\\/wp-content\\\/uploads\\\/2020\\\/01\\\/allnav.png\",\"contentUrl\":\"https:\\\/\\\/www.allnav.com\\\/wp-content\\\/uploads\\\/2020\\\/01\\\/allnav.png\",\"width\":506,\"height\":152,\"caption\":\"ALLNAV\"},\"image\":{\"@id\":\"https:\\\/\\\/www.allnav.com\\\/#\\\/schema\\\/logo\\\/image\\\/\"}}]}<\/script>\n<!-- \/ Yoast SEO Premium plugin. -->","yoast_head_json":{"title":"Trimble MX90 - ALLNAV","description":"Das MX9 ist das komplette Mobile Mapping-System, das einen zuverl\u00e4ssigen und effizienten Auswertesoftware-Arbeitsablauf erm\u00f6glicht.","robots":{"index":"index","follow":"follow","max-snippet":"max-snippet:-1","max-image-preview":"max-image-preview:large","max-video-preview":"max-video-preview:-1"},"canonical":"https:\/\/www.allnav.com\/fr\/produkte\/mobile-mapping\/trimble-mx90\/","og_locale":"fr_FR","og_type":"article","og_title":"MX90","og_description":"Das MX90 ist das komplette Mobile Mapping-System, das einen zuverl\u00e4ssigen und effizienten Auswertesoftware-Arbeitsablauf erm\u00f6glicht.","og_url":"https:\/\/www.allnav.com\/fr\/produkte\/mobile-mapping\/trimble-mx90\/","og_site_name":"ALLNAV","article_modified_time":"2024-07-26T10:49:58+00:00","og_image":[{"width":1280,"height":853,"url":"https:\/\/www.allnav.com\/wp-content\/uploads\/2024\/07\/Mobile-Mapping-Trimble-MX90.jpg","type":"image\/webp"}],"twitter_card":"summary_large_image","twitter_title":"MX9","twitter_description":"Das MX9 ist das komplette Mobile Mapping-System, das einen zuverl\u00e4ssigen und effizienten Auswertesoftware-Arbeitsablauf erm\u00f6glicht.","twitter_image":"https:\/\/www.allnav.com\/wp-content\/uploads\/2020\/06\/2019_11_06_Swiss_Dimensions_188-Kopie_web.jpg","twitter_misc":{"Dur\u00e9e de lecture estim\u00e9e":"2 minutes"},"schema":{"@context":"https:\/\/schema.org","@graph":[{"@type":"WebPage","@id":"https:\/\/www.allnav.com\/produkte\/mobile-mapping\/trimble-mx90\/","url":"https:\/\/www.allnav.com\/produkte\/mobile-mapping\/trimble-mx90\/","name":"Trimble MX90 - ALLNAV","isPartOf":{"@id":"https:\/\/www.allnav.com\/#website"},"primaryImageOfPage":{"@id":"https:\/\/www.allnav.com\/produkte\/mobile-mapping\/trimble-mx90\/#primaryimage"},"image":{"@id":"https:\/\/www.allnav.com\/produkte\/mobile-mapping\/trimble-mx90\/#primaryimage"},"thumbnailUrl":"https:\/\/www.allnav.com\/wp-content\/uploads\/2024\/07\/Mobile-Mapping-Trimble-MX90-1024x682.jpg","datePublished":"2024-07-19T13:43:16+00:00","dateModified":"2024-07-26T10:49:58+00:00","description":"Das MX9 ist das komplette Mobile Mapping-System, das einen zuverl\u00e4ssigen und effizienten Auswertesoftware-Arbeitsablauf erm\u00f6glicht.","breadcrumb":{"@id":"https:\/\/www.allnav.com\/produkte\/mobile-mapping\/trimble-mx90\/#breadcrumb"},"inLanguage":"fr-FR","potentialAction":[{"@type":"ReadAction","target":["https:\/\/www.allnav.com\/produkte\/mobile-mapping\/trimble-mx90\/"]}]},{"@type":"ImageObject","inLanguage":"fr-FR","@id":"https:\/\/www.allnav.com\/produkte\/mobile-mapping\/trimble-mx90\/#primaryimage","url":"https:\/\/www.allnav.com\/wp-content\/uploads\/2024\/07\/Mobile-Mapping-Trimble-MX90-1024x682.jpg","contentUrl":"https:\/\/www.allnav.com\/wp-content\/uploads\/2024\/07\/Mobile-Mapping-Trimble-MX90-1024x682.jpg"},{"@type":"BreadcrumbList","@id":"https:\/\/www.allnav.com\/produkte\/mobile-mapping\/trimble-mx90\/#breadcrumb","itemListElement":[{"@type":"ListItem","position":1,"name":"Startseite","item":"https:\/\/www.allnav.com\/"},{"@type":"ListItem","position":2,"name":"Produkte","item":"https:\/\/www.allnav.com\/produkte\/"},{"@type":"ListItem","position":3,"name":"Mobile Mapping","item":"https:\/\/www.allnav.com\/produkte\/mobile-mapping\/"},{"@type":"ListItem","position":4,"name":"Trimble MX90"}]},{"@type":"WebSite","@id":"https:\/\/www.allnav.com\/#website","url":"https:\/\/www.allnav.com\/","name":"ALLNAV","description":"L\u00f6sungen und Systeme f\u00fcr Vermessungsprofis","publisher":{"@id":"https:\/\/www.allnav.com\/#organization"},"potentialAction":[{"@type":"SearchAction","target":{"@type":"EntryPoint","urlTemplate":"https:\/\/www.allnav.com\/?s={search_term_string}"},"query-input":{"@type":"PropertyValueSpecification","valueRequired":true,"valueName":"search_term_string"}}],"inLanguage":"fr-FR"},{"@type":"Organization","@id":"https:\/\/www.allnav.com\/#organization","name":"ALLNAV","url":"https:\/\/www.allnav.com\/","logo":{"@type":"ImageObject","inLanguage":"fr-FR","@id":"https:\/\/www.allnav.com\/#\/schema\/logo\/image\/","url":"https:\/\/www.allnav.com\/wp-content\/uploads\/2020\/01\/allnav.png","contentUrl":"https:\/\/www.allnav.com\/wp-content\/uploads\/2020\/01\/allnav.png","width":506,"height":152,"caption":"ALLNAV"},"image":{"@id":"https:\/\/www.allnav.com\/#\/schema\/logo\/image\/"}}]}},"_links":{"self":[{"href":"https:\/\/www.allnav.com\/fr\/wp-json\/wp\/v2\/pages\/17686","targetHints":{"allow":["GET"]}}],"collection":[{"href":"https:\/\/www.allnav.com\/fr\/wp-json\/wp\/v2\/pages"}],"about":[{"href":"https:\/\/www.allnav.com\/fr\/wp-json\/wp\/v2\/types\/page"}],"author":[{"embeddable":true,"href":"https:\/\/www.allnav.com\/fr\/wp-json\/wp\/v2\/users\/1"}],"replies":[{"embeddable":true,"href":"https:\/\/www.allnav.com\/fr\/wp-json\/wp\/v2\/comments?post=17686"}],"version-history":[{"count":0,"href":"https:\/\/www.allnav.com\/fr\/wp-json\/wp\/v2\/pages\/17686\/revisions"}],"up":[{"embeddable":true,"href":"https:\/\/www.allnav.com\/fr\/wp-json\/wp\/v2\/pages\/4351"}],"wp:attachment":[{"href":"https:\/\/www.allnav.com\/fr\/wp-json\/wp\/v2\/media?parent=17686"}],"curies":[{"name":"wp","href":"https:\/\/api.w.org\/{rel}","templated":true}]}}