{"id":18235,"date":"2024-11-01T09:47:40","date_gmt":"2024-11-01T08:47:40","guid":{"rendered":"https:\/\/www.allnav.com\/?page_id=18235"},"modified":"2024-11-01T13:00:04","modified_gmt":"2024-11-01T12:00:04","slug":"trimble-mx60","status":"publish","type":"page","link":"https:\/\/www.allnav.com\/fr\/produkte\/mobile-mapping\/trimble-mx60\/","title":{"rendered":"Trimble MX60"},"content":{"rendered":"<div data-elementor-type=\"wp-page\" data-elementor-id=\"18235\" class=\"elementor elementor-18235\" data-elementor-post-type=\"page\">\n\t\t\t\t\t\t<section class=\"elementor-section elementor-top-section elementor-element elementor-element-a3ac1a0 elementor-section-full_width elementor-reverse-mobile elementor-section-height-default elementor-section-height-default\" data-id=\"a3ac1a0\" data-element_type=\"section\" data-e-type=\"section\">\n\t\t\t\t\t\t<div class=\"elementor-container elementor-column-gap-default\">\n\t\t\t\t\t<div class=\"elementor-column elementor-col-33 elementor-top-column elementor-element elementor-element-fde4f0e\" data-id=\"fde4f0e\" data-element_type=\"column\" data-e-type=\"column\">\n\t\t\t<div class=\"elementor-widget-wrap elementor-element-populated\">\n\t\t\t\t\t\t<div class=\"elementor-element elementor-element-6609747 elementor-widget elementor-widget-image\" data-id=\"6609747\" data-element_type=\"widget\" data-e-type=\"widget\" data-widget_type=\"image.default\">\n\t\t\t\t<div class=\"elementor-widget-container\">\n\t\t\t\t\t\t\t\t\t\t\t\t\t\t\t\t<a href=\"https:\/\/www.allnav.com\/wp-content\/uploads\/2024\/11\/mobile-mapping-mx-60.jpg\" data-elementor-open-lightbox=\"yes\" data-elementor-lightbox-title=\"Mobile Mapping |\u00a0allnav |\u00a0Trimble MX60\" data-elementor-lightbox-description=\"Mobile Mapping |\u00a0allnav |\u00a0Trimble MX60\" data-e-action-hash=\"#elementor-action%3Aaction%3Dlightbox%26settings%3DeyJpZCI6MTgyNDYsInVybCI6Imh0dHBzOlwvXC93d3cuYWxsbmF2LmNvbVwvd3AtY29udGVudFwvdXBsb2Fkc1wvMjAyNFwvMTFcL21vYmlsZS1tYXBwaW5nLW14LTYwLmpwZyJ9\">\n\t\t\t\t\t\t\t<img fetchpriority=\"high\" decoding=\"async\" width=\"800\" height=\"533\" src=\"https:\/\/www.allnav.com\/wp-content\/uploads\/2024\/11\/mobile-mapping-mx-60-1024x682.jpg\" class=\"attachment-large size-large wp-image-18246\" alt=\"Mobile Mapping |\u00a0allnav |\u00a0Trimble MX60\" srcset=\"https:\/\/www.allnav.com\/wp-content\/uploads\/2024\/11\/mobile-mapping-mx-60-1024x682.jpg 1024w, https:\/\/www.allnav.com\/wp-content\/uploads\/2024\/11\/mobile-mapping-mx-60-300x200.jpg 300w, https:\/\/www.allnav.com\/wp-content\/uploads\/2024\/11\/mobile-mapping-mx-60-768x512.jpg 768w, https:\/\/www.allnav.com\/wp-content\/uploads\/2024\/11\/mobile-mapping-mx-60-18x12.jpg 18w, https:\/\/www.allnav.com\/wp-content\/uploads\/2024\/11\/mobile-mapping-mx-60.jpg 1280w\" sizes=\"(max-width: 800px) 100vw, 800px\" \/>\t\t\t\t\t\t\t\t<\/a>\n\t\t\t\t\t\t\t\t\t\t\t\t\t\t\t<\/div>\n\t\t\t\t<\/div>\n\t\t\t\t\t<\/div>\n\t\t<\/div>\n\t\t\t\t<div class=\"elementor-column elementor-col-66 elementor-top-column elementor-element elementor-element-78b437c\" data-id=\"78b437c\" data-element_type=\"column\" data-e-type=\"column\">\n\t\t\t<div class=\"elementor-widget-wrap elementor-element-populated\">\n\t\t\t\t\t\t<div class=\"elementor-element elementor-element-5560389 elementor-widget elementor-widget-heading\" data-id=\"5560389\" data-element_type=\"widget\" data-e-type=\"widget\" data-widget_type=\"heading.default\">\n\t\t\t\t<div class=\"elementor-widget-container\">\n\t\t\t\t\t<h1 class=\"elementor-heading-title elementor-size-default\">Trimble MX60<\/h1>\t\t\t\t<\/div>\n\t\t\t\t<\/div>\n\t\t\t\t<div class=\"elementor-element elementor-element-d3fdbff elementor-widget-divider--view-line elementor-widget elementor-widget-divider\" data-id=\"d3fdbff\" data-element_type=\"widget\" data-e-type=\"widget\" data-widget_type=\"divider.default\">\n\t\t\t\t<div class=\"elementor-widget-container\">\n\t\t\t\t\t\t\t<div class=\"elementor-divider\">\n\t\t\t<span class=\"elementor-divider-separator\">\n\t\t\t\t\t\t<\/span>\n\t\t<\/div>\n\t\t\t\t\t\t<\/div>\n\t\t\t\t<\/div>\n\t\t\t\t<div class=\"elementor-element elementor-element-56bd25a elementor-widget elementor-widget-heading\" data-id=\"56bd25a\" data-element_type=\"widget\" data-e-type=\"widget\" data-widget_type=\"heading.default\">\n\t\t\t\t<div class=\"elementor-widget-container\">\n\t\t\t\t\t<h3 class=\"elementor-heading-title elementor-size-default\">Le syst\u00e8me de cartographie mobile Trimble MX60 offre un scan mobile puissant et une capture d'images pour la surveillance, la gestion et l'entretien des infrastructures et des installations. <\/h3>\t\t\t\t<\/div>\n\t\t\t\t<\/div>\n\t\t\t\t<div class=\"elementor-element elementor-element-604781c elementor-widget elementor-widget-text-editor\" data-id=\"604781c\" data-element_type=\"widget\" data-e-type=\"widget\" data-widget_type=\"text-editor.default\">\n\t\t\t\t<div class=\"elementor-widget-container\">\n\t\t\t\t\t\t\t\t\tGr\u00e2ce \u00e0 la technologie LiDAR de pointe, au positionnement GNSS de premier ordre et \u00e0 la prise d'image de haute qualit\u00e9, le MX60 combine le meilleur de la pr\u00e9cision laser, de la pr\u00e9cision du syst\u00e8me et de la performance d'imagerie \u00e0 grande vitesse, fournissant ainsi des donn\u00e9es compl\u00e8tes de haute qualit\u00e9. Avec sa cam\u00e9ra orient\u00e9e vers le bas, le MX60 est parfait pour l'analyse des routes et l'inventaire. Un flux de travail sans faille, de la collecte des donn\u00e9es au r\u00e9sultat final, est garanti.\t\t\t\t\t\t\t\t<\/div>\n\t\t\t\t<\/div>\n\t\t\t\t<div class=\"elementor-element elementor-element-04cd346 elementor-widget elementor-widget-text-editor\" data-id=\"04cd346\" data-element_type=\"widget\" data-e-type=\"widget\" data-widget_type=\"text-editor.default\">\n\t\t\t\t<div class=\"elementor-widget-container\">\n\t\t\t\t\t\t\t\t\tContrairement au MX90 qui a la plus grande port\u00e9e, la plus grande vitesse de capture et la meilleure imagerie optique, les configurations MX60 sont con\u00e7ues pour les utilisateurs qui d\u00e9butent le mobile mapping et qui pourraient avoir des exigences plus \u00e9lev\u00e9es plus tard. C'est pourquoi le syst\u00e8me MX60 est disponible en trois configurations diff\u00e9rentes qui s'adaptent aux diff\u00e9rents budgets et besoins des utilisateurs. \t\t\t\t\t\t\t\t<\/div>\n\t\t\t\t<\/div>\n\t\t\t\t<div class=\"elementor-element elementor-element-6beeb63 elementor-widget elementor-widget-text-editor\" data-id=\"6beeb63\" data-element_type=\"widget\" data-e-type=\"widget\" data-widget_type=\"text-editor.default\">\n\t\t\t\t<div class=\"elementor-widget-container\">\n\t\t\t\t\t\t\t\t\t<ol><li>Le syst\u00e8me Trimble MX60 Core est parfait pour les d\u00e9butants dans l'activit\u00e9 de cartographie mobile et pour les utilisateurs qui effectuent des relev\u00e9s simples dans des zones de relev\u00e9 lin\u00e9aires ou \u00e9tendues.<\/li><li>Le syst\u00e8me Trimble MX60 Pro est id\u00e9al pour la surveillance des routes et pour garantir la s\u00e9curit\u00e9 en identifiant par exemple les plus petits d\u00e9tails comme les fissures dans le rev\u00eatement routier.<\/li><li>Le syst\u00e8me Trimble MX60 Premium dispose d'un positionnement am\u00e9lior\u00e9 et est optimal pour la prise de vue dans les centres urbains denses.<\/li><\/ol>\t\t\t\t\t\t\t\t<\/div>\n\t\t\t\t<\/div>\n\t\t\t\t<div class=\"elementor-element elementor-element-09d4599 elementor-widget elementor-widget-text-editor\" data-id=\"09d4599\" data-element_type=\"widget\" data-e-type=\"widget\" data-widget_type=\"text-editor.default\">\n\t\t\t\t<div class=\"elementor-widget-container\">\n\t\t\t\t\t\t\t\t\tLe syst\u00e8me est compl\u00e9t\u00e9 par un logiciel de bureau puissant qui facilite le partage des acquisitions du  projet et augmente ainsi la valeur des donn\u00e9es compl\u00e8tes au sein de l'entreprise. Le MX60 prend en charge la cr\u00e9ation de jumeaux num\u00e9riques, de BIM et d'autres applications n\u00e9cessitant beaucoup de donn\u00e9es, ce qui augmente la qualit\u00e9 et l'utilit\u00e9 qui en est faite.\t\t\t\t\t\t\t\t<\/div>\n\t\t\t\t<\/div>\n\t\t\t\t\t<\/div>\n\t\t<\/div>\n\t\t\t\t\t<\/div>\n\t\t<\/section>\n\t\t\t\t<section class=\"elementor-section elementor-top-section elementor-element elementor-element-34186e9 elementor-section-full_width elementor-section-height-default elementor-section-height-default\" data-id=\"34186e9\" data-element_type=\"section\" data-e-type=\"section\" data-settings=\"{&quot;background_background&quot;:&quot;classic&quot;}\">\n\t\t\t\t\t\t<div class=\"elementor-container elementor-column-gap-default\">\n\t\t\t\t\t<div class=\"elementor-column elementor-col-100 elementor-top-column elementor-element elementor-element-f6494db\" data-id=\"f6494db\" data-element_type=\"column\" data-e-type=\"column\">\n\t\t\t<div class=\"elementor-widget-wrap elementor-element-populated\">\n\t\t\t\t\t\t<div class=\"elementor-element elementor-element-1a83ebb elementor-widget elementor-widget-heading\" data-id=\"1a83ebb\" data-element_type=\"widget\" data-e-type=\"widget\" data-widget_type=\"heading.default\">\n\t\t\t\t<div class=\"elementor-widget-container\">\n\t\t\t\t\t<h2 class=\"elementor-heading-title elementor-size-default\">Caract\u00e9ristques<\/h2>\t\t\t\t<\/div>\n\t\t\t\t<\/div>\n\t\t\t\t<div class=\"elementor-element elementor-element-cd342a4 elementor-widget-divider--view-line elementor-widget elementor-widget-divider\" data-id=\"cd342a4\" data-element_type=\"widget\" data-e-type=\"widget\" data-widget_type=\"divider.default\">\n\t\t\t\t<div class=\"elementor-widget-container\">\n\t\t\t\t\t\t\t<div class=\"elementor-divider\">\n\t\t\t<span class=\"elementor-divider-separator\">\n\t\t\t\t\t\t<\/span>\n\t\t<\/div>\n\t\t\t\t\t\t<\/div>\n\t\t\t\t<\/div>\n\t\t\t\t<div class=\"elementor-element elementor-element-f003fa4 elementor-widget elementor-widget-text-editor\" data-id=\"f003fa4\" data-element_type=\"widget\" data-e-type=\"widget\" data-widget_type=\"text-editor.default\">\n\t\t\t\t<div class=\"elementor-widget-container\">\n\t\t\t\t\t\t\t\t\t<ul><li>Syst\u00e8me de cartographie mobile performant<\/li><li>Installation facile du syst\u00e8me<\/li><li>Utilisation facile depuis une tablette, un t\u00e9l\u00e9phone mobile ou un ordinateur portable via un navigateur.<\/li><li>Taux de mesure laser effectif jusqu'\u00e0 2000 kHz<\/li><li>Cam\u00e9ra 360\u00b0 jusqu'\u00e0 72 m\u00e9gapixels (6 x 12 MP)<\/li><li>Vitesse de scan jusqu'\u00e0 400 scans\/seconde<\/li><li>Syst\u00e8me GNSS inertiel int\u00e9gr\u00e9 de Trimble - Trimble InFusion+ avec moteur ProPoint<\/li><li>Vitesse de d\u00e9ploiement jusqu'\u00e0 110 km\/h max.<\/li><li>Technologie LiDAR Trimble de pointe<\/li><li>R\u00e9duction des co\u00fbts, des efforts et des risques de s\u00e9curit\u00e9<\/li><li>Id\u00e9al pour l'inspection des routes, des voies ferr\u00e9es, des a\u00e9roports, des jumeaux num\u00e9riques<\/li><\/ul>\t\t\t\t\t\t\t\t<\/div>\n\t\t\t\t<\/div>\n\t\t\t\t<section class=\"elementor-section elementor-inner-section elementor-element elementor-element-98ecb14 elementor-section-full_width elementor-section-height-default elementor-section-height-default\" data-id=\"98ecb14\" data-element_type=\"section\" data-e-type=\"section\">\n\t\t\t\t\t\t<div class=\"elementor-container elementor-column-gap-default\">\n\t\t\t\t\t<div class=\"elementor-column elementor-col-25 elementor-inner-column elementor-element elementor-element-a714539\" data-id=\"a714539\" data-element_type=\"column\" data-e-type=\"column\">\n\t\t\t<div class=\"elementor-widget-wrap elementor-element-populated\">\n\t\t\t\t\t\t<div class=\"elementor-element elementor-element-2ca8242 elementor-align-justify elementor-widget elementor-widget-button\" data-id=\"2ca8242\" data-element_type=\"widget\" data-e-type=\"widget\" data-widget_type=\"button.default\">\n\t\t\t\t<div class=\"elementor-widget-container\">\n\t\t\t\t\t\t\t\t\t<div class=\"elementor-button-wrapper\">\n\t\t\t\t\t<a class=\"elementor-button elementor-button-link elementor-size-sm\" href=\"https:\/\/trl.trimble.com\/docushare\/dsweb\/Get\/Document-1079338\/022516-737_TrimbleMX60_SpecSheet_USL_0924_LR_SEC.pdf%20\" target=\"_blank\">\n\t\t\t\t\t\t<span class=\"elementor-button-content-wrapper\">\n\t\t\t\t\t\t\t\t\t<span class=\"elementor-button-text\">Fiche Technique (EN)<\/span>\n\t\t\t\t\t<\/span>\n\t\t\t\t\t<\/a>\n\t\t\t\t<\/div>\n\t\t\t\t\t\t\t\t<\/div>\n\t\t\t\t<\/div>\n\t\t\t\t\t<\/div>\n\t\t<\/div>\n\t\t\t\t<div class=\"elementor-column elementor-col-25 elementor-inner-column elementor-element elementor-element-8585d81\" data-id=\"8585d81\" data-element_type=\"column\" data-e-type=\"column\">\n\t\t\t<div class=\"elementor-widget-wrap\">\n\t\t\t\t\t\t\t<\/div>\n\t\t<\/div>\n\t\t\t\t<div class=\"elementor-column elementor-col-25 elementor-inner-column elementor-element elementor-element-4f3b3f4\" data-id=\"4f3b3f4\" data-element_type=\"column\" data-e-type=\"column\">\n\t\t\t<div class=\"elementor-widget-wrap\">\n\t\t\t\t\t\t\t<\/div>\n\t\t<\/div>\n\t\t\t\t<div class=\"elementor-column elementor-col-25 elementor-inner-column elementor-element elementor-element-de05ec3\" data-id=\"de05ec3\" data-element_type=\"column\" data-e-type=\"column\">\n\t\t\t<div class=\"elementor-widget-wrap\">\n\t\t\t\t\t\t\t<\/div>\n\t\t<\/div>\n\t\t\t\t\t<\/div>\n\t\t<\/section>\n\t\t\t\t\t<\/div>\n\t\t<\/div>\n\t\t\t\t\t<\/div>\n\t\t<\/section>\n\t\t\t\t<\/div>","protected":false},"excerpt":{"rendered":"<p>Trimble MX60 Das Mobile Mapping System Trimble MX60 bietet leistungsstarkes mobiles Scannen und Bilderfassung f\u00fcr \u00dcberwachung, Bewirtschaftung und Instandhaltung von Infrastruktur und Anlagen. Dank modernster LiDAR-Technologie, erstklassiger GNSS-Positionierung und hochwertiger Optik vereint der MX60 das Beste an Laserpr\u00e4zision, Systemgenauigkeit und visueller Leistung bei hohen Geschwindigkeiten und liefert so umfassende Daten in hoher Qualit\u00e4t. Mit seiner [&hellip;]<\/p>\n","protected":false},"author":1,"featured_media":0,"parent":4351,"menu_order":0,"comment_status":"closed","ping_status":"closed","template":"elementor_header_footer","meta":{"footnotes":""},"class_list":["post-18235","page","type-page","status-publish","hentry"],"yoast_head":"<!-- This site is optimized with the Yoast SEO Premium plugin v27.5 (Yoast SEO v27.5) - https:\/\/yoast.com\/product\/yoast-seo-premium-wordpress\/ -->\n<title>Trimble MX60 - ALLNAV<\/title>\n<meta name=\"description\" content=\"Das MX9 ist das komplette Mobile Mapping-System, das einen zuverl\u00e4ssigen und effizienten Auswertesoftware-Arbeitsablauf erm\u00f6glicht.\" \/>\n<meta name=\"robots\" content=\"index, follow, max-snippet:-1, max-image-preview:large, max-video-preview:-1\" \/>\n<link rel=\"canonical\" href=\"https:\/\/www.allnav.com\/fr\/produkte\/mobile-mapping\/trimble-mx60\/\" \/>\n<meta property=\"og:locale\" content=\"fr_FR\" \/>\n<meta property=\"og:type\" content=\"article\" \/>\n<meta property=\"og:title\" content=\"MX90\" \/>\n<meta property=\"og:description\" content=\"Das MX90 ist das komplette Mobile Mapping-System, das einen zuverl\u00e4ssigen und effizienten Auswertesoftware-Arbeitsablauf erm\u00f6glicht.\" \/>\n<meta property=\"og:url\" content=\"https:\/\/www.allnav.com\/fr\/produkte\/mobile-mapping\/trimble-mx60\/\" \/>\n<meta property=\"og:site_name\" content=\"ALLNAV\" \/>\n<meta property=\"article:modified_time\" content=\"2024-11-01T12:00:04+00:00\" \/>\n<meta property=\"og:image\" content=\"https:\/\/www.allnav.com\/wp-content\/uploads\/2024\/07\/Mobile-Mapping-Trimble-MX90.jpg\" \/>\n\t<meta property=\"og:image:width\" content=\"1280\" \/>\n\t<meta property=\"og:image:height\" content=\"853\" \/>\n\t<meta property=\"og:image:type\" content=\"image\/webp\" \/>\n<meta name=\"twitter:card\" content=\"summary_large_image\" \/>\n<meta name=\"twitter:title\" content=\"MX9\" \/>\n<meta name=\"twitter:description\" content=\"Das MX9 ist das komplette Mobile Mapping-System, das einen zuverl\u00e4ssigen und effizienten Auswertesoftware-Arbeitsablauf erm\u00f6glicht.\" \/>\n<meta name=\"twitter:image\" content=\"https:\/\/www.allnav.com\/wp-content\/uploads\/2020\/06\/2019_11_06_Swiss_Dimensions_188-Kopie_web.jpg\" \/>\n<meta name=\"twitter:label1\" content=\"Dur\u00e9e de lecture estim\u00e9e\" \/>\n\t<meta name=\"twitter:data1\" content=\"2 minutes\" \/>\n<script type=\"application\/ld+json\" class=\"yoast-schema-graph\">{\"@context\":\"https:\\\/\\\/schema.org\",\"@graph\":[{\"@type\":\"WebPage\",\"@id\":\"https:\\\/\\\/www.allnav.com\\\/produkte\\\/mobile-mapping\\\/trimble-mx60\\\/\",\"url\":\"https:\\\/\\\/www.allnav.com\\\/produkte\\\/mobile-mapping\\\/trimble-mx60\\\/\",\"name\":\"Trimble MX60 - ALLNAV\",\"isPartOf\":{\"@id\":\"https:\\\/\\\/www.allnav.com\\\/#website\"},\"primaryImageOfPage\":{\"@id\":\"https:\\\/\\\/www.allnav.com\\\/produkte\\\/mobile-mapping\\\/trimble-mx60\\\/#primaryimage\"},\"image\":{\"@id\":\"https:\\\/\\\/www.allnav.com\\\/produkte\\\/mobile-mapping\\\/trimble-mx60\\\/#primaryimage\"},\"thumbnailUrl\":\"https:\\\/\\\/www.allnav.com\\\/wp-content\\\/uploads\\\/2024\\\/11\\\/mobile-mapping-mx-60-1024x682.jpg\",\"datePublished\":\"2024-11-01T08:47:40+00:00\",\"dateModified\":\"2024-11-01T12:00:04+00:00\",\"description\":\"Das MX9 ist das komplette Mobile Mapping-System, das einen zuverl\u00e4ssigen und effizienten Auswertesoftware-Arbeitsablauf erm\u00f6glicht.\",\"breadcrumb\":{\"@id\":\"https:\\\/\\\/www.allnav.com\\\/produkte\\\/mobile-mapping\\\/trimble-mx60\\\/#breadcrumb\"},\"inLanguage\":\"fr-FR\",\"potentialAction\":[{\"@type\":\"ReadAction\",\"target\":[\"https:\\\/\\\/www.allnav.com\\\/produkte\\\/mobile-mapping\\\/trimble-mx60\\\/\"]}]},{\"@type\":\"ImageObject\",\"inLanguage\":\"fr-FR\",\"@id\":\"https:\\\/\\\/www.allnav.com\\\/produkte\\\/mobile-mapping\\\/trimble-mx60\\\/#primaryimage\",\"url\":\"https:\\\/\\\/www.allnav.com\\\/wp-content\\\/uploads\\\/2024\\\/11\\\/mobile-mapping-mx-60-1024x682.jpg\",\"contentUrl\":\"https:\\\/\\\/www.allnav.com\\\/wp-content\\\/uploads\\\/2024\\\/11\\\/mobile-mapping-mx-60-1024x682.jpg\"},{\"@type\":\"BreadcrumbList\",\"@id\":\"https:\\\/\\\/www.allnav.com\\\/produkte\\\/mobile-mapping\\\/trimble-mx60\\\/#breadcrumb\",\"itemListElement\":[{\"@type\":\"ListItem\",\"position\":1,\"name\":\"Startseite\",\"item\":\"https:\\\/\\\/www.allnav.com\\\/\"},{\"@type\":\"ListItem\",\"position\":2,\"name\":\"Produkte\",\"item\":\"https:\\\/\\\/www.allnav.com\\\/produkte\\\/\"},{\"@type\":\"ListItem\",\"position\":3,\"name\":\"Mobile Mapping\",\"item\":\"https:\\\/\\\/www.allnav.com\\\/produkte\\\/mobile-mapping\\\/\"},{\"@type\":\"ListItem\",\"position\":4,\"name\":\"Trimble MX60\"}]},{\"@type\":\"WebSite\",\"@id\":\"https:\\\/\\\/www.allnav.com\\\/#website\",\"url\":\"https:\\\/\\\/www.allnav.com\\\/\",\"name\":\"ALLNAV\",\"description\":\"L\u00f6sungen und Systeme f\u00fcr Vermessungsprofis\",\"publisher\":{\"@id\":\"https:\\\/\\\/www.allnav.com\\\/#organization\"},\"potentialAction\":[{\"@type\":\"SearchAction\",\"target\":{\"@type\":\"EntryPoint\",\"urlTemplate\":\"https:\\\/\\\/www.allnav.com\\\/?s={search_term_string}\"},\"query-input\":{\"@type\":\"PropertyValueSpecification\",\"valueRequired\":true,\"valueName\":\"search_term_string\"}}],\"inLanguage\":\"fr-FR\"},{\"@type\":\"Organization\",\"@id\":\"https:\\\/\\\/www.allnav.com\\\/#organization\",\"name\":\"ALLNAV\",\"url\":\"https:\\\/\\\/www.allnav.com\\\/\",\"logo\":{\"@type\":\"ImageObject\",\"inLanguage\":\"fr-FR\",\"@id\":\"https:\\\/\\\/www.allnav.com\\\/#\\\/schema\\\/logo\\\/image\\\/\",\"url\":\"https:\\\/\\\/www.allnav.com\\\/wp-content\\\/uploads\\\/2020\\\/01\\\/allnav.png\",\"contentUrl\":\"https:\\\/\\\/www.allnav.com\\\/wp-content\\\/uploads\\\/2020\\\/01\\\/allnav.png\",\"width\":506,\"height\":152,\"caption\":\"ALLNAV\"},\"image\":{\"@id\":\"https:\\\/\\\/www.allnav.com\\\/#\\\/schema\\\/logo\\\/image\\\/\"}}]}<\/script>\n<!-- \/ Yoast SEO Premium plugin. -->","yoast_head_json":{"title":"Trimble MX60 - ALLNAV","description":"Das MX9 ist das komplette Mobile Mapping-System, das einen zuverl\u00e4ssigen und effizienten Auswertesoftware-Arbeitsablauf erm\u00f6glicht.","robots":{"index":"index","follow":"follow","max-snippet":"max-snippet:-1","max-image-preview":"max-image-preview:large","max-video-preview":"max-video-preview:-1"},"canonical":"https:\/\/www.allnav.com\/fr\/produkte\/mobile-mapping\/trimble-mx60\/","og_locale":"fr_FR","og_type":"article","og_title":"MX90","og_description":"Das MX90 ist das komplette Mobile Mapping-System, das einen zuverl\u00e4ssigen und effizienten Auswertesoftware-Arbeitsablauf erm\u00f6glicht.","og_url":"https:\/\/www.allnav.com\/fr\/produkte\/mobile-mapping\/trimble-mx60\/","og_site_name":"ALLNAV","article_modified_time":"2024-11-01T12:00:04+00:00","og_image":[{"width":1280,"height":853,"url":"https:\/\/www.allnav.com\/wp-content\/uploads\/2024\/07\/Mobile-Mapping-Trimble-MX90.jpg","type":"image\/webp"}],"twitter_card":"summary_large_image","twitter_title":"MX9","twitter_description":"Das MX9 ist das komplette Mobile Mapping-System, das einen zuverl\u00e4ssigen und effizienten Auswertesoftware-Arbeitsablauf erm\u00f6glicht.","twitter_image":"https:\/\/www.allnav.com\/wp-content\/uploads\/2020\/06\/2019_11_06_Swiss_Dimensions_188-Kopie_web.jpg","twitter_misc":{"Dur\u00e9e de lecture estim\u00e9e":"2 minutes"},"schema":{"@context":"https:\/\/schema.org","@graph":[{"@type":"WebPage","@id":"https:\/\/www.allnav.com\/produkte\/mobile-mapping\/trimble-mx60\/","url":"https:\/\/www.allnav.com\/produkte\/mobile-mapping\/trimble-mx60\/","name":"Trimble MX60 - ALLNAV","isPartOf":{"@id":"https:\/\/www.allnav.com\/#website"},"primaryImageOfPage":{"@id":"https:\/\/www.allnav.com\/produkte\/mobile-mapping\/trimble-mx60\/#primaryimage"},"image":{"@id":"https:\/\/www.allnav.com\/produkte\/mobile-mapping\/trimble-mx60\/#primaryimage"},"thumbnailUrl":"https:\/\/www.allnav.com\/wp-content\/uploads\/2024\/11\/mobile-mapping-mx-60-1024x682.jpg","datePublished":"2024-11-01T08:47:40+00:00","dateModified":"2024-11-01T12:00:04+00:00","description":"Das MX9 ist das komplette Mobile Mapping-System, das einen zuverl\u00e4ssigen und effizienten Auswertesoftware-Arbeitsablauf erm\u00f6glicht.","breadcrumb":{"@id":"https:\/\/www.allnav.com\/produkte\/mobile-mapping\/trimble-mx60\/#breadcrumb"},"inLanguage":"fr-FR","potentialAction":[{"@type":"ReadAction","target":["https:\/\/www.allnav.com\/produkte\/mobile-mapping\/trimble-mx60\/"]}]},{"@type":"ImageObject","inLanguage":"fr-FR","@id":"https:\/\/www.allnav.com\/produkte\/mobile-mapping\/trimble-mx60\/#primaryimage","url":"https:\/\/www.allnav.com\/wp-content\/uploads\/2024\/11\/mobile-mapping-mx-60-1024x682.jpg","contentUrl":"https:\/\/www.allnav.com\/wp-content\/uploads\/2024\/11\/mobile-mapping-mx-60-1024x682.jpg"},{"@type":"BreadcrumbList","@id":"https:\/\/www.allnav.com\/produkte\/mobile-mapping\/trimble-mx60\/#breadcrumb","itemListElement":[{"@type":"ListItem","position":1,"name":"Startseite","item":"https:\/\/www.allnav.com\/"},{"@type":"ListItem","position":2,"name":"Produkte","item":"https:\/\/www.allnav.com\/produkte\/"},{"@type":"ListItem","position":3,"name":"Mobile Mapping","item":"https:\/\/www.allnav.com\/produkte\/mobile-mapping\/"},{"@type":"ListItem","position":4,"name":"Trimble MX60"}]},{"@type":"WebSite","@id":"https:\/\/www.allnav.com\/#website","url":"https:\/\/www.allnav.com\/","name":"ALLNAV","description":"L\u00f6sungen und Systeme f\u00fcr Vermessungsprofis","publisher":{"@id":"https:\/\/www.allnav.com\/#organization"},"potentialAction":[{"@type":"SearchAction","target":{"@type":"EntryPoint","urlTemplate":"https:\/\/www.allnav.com\/?s={search_term_string}"},"query-input":{"@type":"PropertyValueSpecification","valueRequired":true,"valueName":"search_term_string"}}],"inLanguage":"fr-FR"},{"@type":"Organization","@id":"https:\/\/www.allnav.com\/#organization","name":"ALLNAV","url":"https:\/\/www.allnav.com\/","logo":{"@type":"ImageObject","inLanguage":"fr-FR","@id":"https:\/\/www.allnav.com\/#\/schema\/logo\/image\/","url":"https:\/\/www.allnav.com\/wp-content\/uploads\/2020\/01\/allnav.png","contentUrl":"https:\/\/www.allnav.com\/wp-content\/uploads\/2020\/01\/allnav.png","width":506,"height":152,"caption":"ALLNAV"},"image":{"@id":"https:\/\/www.allnav.com\/#\/schema\/logo\/image\/"}}]}},"_links":{"self":[{"href":"https:\/\/www.allnav.com\/fr\/wp-json\/wp\/v2\/pages\/18235","targetHints":{"allow":["GET"]}}],"collection":[{"href":"https:\/\/www.allnav.com\/fr\/wp-json\/wp\/v2\/pages"}],"about":[{"href":"https:\/\/www.allnav.com\/fr\/wp-json\/wp\/v2\/types\/page"}],"author":[{"embeddable":true,"href":"https:\/\/www.allnav.com\/fr\/wp-json\/wp\/v2\/users\/1"}],"replies":[{"embeddable":true,"href":"https:\/\/www.allnav.com\/fr\/wp-json\/wp\/v2\/comments?post=18235"}],"version-history":[{"count":0,"href":"https:\/\/www.allnav.com\/fr\/wp-json\/wp\/v2\/pages\/18235\/revisions"}],"up":[{"embeddable":true,"href":"https:\/\/www.allnav.com\/fr\/wp-json\/wp\/v2\/pages\/4351"}],"wp:attachment":[{"href":"https:\/\/www.allnav.com\/fr\/wp-json\/wp\/v2\/media?parent=18235"}],"curies":[{"name":"wp","href":"https:\/\/api.w.org\/{rel}","templated":true}]}}