{"id":4344,"date":"2020-04-20T15:59:22","date_gmt":"2020-04-20T13:59:22","guid":{"rendered":"\/?page_id=4344"},"modified":"2024-06-06T14:45:44","modified_gmt":"2024-06-06T12:45:44","slug":"ebee-x","status":"publish","type":"page","link":"https:\/\/www.allnav.com\/fr\/produkte\/drohnen\/ebee-x\/","title":{"rendered":"Ebee-x"},"content":{"rendered":"<div data-elementor-type=\"wp-page\" data-elementor-id=\"4344\" class=\"elementor elementor-4344\" data-elementor-post-type=\"page\">\n\t\t\t\t\t\t<section class=\"elementor-section elementor-top-section elementor-element elementor-element-ef26dfc elementor-section-full_width elementor-reverse-mobile elementor-section-height-default elementor-section-height-default\" data-id=\"ef26dfc\" data-element_type=\"section\" data-e-type=\"section\">\n\t\t\t\t\t\t<div class=\"elementor-container elementor-column-gap-default\">\n\t\t\t\t\t<div class=\"elementor-column elementor-col-33 elementor-top-column elementor-element elementor-element-0980a76\" data-id=\"0980a76\" data-element_type=\"column\" data-e-type=\"column\">\n\t\t\t<div class=\"elementor-widget-wrap elementor-element-populated\">\n\t\t\t\t\t\t<div class=\"elementor-element elementor-element-4471214 elementor-widget elementor-widget-image\" data-id=\"4471214\" data-element_type=\"widget\" data-e-type=\"widget\" data-widget_type=\"image.default\">\n\t\t\t\t<div class=\"elementor-widget-container\">\n\t\t\t\t\t\t\t\t\t\t\t\t\t\t\t\t<a href=\"https:\/\/www.allnav.com\/wp-content\/uploads\/2020\/04\/ebee-x-sensefly.jpg\" data-elementor-open-lightbox=\"yes\" data-elementor-lightbox-title=\"Drohne sensefly eBee X\" data-elementor-lightbox-description=\"Drohne sensefly eBee X\" data-e-action-hash=\"#elementor-action%3Aaction%3Dlightbox%26settings%3DeyJpZCI6NDMzOSwidXJsIjoiaHR0cHM6XC9cL3d3dy5hbGxuYXYuY29tXC93cC1jb250ZW50XC91cGxvYWRzXC8yMDIwXC8wNFwvZWJlZS14LXNlbnNlZmx5LmpwZyJ9\">\n\t\t\t\t\t\t\t<img decoding=\"async\" width=\"220\" height=\"191\" src=\"https:\/\/www.allnav.com\/wp-content\/uploads\/2020\/04\/ebee-x-sensefly.jpg\" class=\"attachment-large size-large wp-image-4339\" alt=\"Drohne sensefly eBee X\" \/>\t\t\t\t\t\t\t\t<\/a>\n\t\t\t\t\t\t\t\t\t\t\t\t\t\t\t<\/div>\n\t\t\t\t<\/div>\n\t\t\t\t\t<\/div>\n\t\t<\/div>\n\t\t\t\t<div class=\"elementor-column elementor-col-66 elementor-top-column elementor-element elementor-element-b1bc53f\" data-id=\"b1bc53f\" data-element_type=\"column\" data-e-type=\"column\">\n\t\t\t<div class=\"elementor-widget-wrap elementor-element-populated\">\n\t\t\t\t\t\t<div class=\"elementor-element elementor-element-cc7d067 elementor-widget elementor-widget-heading\" data-id=\"cc7d067\" data-element_type=\"widget\" data-e-type=\"widget\" data-widget_type=\"heading.default\">\n\t\t\t\t<div class=\"elementor-widget-container\">\n\t\t\t\t\t<h1 class=\"elementor-heading-title elementor-size-default\">senseFly  eBee X<\/h1>\t\t\t\t<\/div>\n\t\t\t\t<\/div>\n\t\t\t\t<div class=\"elementor-element elementor-element-260be0b elementor-widget-divider--view-line elementor-widget elementor-widget-divider\" data-id=\"260be0b\" data-element_type=\"widget\" data-e-type=\"widget\" data-widget_type=\"divider.default\">\n\t\t\t\t<div class=\"elementor-widget-container\">\n\t\t\t\t\t\t\t<div class=\"elementor-divider\">\n\t\t\t<span class=\"elementor-divider-separator\">\n\t\t\t\t\t\t<\/span>\n\t\t<\/div>\n\t\t\t\t\t\t<\/div>\n\t\t\t\t<\/div>\n\t\t\t\t<div class=\"elementor-element elementor-element-286c978 elementor-widget elementor-widget-heading\" data-id=\"286c978\" data-element_type=\"widget\" data-e-type=\"widget\" data-widget_type=\"heading.default\">\n\t\t\t\t<div class=\"elementor-widget-container\">\n\t\t\t\t\t<h3 class=\"elementor-heading-title elementor-size-default\">CARTOGRAPHIER SANS LIMITES<\/h3>\t\t\t\t<\/div>\n\t\t\t\t<\/div>\n\t\t\t\t<div class=\"elementor-element elementor-element-fd85efe elementor-widget elementor-widget-text-editor\" data-id=\"fd85efe\" data-element_type=\"widget\" data-e-type=\"widget\" data-widget_type=\"text-editor.default\">\n\t\t\t\t<div class=\"elementor-widget-container\">\n\t\t\t\t\t\t\t\t\tUn temps de vol jusqu\u2019\u00e0 90 minutes permettant de relever des surfaces allant jusqu\u2019\u00e0 500 hectares avec une pr\u00e9cision jusqu\u2019\u00e0 3 cm sans points d\u2019appui \u2013 telles sont les caract\u00e9ristiques uniques du nouvel eBee X de senseFly. L\u2019utilisateur est assist\u00e9 par le logiciel eMotion gr\u00e2ce \u00e0 de nombreuses options et de nouvelles solutions, telles que la nouvelle technologie Steep Landing qui facilite l\u2019atterrissage, m\u00eame dans des environnements exigus, ou la synchronisation avec le flux des donn\u00e9es du trafic a\u00e9rien. Le r\u00e9cepteur GNSS plug-and-play senseFly GeoBase, disponible en option, peut \u00e9galement \u00eatre utilis\u00e9, afin de disposer d\u2019un flux de travail RTK\/PPK complet. Avec l\u2019eBee X, jamais la cartographie par drone n\u2019a \u00e9t\u00e9 aussi simple, confortable et s\u00fbre.\t\t\t\t\t\t\t\t<\/div>\n\t\t\t\t<\/div>\n\t\t\t\t<div class=\"elementor-element elementor-element-b35c5ec elementor-widget elementor-widget-text-editor\" data-id=\"b35c5ec\" data-element_type=\"widget\" data-e-type=\"widget\" data-widget_type=\"text-editor.default\">\n\t\t\t\t<div class=\"elementor-widget-container\">\n\t\t\t\t\t\t\t\t\tDe plus, senseFly propose une gamme compl\u00e8te de cam\u00e9ras hautement sp\u00e9cialis\u00e9es pour l\u2019eBee X. La senseFly S.O.D.A. dispose d\u2019une option de corridor lin\u00e9aire pour la cartographie efficace de zones longiformes. La senseFly Aeria X est une cam\u00e9ra photogramm\u00e9trique qui offre des d\u00e9tails d\u2019images impressionnants dans presque toutes les conditions d\u2019\u00e9clairage. La nouveaut\u00e9 est la cam\u00e9ra 3D senseFly S.O.D.A. : un capteur photogramm\u00e9trique unique capable de changer son orientation en vol pour capturer \u00e0 la fois des images au nadir et des images obliques.\t\t\t\t\t\t\t\t<\/div>\n\t\t\t\t<\/div>\n\t\t\t\t<div class=\"elementor-element elementor-element-057c149 elementor-widget elementor-widget-text-editor\" data-id=\"057c149\" data-element_type=\"widget\" data-e-type=\"widget\" data-widget_type=\"text-editor.default\">\n\t\t\t\t<div class=\"elementor-widget-container\">\n\t\t\t\t\t\t\t\t\tLe logiciel eMotion, d\u00e9velopp\u00e9 pour la gamme de produits senseFly (et inclus dans la livraison), permet \u00e0 l'utilisateur de planifier, d'effectuer et de g\u00e9rer les vols. Depuis eMotion, les donn\u00e9es saisies peuvent \u00eatre transf\u00e9r\u00e9es en quelques clics vers d'autres applications pour \u00eatre \u00e9valu\u00e9es, trait\u00e9es et r\u00e9utilis\u00e9es.\t\t\t\t\t\t\t\t<\/div>\n\t\t\t\t<\/div>\n\t\t\t\t\t<\/div>\n\t\t<\/div>\n\t\t\t\t\t<\/div>\n\t\t<\/section>\n\t\t\t\t<section class=\"elementor-section elementor-top-section elementor-element elementor-element-e462347 elementor-section-full_width elementor-section-height-default elementor-section-height-default\" data-id=\"e462347\" data-element_type=\"section\" data-e-type=\"section\" data-settings=\"{&quot;background_background&quot;:&quot;classic&quot;}\">\n\t\t\t\t\t\t<div class=\"elementor-container elementor-column-gap-default\">\n\t\t\t\t\t<div class=\"elementor-column elementor-col-100 elementor-top-column elementor-element elementor-element-840ca6c\" data-id=\"840ca6c\" data-element_type=\"column\" data-e-type=\"column\">\n\t\t\t<div class=\"elementor-widget-wrap elementor-element-populated\">\n\t\t\t\t\t\t<div class=\"elementor-element elementor-element-509fc8d elementor-widget elementor-widget-heading\" data-id=\"509fc8d\" data-element_type=\"widget\" data-e-type=\"widget\" data-widget_type=\"heading.default\">\n\t\t\t\t<div class=\"elementor-widget-container\">\n\t\t\t\t\t<h2 class=\"elementor-heading-title elementor-size-default\">Caract\u00e9ristques<\/h2>\t\t\t\t<\/div>\n\t\t\t\t<\/div>\n\t\t\t\t<div class=\"elementor-element elementor-element-204275e elementor-widget-divider--view-line elementor-widget elementor-widget-divider\" data-id=\"204275e\" data-element_type=\"widget\" data-e-type=\"widget\" data-widget_type=\"divider.default\">\n\t\t\t\t<div class=\"elementor-widget-container\">\n\t\t\t\t\t\t\t<div class=\"elementor-divider\">\n\t\t\t<span class=\"elementor-divider-separator\">\n\t\t\t\t\t\t<\/span>\n\t\t<\/div>\n\t\t\t\t\t\t<\/div>\n\t\t\t\t<\/div>\n\t\t\t\t<div class=\"elementor-element elementor-element-3e003a9 elementor-widget elementor-widget-text-editor\" data-id=\"3e003a9\" data-element_type=\"widget\" data-e-type=\"widget\" data-widget_type=\"text-editor.default\">\n\t\t\t\t<div class=\"elementor-widget-container\">\n\t\t\t\t\t\t\t\t\t<ul><li>Coffre de transport : 56 x 56 x 28 cm<\/li><li>Poids: env. 1,4 kg<\/li><li>Largeur : 116 cm<\/li><li>R\u00e9sistance au vent jusqu\u2019\u00e0 45 km\/h<\/li><li>D\u00e9collage manuel et atterrissage automatique<\/li><li>Dur\u00e9e maximale de vol : 90 minutes<\/li><\/ul>\t\t\t\t\t\t\t\t<\/div>\n\t\t\t\t<\/div>\n\t\t\t\t<section class=\"elementor-section elementor-inner-section elementor-element elementor-element-fe649fc elementor-section-full_width elementor-section-height-default elementor-section-height-default\" data-id=\"fe649fc\" data-element_type=\"section\" data-e-type=\"section\">\n\t\t\t\t\t\t<div class=\"elementor-container elementor-column-gap-default\">\n\t\t\t\t\t<div class=\"elementor-column elementor-col-25 elementor-inner-column elementor-element elementor-element-b9e0a2f\" data-id=\"b9e0a2f\" data-element_type=\"column\" data-e-type=\"column\">\n\t\t\t<div class=\"elementor-widget-wrap elementor-element-populated\">\n\t\t\t\t\t\t<div class=\"elementor-element elementor-element-fd93857 elementor-align-justify elementor-widget elementor-widget-button\" data-id=\"fd93857\" data-element_type=\"widget\" data-e-type=\"widget\" data-widget_type=\"button.default\">\n\t\t\t\t<div class=\"elementor-widget-container\">\n\t\t\t\t\t\t\t\t\t<div class=\"elementor-button-wrapper\">\n\t\t\t\t\t<a class=\"elementor-button elementor-button-link elementor-size-sm\" href=\"https:\/\/www.sensefly.com\/drone\/ebee-x-fixed-wing-drone\/\" target=\"_blank\">\n\t\t\t\t\t\t<span class=\"elementor-button-content-wrapper\">\n\t\t\t\t\t\t\t\t\t<span class=\"elementor-button-text\">En savoir plus<\/span>\n\t\t\t\t\t<\/span>\n\t\t\t\t\t<\/a>\n\t\t\t\t<\/div>\n\t\t\t\t\t\t\t\t<\/div>\n\t\t\t\t<\/div>\n\t\t\t\t\t<\/div>\n\t\t<\/div>\n\t\t\t\t<div class=\"elementor-column elementor-col-25 elementor-inner-column elementor-element elementor-element-efe6695\" data-id=\"efe6695\" data-element_type=\"column\" data-e-type=\"column\">\n\t\t\t<div class=\"elementor-widget-wrap elementor-element-populated\">\n\t\t\t\t\t\t<div class=\"elementor-element elementor-element-f0119bf elementor-align-justify elementor-widget elementor-widget-button\" data-id=\"f0119bf\" data-element_type=\"widget\" data-e-type=\"widget\" data-widget_type=\"button.default\">\n\t\t\t\t<div class=\"elementor-widget-container\">\n\t\t\t\t\t\t\t\t\t<div class=\"elementor-button-wrapper\">\n\t\t\t\t\t<a class=\"elementor-button elementor-button-link elementor-size-sm\" href=\"https:\/\/www.allnav.com\/fr\/klassenmarkierung-fuer-allnav-drohnen\/\" target=\"_blank\">\n\t\t\t\t\t\t<span class=\"elementor-button-content-wrapper\">\n\t\t\t\t\t\t\t\t\t<span class=\"elementor-button-text\">R\u00e9gulation des drones<\/span>\n\t\t\t\t\t<\/span>\n\t\t\t\t\t<\/a>\n\t\t\t\t<\/div>\n\t\t\t\t\t\t\t\t<\/div>\n\t\t\t\t<\/div>\n\t\t\t\t\t<\/div>\n\t\t<\/div>\n\t\t\t\t<div class=\"elementor-column elementor-col-25 elementor-inner-column elementor-element elementor-element-e2332fc\" data-id=\"e2332fc\" data-element_type=\"column\" data-e-type=\"column\">\n\t\t\t<div class=\"elementor-widget-wrap elementor-element-populated\">\n\t\t\t\t\t\t<div class=\"elementor-element elementor-element-938f2b9 elementor-align-justify elementor-widget elementor-widget-button\" data-id=\"938f2b9\" data-element_type=\"widget\" data-e-type=\"widget\" data-widget_type=\"button.default\">\n\t\t\t\t<div class=\"elementor-widget-container\">\n\t\t\t\t\t\t\t\t\t<div class=\"elementor-button-wrapper\">\n\t\t\t\t\t<a class=\"elementor-button elementor-button-link elementor-size-sm\" href=\"#elementor-action%3Aaction%3Dlightbox%26settings%3DeyJ0eXBlIjoidmlkZW8iLCJ2aWRlb1R5cGUiOiJ5b3V0dWJlIiwidXJsIjoiaHR0cHM6XC9cL3d3dy55b3V0dWJlLmNvbVwvZW1iZWRcL2JsVlFGMzR4SGM4P2ZlYXR1cmU9b2VtYmVkIn0%3D\" target=\"_blank\">\n\t\t\t\t\t\t<span class=\"elementor-button-content-wrapper\">\n\t\t\t\t\t\t\t\t\t<span class=\"elementor-button-text\">Vid\u00e9o<\/span>\n\t\t\t\t\t<\/span>\n\t\t\t\t\t<\/a>\n\t\t\t\t<\/div>\n\t\t\t\t\t\t\t\t<\/div>\n\t\t\t\t<\/div>\n\t\t\t\t\t<\/div>\n\t\t<\/div>\n\t\t\t\t<div class=\"elementor-column elementor-col-25 elementor-inner-column elementor-element elementor-element-561abe8\" data-id=\"561abe8\" data-element_type=\"column\" data-e-type=\"column\">\n\t\t\t<div class=\"elementor-widget-wrap\">\n\t\t\t\t\t\t\t<\/div>\n\t\t<\/div>\n\t\t\t\t\t<\/div>\n\t\t<\/section>\n\t\t\t\t\t<\/div>\n\t\t<\/div>\n\t\t\t\t\t<\/div>\n\t\t<\/section>\n\t\t\t\t<\/div>","protected":false},"excerpt":{"rendered":"<p>senseFly eBee X KARTIEREN OHNE GRENZEN Eine Flugdauer bis zu von 90 Minuten zur Erfassung von Fl\u00e4chen bis zu 500 Hektar mit einer Genauigkeit von bis zu 3 cm ohne Passpunkte \u2013 das sind einzigartigen Eckdaten der neuen eBee X von senseFly mit optionalem PPK\/RTK. Unterst\u00fctzt wird der Anwender durch zahlreiche Optionen und neue Softwarel\u00f6sungen, [&hellip;]<\/p>\n","protected":false},"author":1,"featured_media":0,"parent":4335,"menu_order":0,"comment_status":"closed","ping_status":"closed","template":"elementor_header_footer","meta":{"footnotes":""},"class_list":["post-4344","page","type-page","status-publish","hentry"],"yoast_head":"<!-- This site is optimized with the Yoast SEO Premium plugin v27.4 (Yoast SEO v27.4) - https:\/\/yoast.com\/product\/yoast-seo-premium-wordpress\/ -->\n<title>Ebee-x - ALLNAV<\/title>\n<meta name=\"description\" content=\"Flugdauer bis zu von 90 Minuten, Erfassung von Fl\u00e4chen bis zu 500 Hektar, eine Genauigkeit von bis zu 3 cm ohne Passpunkte: die Eckdaten der eBee X.\" \/>\n<meta name=\"robots\" content=\"index, follow, max-snippet:-1, max-image-preview:large, max-video-preview:-1\" \/>\n<link rel=\"canonical\" href=\"https:\/\/www.allnav.com\/fr\/produkte\/drohnen\/ebee-x\/\" \/>\n<meta property=\"og:locale\" content=\"fr_FR\" \/>\n<meta property=\"og:type\" content=\"article\" \/>\n<meta property=\"og:title\" content=\"ebee-X\" \/>\n<meta property=\"og:description\" content=\"Flugdauer bis zu von 90 Minuten, Erfassung von Fl\u00e4chen bis zu 500 Hektar, eine Genauigkeit von bis zu 3 cm ohne Passpunkte: die Eckdaten der eBee X.\" \/>\n<meta property=\"og:url\" content=\"https:\/\/www.allnav.com\/fr\/produkte\/drohnen\/ebee-x\/\" \/>\n<meta property=\"og:site_name\" content=\"ALLNAV\" \/>\n<meta property=\"article:modified_time\" content=\"2024-06-06T12:45:44+00:00\" \/>\n<meta property=\"og:image\" content=\"https:\/\/www.allnav.com\/wp-content\/uploads\/2020\/04\/eBee_X_Top.png\" \/>\n\t<meta property=\"og:image:width\" content=\"2000\" \/>\n\t<meta property=\"og:image:height\" content=\"1125\" \/>\n\t<meta property=\"og:image:type\" content=\"image\/png\" \/>\n<meta name=\"twitter:card\" content=\"summary_large_image\" \/>\n<meta name=\"twitter:title\" content=\"ebee-X\" \/>\n<meta name=\"twitter:description\" content=\"Flugdauer bis zu von 90 Minuten, Erfassung von Fl\u00e4chen bis zu 500 Hektar, eine Genauigkeit von bis zu 3 cm ohne Passpunkte: die Eckdaten der eBee X.\" \/>\n<meta name=\"twitter:image\" content=\"https:\/\/www.allnav.com\/wp-content\/uploads\/2020\/04\/eBee_X_Top.png\" \/>\n<meta name=\"twitter:label1\" content=\"Dur\u00e9e de lecture estim\u00e9e\" \/>\n\t<meta name=\"twitter:data1\" content=\"2 minutes\" \/>\n<script type=\"application\/ld+json\" class=\"yoast-schema-graph\">{\"@context\":\"https:\\\/\\\/schema.org\",\"@graph\":[{\"@type\":\"WebPage\",\"@id\":\"https:\\\/\\\/www.allnav.com\\\/produkte\\\/drohnen\\\/ebee-x\\\/\",\"url\":\"https:\\\/\\\/www.allnav.com\\\/produkte\\\/drohnen\\\/ebee-x\\\/\",\"name\":\"Ebee-x - ALLNAV\",\"isPartOf\":{\"@id\":\"https:\\\/\\\/www.allnav.com\\\/#website\"},\"primaryImageOfPage\":{\"@id\":\"https:\\\/\\\/www.allnav.com\\\/produkte\\\/drohnen\\\/ebee-x\\\/#primaryimage\"},\"image\":{\"@id\":\"https:\\\/\\\/www.allnav.com\\\/produkte\\\/drohnen\\\/ebee-x\\\/#primaryimage\"},\"thumbnailUrl\":\"https:\\\/\\\/www.allnav.com\\\/wp-content\\\/uploads\\\/2020\\\/04\\\/ebee-x-sensefly.jpg\",\"datePublished\":\"2020-04-20T13:59:22+00:00\",\"dateModified\":\"2024-06-06T12:45:44+00:00\",\"description\":\"Flugdauer bis zu von 90 Minuten, Erfassung von Fl\u00e4chen bis zu 500 Hektar, eine Genauigkeit von bis zu 3 cm ohne Passpunkte: die Eckdaten der eBee X.\",\"breadcrumb\":{\"@id\":\"https:\\\/\\\/www.allnav.com\\\/produkte\\\/drohnen\\\/ebee-x\\\/#breadcrumb\"},\"inLanguage\":\"fr-FR\",\"potentialAction\":[{\"@type\":\"ReadAction\",\"target\":[\"https:\\\/\\\/www.allnav.com\\\/produkte\\\/drohnen\\\/ebee-x\\\/\"]}]},{\"@type\":\"ImageObject\",\"inLanguage\":\"fr-FR\",\"@id\":\"https:\\\/\\\/www.allnav.com\\\/produkte\\\/drohnen\\\/ebee-x\\\/#primaryimage\",\"url\":\"https:\\\/\\\/www.allnav.com\\\/wp-content\\\/uploads\\\/2020\\\/04\\\/ebee-x-sensefly.jpg\",\"contentUrl\":\"https:\\\/\\\/www.allnav.com\\\/wp-content\\\/uploads\\\/2020\\\/04\\\/ebee-x-sensefly.jpg\"},{\"@type\":\"BreadcrumbList\",\"@id\":\"https:\\\/\\\/www.allnav.com\\\/produkte\\\/drohnen\\\/ebee-x\\\/#breadcrumb\",\"itemListElement\":[{\"@type\":\"ListItem\",\"position\":1,\"name\":\"Startseite\",\"item\":\"https:\\\/\\\/www.allnav.com\\\/\"},{\"@type\":\"ListItem\",\"position\":2,\"name\":\"Produkte\",\"item\":\"https:\\\/\\\/www.allnav.com\\\/produkte\\\/\"},{\"@type\":\"ListItem\",\"position\":3,\"name\":\"Drohnen\",\"item\":\"https:\\\/\\\/www.allnav.com\\\/produkte\\\/drohnen\\\/\"},{\"@type\":\"ListItem\",\"position\":4,\"name\":\"Ebee-x\"}]},{\"@type\":\"WebSite\",\"@id\":\"https:\\\/\\\/www.allnav.com\\\/#website\",\"url\":\"https:\\\/\\\/www.allnav.com\\\/\",\"name\":\"ALLNAV\",\"description\":\"L\u00f6sungen und Systeme f\u00fcr Vermessungsprofis\",\"publisher\":{\"@id\":\"https:\\\/\\\/www.allnav.com\\\/#organization\"},\"potentialAction\":[{\"@type\":\"SearchAction\",\"target\":{\"@type\":\"EntryPoint\",\"urlTemplate\":\"https:\\\/\\\/www.allnav.com\\\/?s={search_term_string}\"},\"query-input\":{\"@type\":\"PropertyValueSpecification\",\"valueRequired\":true,\"valueName\":\"search_term_string\"}}],\"inLanguage\":\"fr-FR\"},{\"@type\":\"Organization\",\"@id\":\"https:\\\/\\\/www.allnav.com\\\/#organization\",\"name\":\"ALLNAV\",\"url\":\"https:\\\/\\\/www.allnav.com\\\/\",\"logo\":{\"@type\":\"ImageObject\",\"inLanguage\":\"fr-FR\",\"@id\":\"https:\\\/\\\/www.allnav.com\\\/#\\\/schema\\\/logo\\\/image\\\/\",\"url\":\"https:\\\/\\\/www.allnav.com\\\/wp-content\\\/uploads\\\/2020\\\/01\\\/allnav.png\",\"contentUrl\":\"https:\\\/\\\/www.allnav.com\\\/wp-content\\\/uploads\\\/2020\\\/01\\\/allnav.png\",\"width\":506,\"height\":152,\"caption\":\"ALLNAV\"},\"image\":{\"@id\":\"https:\\\/\\\/www.allnav.com\\\/#\\\/schema\\\/logo\\\/image\\\/\"}}]}<\/script>\n<!-- \/ Yoast SEO Premium plugin. -->","yoast_head_json":{"title":"Ebee-x - ALLNAV","description":"Flugdauer bis zu von 90 Minuten, Erfassung von Fl\u00e4chen bis zu 500 Hektar, eine Genauigkeit von bis zu 3 cm ohne Passpunkte: die Eckdaten der eBee X.","robots":{"index":"index","follow":"follow","max-snippet":"max-snippet:-1","max-image-preview":"max-image-preview:large","max-video-preview":"max-video-preview:-1"},"canonical":"https:\/\/www.allnav.com\/fr\/produkte\/drohnen\/ebee-x\/","og_locale":"fr_FR","og_type":"article","og_title":"ebee-X","og_description":"Flugdauer bis zu von 90 Minuten, Erfassung von Fl\u00e4chen bis zu 500 Hektar, eine Genauigkeit von bis zu 3 cm ohne Passpunkte: die Eckdaten der eBee X.","og_url":"https:\/\/www.allnav.com\/fr\/produkte\/drohnen\/ebee-x\/","og_site_name":"ALLNAV","article_modified_time":"2024-06-06T12:45:44+00:00","og_image":[{"width":2000,"height":1125,"url":"https:\/\/www.allnav.com\/wp-content\/uploads\/2020\/04\/eBee_X_Top.png","type":"image\/png"}],"twitter_card":"summary_large_image","twitter_title":"ebee-X","twitter_description":"Flugdauer bis zu von 90 Minuten, Erfassung von Fl\u00e4chen bis zu 500 Hektar, eine Genauigkeit von bis zu 3 cm ohne Passpunkte: die Eckdaten der eBee X.","twitter_image":"https:\/\/www.allnav.com\/wp-content\/uploads\/2020\/04\/eBee_X_Top.png","twitter_misc":{"Dur\u00e9e de lecture estim\u00e9e":"2 minutes"},"schema":{"@context":"https:\/\/schema.org","@graph":[{"@type":"WebPage","@id":"https:\/\/www.allnav.com\/produkte\/drohnen\/ebee-x\/","url":"https:\/\/www.allnav.com\/produkte\/drohnen\/ebee-x\/","name":"Ebee-x - ALLNAV","isPartOf":{"@id":"https:\/\/www.allnav.com\/#website"},"primaryImageOfPage":{"@id":"https:\/\/www.allnav.com\/produkte\/drohnen\/ebee-x\/#primaryimage"},"image":{"@id":"https:\/\/www.allnav.com\/produkte\/drohnen\/ebee-x\/#primaryimage"},"thumbnailUrl":"https:\/\/www.allnav.com\/wp-content\/uploads\/2020\/04\/ebee-x-sensefly.jpg","datePublished":"2020-04-20T13:59:22+00:00","dateModified":"2024-06-06T12:45:44+00:00","description":"Flugdauer bis zu von 90 Minuten, Erfassung von Fl\u00e4chen bis zu 500 Hektar, eine Genauigkeit von bis zu 3 cm ohne Passpunkte: die Eckdaten der eBee X.","breadcrumb":{"@id":"https:\/\/www.allnav.com\/produkte\/drohnen\/ebee-x\/#breadcrumb"},"inLanguage":"fr-FR","potentialAction":[{"@type":"ReadAction","target":["https:\/\/www.allnav.com\/produkte\/drohnen\/ebee-x\/"]}]},{"@type":"ImageObject","inLanguage":"fr-FR","@id":"https:\/\/www.allnav.com\/produkte\/drohnen\/ebee-x\/#primaryimage","url":"https:\/\/www.allnav.com\/wp-content\/uploads\/2020\/04\/ebee-x-sensefly.jpg","contentUrl":"https:\/\/www.allnav.com\/wp-content\/uploads\/2020\/04\/ebee-x-sensefly.jpg"},{"@type":"BreadcrumbList","@id":"https:\/\/www.allnav.com\/produkte\/drohnen\/ebee-x\/#breadcrumb","itemListElement":[{"@type":"ListItem","position":1,"name":"Startseite","item":"https:\/\/www.allnav.com\/"},{"@type":"ListItem","position":2,"name":"Produkte","item":"https:\/\/www.allnav.com\/produkte\/"},{"@type":"ListItem","position":3,"name":"Drohnen","item":"https:\/\/www.allnav.com\/produkte\/drohnen\/"},{"@type":"ListItem","position":4,"name":"Ebee-x"}]},{"@type":"WebSite","@id":"https:\/\/www.allnav.com\/#website","url":"https:\/\/www.allnav.com\/","name":"ALLNAV","description":"L\u00f6sungen und Systeme f\u00fcr Vermessungsprofis","publisher":{"@id":"https:\/\/www.allnav.com\/#organization"},"potentialAction":[{"@type":"SearchAction","target":{"@type":"EntryPoint","urlTemplate":"https:\/\/www.allnav.com\/?s={search_term_string}"},"query-input":{"@type":"PropertyValueSpecification","valueRequired":true,"valueName":"search_term_string"}}],"inLanguage":"fr-FR"},{"@type":"Organization","@id":"https:\/\/www.allnav.com\/#organization","name":"ALLNAV","url":"https:\/\/www.allnav.com\/","logo":{"@type":"ImageObject","inLanguage":"fr-FR","@id":"https:\/\/www.allnav.com\/#\/schema\/logo\/image\/","url":"https:\/\/www.allnav.com\/wp-content\/uploads\/2020\/01\/allnav.png","contentUrl":"https:\/\/www.allnav.com\/wp-content\/uploads\/2020\/01\/allnav.png","width":506,"height":152,"caption":"ALLNAV"},"image":{"@id":"https:\/\/www.allnav.com\/#\/schema\/logo\/image\/"}}]}},"_links":{"self":[{"href":"https:\/\/www.allnav.com\/fr\/wp-json\/wp\/v2\/pages\/4344","targetHints":{"allow":["GET"]}}],"collection":[{"href":"https:\/\/www.allnav.com\/fr\/wp-json\/wp\/v2\/pages"}],"about":[{"href":"https:\/\/www.allnav.com\/fr\/wp-json\/wp\/v2\/types\/page"}],"author":[{"embeddable":true,"href":"https:\/\/www.allnav.com\/fr\/wp-json\/wp\/v2\/users\/1"}],"replies":[{"embeddable":true,"href":"https:\/\/www.allnav.com\/fr\/wp-json\/wp\/v2\/comments?post=4344"}],"version-history":[{"count":0,"href":"https:\/\/www.allnav.com\/fr\/wp-json\/wp\/v2\/pages\/4344\/revisions"}],"up":[{"embeddable":true,"href":"https:\/\/www.allnav.com\/fr\/wp-json\/wp\/v2\/pages\/4335"}],"wp:attachment":[{"href":"https:\/\/www.allnav.com\/fr\/wp-json\/wp\/v2\/media?parent=4344"}],"curies":[{"name":"wp","href":"https:\/\/api.w.org\/{rel}","templated":true}]}}