{"id":4384,"date":"2020-04-20T09:06:19","date_gmt":"2020-04-20T07:06:19","guid":{"rendered":"\/?page_id=4384"},"modified":"2025-01-06T14:51:22","modified_gmt":"2025-01-06T13:51:22","slug":"mx-auswertesoftware","status":"publish","type":"page","link":"https:\/\/www.allnav.com\/fr\/produkte\/mobile-mapping\/mx-auswertesoftware\/","title":{"rendered":"MX-Auswertesoftware"},"content":{"rendered":"<div data-elementor-type=\"wp-page\" data-elementor-id=\"4384\" class=\"elementor elementor-4384\" data-elementor-post-type=\"page\">\n\t\t\t\t\t\t<section class=\"elementor-section elementor-top-section elementor-element elementor-element-d6614de elementor-section-full_width elementor-reverse-mobile elementor-section-height-default elementor-section-height-default\" data-id=\"d6614de\" data-element_type=\"section\" data-e-type=\"section\">\n\t\t\t\t\t\t<div class=\"elementor-container elementor-column-gap-default\">\n\t\t\t\t\t<div class=\"elementor-column elementor-col-33 elementor-top-column elementor-element elementor-element-dfcd27e\" data-id=\"dfcd27e\" data-element_type=\"column\" data-e-type=\"column\">\n\t\t\t<div class=\"elementor-widget-wrap elementor-element-populated\">\n\t\t\t\t\t\t<div class=\"elementor-element elementor-element-d008e9b elementor-widget elementor-widget-image\" data-id=\"d008e9b\" data-element_type=\"widget\" data-e-type=\"widget\" data-widget_type=\"image.default\">\n\t\t\t\t<div class=\"elementor-widget-container\">\n\t\t\t\t\t\t\t\t\t\t\t\t\t\t\t\t<a href=\"https:\/\/www.allnav.com\/wp-content\/uploads\/2020\/04\/MX-Software-1_0-1.png\" data-elementor-open-lightbox=\"yes\" data-elementor-lightbox-title=\"MX Software\" data-elementor-lightbox-description=\"MX Software\" data-e-action-hash=\"#elementor-action%3Aaction%3Dlightbox%26settings%3DeyJpZCI6NDM1OCwidXJsIjoiaHR0cHM6XC9cL3d3dy5hbGxuYXYuY29tXC93cC1jb250ZW50XC91cGxvYWRzXC8yMDIwXC8wNFwvTVgtU29mdHdhcmUtMV8wLTEucG5nIn0%3D\">\n\t\t\t\t\t\t\t<img decoding=\"async\" width=\"220\" height=\"191\" src=\"https:\/\/www.allnav.com\/wp-content\/uploads\/2020\/04\/MX-Software-1_0-1.png\" class=\"attachment-large size-large wp-image-4358\" alt=\"MX Software\" \/>\t\t\t\t\t\t\t\t<\/a>\n\t\t\t\t\t\t\t\t\t\t\t\t\t\t\t<\/div>\n\t\t\t\t<\/div>\n\t\t\t\t\t<\/div>\n\t\t<\/div>\n\t\t\t\t<div class=\"elementor-column elementor-col-66 elementor-top-column elementor-element elementor-element-2a26644\" data-id=\"2a26644\" data-element_type=\"column\" data-e-type=\"column\">\n\t\t\t<div class=\"elementor-widget-wrap elementor-element-populated\">\n\t\t\t\t\t\t<div class=\"elementor-element elementor-element-28142fa elementor-widget elementor-widget-heading\" data-id=\"28142fa\" data-element_type=\"widget\" data-e-type=\"widget\" data-widget_type=\"heading.default\">\n\t\t\t\t<div class=\"elementor-widget-container\">\n\t\t\t\t\t<h1 class=\"elementor-heading-title elementor-size-default\">Logiciel de Bureau Trimble MX<\/h1>\t\t\t\t<\/div>\n\t\t\t\t<\/div>\n\t\t\t\t<div class=\"elementor-element elementor-element-566382a elementor-widget-divider--view-line elementor-widget elementor-widget-divider\" data-id=\"566382a\" data-element_type=\"widget\" data-e-type=\"widget\" data-widget_type=\"divider.default\">\n\t\t\t\t<div class=\"elementor-widget-container\">\n\t\t\t\t\t\t\t<div class=\"elementor-divider\">\n\t\t\t<span class=\"elementor-divider-separator\">\n\t\t\t\t\t\t<\/span>\n\t\t<\/div>\n\t\t\t\t\t\t<\/div>\n\t\t\t\t<\/div>\n\t\t\t\t<div class=\"elementor-element elementor-element-9fd83dc elementor-widget elementor-widget-heading\" data-id=\"9fd83dc\" data-element_type=\"widget\" data-e-type=\"widget\" data-widget_type=\"heading.default\">\n\t\t\t\t<div class=\"elementor-widget-container\">\n\t\t\t\t\t<h3 class=\"elementor-heading-title elementor-size-default\">ANALYSER LES DONN\u00c9ES CARTOGRAPHIQUES MOBILES DE MANI\u00c8RE SIMPLE, EFFICACE ET INTELLIGENTE<\/h3>\t\t\t\t<\/div>\n\t\t\t\t<\/div>\n\t\t\t\t<div class=\"elementor-element elementor-element-3b685fe elementor-widget elementor-widget-text-editor\" data-id=\"3b685fe\" data-element_type=\"widget\" data-e-type=\"widget\" data-widget_type=\"text-editor.default\">\n\t\t\t\t<div class=\"elementor-widget-container\">\n\t\t\t\t\t\t\t\t\tTrimble MX prend en charge et traite une grande diversit\u00e9 de donn\u00e9es de cartographie mobile \u2014images seules, panoramiques, nuages de points. Les \u00e9l\u00e9ments peuvent \u00eatre analys\u00e9s manuellement ou semi-automatiquement, enrichis avec des attributs et enregistr\u00e9s dans n\u2019importe quel format de fichier ou base de donn\u00e9es. Les donn\u00e9es enregistr\u00e9es et les \u00e9l\u00e9ments cr\u00e9\u00e9s peuvent \u00eatre publi\u00e9s et trait\u00e9s ult\u00e9rieurement via une plate-forme Web.\t\t\t\t\t\t\t\t<\/div>\n\t\t\t\t<\/div>\n\t\t\t\t\t<\/div>\n\t\t<\/div>\n\t\t\t\t\t<\/div>\n\t\t<\/section>\n\t\t\t\t<section class=\"elementor-section elementor-top-section elementor-element elementor-element-b5b8a3f elementor-section-full_width elementor-section-height-default elementor-section-height-default\" data-id=\"b5b8a3f\" data-element_type=\"section\" data-e-type=\"section\" data-settings=\"{&quot;background_background&quot;:&quot;classic&quot;}\">\n\t\t\t\t\t\t<div class=\"elementor-container elementor-column-gap-default\">\n\t\t\t\t\t<div class=\"elementor-column elementor-col-100 elementor-top-column elementor-element elementor-element-c802af2\" data-id=\"c802af2\" data-element_type=\"column\" data-e-type=\"column\">\n\t\t\t<div class=\"elementor-widget-wrap elementor-element-populated\">\n\t\t\t\t\t\t<div class=\"elementor-element elementor-element-e0920d3 elementor-widget elementor-widget-heading\" data-id=\"e0920d3\" data-element_type=\"widget\" data-e-type=\"widget\" data-widget_type=\"heading.default\">\n\t\t\t\t<div class=\"elementor-widget-container\">\n\t\t\t\t\t<h2 class=\"elementor-heading-title elementor-size-default\">Caract\u00e9ristques<\/h2>\t\t\t\t<\/div>\n\t\t\t\t<\/div>\n\t\t\t\t<div class=\"elementor-element elementor-element-0284e05 elementor-widget-divider--view-line elementor-widget elementor-widget-divider\" data-id=\"0284e05\" data-element_type=\"widget\" data-e-type=\"widget\" data-widget_type=\"divider.default\">\n\t\t\t\t<div class=\"elementor-widget-container\">\n\t\t\t\t\t\t\t<div class=\"elementor-divider\">\n\t\t\t<span class=\"elementor-divider-separator\">\n\t\t\t\t\t\t<\/span>\n\t\t<\/div>\n\t\t\t\t\t\t<\/div>\n\t\t\t\t<\/div>\n\t\t\t\t<div class=\"elementor-element elementor-element-fd89303 elementor-widget elementor-widget-text-editor\" data-id=\"fd89303\" data-element_type=\"widget\" data-e-type=\"widget\" data-widget_type=\"text-editor.default\">\n\t\t\t\t<div class=\"elementor-widget-container\">\n\t\t\t\t\t\t\t\t\t<ul><li>Trimble MX Content Manager nettoie et organise efficacement les donn\u00e9es pour produire des livrables<\/li><li>Trimble MX Asset Modeler extrait en toute facilit\u00e9 les entit\u00e9s et les mesures afin d\u2019alimenter les bases de donn\u00e9es g\u00e9ographiques et autres syst\u00e8mes d\u2019enregistrement<\/li><li>Trimble MX Publisher simplifie le partage des r\u00e9sultats de cartographie mobile avec les parties prenantes du projet<\/li><li>Les plug-ins de Trimble MX Publisher facilitent l\u2019acc\u00e8s aux donn\u00e9es de cartographie mobile depuis de nombreux environnements SIG et CAO connus<\/li><\/ul>\t\t\t\t\t\t\t\t<\/div>\n\t\t\t\t<\/div>\n\t\t\t\t<section class=\"elementor-section elementor-inner-section elementor-element elementor-element-7616071 elementor-section-full_width elementor-section-height-default elementor-section-height-default\" data-id=\"7616071\" data-element_type=\"section\" data-e-type=\"section\">\n\t\t\t\t\t\t<div class=\"elementor-container elementor-column-gap-default\">\n\t\t\t\t\t<div class=\"elementor-column elementor-col-25 elementor-inner-column elementor-element elementor-element-2ea6494\" data-id=\"2ea6494\" data-element_type=\"column\" data-e-type=\"column\">\n\t\t\t<div class=\"elementor-widget-wrap elementor-element-populated\">\n\t\t\t\t\t\t<div class=\"elementor-element elementor-element-08a67aa elementor-align-justify elementor-widget elementor-widget-button\" data-id=\"08a67aa\" data-element_type=\"widget\" data-e-type=\"widget\" data-widget_type=\"button.default\">\n\t\t\t\t<div class=\"elementor-widget-container\">\n\t\t\t\t\t\t\t\t\t<div class=\"elementor-button-wrapper\">\n\t\t\t\t\t<a class=\"elementor-button elementor-button-link elementor-size-sm\" href=\"https:\/\/www.allnav.com\/wp-content\/uploads\/2025\/01\/022516-285B-DEU_Trimble-MX-Software_TS_A4_0320_LRsec.pdf\" target=\"_blank\">\n\t\t\t\t\t\t<span class=\"elementor-button-content-wrapper\">\n\t\t\t\t\t\t\t\t\t<span class=\"elementor-button-text\">Fiche Technique<\/span>\n\t\t\t\t\t<\/span>\n\t\t\t\t\t<\/a>\n\t\t\t\t<\/div>\n\t\t\t\t\t\t\t\t<\/div>\n\t\t\t\t<\/div>\n\t\t\t\t\t<\/div>\n\t\t<\/div>\n\t\t\t\t<div class=\"elementor-column elementor-col-25 elementor-inner-column elementor-element elementor-element-7b9f36b\" data-id=\"7b9f36b\" data-element_type=\"column\" data-e-type=\"column\">\n\t\t\t<div class=\"elementor-widget-wrap elementor-element-populated\">\n\t\t\t\t\t\t<div class=\"elementor-element elementor-element-819abbe elementor-align-justify elementor-widget elementor-widget-button\" data-id=\"819abbe\" data-element_type=\"widget\" data-e-type=\"widget\" data-widget_type=\"button.default\">\n\t\t\t\t<div class=\"elementor-widget-container\">\n\t\t\t\t\t\t\t\t\t<div class=\"elementor-button-wrapper\">\n\t\t\t\t\t<a class=\"elementor-button elementor-button-link elementor-size-sm\" href=\"https:\/\/geospatial.trimble.com\/en\/products\/software\/trimble-mx\" target=\"_blank\">\n\t\t\t\t\t\t<span class=\"elementor-button-content-wrapper\">\n\t\t\t\t\t\t\t\t\t<span class=\"elementor-button-text\">En savoir plus<\/span>\n\t\t\t\t\t<\/span>\n\t\t\t\t\t<\/a>\n\t\t\t\t<\/div>\n\t\t\t\t\t\t\t\t<\/div>\n\t\t\t\t<\/div>\n\t\t\t\t\t<\/div>\n\t\t<\/div>\n\t\t\t\t<div class=\"elementor-column elementor-col-25 elementor-inner-column elementor-element elementor-element-f16ea01\" data-id=\"f16ea01\" data-element_type=\"column\" data-e-type=\"column\">\n\t\t\t<div class=\"elementor-widget-wrap\">\n\t\t\t\t\t\t\t<\/div>\n\t\t<\/div>\n\t\t\t\t<div class=\"elementor-column elementor-col-25 elementor-inner-column elementor-element elementor-element-d1956a7\" data-id=\"d1956a7\" data-element_type=\"column\" data-e-type=\"column\">\n\t\t\t<div class=\"elementor-widget-wrap\">\n\t\t\t\t\t\t\t<\/div>\n\t\t<\/div>\n\t\t\t\t\t<\/div>\n\t\t<\/section>\n\t\t\t\t\t<\/div>\n\t\t<\/div>\n\t\t\t\t\t<\/div>\n\t\t<\/section>\n\t\t\t\t<\/div>","protected":false},"excerpt":{"rendered":"<p>Trimble MX-Auswertesoftware MOBILE MAPPING DATEN EINFACH, EFFIZIENT UND INTELLIGENT AUSWERTEN Die Trimble MX-Software unterst\u00fctzt eine Vielzahl von Mobile-Mapping-Daten. Punktwolken, Panorama- und Einzelbilder werden f\u00fcr die Auswertung aufbereitet. Elemente k\u00f6nnen manuell oder semi-automatisch ausgewertet, mit Attributen versehen und in beliebige Dateiformate oder Datenbanken gespeichert werden. Erfasste Daten und ausgewertete Elemente k\u00f6nnen \u00fcber eine Webplattform publiziert und [&hellip;]<\/p>\n","protected":false},"author":1,"featured_media":0,"parent":4351,"menu_order":0,"comment_status":"closed","ping_status":"closed","template":"elementor_header_footer","meta":{"footnotes":""},"class_list":["post-4384","page","type-page","status-publish","hentry"],"yoast_head":"<!-- This site is optimized with the Yoast SEO Premium plugin v25.3.1 (Yoast SEO v27.3) - https:\/\/yoast.com\/product\/yoast-seo-premium-wordpress\/ -->\n<title>MX-Auswertesoftware - ALLNAV<\/title>\n<meta name=\"description\" content=\"Die Trimble MX-Software unterst\u00fctzt eine Vielzahl von Mobile-Mapping-Daten, die zur Auswertung aufbereitet werden.\" \/>\n<meta name=\"robots\" content=\"index, follow, max-snippet:-1, max-image-preview:large, max-video-preview:-1\" \/>\n<link rel=\"canonical\" href=\"https:\/\/www.allnav.com\/fr\/produkte\/mobile-mapping\/mx-auswertesoftware\/\" \/>\n<meta property=\"og:locale\" content=\"fr_FR\" \/>\n<meta property=\"og:type\" content=\"article\" \/>\n<meta property=\"og:title\" content=\"MX-Auswertesoftware\" \/>\n<meta property=\"og:description\" content=\"Die Trimble MX-Software unterst\u00fctzt eine Vielzahl von Mobile-Mapping-Daten, die zur Auswertung aufbereitet werden.\" \/>\n<meta property=\"og:url\" content=\"https:\/\/www.allnav.com\/fr\/produkte\/mobile-mapping\/mx-auswertesoftware\/\" \/>\n<meta property=\"og:site_name\" content=\"ALLNAV\" \/>\n<meta property=\"article:modified_time\" content=\"2025-01-06T13:51:22+00:00\" \/>\n<meta property=\"og:image\" content=\"https:\/\/www.allnav.com\/wp-content\/uploads\/2020\/04\/TMX-Software2.jpg\" \/>\n\t<meta property=\"og:image:width\" content=\"480\" \/>\n\t<meta property=\"og:image:height\" content=\"267\" \/>\n\t<meta property=\"og:image:type\" content=\"image\/jpeg\" \/>\n<meta name=\"twitter:card\" content=\"summary_large_image\" \/>\n<meta name=\"twitter:title\" content=\"MX-Auswertesoftware\" \/>\n<meta name=\"twitter:description\" content=\"Die Trimble MX-Software unterst\u00fctzt eine Vielzahl von Mobile-Mapping-Daten, die zur Auswertung aufbereitet werden.\" \/>\n<meta name=\"twitter:image\" content=\"https:\/\/www.allnav.com\/wp-content\/uploads\/2020\/04\/TMX-Software2.jpg\" \/>\n<meta name=\"twitter:label1\" content=\"Dur\u00e9e de lecture estim\u00e9e\" \/>\n\t<meta name=\"twitter:data1\" content=\"1 minute\" \/>\n<script type=\"application\/ld+json\" class=\"yoast-schema-graph\">{\"@context\":\"https:\\\/\\\/schema.org\",\"@graph\":[{\"@type\":\"WebPage\",\"@id\":\"https:\\\/\\\/www.allnav.com\\\/produkte\\\/mobile-mapping\\\/mx-auswertesoftware\\\/\",\"url\":\"https:\\\/\\\/www.allnav.com\\\/produkte\\\/mobile-mapping\\\/mx-auswertesoftware\\\/\",\"name\":\"MX-Auswertesoftware - ALLNAV\",\"isPartOf\":{\"@id\":\"https:\\\/\\\/www.allnav.com\\\/#website\"},\"primaryImageOfPage\":{\"@id\":\"https:\\\/\\\/www.allnav.com\\\/produkte\\\/mobile-mapping\\\/mx-auswertesoftware\\\/#primaryimage\"},\"image\":{\"@id\":\"https:\\\/\\\/www.allnav.com\\\/produkte\\\/mobile-mapping\\\/mx-auswertesoftware\\\/#primaryimage\"},\"thumbnailUrl\":\"https:\\\/\\\/www.allnav.com\\\/wp-content\\\/uploads\\\/2020\\\/04\\\/MX-Software-1_0-1.png\",\"datePublished\":\"2020-04-20T07:06:19+00:00\",\"dateModified\":\"2025-01-06T13:51:22+00:00\",\"description\":\"Die Trimble MX-Software unterst\u00fctzt eine Vielzahl von Mobile-Mapping-Daten, die zur Auswertung aufbereitet werden.\",\"breadcrumb\":{\"@id\":\"https:\\\/\\\/www.allnav.com\\\/produkte\\\/mobile-mapping\\\/mx-auswertesoftware\\\/#breadcrumb\"},\"inLanguage\":\"fr-FR\",\"potentialAction\":[{\"@type\":\"ReadAction\",\"target\":[\"https:\\\/\\\/www.allnav.com\\\/produkte\\\/mobile-mapping\\\/mx-auswertesoftware\\\/\"]}]},{\"@type\":\"ImageObject\",\"inLanguage\":\"fr-FR\",\"@id\":\"https:\\\/\\\/www.allnav.com\\\/produkte\\\/mobile-mapping\\\/mx-auswertesoftware\\\/#primaryimage\",\"url\":\"https:\\\/\\\/www.allnav.com\\\/wp-content\\\/uploads\\\/2020\\\/04\\\/MX-Software-1_0-1.png\",\"contentUrl\":\"https:\\\/\\\/www.allnav.com\\\/wp-content\\\/uploads\\\/2020\\\/04\\\/MX-Software-1_0-1.png\"},{\"@type\":\"BreadcrumbList\",\"@id\":\"https:\\\/\\\/www.allnav.com\\\/produkte\\\/mobile-mapping\\\/mx-auswertesoftware\\\/#breadcrumb\",\"itemListElement\":[{\"@type\":\"ListItem\",\"position\":1,\"name\":\"Startseite\",\"item\":\"https:\\\/\\\/www.allnav.com\\\/\"},{\"@type\":\"ListItem\",\"position\":2,\"name\":\"Produkte\",\"item\":\"https:\\\/\\\/www.allnav.com\\\/produkte\\\/\"},{\"@type\":\"ListItem\",\"position\":3,\"name\":\"Mobile Mapping\",\"item\":\"https:\\\/\\\/www.allnav.com\\\/produkte\\\/mobile-mapping\\\/\"},{\"@type\":\"ListItem\",\"position\":4,\"name\":\"MX-Auswertesoftware\"}]},{\"@type\":\"WebSite\",\"@id\":\"https:\\\/\\\/www.allnav.com\\\/#website\",\"url\":\"https:\\\/\\\/www.allnav.com\\\/\",\"name\":\"ALLNAV\",\"description\":\"L\u00f6sungen und Systeme f\u00fcr Vermessungsprofis\",\"publisher\":{\"@id\":\"https:\\\/\\\/www.allnav.com\\\/#organization\"},\"potentialAction\":[{\"@type\":\"SearchAction\",\"target\":{\"@type\":\"EntryPoint\",\"urlTemplate\":\"https:\\\/\\\/www.allnav.com\\\/?s={search_term_string}\"},\"query-input\":{\"@type\":\"PropertyValueSpecification\",\"valueRequired\":true,\"valueName\":\"search_term_string\"}}],\"inLanguage\":\"fr-FR\"},{\"@type\":\"Organization\",\"@id\":\"https:\\\/\\\/www.allnav.com\\\/#organization\",\"name\":\"ALLNAV\",\"url\":\"https:\\\/\\\/www.allnav.com\\\/\",\"logo\":{\"@type\":\"ImageObject\",\"inLanguage\":\"fr-FR\",\"@id\":\"https:\\\/\\\/www.allnav.com\\\/#\\\/schema\\\/logo\\\/image\\\/\",\"url\":\"https:\\\/\\\/www.allnav.com\\\/wp-content\\\/uploads\\\/2020\\\/01\\\/allnav.png\",\"contentUrl\":\"https:\\\/\\\/www.allnav.com\\\/wp-content\\\/uploads\\\/2020\\\/01\\\/allnav.png\",\"width\":506,\"height\":152,\"caption\":\"ALLNAV\"},\"image\":{\"@id\":\"https:\\\/\\\/www.allnav.com\\\/#\\\/schema\\\/logo\\\/image\\\/\"}}]}<\/script>\n<!-- \/ Yoast SEO Premium plugin. -->","yoast_head_json":{"title":"MX-Auswertesoftware - ALLNAV","description":"Die Trimble MX-Software unterst\u00fctzt eine Vielzahl von Mobile-Mapping-Daten, die zur Auswertung aufbereitet werden.","robots":{"index":"index","follow":"follow","max-snippet":"max-snippet:-1","max-image-preview":"max-image-preview:large","max-video-preview":"max-video-preview:-1"},"canonical":"https:\/\/www.allnav.com\/fr\/produkte\/mobile-mapping\/mx-auswertesoftware\/","og_locale":"fr_FR","og_type":"article","og_title":"MX-Auswertesoftware","og_description":"Die Trimble MX-Software unterst\u00fctzt eine Vielzahl von Mobile-Mapping-Daten, die zur Auswertung aufbereitet werden.","og_url":"https:\/\/www.allnav.com\/fr\/produkte\/mobile-mapping\/mx-auswertesoftware\/","og_site_name":"ALLNAV","article_modified_time":"2025-01-06T13:51:22+00:00","og_image":[{"width":480,"height":267,"url":"https:\/\/www.allnav.com\/wp-content\/uploads\/2020\/04\/TMX-Software2.jpg","type":"image\/jpeg"}],"twitter_card":"summary_large_image","twitter_title":"MX-Auswertesoftware","twitter_description":"Die Trimble MX-Software unterst\u00fctzt eine Vielzahl von Mobile-Mapping-Daten, die zur Auswertung aufbereitet werden.","twitter_image":"https:\/\/www.allnav.com\/wp-content\/uploads\/2020\/04\/TMX-Software2.jpg","twitter_misc":{"Dur\u00e9e de lecture estim\u00e9e":"1 minute"},"schema":{"@context":"https:\/\/schema.org","@graph":[{"@type":"WebPage","@id":"https:\/\/www.allnav.com\/produkte\/mobile-mapping\/mx-auswertesoftware\/","url":"https:\/\/www.allnav.com\/produkte\/mobile-mapping\/mx-auswertesoftware\/","name":"MX-Auswertesoftware - ALLNAV","isPartOf":{"@id":"https:\/\/www.allnav.com\/#website"},"primaryImageOfPage":{"@id":"https:\/\/www.allnav.com\/produkte\/mobile-mapping\/mx-auswertesoftware\/#primaryimage"},"image":{"@id":"https:\/\/www.allnav.com\/produkte\/mobile-mapping\/mx-auswertesoftware\/#primaryimage"},"thumbnailUrl":"https:\/\/www.allnav.com\/wp-content\/uploads\/2020\/04\/MX-Software-1_0-1.png","datePublished":"2020-04-20T07:06:19+00:00","dateModified":"2025-01-06T13:51:22+00:00","description":"Die Trimble MX-Software unterst\u00fctzt eine Vielzahl von Mobile-Mapping-Daten, die zur Auswertung aufbereitet werden.","breadcrumb":{"@id":"https:\/\/www.allnav.com\/produkte\/mobile-mapping\/mx-auswertesoftware\/#breadcrumb"},"inLanguage":"fr-FR","potentialAction":[{"@type":"ReadAction","target":["https:\/\/www.allnav.com\/produkte\/mobile-mapping\/mx-auswertesoftware\/"]}]},{"@type":"ImageObject","inLanguage":"fr-FR","@id":"https:\/\/www.allnav.com\/produkte\/mobile-mapping\/mx-auswertesoftware\/#primaryimage","url":"https:\/\/www.allnav.com\/wp-content\/uploads\/2020\/04\/MX-Software-1_0-1.png","contentUrl":"https:\/\/www.allnav.com\/wp-content\/uploads\/2020\/04\/MX-Software-1_0-1.png"},{"@type":"BreadcrumbList","@id":"https:\/\/www.allnav.com\/produkte\/mobile-mapping\/mx-auswertesoftware\/#breadcrumb","itemListElement":[{"@type":"ListItem","position":1,"name":"Startseite","item":"https:\/\/www.allnav.com\/"},{"@type":"ListItem","position":2,"name":"Produkte","item":"https:\/\/www.allnav.com\/produkte\/"},{"@type":"ListItem","position":3,"name":"Mobile Mapping","item":"https:\/\/www.allnav.com\/produkte\/mobile-mapping\/"},{"@type":"ListItem","position":4,"name":"MX-Auswertesoftware"}]},{"@type":"WebSite","@id":"https:\/\/www.allnav.com\/#website","url":"https:\/\/www.allnav.com\/","name":"ALLNAV","description":"L\u00f6sungen und Systeme f\u00fcr Vermessungsprofis","publisher":{"@id":"https:\/\/www.allnav.com\/#organization"},"potentialAction":[{"@type":"SearchAction","target":{"@type":"EntryPoint","urlTemplate":"https:\/\/www.allnav.com\/?s={search_term_string}"},"query-input":{"@type":"PropertyValueSpecification","valueRequired":true,"valueName":"search_term_string"}}],"inLanguage":"fr-FR"},{"@type":"Organization","@id":"https:\/\/www.allnav.com\/#organization","name":"ALLNAV","url":"https:\/\/www.allnav.com\/","logo":{"@type":"ImageObject","inLanguage":"fr-FR","@id":"https:\/\/www.allnav.com\/#\/schema\/logo\/image\/","url":"https:\/\/www.allnav.com\/wp-content\/uploads\/2020\/01\/allnav.png","contentUrl":"https:\/\/www.allnav.com\/wp-content\/uploads\/2020\/01\/allnav.png","width":506,"height":152,"caption":"ALLNAV"},"image":{"@id":"https:\/\/www.allnav.com\/#\/schema\/logo\/image\/"}}]}},"_links":{"self":[{"href":"https:\/\/www.allnav.com\/fr\/wp-json\/wp\/v2\/pages\/4384","targetHints":{"allow":["GET"]}}],"collection":[{"href":"https:\/\/www.allnav.com\/fr\/wp-json\/wp\/v2\/pages"}],"about":[{"href":"https:\/\/www.allnav.com\/fr\/wp-json\/wp\/v2\/types\/page"}],"author":[{"embeddable":true,"href":"https:\/\/www.allnav.com\/fr\/wp-json\/wp\/v2\/users\/1"}],"replies":[{"embeddable":true,"href":"https:\/\/www.allnav.com\/fr\/wp-json\/wp\/v2\/comments?post=4384"}],"version-history":[{"count":19,"href":"https:\/\/www.allnav.com\/fr\/wp-json\/wp\/v2\/pages\/4384\/revisions"}],"predecessor-version":[{"id":18782,"href":"https:\/\/www.allnav.com\/fr\/wp-json\/wp\/v2\/pages\/4384\/revisions\/18782"}],"up":[{"embeddable":true,"href":"https:\/\/www.allnav.com\/fr\/wp-json\/wp\/v2\/pages\/4351"}],"wp:attachment":[{"href":"https:\/\/www.allnav.com\/fr\/wp-json\/wp\/v2\/media?parent=4384"}],"curies":[{"name":"wp","href":"https:\/\/api.w.org\/{rel}","templated":true}]}}