{"id":4839,"date":"2020-05-05T11:40:10","date_gmt":"2020-05-05T09:40:10","guid":{"rendered":"\/?page_id=4839"},"modified":"2025-05-27T09:09:53","modified_gmt":"2025-05-27T07:09:53","slug":"support","status":"publish","type":"page","link":"https:\/\/www.allnav.com\/fr\/dienstleistungen\/support\/","title":{"rendered":"Support"},"content":{"rendered":"<div data-elementor-type=\"wp-page\" data-elementor-id=\"4839\" class=\"elementor elementor-4839\" data-elementor-post-type=\"page\">\n\t\t\t\t\t\t<section class=\"elementor-section elementor-top-section elementor-element elementor-element-497b238 elementor-section-full_width elementor-reverse-mobile elementor-section-height-default elementor-section-height-default\" data-id=\"497b238\" data-element_type=\"section\" data-e-type=\"section\">\n\t\t\t\t\t\t<div class=\"elementor-container elementor-column-gap-default\">\n\t\t\t\t\t<div class=\"elementor-column elementor-col-33 elementor-top-column elementor-element elementor-element-2e5a6cc\" data-id=\"2e5a6cc\" data-element_type=\"column\" data-e-type=\"column\">\n\t\t\t<div class=\"elementor-widget-wrap elementor-element-populated\">\n\t\t\t\t\t\t<div class=\"elementor-element elementor-element-1a0ad2f elementor-widget elementor-widget-image\" data-id=\"1a0ad2f\" data-element_type=\"widget\" data-e-type=\"widget\" data-widget_type=\"image.default\">\n\t\t\t\t<div class=\"elementor-widget-container\">\n\t\t\t\t\t\t\t\t\t\t\t\t\t\t\t\t<a href=\"https:\/\/www.allnav.com\/wp-content\/uploads\/2024\/06\/allnav-support-thumb.jpg\" data-elementor-open-lightbox=\"yes\" data-elementor-lightbox-title=\"allnav-support-thumb\" data-e-action-hash=\"#elementor-action%3Aaction%3Dlightbox%26settings%3DeyJpZCI6MTUxMDgsInVybCI6Imh0dHBzOlwvXC93d3cuYWxsbmF2LmNvbVwvd3AtY29udGVudFwvdXBsb2Fkc1wvMjAyNFwvMDZcL2FsbG5hdi1zdXBwb3J0LXRodW1iLmpwZyJ9\">\n\t\t\t\t\t\t\t<img fetchpriority=\"high\" decoding=\"async\" width=\"800\" height=\"533\" src=\"https:\/\/www.allnav.com\/wp-content\/uploads\/2024\/06\/allnav-support-thumb-1024x682.jpg\" class=\"attachment-large size-large wp-image-15108\" alt=\"\" srcset=\"https:\/\/www.allnav.com\/wp-content\/uploads\/2024\/06\/allnav-support-thumb-1024x682.jpg 1024w, https:\/\/www.allnav.com\/wp-content\/uploads\/2024\/06\/allnav-support-thumb-300x200.jpg 300w, https:\/\/www.allnav.com\/wp-content\/uploads\/2024\/06\/allnav-support-thumb-768x512.jpg 768w, https:\/\/www.allnav.com\/wp-content\/uploads\/2024\/06\/allnav-support-thumb.jpg 1280w\" sizes=\"(max-width: 800px) 100vw, 800px\" \/>\t\t\t\t\t\t\t\t<\/a>\n\t\t\t\t\t\t\t\t\t\t\t\t\t\t\t<\/div>\n\t\t\t\t<\/div>\n\t\t\t\t\t<\/div>\n\t\t<\/div>\n\t\t\t\t<div class=\"elementor-column elementor-col-66 elementor-top-column elementor-element elementor-element-43bbfee\" data-id=\"43bbfee\" data-element_type=\"column\" data-e-type=\"column\">\n\t\t\t<div class=\"elementor-widget-wrap elementor-element-populated\">\n\t\t\t\t\t\t<div class=\"elementor-element elementor-element-0c137ca elementor-widget elementor-widget-heading\" data-id=\"0c137ca\" data-element_type=\"widget\" data-e-type=\"widget\" data-widget_type=\"heading.default\">\n\t\t\t\t<div class=\"elementor-widget-container\">\n\t\t\t\t\t<h1 class=\"elementor-heading-title elementor-size-default\">Support<\/h1>\t\t\t\t<\/div>\n\t\t\t\t<\/div>\n\t\t\t\t<div class=\"elementor-element elementor-element-7173487 elementor-widget-divider--view-line elementor-widget elementor-widget-divider\" data-id=\"7173487\" data-element_type=\"widget\" data-e-type=\"widget\" data-widget_type=\"divider.default\">\n\t\t\t\t<div class=\"elementor-widget-container\">\n\t\t\t\t\t\t\t<div class=\"elementor-divider\">\n\t\t\t<span class=\"elementor-divider-separator\">\n\t\t\t\t\t\t<\/span>\n\t\t<\/div>\n\t\t\t\t\t\t<\/div>\n\t\t\t\t<\/div>\n\t\t\t\t<div class=\"elementor-element elementor-element-5edbac4 elementor-widget elementor-widget-heading\" data-id=\"5edbac4\" data-element_type=\"widget\" data-e-type=\"widget\" data-widget_type=\"heading.default\">\n\t\t\t\t<div class=\"elementor-widget-container\">\n\t\t\t\t\t<h3 class=\"elementor-heading-title elementor-size-default\">Une \u00e9quipe forte, des employ\u00e9s bien form\u00e9s et une comp\u00e9tence professionnelle regroup\u00e9e \u2013 voil\u00e0 ce qui distingue le support ALLNAV<\/h3>\t\t\t\t<\/div>\n\t\t\t\t<\/div>\n\t\t\t\t<div class=\"elementor-element elementor-element-df7f73e elementor-widget elementor-widget-text-editor\" data-id=\"df7f73e\" data-element_type=\"widget\" data-e-type=\"widget\" data-widget_type=\"text-editor.default\">\n\t\t\t\t<div class=\"elementor-widget-container\">\n\t\t\t\t\t\t\t\t\tNous le savons : des questions se posent souvent lors du travail sur le terrain et exigent une r\u00e9action rapide. Nous sommes atteignables via la hotline d\u2019ALLNAV ou par email, r\u00e9pondons rapidement et r\u00e9solvons les probl\u00e8mes \u2013 si possible \u2013 \u00e0 distance, mais aussi sur place. Pratique. Convivial. Rapide. Simple.\t\t\t\t\t\t\t\t<\/div>\n\t\t\t\t<\/div>\n\t\t\t\t<div class=\"elementor-element elementor-element-3897a72 elementor-widget-divider--view-line elementor-widget elementor-widget-divider\" data-id=\"3897a72\" data-element_type=\"widget\" data-e-type=\"widget\" data-widget_type=\"divider.default\">\n\t\t\t\t<div class=\"elementor-widget-container\">\n\t\t\t\t\t\t\t<div class=\"elementor-divider\">\n\t\t\t<span class=\"elementor-divider-separator\">\n\t\t\t\t\t\t<\/span>\n\t\t<\/div>\n\t\t\t\t\t\t<\/div>\n\t\t\t\t<\/div>\n\t\t\t\t<div class=\"elementor-element elementor-element-5dd5f70 elementor-widget elementor-widget-heading\" data-id=\"5dd5f70\" data-element_type=\"widget\" data-e-type=\"widget\" data-widget_type=\"heading.default\">\n\t\t\t\t<div class=\"elementor-widget-container\">\n\t\t\t\t\t<h4 class=\"elementor-heading-title elementor-size-default\">PAGE OFFICIELLE DU SUPPORT TRIMBLE<\/h4>\t\t\t\t<\/div>\n\t\t\t\t<\/div>\n\t\t\t\t<div class=\"elementor-element elementor-element-856eaba elementor-widget elementor-widget-text-editor\" data-id=\"856eaba\" data-element_type=\"widget\" data-e-type=\"widget\" data-widget_type=\"text-editor.default\">\n\t\t\t\t<div class=\"elementor-widget-container\">\n\t\t\t\t\t\t\t\t\tDans la zone d'assistance officielle de la page d'accueil de Trimble, vous trouverez non seulement des informations actuelles sur tous les produits, mais aussi les derni\u00e8res versions de firmware et de logiciel. Par ailleurs, les collaborateurs d'ALLNAV \u00e0 Othmarsingen se tiennent \u00e9galement gratuitement \u00e0 votre disposition pour r\u00e9pondre \u00e0 vos questions.\t\t\t\t\t\t\t\t<\/div>\n\t\t\t\t<\/div>\n\t\t\t\t<div class=\"elementor-element elementor-element-1ab6d70 elementor-widget elementor-widget-button\" data-id=\"1ab6d70\" data-element_type=\"widget\" data-e-type=\"widget\" data-widget_type=\"button.default\">\n\t\t\t\t<div class=\"elementor-widget-container\">\n\t\t\t\t\t\t\t\t\t<div class=\"elementor-button-wrapper\">\n\t\t\t\t\t<a class=\"elementor-button elementor-button-link elementor-size-sm\" href=\"http:\/\/www.trimble.com\/Support\/Technical_Support.aspx\" target=\"_blank\">\n\t\t\t\t\t\t<span class=\"elementor-button-content-wrapper\">\n\t\t\t\t\t\t<span class=\"elementor-button-icon\">\n\t\t\t\t<svg aria-hidden=\"true\" class=\"e-font-icon-svg e-fas-caret-right\" viewbox=\"0 0 192 512\" xmlns=\"http:\/\/www.w3.org\/2000\/svg\"><path d=\"M0 384.662V127.338c0-17.818 21.543-26.741 34.142-14.142l128.662 128.662c7.81 7.81 7.81 20.474 0 28.284L34.142 398.804C21.543 411.404 0 402.48 0 384.662z\"><\/path><\/svg>\t\t\t<\/span>\n\t\t\t\t\t\t\t\t\t<span class=\"elementor-button-text\">Page officielle du support Trimble<\/span>\n\t\t\t\t\t<\/span>\n\t\t\t\t\t<\/a>\n\t\t\t\t<\/div>\n\t\t\t\t\t\t\t\t<\/div>\n\t\t\t\t<\/div>\n\t\t\t\t<div class=\"elementor-element elementor-element-f1dd3a9 elementor-widget-divider--view-line elementor-widget elementor-widget-divider\" data-id=\"f1dd3a9\" data-element_type=\"widget\" data-e-type=\"widget\" data-widget_type=\"divider.default\">\n\t\t\t\t<div class=\"elementor-widget-container\">\n\t\t\t\t\t\t\t<div class=\"elementor-divider\">\n\t\t\t<span class=\"elementor-divider-separator\">\n\t\t\t\t\t\t<\/span>\n\t\t<\/div>\n\t\t\t\t\t\t<\/div>\n\t\t\t\t<\/div>\n\t\t\t\t<div class=\"elementor-element elementor-element-78f96c9 elementor-widget elementor-widget-heading\" data-id=\"78f96c9\" data-element_type=\"widget\" data-e-type=\"widget\" data-widget_type=\"heading.default\">\n\t\t\t\t<div class=\"elementor-widget-container\">\n\t\t\t\t\t<h4 class=\"elementor-heading-title elementor-size-default\">SUPPORT A DISTANCE SUISSE<\/h4>\t\t\t\t<\/div>\n\t\t\t\t<\/div>\n\t\t\t\t<div class=\"elementor-element elementor-element-5a5122f elementor-widget elementor-widget-text-editor\" data-id=\"5a5122f\" data-element_type=\"widget\" data-e-type=\"widget\" data-widget_type=\"text-editor.default\">\n\t\t\t\t<div class=\"elementor-widget-container\">\n\t\t\t\t\t\t\t\t\tEst-ce que vous avez besoin du support \u00e0 distance sur votre PC? T\u00e9l\u00e9chargez le logiciel ci-dessous et appelez notre hotline support:\t\t\t\t\t\t\t\t<\/div>\n\t\t\t\t<\/div>\n\t\t\t\t<div class=\"elementor-element elementor-element-ec3bfad elementor-widget elementor-widget-button\" data-id=\"ec3bfad\" data-element_type=\"widget\" data-e-type=\"widget\" data-widget_type=\"button.default\">\n\t\t\t\t<div class=\"elementor-widget-container\">\n\t\t\t\t\t\t\t\t\t<div class=\"elementor-button-wrapper\">\n\t\t\t\t\t<a class=\"elementor-button elementor-button-link elementor-size-sm\" href=\"https:\/\/get.teamviewer.com\/allnavch\" target=\"_blank\">\n\t\t\t\t\t\t<span class=\"elementor-button-content-wrapper\">\n\t\t\t\t\t\t<span class=\"elementor-button-icon\">\n\t\t\t\t<svg aria-hidden=\"true\" class=\"e-font-icon-svg e-fas-caret-right\" viewbox=\"0 0 192 512\" xmlns=\"http:\/\/www.w3.org\/2000\/svg\"><path d=\"M0 384.662V127.338c0-17.818 21.543-26.741 34.142-14.142l128.662 128.662c7.81 7.81 7.81 20.474 0 28.284L34.142 398.804C21.543 411.404 0 402.48 0 384.662z\"><\/path><\/svg>\t\t\t<\/span>\n\t\t\t\t\t\t\t\t\t<span class=\"elementor-button-text\">Download TeamViewer<\/span>\n\t\t\t\t\t<\/span>\n\t\t\t\t\t<\/a>\n\t\t\t\t<\/div>\n\t\t\t\t\t\t\t\t<\/div>\n\t\t\t\t<\/div>\n\t\t\t\t<div class=\"elementor-element elementor-element-d7eeb56 elementor-widget-divider--view-line elementor-widget elementor-widget-divider\" data-id=\"d7eeb56\" data-element_type=\"widget\" data-e-type=\"widget\" data-widget_type=\"divider.default\">\n\t\t\t\t<div class=\"elementor-widget-container\">\n\t\t\t\t\t\t\t<div class=\"elementor-divider\">\n\t\t\t<span class=\"elementor-divider-separator\">\n\t\t\t\t\t\t<\/span>\n\t\t<\/div>\n\t\t\t\t\t\t<\/div>\n\t\t\t\t<\/div>\n\t\t\t\t<div class=\"elementor-element elementor-element-9e25e19 elementor-widget elementor-widget-heading\" data-id=\"9e25e19\" data-element_type=\"widget\" data-e-type=\"widget\" data-widget_type=\"heading.default\">\n\t\t\t\t<div class=\"elementor-widget-container\">\n\t\t\t\t\t<h4 class=\"elementor-heading-title elementor-size-default\">\u00c9QUIPE DU SUPPORT ALLNAV<\/h4>\t\t\t\t<\/div>\n\t\t\t\t<\/div>\n\t\t\t\t<div class=\"elementor-element elementor-element-bf25f47 elementor-widget elementor-widget-text-editor\" data-id=\"bf25f47\" data-element_type=\"widget\" data-e-type=\"widget\" data-widget_type=\"text-editor.default\">\n\t\t\t\t<div class=\"elementor-widget-container\">\n\t\t\t\t\t\t\t\t\tLes syst\u00e8mes num\u00e9riques ne peuvent s\u2019en passer. Il en va de m\u00eame pour la ligne t\u00e9l\u00e9phonique du support. Mais qui est r\u00e9ellement derri\u00e8re les voix qui aident les clients ? Et \u00e0 quoi ressemble leur travail quotidien ? Tout cela est r\u00e9v\u00e9l\u00e9 par une plong\u00e9e dans les coulisses de la sympathique \u00e9quipe du support ALLNAV.\t\t\t\t\t\t\t\t<\/div>\n\t\t\t\t<\/div>\n\t\t\t\t<div class=\"elementor-element elementor-element-67c4894 elementor-widget elementor-widget-heading\" data-id=\"67c4894\" data-element_type=\"widget\" data-e-type=\"widget\" data-widget_type=\"heading.default\">\n\t\t\t\t<div class=\"elementor-widget-container\">\n\t\t\t\t\t<h5 class=\"elementor-heading-title elementor-size-default\">\u00c9QUIPE DU SUPPORT ALLNAV<\/h5>\t\t\t\t<\/div>\n\t\t\t\t<\/div>\n\t\t\t\t<div class=\"elementor-element elementor-element-3b7db20 elementor-widget elementor-widget-text-editor\" data-id=\"3b7db20\" data-element_type=\"widget\" data-e-type=\"widget\" data-widget_type=\"text-editor.default\">\n\t\t\t\t<div class=\"elementor-widget-container\">\n\t\t\t\t\t\t\t\t\t<p><span style=\"color: #000000;\">Disponible du lundi au vendredi<\/span><br \/><span style=\"color: #000000;\">de 8.00 \u2013 12.00 heures et de 13.00 \u2013 17.00 heures.<\/span><\/p><p><span style=\"color: #000000;\"><strong>Othmarsingen:<\/strong><\/span><br \/><span style=\"color: #000000;\">T\u00e9l: +41 43 255 20 22<\/span><br \/><span style=\"text-decoration: underline;\"><span style=\"color: #000000;\"><a style=\"color: #000000; text-decoration: underline;\" href=\"mailto:support@allnav.com\">support{at}allnav.com<\/a><\/span><\/span><\/p><p><span style=\"color: #000000;\"><strong>Lutry:<\/strong><\/span><br \/><span style=\"color: #000000;\">T\u00e9l: +41 24 550 22 17<\/span><br \/><span style=\"text-decoration: underline;\"><span style=\"color: #000000;\"><a style=\"color: #000000; text-decoration: underline;\" href=\"mailto:support@allnav.com\">support{at}allnav.com<\/a><\/span><\/span><\/p>\t\t\t\t\t\t\t\t<\/div>\n\t\t\t\t<\/div>\n\t\t\t\t\t<\/div>\n\t\t<\/div>\n\t\t\t\t\t<\/div>\n\t\t<\/section>\n\t\t\t\t<\/div>","protected":false},"excerpt":{"rendered":"<p>Support Ein starkes Team, gut ausgebildete Mitarbeitende und geb\u00fcndelte Fachkompetenz \u2013 das zeichnet ALLNAV Support aus Wir wissen: Fragen treten meistens bei der Arbeit im Feld auf und erfordern schnelle Reaktion. Wir sind \u00fcber die ALLNAV-Telefonhotline oder per E-Mail erreichbar, antworten prompt und l\u00f6sen \u2013 wenn m\u00f6glich \u2013 Probleme \u00fcber Fernwartung noch an Ort und [&hellip;]<\/p>\n","protected":false},"author":1,"featured_media":0,"parent":4462,"menu_order":0,"comment_status":"closed","ping_status":"closed","template":"elementor_header_footer","meta":{"footnotes":""},"class_list":["post-4839","page","type-page","status-publish","hentry"],"yoast_head":"<!-- This site is optimized with the Yoast SEO Premium plugin v27.5 (Yoast SEO v27.5) - https:\/\/yoast.com\/product\/yoast-seo-premium-wordpress\/ -->\n<title>Support - ALLNAV<\/title>\n<meta name=\"description\" content=\"Ein starkes Team, gut ausgebildete Mitarbeitende und geb\u00fcndelte Fachkompetenz \u2013 das zeichnet ALLNAV Support aus.\" \/>\n<meta name=\"robots\" content=\"index, follow, max-snippet:-1, max-image-preview:large, max-video-preview:-1\" \/>\n<link rel=\"canonical\" href=\"https:\/\/www.allnav.com\/fr\/dienstleistungen\/support\/\" \/>\n<meta property=\"og:locale\" content=\"fr_FR\" \/>\n<meta property=\"og:type\" content=\"article\" \/>\n<meta property=\"og:title\" content=\"Support\" \/>\n<meta property=\"og:description\" content=\"Ein starkes Team, gut ausgebildete Mitarbeitende und geb\u00fcndelte Fachkompetenz \u2013 das zeichnet ALLNAV Support aus.\" \/>\n<meta property=\"og:url\" content=\"https:\/\/www.allnav.com\/fr\/dienstleistungen\/support\/\" \/>\n<meta property=\"og:site_name\" content=\"ALLNAV\" \/>\n<meta property=\"article:modified_time\" content=\"2025-05-27T07:09:53+00:00\" \/>\n<meta property=\"og:image\" content=\"https:\/\/www.allnav.com\/wp-content\/uploads\/2020\/06\/DSC2212-min.jpg\" \/>\n\t<meta property=\"og:image:width\" content=\"1600\" \/>\n\t<meta property=\"og:image:height\" content=\"1066\" \/>\n\t<meta property=\"og:image:type\" content=\"image\/jpeg\" \/>\n<meta name=\"twitter:card\" content=\"summary_large_image\" \/>\n<meta name=\"twitter:title\" content=\"Support\" \/>\n<meta name=\"twitter:description\" content=\"Ein starkes Team, gut ausgebildete Mitarbeitende und geb\u00fcndelte Fachkompetenz \u2013 das zeichnet ALLNAV Support aus.\" \/>\n<meta name=\"twitter:image\" content=\"https:\/\/www.allnav.com\/wp-content\/uploads\/2020\/06\/DSC2212-min.jpg\" \/>\n<meta name=\"twitter:label1\" content=\"Dur\u00e9e de lecture estim\u00e9e\" \/>\n\t<meta name=\"twitter:data1\" content=\"2 minutes\" \/>\n<script type=\"application\/ld+json\" class=\"yoast-schema-graph\">{\"@context\":\"https:\\\/\\\/schema.org\",\"@graph\":[{\"@type\":\"WebPage\",\"@id\":\"https:\\\/\\\/www.allnav.com\\\/dienstleistungen\\\/support\\\/\",\"url\":\"https:\\\/\\\/www.allnav.com\\\/dienstleistungen\\\/support\\\/\",\"name\":\"Support - ALLNAV\",\"isPartOf\":{\"@id\":\"https:\\\/\\\/www.allnav.com\\\/#website\"},\"primaryImageOfPage\":{\"@id\":\"https:\\\/\\\/www.allnav.com\\\/dienstleistungen\\\/support\\\/#primaryimage\"},\"image\":{\"@id\":\"https:\\\/\\\/www.allnav.com\\\/dienstleistungen\\\/support\\\/#primaryimage\"},\"thumbnailUrl\":\"https:\\\/\\\/www.allnav.com\\\/wp-content\\\/uploads\\\/2024\\\/06\\\/allnav-support-thumb-1024x682.jpg\",\"datePublished\":\"2020-05-05T09:40:10+00:00\",\"dateModified\":\"2025-05-27T07:09:53+00:00\",\"description\":\"Ein starkes Team, gut ausgebildete Mitarbeitende und geb\u00fcndelte Fachkompetenz \u2013 das zeichnet ALLNAV Support aus.\",\"breadcrumb\":{\"@id\":\"https:\\\/\\\/www.allnav.com\\\/dienstleistungen\\\/support\\\/#breadcrumb\"},\"inLanguage\":\"fr-FR\",\"potentialAction\":[{\"@type\":\"ReadAction\",\"target\":[\"https:\\\/\\\/www.allnav.com\\\/dienstleistungen\\\/support\\\/\"]}]},{\"@type\":\"ImageObject\",\"inLanguage\":\"fr-FR\",\"@id\":\"https:\\\/\\\/www.allnav.com\\\/dienstleistungen\\\/support\\\/#primaryimage\",\"url\":\"https:\\\/\\\/www.allnav.com\\\/wp-content\\\/uploads\\\/2024\\\/06\\\/allnav-support-thumb-1024x682.jpg\",\"contentUrl\":\"https:\\\/\\\/www.allnav.com\\\/wp-content\\\/uploads\\\/2024\\\/06\\\/allnav-support-thumb-1024x682.jpg\"},{\"@type\":\"BreadcrumbList\",\"@id\":\"https:\\\/\\\/www.allnav.com\\\/dienstleistungen\\\/support\\\/#breadcrumb\",\"itemListElement\":[{\"@type\":\"ListItem\",\"position\":1,\"name\":\"Startseite\",\"item\":\"https:\\\/\\\/www.allnav.com\\\/\"},{\"@type\":\"ListItem\",\"position\":2,\"name\":\"Dienstleistungen\",\"item\":\"https:\\\/\\\/www.allnav.com\\\/dienstleistungen\\\/\"},{\"@type\":\"ListItem\",\"position\":3,\"name\":\"Support\"}]},{\"@type\":\"WebSite\",\"@id\":\"https:\\\/\\\/www.allnav.com\\\/#website\",\"url\":\"https:\\\/\\\/www.allnav.com\\\/\",\"name\":\"ALLNAV\",\"description\":\"L\u00f6sungen und Systeme f\u00fcr Vermessungsprofis\",\"publisher\":{\"@id\":\"https:\\\/\\\/www.allnav.com\\\/#organization\"},\"potentialAction\":[{\"@type\":\"SearchAction\",\"target\":{\"@type\":\"EntryPoint\",\"urlTemplate\":\"https:\\\/\\\/www.allnav.com\\\/?s={search_term_string}\"},\"query-input\":{\"@type\":\"PropertyValueSpecification\",\"valueRequired\":true,\"valueName\":\"search_term_string\"}}],\"inLanguage\":\"fr-FR\"},{\"@type\":\"Organization\",\"@id\":\"https:\\\/\\\/www.allnav.com\\\/#organization\",\"name\":\"ALLNAV\",\"url\":\"https:\\\/\\\/www.allnav.com\\\/\",\"logo\":{\"@type\":\"ImageObject\",\"inLanguage\":\"fr-FR\",\"@id\":\"https:\\\/\\\/www.allnav.com\\\/#\\\/schema\\\/logo\\\/image\\\/\",\"url\":\"https:\\\/\\\/www.allnav.com\\\/wp-content\\\/uploads\\\/2020\\\/01\\\/allnav.png\",\"contentUrl\":\"https:\\\/\\\/www.allnav.com\\\/wp-content\\\/uploads\\\/2020\\\/01\\\/allnav.png\",\"width\":506,\"height\":152,\"caption\":\"ALLNAV\"},\"image\":{\"@id\":\"https:\\\/\\\/www.allnav.com\\\/#\\\/schema\\\/logo\\\/image\\\/\"}}]}<\/script>\n<!-- \/ Yoast SEO Premium plugin. -->","yoast_head_json":{"title":"Support - ALLNAV","description":"Ein starkes Team, gut ausgebildete Mitarbeitende und geb\u00fcndelte Fachkompetenz \u2013 das zeichnet ALLNAV Support aus.","robots":{"index":"index","follow":"follow","max-snippet":"max-snippet:-1","max-image-preview":"max-image-preview:large","max-video-preview":"max-video-preview:-1"},"canonical":"https:\/\/www.allnav.com\/fr\/dienstleistungen\/support\/","og_locale":"fr_FR","og_type":"article","og_title":"Support","og_description":"Ein starkes Team, gut ausgebildete Mitarbeitende und geb\u00fcndelte Fachkompetenz \u2013 das zeichnet ALLNAV Support aus.","og_url":"https:\/\/www.allnav.com\/fr\/dienstleistungen\/support\/","og_site_name":"ALLNAV","article_modified_time":"2025-05-27T07:09:53+00:00","og_image":[{"width":1600,"height":1066,"url":"https:\/\/www.allnav.com\/wp-content\/uploads\/2020\/06\/DSC2212-min.jpg","type":"image\/jpeg"}],"twitter_card":"summary_large_image","twitter_title":"Support","twitter_description":"Ein starkes Team, gut ausgebildete Mitarbeitende und geb\u00fcndelte Fachkompetenz \u2013 das zeichnet ALLNAV Support aus.","twitter_image":"https:\/\/www.allnav.com\/wp-content\/uploads\/2020\/06\/DSC2212-min.jpg","twitter_misc":{"Dur\u00e9e de lecture estim\u00e9e":"2 minutes"},"schema":{"@context":"https:\/\/schema.org","@graph":[{"@type":"WebPage","@id":"https:\/\/www.allnav.com\/dienstleistungen\/support\/","url":"https:\/\/www.allnav.com\/dienstleistungen\/support\/","name":"Support - ALLNAV","isPartOf":{"@id":"https:\/\/www.allnav.com\/#website"},"primaryImageOfPage":{"@id":"https:\/\/www.allnav.com\/dienstleistungen\/support\/#primaryimage"},"image":{"@id":"https:\/\/www.allnav.com\/dienstleistungen\/support\/#primaryimage"},"thumbnailUrl":"https:\/\/www.allnav.com\/wp-content\/uploads\/2024\/06\/allnav-support-thumb-1024x682.jpg","datePublished":"2020-05-05T09:40:10+00:00","dateModified":"2025-05-27T07:09:53+00:00","description":"Ein starkes Team, gut ausgebildete Mitarbeitende und geb\u00fcndelte Fachkompetenz \u2013 das zeichnet ALLNAV Support aus.","breadcrumb":{"@id":"https:\/\/www.allnav.com\/dienstleistungen\/support\/#breadcrumb"},"inLanguage":"fr-FR","potentialAction":[{"@type":"ReadAction","target":["https:\/\/www.allnav.com\/dienstleistungen\/support\/"]}]},{"@type":"ImageObject","inLanguage":"fr-FR","@id":"https:\/\/www.allnav.com\/dienstleistungen\/support\/#primaryimage","url":"https:\/\/www.allnav.com\/wp-content\/uploads\/2024\/06\/allnav-support-thumb-1024x682.jpg","contentUrl":"https:\/\/www.allnav.com\/wp-content\/uploads\/2024\/06\/allnav-support-thumb-1024x682.jpg"},{"@type":"BreadcrumbList","@id":"https:\/\/www.allnav.com\/dienstleistungen\/support\/#breadcrumb","itemListElement":[{"@type":"ListItem","position":1,"name":"Startseite","item":"https:\/\/www.allnav.com\/"},{"@type":"ListItem","position":2,"name":"Dienstleistungen","item":"https:\/\/www.allnav.com\/dienstleistungen\/"},{"@type":"ListItem","position":3,"name":"Support"}]},{"@type":"WebSite","@id":"https:\/\/www.allnav.com\/#website","url":"https:\/\/www.allnav.com\/","name":"ALLNAV","description":"L\u00f6sungen und Systeme f\u00fcr Vermessungsprofis","publisher":{"@id":"https:\/\/www.allnav.com\/#organization"},"potentialAction":[{"@type":"SearchAction","target":{"@type":"EntryPoint","urlTemplate":"https:\/\/www.allnav.com\/?s={search_term_string}"},"query-input":{"@type":"PropertyValueSpecification","valueRequired":true,"valueName":"search_term_string"}}],"inLanguage":"fr-FR"},{"@type":"Organization","@id":"https:\/\/www.allnav.com\/#organization","name":"ALLNAV","url":"https:\/\/www.allnav.com\/","logo":{"@type":"ImageObject","inLanguage":"fr-FR","@id":"https:\/\/www.allnav.com\/#\/schema\/logo\/image\/","url":"https:\/\/www.allnav.com\/wp-content\/uploads\/2020\/01\/allnav.png","contentUrl":"https:\/\/www.allnav.com\/wp-content\/uploads\/2020\/01\/allnav.png","width":506,"height":152,"caption":"ALLNAV"},"image":{"@id":"https:\/\/www.allnav.com\/#\/schema\/logo\/image\/"}}]}},"_links":{"self":[{"href":"https:\/\/www.allnav.com\/fr\/wp-json\/wp\/v2\/pages\/4839","targetHints":{"allow":["GET"]}}],"collection":[{"href":"https:\/\/www.allnav.com\/fr\/wp-json\/wp\/v2\/pages"}],"about":[{"href":"https:\/\/www.allnav.com\/fr\/wp-json\/wp\/v2\/types\/page"}],"author":[{"embeddable":true,"href":"https:\/\/www.allnav.com\/fr\/wp-json\/wp\/v2\/users\/1"}],"replies":[{"embeddable":true,"href":"https:\/\/www.allnav.com\/fr\/wp-json\/wp\/v2\/comments?post=4839"}],"version-history":[{"count":0,"href":"https:\/\/www.allnav.com\/fr\/wp-json\/wp\/v2\/pages\/4839\/revisions"}],"up":[{"embeddable":true,"href":"https:\/\/www.allnav.com\/fr\/wp-json\/wp\/v2\/pages\/4462"}],"wp:attachment":[{"href":"https:\/\/www.allnav.com\/fr\/wp-json\/wp\/v2\/media?parent=4839"}],"curies":[{"name":"wp","href":"https:\/\/api.w.org\/{rel}","templated":true}]}}