{"id":5118,"date":"2020-05-14T09:43:24","date_gmt":"2020-05-14T07:43:24","guid":{"rendered":"\/?page_id=5118"},"modified":"2024-06-06T16:47:57","modified_gmt":"2024-06-06T14:47:57","slug":"pix4d","status":"publish","type":"page","link":"https:\/\/www.allnav.com\/fr\/produkte\/drohnen\/pix4d\/","title":{"rendered":"Pix4D"},"content":{"rendered":"<div data-elementor-type=\"wp-page\" data-elementor-id=\"5118\" class=\"elementor elementor-5118\" data-elementor-post-type=\"page\">\n\t\t\t\t\t\t<section class=\"elementor-section elementor-top-section elementor-element elementor-element-360f498 elementor-section-full_width elementor-reverse-mobile elementor-section-height-default elementor-section-height-default\" data-id=\"360f498\" data-element_type=\"section\" data-e-type=\"section\">\n\t\t\t\t\t\t<div class=\"elementor-container elementor-column-gap-default\">\n\t\t\t\t\t<div class=\"elementor-column elementor-col-33 elementor-top-column elementor-element elementor-element-e2d034e\" data-id=\"e2d034e\" data-element_type=\"column\" data-e-type=\"column\">\n\t\t\t<div class=\"elementor-widget-wrap elementor-element-populated\">\n\t\t\t\t\t\t<div class=\"elementor-element elementor-element-0bbe33b elementor-widget elementor-widget-image\" data-id=\"0bbe33b\" data-element_type=\"widget\" data-e-type=\"widget\" data-widget_type=\"image.default\">\n\t\t\t\t<div class=\"elementor-widget-container\">\n\t\t\t\t\t\t\t\t\t\t\t\t\t\t\t\t<a href=\"https:\/\/www.allnav.com\/wp-content\/uploads\/2020\/06\/LOGO_Pix4D_217x191.png\" data-elementor-open-lightbox=\"yes\" data-elementor-lightbox-title=\"Logo Pix4D\" data-elementor-lightbox-description=\"Logo Pix4D\" data-e-action-hash=\"#elementor-action%3Aaction%3Dlightbox%26settings%3DeyJpZCI6NTkwMiwidXJsIjoiaHR0cHM6XC9cL3d3dy5hbGxuYXYuY29tXC93cC1jb250ZW50XC91cGxvYWRzXC8yMDIwXC8wNlwvTE9HT19QaXg0RF8yMTd4MTkxLnBuZyJ9\">\n\t\t\t\t\t\t\t<img decoding=\"async\" width=\"217\" height=\"191\" src=\"https:\/\/www.allnav.com\/wp-content\/uploads\/2020\/06\/LOGO_Pix4D_217x191.png\" class=\"attachment-large size-large wp-image-5902\" alt=\"Logo Pix4D\" \/>\t\t\t\t\t\t\t\t<\/a>\n\t\t\t\t\t\t\t\t\t\t\t\t\t\t\t<\/div>\n\t\t\t\t<\/div>\n\t\t\t\t\t<\/div>\n\t\t<\/div>\n\t\t\t\t<div class=\"elementor-column elementor-col-66 elementor-top-column elementor-element elementor-element-920162f\" data-id=\"920162f\" data-element_type=\"column\" data-e-type=\"column\">\n\t\t\t<div class=\"elementor-widget-wrap elementor-element-populated\">\n\t\t\t\t\t\t<div class=\"elementor-element elementor-element-c75928b elementor-widget elementor-widget-heading\" data-id=\"c75928b\" data-element_type=\"widget\" data-e-type=\"widget\" data-widget_type=\"heading.default\">\n\t\t\t\t<div class=\"elementor-widget-container\">\n\t\t\t\t\t<h1 class=\"elementor-heading-title elementor-size-default\">PIX4DMAPPER<\/h1>\t\t\t\t<\/div>\n\t\t\t\t<\/div>\n\t\t\t\t<div class=\"elementor-element elementor-element-62d4d46 elementor-widget-divider--view-line elementor-widget elementor-widget-divider\" data-id=\"62d4d46\" data-element_type=\"widget\" data-e-type=\"widget\" data-widget_type=\"divider.default\">\n\t\t\t\t<div class=\"elementor-widget-container\">\n\t\t\t\t\t\t\t<div class=\"elementor-divider\">\n\t\t\t<span class=\"elementor-divider-separator\">\n\t\t\t\t\t\t<\/span>\n\t\t<\/div>\n\t\t\t\t\t\t<\/div>\n\t\t\t\t<\/div>\n\t\t\t\t<div class=\"elementor-element elementor-element-a858761 elementor-widget elementor-widget-heading\" data-id=\"a858761\" data-element_type=\"widget\" data-e-type=\"widget\" data-widget_type=\"heading.default\">\n\t\t\t\t<div class=\"elementor-widget-container\">\n\t\t\t\t\t<h3 class=\"elementor-heading-title elementor-size-default\">LE PREMIER LOGICIEL DE PHOTOGRAMMETRIE POUR LA CARTOGRAPHIE PROFESSIONNELLE DES DRONES<\/h3>\t\t\t\t<\/div>\n\t\t\t\t<\/div>\n\t\t\t\t<div class=\"elementor-element elementor-element-68c4234 elementor-widget elementor-widget-text-editor\" data-id=\"68c4234\" data-element_type=\"widget\" data-e-type=\"widget\" data-widget_type=\"text-editor.default\">\n\t\t\t\t<div class=\"elementor-widget-container\">\n\t\t\t\t\t\t\t\t\tLe logiciel de photogramm\u00e9trie avanc\u00e9 et convivial de Pix4D utilise tous les types d\u2019images captur\u00e9es pour cr\u00e9er des mod\u00e8les et des cartes 3D, tels que des orthomosa\u00efques professionnelles, des nuages de points, des mod\u00e8les 3D et plus encore.\n\nPix4D est id\u00e9al pour le traitement des images provenant des drones des mod\u00e8les senseFly, DJI Phantom 4 RTK et autres.\t\t\t\t\t\t\t\t<\/div>\n\t\t\t\t<\/div>\n\t\t\t\t\t<\/div>\n\t\t<\/div>\n\t\t\t\t\t<\/div>\n\t\t<\/section>\n\t\t\t\t<section class=\"elementor-section elementor-top-section elementor-element elementor-element-7b1a007 elementor-section-full_width elementor-section-height-default elementor-section-height-default\" data-id=\"7b1a007\" data-element_type=\"section\" data-e-type=\"section\" data-settings=\"{&quot;background_background&quot;:&quot;classic&quot;}\">\n\t\t\t\t\t\t<div class=\"elementor-container elementor-column-gap-default\">\n\t\t\t\t\t<div class=\"elementor-column elementor-col-100 elementor-top-column elementor-element elementor-element-812a212\" data-id=\"812a212\" data-element_type=\"column\" data-e-type=\"column\">\n\t\t\t<div class=\"elementor-widget-wrap elementor-element-populated\">\n\t\t\t\t\t\t<div class=\"elementor-element elementor-element-971036d elementor-widget elementor-widget-heading\" data-id=\"971036d\" data-element_type=\"widget\" data-e-type=\"widget\" data-widget_type=\"heading.default\">\n\t\t\t\t<div class=\"elementor-widget-container\">\n\t\t\t\t\t<h2 class=\"elementor-heading-title elementor-size-default\">Caract\u00e9ristques<\/h2>\t\t\t\t<\/div>\n\t\t\t\t<\/div>\n\t\t\t\t<div class=\"elementor-element elementor-element-07561a2 elementor-widget-divider--view-line elementor-widget elementor-widget-divider\" data-id=\"07561a2\" data-element_type=\"widget\" data-e-type=\"widget\" data-widget_type=\"divider.default\">\n\t\t\t\t<div class=\"elementor-widget-container\">\n\t\t\t\t\t\t\t<div class=\"elementor-divider\">\n\t\t\t<span class=\"elementor-divider-separator\">\n\t\t\t\t\t\t<\/span>\n\t\t<\/div>\n\t\t\t\t\t\t<\/div>\n\t\t\t\t<\/div>\n\t\t\t\t<div class=\"elementor-element elementor-element-3f873d5 elementor-widget elementor-widget-text-editor\" data-id=\"3f873d5\" data-element_type=\"widget\" data-e-type=\"widget\" data-widget_type=\"text-editor.default\">\n\t\t\t\t<div class=\"elementor-widget-container\">\n\t\t\t\t\t\t\t\t\t<ul><li>une solution logicielle simple et intuitive<\/li><li>Mod\u00e8les de projets int\u00e9gr\u00e9s pour chaque application<\/li><li>Diff\u00e9rents types de cam\u00e9ras sont pris en charge (RVB, multispectrale, thermique, vid\u00e9o, \u2026)<\/li><li>Cr\u00e9ation de nuages de points classifi\u00e9s, de maillages 3D et d\u2019orthophotos en quelques \u00e9tapes<\/li><li>Disponible pour une dur\u00e9e ind\u00e9termin\u00e9e ou sous forme d\u2019abonnement mensuel<\/li><\/ul>\t\t\t\t\t\t\t\t<\/div>\n\t\t\t\t<\/div>\n\t\t\t\t<section class=\"elementor-section elementor-inner-section elementor-element elementor-element-9266455 elementor-section-full_width elementor-section-height-default elementor-section-height-default\" data-id=\"9266455\" data-element_type=\"section\" data-e-type=\"section\">\n\t\t\t\t\t\t<div class=\"elementor-container elementor-column-gap-default\">\n\t\t\t\t\t<div class=\"elementor-column elementor-col-33 elementor-inner-column elementor-element elementor-element-962758d\" data-id=\"962758d\" data-element_type=\"column\" data-e-type=\"column\">\n\t\t\t<div class=\"elementor-widget-wrap elementor-element-populated\">\n\t\t\t\t\t\t<div class=\"elementor-element elementor-element-5a52533 elementor-align-justify elementor-widget elementor-widget-button\" data-id=\"5a52533\" data-element_type=\"widget\" data-e-type=\"widget\" data-widget_type=\"button.default\">\n\t\t\t\t<div class=\"elementor-widget-container\">\n\t\t\t\t\t\t\t\t\t<div class=\"elementor-button-wrapper\">\n\t\t\t\t\t<a class=\"elementor-button elementor-button-link elementor-size-sm\" href=\"https:\/\/www.pix4d.com\/\" target=\"_blank\">\n\t\t\t\t\t\t<span class=\"elementor-button-content-wrapper\">\n\t\t\t\t\t\t\t\t\t<span class=\"elementor-button-text\">En savoir plus<\/span>\n\t\t\t\t\t<\/span>\n\t\t\t\t\t<\/a>\n\t\t\t\t<\/div>\n\t\t\t\t\t\t\t\t<\/div>\n\t\t\t\t<\/div>\n\t\t\t\t\t<\/div>\n\t\t<\/div>\n\t\t\t\t<div class=\"elementor-column elementor-col-33 elementor-inner-column elementor-element elementor-element-0015af9\" data-id=\"0015af9\" data-element_type=\"column\" data-e-type=\"column\">\n\t\t\t<div class=\"elementor-widget-wrap elementor-element-populated\">\n\t\t\t\t\t\t<div class=\"elementor-element elementor-element-3720e0d elementor-align-justify elementor-widget elementor-widget-button\" data-id=\"3720e0d\" data-element_type=\"widget\" data-e-type=\"widget\" data-widget_type=\"button.default\">\n\t\t\t\t<div class=\"elementor-widget-container\">\n\t\t\t\t\t\t\t\t\t<div class=\"elementor-button-wrapper\">\n\t\t\t\t\t<a class=\"elementor-button elementor-button-link elementor-size-sm\" href=\"#elementor-action%3Aaction%3Dlightbox%26settings%3DeyJ0eXBlIjoidmlkZW8iLCJ2aWRlb1R5cGUiOiJ5b3V0dWJlIiwidXJsIjoiaHR0cHM6XC9cL3d3dy55b3V0dWJlLmNvbVwvZW1iZWRcL2x4TkRUYUEyX2hNP2ZlYXR1cmU9b2VtYmVkIn0%3D\">\n\t\t\t\t\t\t<span class=\"elementor-button-content-wrapper\">\n\t\t\t\t\t\t\t\t\t<span class=\"elementor-button-text\">Vid\u00e9o<\/span>\n\t\t\t\t\t<\/span>\n\t\t\t\t\t<\/a>\n\t\t\t\t<\/div>\n\t\t\t\t\t\t\t\t<\/div>\n\t\t\t\t<\/div>\n\t\t\t\t\t<\/div>\n\t\t<\/div>\n\t\t\t\t<div class=\"elementor-column elementor-col-33 elementor-inner-column elementor-element elementor-element-7c05ce9\" data-id=\"7c05ce9\" data-element_type=\"column\" data-e-type=\"column\">\n\t\t\t<div class=\"elementor-widget-wrap\">\n\t\t\t\t\t\t\t<\/div>\n\t\t<\/div>\n\t\t\t\t\t<\/div>\n\t\t<\/section>\n\t\t\t\t\t<\/div>\n\t\t<\/div>\n\t\t\t\t\t<\/div>\n\t\t<\/section>\n\t\t\t\t<\/div>","protected":false},"excerpt":{"rendered":"<p>PIX4DMAPPER DIE F\u00dcHRENDE PHOTOGRAMMETRIE-SOFTWARE F\u00dcR DAS PROFESSIONELLE DROHNEN-MAPPING Pix4Dmapper ist eine hoch automatisierte Auswertesoftware f\u00fcr Drohnenaufnahmen jeglicher Art. Nebst der klassischen Desktopinstallation kann die Auswertung auch direkt auf der Cloud-Plattform erfolgen. Klassifizierte Punktwolken, 3D-Vermaschungen sowie Orthofotos werden quasi auf Knopfdruck erstellt. Ein Qualit\u00e4tsbericht liefert eine detaillierte Zusammenstellung aller relevanten Informationen. Die Resultate k\u00f6nnen \u00fcber die [&hellip;]<\/p>\n","protected":false},"author":1,"featured_media":0,"parent":4335,"menu_order":0,"comment_status":"closed","ping_status":"closed","template":"elementor_header_footer","meta":{"footnotes":""},"class_list":["post-5118","page","type-page","status-publish","hentry"],"yoast_head":"<!-- This site is optimized with the Yoast SEO Premium plugin v25.3.1 (Yoast SEO v27.2) - https:\/\/yoast.com\/product\/yoast-seo-premium-wordpress\/ -->\n<title>Pix4D - ALLNAV<\/title>\n<meta name=\"description\" content=\"Pix4Dmapper ist eine hoch automatisierte Photogrammetrie-Auswertesoftware f\u00fcr Drohnenaufnahmen jeglicher Art.\" \/>\n<meta name=\"robots\" content=\"index, follow, max-snippet:-1, max-image-preview:large, max-video-preview:-1\" \/>\n<link rel=\"canonical\" href=\"https:\/\/www.allnav.com\/fr\/produkte\/drohnen\/pix4d\/\" \/>\n<meta property=\"og:locale\" content=\"fr_FR\" \/>\n<meta property=\"og:type\" content=\"article\" \/>\n<meta property=\"og:title\" content=\"Pix4D\" \/>\n<meta property=\"og:description\" content=\"Pix4Dmapper ist eine hoch automatisierte Photogrammetrie-Auswertesoftware f\u00fcr Drohnenaufnahmen jeglicher Art.\" \/>\n<meta property=\"og:url\" content=\"https:\/\/www.allnav.com\/fr\/produkte\/drohnen\/pix4d\/\" \/>\n<meta property=\"og:site_name\" content=\"ALLNAV\" \/>\n<meta property=\"article:modified_time\" content=\"2024-06-06T14:47:57+00:00\" \/>\n<meta property=\"og:image\" content=\"https:\/\/www.allnav.com\/wp-content\/uploads\/2021\/03\/ALC_Logo_RGB.jpg\" \/>\n\t<meta property=\"og:image:width\" content=\"2117\" \/>\n\t<meta property=\"og:image:height\" content=\"634\" \/>\n\t<meta property=\"og:image:type\" content=\"image\/jpeg\" \/>\n<meta name=\"twitter:card\" content=\"summary_large_image\" \/>\n<meta name=\"twitter:title\" content=\"Pix4D\" \/>\n<meta name=\"twitter:description\" content=\"Pix4Dmapper ist eine hoch automatisierte Photogrammetrie-Auswertesoftware f\u00fcr Drohnenaufnahmen jeglicher Art.\" \/>\n<meta name=\"twitter:image\" content=\"https:\/\/www.allnav.com\/wp-content\/uploads\/2021\/03\/ALC_Logo_RGB.jpg\" \/>\n<meta name=\"twitter:label1\" content=\"Dur\u00e9e de lecture estim\u00e9e\" \/>\n\t<meta name=\"twitter:data1\" content=\"1 minute\" \/>\n<script type=\"application\/ld+json\" class=\"yoast-schema-graph\">{\"@context\":\"https:\/\/schema.org\",\"@graph\":[{\"@type\":\"WebPage\",\"@id\":\"https:\/\/www.allnav.com\/produkte\/drohnen\/pix4d\/\",\"url\":\"https:\/\/www.allnav.com\/produkte\/drohnen\/pix4d\/\",\"name\":\"Pix4D - ALLNAV\",\"isPartOf\":{\"@id\":\"https:\/\/www.allnav.com\/#website\"},\"primaryImageOfPage\":{\"@id\":\"https:\/\/www.allnav.com\/produkte\/drohnen\/pix4d\/#primaryimage\"},\"image\":{\"@id\":\"https:\/\/www.allnav.com\/produkte\/drohnen\/pix4d\/#primaryimage\"},\"thumbnailUrl\":\"https:\/\/www.allnav.com\/wp-content\/uploads\/2020\/06\/LOGO_Pix4D_217x191.png\",\"datePublished\":\"2020-05-14T07:43:24+00:00\",\"dateModified\":\"2024-06-06T14:47:57+00:00\",\"description\":\"Pix4Dmapper ist eine hoch automatisierte Photogrammetrie-Auswertesoftware f\u00fcr Drohnenaufnahmen jeglicher Art.\",\"breadcrumb\":{\"@id\":\"https:\/\/www.allnav.com\/produkte\/drohnen\/pix4d\/#breadcrumb\"},\"inLanguage\":\"fr-FR\",\"potentialAction\":[{\"@type\":\"ReadAction\",\"target\":[\"https:\/\/www.allnav.com\/produkte\/drohnen\/pix4d\/\"]}]},{\"@type\":\"ImageObject\",\"inLanguage\":\"fr-FR\",\"@id\":\"https:\/\/www.allnav.com\/produkte\/drohnen\/pix4d\/#primaryimage\",\"url\":\"https:\/\/www.allnav.com\/wp-content\/uploads\/2020\/06\/LOGO_Pix4D_217x191.png\",\"contentUrl\":\"https:\/\/www.allnav.com\/wp-content\/uploads\/2020\/06\/LOGO_Pix4D_217x191.png\"},{\"@type\":\"BreadcrumbList\",\"@id\":\"https:\/\/www.allnav.com\/produkte\/drohnen\/pix4d\/#breadcrumb\",\"itemListElement\":[{\"@type\":\"ListItem\",\"position\":1,\"name\":\"Startseite\",\"item\":\"https:\/\/www.allnav.com\/\"},{\"@type\":\"ListItem\",\"position\":2,\"name\":\"Produkte\",\"item\":\"https:\/\/www.allnav.com\/produkte\/\"},{\"@type\":\"ListItem\",\"position\":3,\"name\":\"Drohnen\",\"item\":\"https:\/\/www.allnav.com\/produkte\/drohnen\/\"},{\"@type\":\"ListItem\",\"position\":4,\"name\":\"Pix4D\"}]},{\"@type\":\"WebSite\",\"@id\":\"https:\/\/www.allnav.com\/#website\",\"url\":\"https:\/\/www.allnav.com\/\",\"name\":\"ALLNAV\",\"description\":\"L\u00f6sungen und Systeme f\u00fcr Vermessungsprofis\",\"publisher\":{\"@id\":\"https:\/\/www.allnav.com\/#organization\"},\"potentialAction\":[{\"@type\":\"SearchAction\",\"target\":{\"@type\":\"EntryPoint\",\"urlTemplate\":\"https:\/\/www.allnav.com\/?s={search_term_string}\"},\"query-input\":{\"@type\":\"PropertyValueSpecification\",\"valueRequired\":true,\"valueName\":\"search_term_string\"}}],\"inLanguage\":\"fr-FR\"},{\"@type\":\"Organization\",\"@id\":\"https:\/\/www.allnav.com\/#organization\",\"name\":\"ALLNAV\",\"url\":\"https:\/\/www.allnav.com\/\",\"logo\":{\"@type\":\"ImageObject\",\"inLanguage\":\"fr-FR\",\"@id\":\"https:\/\/www.allnav.com\/#\/schema\/logo\/image\/\",\"url\":\"https:\/\/www.allnav.com\/wp-content\/uploads\/2020\/01\/allnav.png\",\"contentUrl\":\"https:\/\/www.allnav.com\/wp-content\/uploads\/2020\/01\/allnav.png\",\"width\":506,\"height\":152,\"caption\":\"ALLNAV\"},\"image\":{\"@id\":\"https:\/\/www.allnav.com\/#\/schema\/logo\/image\/\"}}]}<\/script>\n<!-- \/ Yoast SEO Premium plugin. -->","yoast_head_json":{"title":"Pix4D - ALLNAV","description":"Pix4Dmapper ist eine hoch automatisierte Photogrammetrie-Auswertesoftware f\u00fcr Drohnenaufnahmen jeglicher Art.","robots":{"index":"index","follow":"follow","max-snippet":"max-snippet:-1","max-image-preview":"max-image-preview:large","max-video-preview":"max-video-preview:-1"},"canonical":"https:\/\/www.allnav.com\/fr\/produkte\/drohnen\/pix4d\/","og_locale":"fr_FR","og_type":"article","og_title":"Pix4D","og_description":"Pix4Dmapper ist eine hoch automatisierte Photogrammetrie-Auswertesoftware f\u00fcr Drohnenaufnahmen jeglicher Art.","og_url":"https:\/\/www.allnav.com\/fr\/produkte\/drohnen\/pix4d\/","og_site_name":"ALLNAV","article_modified_time":"2024-06-06T14:47:57+00:00","og_image":[{"width":2117,"height":634,"url":"https:\/\/www.allnav.com\/wp-content\/uploads\/2021\/03\/ALC_Logo_RGB.jpg","type":"image\/jpeg"}],"twitter_card":"summary_large_image","twitter_title":"Pix4D","twitter_description":"Pix4Dmapper ist eine hoch automatisierte Photogrammetrie-Auswertesoftware f\u00fcr Drohnenaufnahmen jeglicher Art.","twitter_image":"https:\/\/www.allnav.com\/wp-content\/uploads\/2021\/03\/ALC_Logo_RGB.jpg","twitter_misc":{"Dur\u00e9e de lecture estim\u00e9e":"1 minute"},"schema":{"@context":"https:\/\/schema.org","@graph":[{"@type":"WebPage","@id":"https:\/\/www.allnav.com\/produkte\/drohnen\/pix4d\/","url":"https:\/\/www.allnav.com\/produkte\/drohnen\/pix4d\/","name":"Pix4D - ALLNAV","isPartOf":{"@id":"https:\/\/www.allnav.com\/#website"},"primaryImageOfPage":{"@id":"https:\/\/www.allnav.com\/produkte\/drohnen\/pix4d\/#primaryimage"},"image":{"@id":"https:\/\/www.allnav.com\/produkte\/drohnen\/pix4d\/#primaryimage"},"thumbnailUrl":"https:\/\/www.allnav.com\/wp-content\/uploads\/2020\/06\/LOGO_Pix4D_217x191.png","datePublished":"2020-05-14T07:43:24+00:00","dateModified":"2024-06-06T14:47:57+00:00","description":"Pix4Dmapper ist eine hoch automatisierte Photogrammetrie-Auswertesoftware f\u00fcr Drohnenaufnahmen jeglicher Art.","breadcrumb":{"@id":"https:\/\/www.allnav.com\/produkte\/drohnen\/pix4d\/#breadcrumb"},"inLanguage":"fr-FR","potentialAction":[{"@type":"ReadAction","target":["https:\/\/www.allnav.com\/produkte\/drohnen\/pix4d\/"]}]},{"@type":"ImageObject","inLanguage":"fr-FR","@id":"https:\/\/www.allnav.com\/produkte\/drohnen\/pix4d\/#primaryimage","url":"https:\/\/www.allnav.com\/wp-content\/uploads\/2020\/06\/LOGO_Pix4D_217x191.png","contentUrl":"https:\/\/www.allnav.com\/wp-content\/uploads\/2020\/06\/LOGO_Pix4D_217x191.png"},{"@type":"BreadcrumbList","@id":"https:\/\/www.allnav.com\/produkte\/drohnen\/pix4d\/#breadcrumb","itemListElement":[{"@type":"ListItem","position":1,"name":"Startseite","item":"https:\/\/www.allnav.com\/"},{"@type":"ListItem","position":2,"name":"Produkte","item":"https:\/\/www.allnav.com\/produkte\/"},{"@type":"ListItem","position":3,"name":"Drohnen","item":"https:\/\/www.allnav.com\/produkte\/drohnen\/"},{"@type":"ListItem","position":4,"name":"Pix4D"}]},{"@type":"WebSite","@id":"https:\/\/www.allnav.com\/#website","url":"https:\/\/www.allnav.com\/","name":"ALLNAV","description":"L\u00f6sungen und Systeme f\u00fcr Vermessungsprofis","publisher":{"@id":"https:\/\/www.allnav.com\/#organization"},"potentialAction":[{"@type":"SearchAction","target":{"@type":"EntryPoint","urlTemplate":"https:\/\/www.allnav.com\/?s={search_term_string}"},"query-input":{"@type":"PropertyValueSpecification","valueRequired":true,"valueName":"search_term_string"}}],"inLanguage":"fr-FR"},{"@type":"Organization","@id":"https:\/\/www.allnav.com\/#organization","name":"ALLNAV","url":"https:\/\/www.allnav.com\/","logo":{"@type":"ImageObject","inLanguage":"fr-FR","@id":"https:\/\/www.allnav.com\/#\/schema\/logo\/image\/","url":"https:\/\/www.allnav.com\/wp-content\/uploads\/2020\/01\/allnav.png","contentUrl":"https:\/\/www.allnav.com\/wp-content\/uploads\/2020\/01\/allnav.png","width":506,"height":152,"caption":"ALLNAV"},"image":{"@id":"https:\/\/www.allnav.com\/#\/schema\/logo\/image\/"}}]}},"_links":{"self":[{"href":"https:\/\/www.allnav.com\/fr\/wp-json\/wp\/v2\/pages\/5118","targetHints":{"allow":["GET"]}}],"collection":[{"href":"https:\/\/www.allnav.com\/fr\/wp-json\/wp\/v2\/pages"}],"about":[{"href":"https:\/\/www.allnav.com\/fr\/wp-json\/wp\/v2\/types\/page"}],"author":[{"embeddable":true,"href":"https:\/\/www.allnav.com\/fr\/wp-json\/wp\/v2\/users\/1"}],"replies":[{"embeddable":true,"href":"https:\/\/www.allnav.com\/fr\/wp-json\/wp\/v2\/comments?post=5118"}],"version-history":[{"count":10,"href":"https:\/\/www.allnav.com\/fr\/wp-json\/wp\/v2\/pages\/5118\/revisions"}],"predecessor-version":[{"id":13539,"href":"https:\/\/www.allnav.com\/fr\/wp-json\/wp\/v2\/pages\/5118\/revisions\/13539"}],"up":[{"embeddable":true,"href":"https:\/\/www.allnav.com\/fr\/wp-json\/wp\/v2\/pages\/4335"}],"wp:attachment":[{"href":"https:\/\/www.allnav.com\/fr\/wp-json\/wp\/v2\/media?parent=5118"}],"curies":[{"name":"wp","href":"https:\/\/api.w.org\/{rel}","templated":true}]}}