{"id":5323,"date":"2020-06-05T13:38:46","date_gmt":"2020-06-05T11:38:46","guid":{"rendered":"\/?page_id=5323"},"modified":"2024-12-18T10:41:54","modified_gmt":"2024-12-18T09:41:54","slug":"rounds","status":"publish","type":"page","link":"https:\/\/www.allnav.com\/fr\/produkte\/feldrechner\/rounds\/","title":{"rendered":"allnav Rounds"},"content":{"rendered":"<div data-elementor-type=\"wp-page\" data-elementor-id=\"5323\" class=\"elementor elementor-5323\" data-elementor-post-type=\"page\">\n\t\t\t\t\t\t<section class=\"elementor-section elementor-top-section elementor-element elementor-element-d3069af elementor-section-full_width elementor-reverse-mobile elementor-section-height-default elementor-section-height-default\" data-id=\"d3069af\" data-element_type=\"section\" data-e-type=\"section\">\n\t\t\t\t\t\t<div class=\"elementor-container elementor-column-gap-default\">\n\t\t\t\t\t<div class=\"elementor-column elementor-col-33 elementor-top-column elementor-element elementor-element-777e74e\" data-id=\"777e74e\" data-element_type=\"column\" data-e-type=\"column\">\n\t\t\t<div class=\"elementor-widget-wrap elementor-element-populated\">\n\t\t\t\t\t\t<div class=\"elementor-element elementor-element-1eeb417 elementor-widget elementor-widget-image\" data-id=\"1eeb417\" data-element_type=\"widget\" data-e-type=\"widget\" data-widget_type=\"image.default\">\n\t\t\t\t<div class=\"elementor-widget-container\">\n\t\t\t\t\t\t\t\t\t\t\t\t\t\t\t\t<a href=\"https:\/\/www.allnav.com\/wp-content\/uploads\/2020\/06\/5-1.png\" data-elementor-open-lightbox=\"yes\" data-elementor-lightbox-title=\"Feldrechner ALLNAV Satzmessung\" data-elementor-lightbox-description=\"Feldrechner ALLNAV Satzmessung\" data-e-action-hash=\"#elementor-action%3Aaction%3Dlightbox%26settings%3DeyJpZCI6NTY3NCwidXJsIjoiaHR0cHM6XC9cL3d3dy5hbGxuYXYuY29tXC93cC1jb250ZW50XC91cGxvYWRzXC8yMDIwXC8wNlwvNS0xLnBuZyJ9\">\n\t\t\t\t\t\t\t<img fetchpriority=\"high\" decoding=\"async\" width=\"800\" height=\"500\" src=\"https:\/\/www.allnav.com\/wp-content\/uploads\/2020\/06\/5-1-1024x640.png\" class=\"attachment-large size-large wp-image-5674\" alt=\"Feldrechner ALLNAV Satzmessung\" srcset=\"https:\/\/www.allnav.com\/wp-content\/uploads\/2020\/06\/5-1-1024x640.png 1024w, https:\/\/www.allnav.com\/wp-content\/uploads\/2020\/06\/5-1-300x187.png 300w, https:\/\/www.allnav.com\/wp-content\/uploads\/2020\/06\/5-1-768x480.png 768w, https:\/\/www.allnav.com\/wp-content\/uploads\/2020\/06\/5-1.png 1277w\" sizes=\"(max-width: 800px) 100vw, 800px\" \/>\t\t\t\t\t\t\t\t<\/a>\n\t\t\t\t\t\t\t\t\t\t\t\t\t\t\t<\/div>\n\t\t\t\t<\/div>\n\t\t\t\t\t<\/div>\n\t\t<\/div>\n\t\t\t\t<div class=\"elementor-column elementor-col-66 elementor-top-column elementor-element elementor-element-80698fd\" data-id=\"80698fd\" data-element_type=\"column\" data-e-type=\"column\">\n\t\t\t<div class=\"elementor-widget-wrap elementor-element-populated\">\n\t\t\t\t\t\t<div class=\"elementor-element elementor-element-9205721 elementor-widget elementor-widget-heading\" data-id=\"9205721\" data-element_type=\"widget\" data-e-type=\"widget\" data-widget_type=\"heading.default\">\n\t\t\t\t<div class=\"elementor-widget-container\">\n\t\t\t\t\t<h1 class=\"elementor-heading-title elementor-size-default\">ALLNAV Rounds<\/h1>\t\t\t\t<\/div>\n\t\t\t\t<\/div>\n\t\t\t\t<div class=\"elementor-element elementor-element-f24ed1c elementor-widget-divider--view-line elementor-widget elementor-widget-divider\" data-id=\"f24ed1c\" data-element_type=\"widget\" data-e-type=\"widget\" data-widget_type=\"divider.default\">\n\t\t\t\t<div class=\"elementor-widget-container\">\n\t\t\t\t\t\t\t<div class=\"elementor-divider\">\n\t\t\t<span class=\"elementor-divider-separator\">\n\t\t\t\t\t\t<\/span>\n\t\t<\/div>\n\t\t\t\t\t\t<\/div>\n\t\t\t\t<\/div>\n\t\t\t\t<div class=\"elementor-element elementor-element-fd192f3 elementor-widget elementor-widget-heading\" data-id=\"fd192f3\" data-element_type=\"widget\" data-e-type=\"widget\" data-widget_type=\"heading.default\">\n\t\t\t\t<div class=\"elementor-widget-container\">\n\t\t\t\t\t<h3 class=\"elementor-heading-title elementor-size-default\">LE MODULE AVANC\u00c9 DE MESURE DE S\u00c9RIE POUR TRIMBLE ACCESS<\/h3>\t\t\t\t<\/div>\n\t\t\t\t<\/div>\n\t\t\t\t<div class=\"elementor-element elementor-element-71d71ef elementor-widget elementor-widget-text-editor\" data-id=\"71d71ef\" data-element_type=\"widget\" data-e-type=\"widget\" data-widget_type=\"text-editor.default\">\n\t\t\t\t<div class=\"elementor-widget-container\">\n\t\t\t\t\t\t\t\t\tAvec le module Rounds pour Trimble Access d\u00e9velopp\u00e9 par ALLNAV, les utilisateurs peuvent rapidement et facilement enregistrer et charger des listes de s\u00e9rie sous forme de fichier de coordonn\u00e9es, y compris les informations sur la cible et la m\u00e9thode de mesure. Cela permet aux utilisateurs d\u2019effectuer des mesures de s\u00e9rie plus rapidement et plus efficacement et d\u2019\u00e9valuer les mesures directement sur le terrain.\t\t\t\t\t\t\t\t<\/div>\n\t\t\t\t<\/div>\n\t\t\t\t\t<\/div>\n\t\t<\/div>\n\t\t\t\t\t<\/div>\n\t\t<\/section>\n\t\t\t\t<section class=\"elementor-section elementor-top-section elementor-element elementor-element-9e9ff78 elementor-section-full_width elementor-section-height-default elementor-section-height-default\" data-id=\"9e9ff78\" data-element_type=\"section\" data-e-type=\"section\" data-settings=\"{&quot;background_background&quot;:&quot;classic&quot;}\">\n\t\t\t\t\t\t<div class=\"elementor-container elementor-column-gap-default\">\n\t\t\t\t\t<div class=\"elementor-column elementor-col-100 elementor-top-column elementor-element elementor-element-a040241\" data-id=\"a040241\" data-element_type=\"column\" data-e-type=\"column\">\n\t\t\t<div class=\"elementor-widget-wrap elementor-element-populated\">\n\t\t\t\t\t\t<div class=\"elementor-element elementor-element-b32ac71 elementor-widget elementor-widget-heading\" data-id=\"b32ac71\" data-element_type=\"widget\" data-e-type=\"widget\" data-widget_type=\"heading.default\">\n\t\t\t\t<div class=\"elementor-widget-container\">\n\t\t\t\t\t<h2 class=\"elementor-heading-title elementor-size-default\">Caract\u00e9ristques<\/h2>\t\t\t\t<\/div>\n\t\t\t\t<\/div>\n\t\t\t\t<div class=\"elementor-element elementor-element-635edae elementor-widget-divider--view-line elementor-widget elementor-widget-divider\" data-id=\"635edae\" data-element_type=\"widget\" data-e-type=\"widget\" data-widget_type=\"divider.default\">\n\t\t\t\t<div class=\"elementor-widget-container\">\n\t\t\t\t\t\t\t<div class=\"elementor-divider\">\n\t\t\t<span class=\"elementor-divider-separator\">\n\t\t\t\t\t\t<\/span>\n\t\t<\/div>\n\t\t\t\t\t\t<\/div>\n\t\t\t\t<\/div>\n\t\t\t\t<div class=\"elementor-element elementor-element-6337236 elementor-widget elementor-widget-text-editor\" data-id=\"6337236\" data-element_type=\"widget\" data-e-type=\"widget\" data-widget_type=\"text-editor.default\">\n\t\t\t\t<div class=\"elementor-widget-container\">\n\t\t\t\t\t\t\t\t\t<ul><li>D\u00e9but imm\u00e9diat avec la mesure de s\u00e9rie apr\u00e8s l\u2019orientation sans enseignement de la s\u00e9rie<\/li><li>Affichage d\u00e9taill\u00e9 des mesures et des pr\u00e9cisions des s\u00e9ries<\/li><li>Adaptation des mesures et des s\u00e9ries ainsi que des rapports directement sur le terrain<\/li><li>Licence d\u2019essai gratuite pendant 30 jours<\/li><\/ul>\t\t\t\t\t\t\t\t<\/div>\n\t\t\t\t<\/div>\n\t\t\t\t\t<\/div>\n\t\t<\/div>\n\t\t\t\t\t<\/div>\n\t\t<\/section>\n\t\t\t\t<section class=\"elementor-section elementor-top-section elementor-element elementor-element-8a652d8 elementor-section-full_width elementor-section-height-default elementor-section-height-default\" data-id=\"8a652d8\" data-element_type=\"section\" data-e-type=\"section\" data-settings=\"{&quot;background_background&quot;:&quot;classic&quot;}\">\n\t\t\t\t\t\t<div class=\"elementor-container elementor-column-gap-default\">\n\t\t\t\t\t<div class=\"elementor-column elementor-col-100 elementor-top-column elementor-element elementor-element-e64ee80\" data-id=\"e64ee80\" data-element_type=\"column\" data-e-type=\"column\">\n\t\t\t<div class=\"elementor-widget-wrap elementor-element-populated\">\n\t\t\t\t\t\t<div class=\"elementor-element elementor-element-8727ebd elementor-arrows-position-inside elementor-pagination-position-outside elementor-widget elementor-widget-image-carousel\" data-id=\"8727ebd\" data-element_type=\"widget\" data-e-type=\"widget\" data-settings=\"{&quot;slides_to_show&quot;:&quot;4&quot;,&quot;lazyload&quot;:&quot;yes&quot;,&quot;navigation&quot;:&quot;both&quot;,&quot;speed&quot;:500}\" data-widget_type=\"image-carousel.default\">\n\t\t\t\t<div class=\"elementor-widget-container\">\n\t\t\t\t\t\t\t<div class=\"elementor-image-carousel-wrapper swiper\" role=\"region\" aria-roledescription=\"carousel\" aria-label=\"Bild Karussell\" dir=\"ltr\">\n\t\t\t<div class=\"elementor-image-carousel swiper-wrapper\" aria-live=\"polite\">\n\t\t\t\t\t\t\t\t<div class=\"swiper-slide\" role=\"group\" aria-roledescription=\"slide\" aria-label=\"1 von 6\"><a data-elementor-open-lightbox=\"yes\" data-elementor-lightbox-slideshow=\"8727ebd\" data-elementor-lightbox-title=\"Feldrechner ALLNAV Satzmessung\" data-elementor-lightbox-description=\"Feldrechner ALLNAV Satzmessung\" data-e-action-hash=\"#elementor-action%3Aaction%3Dlightbox%26settings%3DeyJpZCI6NTY3NSwidXJsIjoiaHR0cHM6XC9cL3d3dy5hbGxuYXYuY29tXC93cC1jb250ZW50XC91cGxvYWRzXC8yMDIwXC8wNlwvNi5wbmciLCJzbGlkZXNob3ciOiI4NzI3ZWJkIn0%3D\" href=\"https:\/\/www.allnav.com\/wp-content\/uploads\/2020\/06\/6.png\"><figure class=\"swiper-slide-inner\"><img class=\"swiper-slide-image swiper-lazy\" data-src=\"https:\/\/www.allnav.com\/wp-content\/uploads\/2020\/06\/6-768x479.png\" alt=\"Feldrechner ALLNAV Satzmessung\" \/><div class=\"swiper-lazy-preloader\"><\/div><\/figure><\/a><\/div><div class=\"swiper-slide\" role=\"group\" aria-roledescription=\"slide\" aria-label=\"2 von 6\"><a data-elementor-open-lightbox=\"yes\" data-elementor-lightbox-slideshow=\"8727ebd\" data-elementor-lightbox-title=\"Feldrechner ALLNAV Satzmessung\" data-elementor-lightbox-description=\"Feldrechner ALLNAV Satzmessung\" data-e-action-hash=\"#elementor-action%3Aaction%3Dlightbox%26settings%3DeyJpZCI6NTY3NCwidXJsIjoiaHR0cHM6XC9cL3d3dy5hbGxuYXYuY29tXC93cC1jb250ZW50XC91cGxvYWRzXC8yMDIwXC8wNlwvNS0xLnBuZyIsInNsaWRlc2hvdyI6Ijg3MjdlYmQifQ%3D%3D\" href=\"https:\/\/www.allnav.com\/wp-content\/uploads\/2020\/06\/5-1.png\"><figure class=\"swiper-slide-inner\"><img class=\"swiper-slide-image swiper-lazy\" data-src=\"https:\/\/www.allnav.com\/wp-content\/uploads\/2020\/06\/5-1-768x480.png\" alt=\"Feldrechner ALLNAV Satzmessung\" \/><div class=\"swiper-lazy-preloader\"><\/div><\/figure><\/a><\/div><div class=\"swiper-slide\" role=\"group\" aria-roledescription=\"slide\" aria-label=\"3 von 6\"><a data-elementor-open-lightbox=\"yes\" data-elementor-lightbox-slideshow=\"8727ebd\" data-elementor-lightbox-title=\"Feldrechner ALLNAV Satzmessung\" data-elementor-lightbox-description=\"Feldrechner ALLNAV Satzmessung\" data-e-action-hash=\"#elementor-action%3Aaction%3Dlightbox%26settings%3DeyJpZCI6NTY3MywidXJsIjoiaHR0cHM6XC9cL3d3dy5hbGxuYXYuY29tXC93cC1jb250ZW50XC91cGxvYWRzXC8yMDIwXC8wNlwvNC0xLnBuZyIsInNsaWRlc2hvdyI6Ijg3MjdlYmQifQ%3D%3D\" href=\"https:\/\/www.allnav.com\/wp-content\/uploads\/2020\/06\/4-1.png\"><figure class=\"swiper-slide-inner\"><img class=\"swiper-slide-image swiper-lazy\" data-src=\"https:\/\/www.allnav.com\/wp-content\/uploads\/2020\/06\/4-1-768x479.png\" alt=\"Feldrechner ALLNAV Satzmessung\" \/><div class=\"swiper-lazy-preloader\"><\/div><\/figure><\/a><\/div><div class=\"swiper-slide\" role=\"group\" aria-roledescription=\"slide\" aria-label=\"4 von 6\"><a data-elementor-open-lightbox=\"yes\" data-elementor-lightbox-slideshow=\"8727ebd\" data-elementor-lightbox-title=\"Feldrechner ALLNAV Satzmessung\" data-elementor-lightbox-description=\"Feldrechner ALLNAV Satzmessung\" data-e-action-hash=\"#elementor-action%3Aaction%3Dlightbox%26settings%3DeyJpZCI6NTY3MiwidXJsIjoiaHR0cHM6XC9cL3d3dy5hbGxuYXYuY29tXC93cC1jb250ZW50XC91cGxvYWRzXC8yMDIwXC8wNlwvMy0xLnBuZyIsInNsaWRlc2hvdyI6Ijg3MjdlYmQifQ%3D%3D\" href=\"https:\/\/www.allnav.com\/wp-content\/uploads\/2020\/06\/3-1.png\"><figure class=\"swiper-slide-inner\"><img class=\"swiper-slide-image swiper-lazy\" data-src=\"https:\/\/www.allnav.com\/wp-content\/uploads\/2020\/06\/3-1-768x479.png\" alt=\"Feldrechner ALLNAV Satzmessung\" \/><div class=\"swiper-lazy-preloader\"><\/div><\/figure><\/a><\/div><div class=\"swiper-slide\" role=\"group\" aria-roledescription=\"slide\" aria-label=\"5 von 6\"><a data-elementor-open-lightbox=\"yes\" data-elementor-lightbox-slideshow=\"8727ebd\" data-elementor-lightbox-title=\"Feldrechner ALLNAV Satzmessung\" data-elementor-lightbox-description=\"Feldrechner ALLNAV Satzmessung\" data-e-action-hash=\"#elementor-action%3Aaction%3Dlightbox%26settings%3DeyJpZCI6NTY3MSwidXJsIjoiaHR0cHM6XC9cL3d3dy5hbGxuYXYuY29tXC93cC1jb250ZW50XC91cGxvYWRzXC8yMDIwXC8wNlwvMi0xLnBuZyIsInNsaWRlc2hvdyI6Ijg3MjdlYmQifQ%3D%3D\" href=\"https:\/\/www.allnav.com\/wp-content\/uploads\/2020\/06\/2-1.png\"><figure class=\"swiper-slide-inner\"><img class=\"swiper-slide-image swiper-lazy\" data-src=\"https:\/\/www.allnav.com\/wp-content\/uploads\/2020\/06\/2-1-768x480.png\" alt=\"Feldrechner ALLNAV Satzmessung\" \/><div class=\"swiper-lazy-preloader\"><\/div><\/figure><\/a><\/div><div class=\"swiper-slide\" role=\"group\" aria-roledescription=\"slide\" aria-label=\"6 von 6\"><a data-elementor-open-lightbox=\"yes\" data-elementor-lightbox-slideshow=\"8727ebd\" data-elementor-lightbox-title=\"Feldrechner ALLNAV Satzmessung\" data-elementor-lightbox-description=\"Feldrechner ALLNAV Satzmessung\" data-e-action-hash=\"#elementor-action%3Aaction%3Dlightbox%26settings%3DeyJpZCI6NTY3MCwidXJsIjoiaHR0cHM6XC9cL3d3dy5hbGxuYXYuY29tXC93cC1jb250ZW50XC91cGxvYWRzXC8yMDIwXC8wNlwvMS0xLnBuZyIsInNsaWRlc2hvdyI6Ijg3MjdlYmQifQ%3D%3D\" href=\"https:\/\/www.allnav.com\/wp-content\/uploads\/2020\/06\/1-1.png\"><figure class=\"swiper-slide-inner\"><img class=\"swiper-slide-image swiper-lazy\" data-src=\"https:\/\/www.allnav.com\/wp-content\/uploads\/2020\/06\/1-1-768x480.png\" alt=\"Feldrechner ALLNAV Satzmessung\" \/><div class=\"swiper-lazy-preloader\"><\/div><\/figure><\/a><\/div>\t\t\t<\/div>\n\t\t\t\t\t\t\t\t\t\t\t\t<div class=\"elementor-swiper-button elementor-swiper-button-prev\" role=\"button\" tabindex=\"0\">\n\t\t\t\t\t\t<svg aria-hidden=\"true\" class=\"e-font-icon-svg e-eicon-chevron-left\" viewbox=\"0 0 1000 1000\" xmlns=\"http:\/\/www.w3.org\/2000\/svg\"><path d=\"M646 125C629 125 613 133 604 142L308 442C296 454 292 471 292 487 292 504 296 521 308 533L604 854C617 867 629 875 646 875 663 875 679 871 692 858 704 846 713 829 713 812 713 796 708 779 692 767L438 487 692 225C700 217 708 204 708 187 708 171 704 154 692 142 675 129 663 125 646 125Z\"><\/path><\/svg>\t\t\t\t\t<\/div>\n\t\t\t\t\t<div class=\"elementor-swiper-button elementor-swiper-button-next\" role=\"button\" tabindex=\"0\">\n\t\t\t\t\t\t<svg aria-hidden=\"true\" class=\"e-font-icon-svg e-eicon-chevron-right\" viewbox=\"0 0 1000 1000\" xmlns=\"http:\/\/www.w3.org\/2000\/svg\"><path d=\"M696 533C708 521 713 504 713 487 713 471 708 454 696 446L400 146C388 133 375 125 354 125 338 125 325 129 313 142 300 154 292 171 292 187 292 204 296 221 308 233L563 492 304 771C292 783 288 800 288 817 288 833 296 850 308 863 321 871 338 875 354 875 371 875 388 867 400 854L696 533Z\"><\/path><\/svg>\t\t\t\t\t<\/div>\n\t\t\t\t\n\t\t\t\t\t\t\t\t\t<div class=\"swiper-pagination\"><\/div>\n\t\t\t\t\t\t\t\t\t<\/div>\n\t\t\t\t\t\t<\/div>\n\t\t\t\t<\/div>\n\t\t\t\t\t<\/div>\n\t\t<\/div>\n\t\t\t\t\t<\/div>\n\t\t<\/section>\n\t\t\t\t<\/div>","protected":false},"excerpt":{"rendered":"<p>Le module Rounds de Trimble Access, d\u00e9velopp\u00e9 par ALLNAV, permet aux utilisateurs d'enregistrer et de charger rapidement et facilement des listes d'enregistrements sous forme de fichiers de coordonn\u00e9es, y compris les informations sur la cible et la m\u00e9thode de mesure.<\/p>","protected":false},"author":1,"featured_media":13841,"parent":4158,"menu_order":0,"comment_status":"closed","ping_status":"closed","template":"elementor_header_footer","meta":{"footnotes":""},"class_list":["post-5323","page","type-page","status-publish","has-post-thumbnail","hentry"],"yoast_head":"<!-- This site is optimized with the Yoast SEO Premium plugin v27.5 (Yoast SEO v27.5) - https:\/\/yoast.com\/product\/yoast-seo-premium-wordpress\/ -->\n<title>allnav Rounds - ALLNAV<\/title>\n<meta name=\"description\" content=\"Mit dem ALLNAV Trimble Access-Modul Rounds k\u00f6nnen Anwender schnell und bequem Satzlisten als Koordinaten-Datei speichern und laden.\" \/>\n<meta name=\"robots\" content=\"index, follow, max-snippet:-1, max-image-preview:large, max-video-preview:-1\" \/>\n<link rel=\"canonical\" href=\"https:\/\/www.allnav.com\/fr\/produkte\/feldrechner\/rounds\/\" \/>\n<meta property=\"og:locale\" content=\"fr_FR\" \/>\n<meta property=\"og:type\" content=\"article\" \/>\n<meta property=\"og:title\" content=\"Rounds\" \/>\n<meta property=\"og:description\" content=\"Mit dem ALLNAV Trimble Access-Modul Rounds k\u00f6nnen Anwender schnell und bequem Satzlisten als Koordinaten-Datei speichern und laden.\" \/>\n<meta property=\"og:url\" content=\"https:\/\/www.allnav.com\/fr\/produkte\/feldrechner\/rounds\/\" \/>\n<meta property=\"og:site_name\" content=\"ALLNAV\" \/>\n<meta property=\"article:modified_time\" content=\"2024-12-18T09:41:54+00:00\" \/>\n<meta property=\"og:image\" content=\"https:\/\/www.allnav.com\/wp-content\/uploads\/2020\/06\/6.png\" \/>\n\t<meta property=\"og:image:width\" content=\"1277\" \/>\n\t<meta property=\"og:image:height\" content=\"797\" \/>\n\t<meta property=\"og:image:type\" content=\"image\/png\" \/>\n<meta name=\"twitter:card\" content=\"summary_large_image\" \/>\n<meta name=\"twitter:title\" content=\"Rounds\" \/>\n<meta name=\"twitter:description\" content=\"Mit dem ALLNAV Trimble Access-Modul Rounds k\u00f6nnen Anwender schnell und bequem Satzlisten als Koordinaten-Datei speichern und laden.\" \/>\n<meta name=\"twitter:image\" content=\"https:\/\/www.allnav.com\/wp-content\/uploads\/2020\/06\/6.png\" \/>\n<meta name=\"twitter:label1\" content=\"Dur\u00e9e de lecture estim\u00e9e\" \/>\n\t<meta name=\"twitter:data1\" content=\"2 minutes\" \/>\n<script type=\"application\/ld+json\" class=\"yoast-schema-graph\">{\"@context\":\"https:\\\/\\\/schema.org\",\"@graph\":[{\"@type\":\"WebPage\",\"@id\":\"https:\\\/\\\/www.allnav.com\\\/produkte\\\/feldrechner\\\/rounds\\\/\",\"url\":\"https:\\\/\\\/www.allnav.com\\\/produkte\\\/feldrechner\\\/rounds\\\/\",\"name\":\"allnav Rounds - ALLNAV\",\"isPartOf\":{\"@id\":\"https:\\\/\\\/www.allnav.com\\\/#website\"},\"primaryImageOfPage\":{\"@id\":\"https:\\\/\\\/www.allnav.com\\\/produkte\\\/feldrechner\\\/rounds\\\/#primaryimage\"},\"image\":{\"@id\":\"https:\\\/\\\/www.allnav.com\\\/produkte\\\/feldrechner\\\/rounds\\\/#primaryimage\"},\"thumbnailUrl\":\"https:\\\/\\\/www.allnav.com\\\/wp-content\\\/uploads\\\/2024\\\/06\\\/allnav-rounds-thumb.jpg\",\"datePublished\":\"2020-06-05T11:38:46+00:00\",\"dateModified\":\"2024-12-18T09:41:54+00:00\",\"description\":\"Mit dem ALLNAV Trimble Access-Modul Rounds k\u00f6nnen Anwender schnell und bequem Satzlisten als Koordinaten-Datei speichern und laden.\",\"breadcrumb\":{\"@id\":\"https:\\\/\\\/www.allnav.com\\\/produkte\\\/feldrechner\\\/rounds\\\/#breadcrumb\"},\"inLanguage\":\"fr-FR\",\"potentialAction\":[{\"@type\":\"ReadAction\",\"target\":[\"https:\\\/\\\/www.allnav.com\\\/produkte\\\/feldrechner\\\/rounds\\\/\"]}]},{\"@type\":\"ImageObject\",\"inLanguage\":\"fr-FR\",\"@id\":\"https:\\\/\\\/www.allnav.com\\\/produkte\\\/feldrechner\\\/rounds\\\/#primaryimage\",\"url\":\"https:\\\/\\\/www.allnav.com\\\/wp-content\\\/uploads\\\/2024\\\/06\\\/allnav-rounds-thumb.jpg\",\"contentUrl\":\"https:\\\/\\\/www.allnav.com\\\/wp-content\\\/uploads\\\/2024\\\/06\\\/allnav-rounds-thumb.jpg\",\"width\":1280,\"height\":853,\"caption\":\"allnav Rounds Software\"},{\"@type\":\"BreadcrumbList\",\"@id\":\"https:\\\/\\\/www.allnav.com\\\/produkte\\\/feldrechner\\\/rounds\\\/#breadcrumb\",\"itemListElement\":[{\"@type\":\"ListItem\",\"position\":1,\"name\":\"Startseite\",\"item\":\"https:\\\/\\\/www.allnav.com\\\/\"},{\"@type\":\"ListItem\",\"position\":2,\"name\":\"Produkte\",\"item\":\"https:\\\/\\\/www.allnav.com\\\/produkte\\\/\"},{\"@type\":\"ListItem\",\"position\":3,\"name\":\"Feldrechner\",\"item\":\"https:\\\/\\\/www.allnav.com\\\/produkte\\\/feldrechner\\\/\"},{\"@type\":\"ListItem\",\"position\":4,\"name\":\"allnav Rounds\"}]},{\"@type\":\"WebSite\",\"@id\":\"https:\\\/\\\/www.allnav.com\\\/#website\",\"url\":\"https:\\\/\\\/www.allnav.com\\\/\",\"name\":\"ALLNAV\",\"description\":\"L\u00f6sungen und Systeme f\u00fcr Vermessungsprofis\",\"publisher\":{\"@id\":\"https:\\\/\\\/www.allnav.com\\\/#organization\"},\"potentialAction\":[{\"@type\":\"SearchAction\",\"target\":{\"@type\":\"EntryPoint\",\"urlTemplate\":\"https:\\\/\\\/www.allnav.com\\\/?s={search_term_string}\"},\"query-input\":{\"@type\":\"PropertyValueSpecification\",\"valueRequired\":true,\"valueName\":\"search_term_string\"}}],\"inLanguage\":\"fr-FR\"},{\"@type\":\"Organization\",\"@id\":\"https:\\\/\\\/www.allnav.com\\\/#organization\",\"name\":\"ALLNAV\",\"url\":\"https:\\\/\\\/www.allnav.com\\\/\",\"logo\":{\"@type\":\"ImageObject\",\"inLanguage\":\"fr-FR\",\"@id\":\"https:\\\/\\\/www.allnav.com\\\/#\\\/schema\\\/logo\\\/image\\\/\",\"url\":\"https:\\\/\\\/www.allnav.com\\\/wp-content\\\/uploads\\\/2020\\\/01\\\/allnav.png\",\"contentUrl\":\"https:\\\/\\\/www.allnav.com\\\/wp-content\\\/uploads\\\/2020\\\/01\\\/allnav.png\",\"width\":506,\"height\":152,\"caption\":\"ALLNAV\"},\"image\":{\"@id\":\"https:\\\/\\\/www.allnav.com\\\/#\\\/schema\\\/logo\\\/image\\\/\"}}]}<\/script>\n<!-- \/ Yoast SEO Premium plugin. -->","yoast_head_json":{"title":"allnav Rounds - ALLNAV","description":"Mit dem ALLNAV Trimble Access-Modul Rounds k\u00f6nnen Anwender schnell und bequem Satzlisten als Koordinaten-Datei speichern und laden.","robots":{"index":"index","follow":"follow","max-snippet":"max-snippet:-1","max-image-preview":"max-image-preview:large","max-video-preview":"max-video-preview:-1"},"canonical":"https:\/\/www.allnav.com\/fr\/produkte\/feldrechner\/rounds\/","og_locale":"fr_FR","og_type":"article","og_title":"Rounds","og_description":"Mit dem ALLNAV Trimble Access-Modul Rounds k\u00f6nnen Anwender schnell und bequem Satzlisten als Koordinaten-Datei speichern und laden.","og_url":"https:\/\/www.allnav.com\/fr\/produkte\/feldrechner\/rounds\/","og_site_name":"ALLNAV","article_modified_time":"2024-12-18T09:41:54+00:00","og_image":[{"width":1277,"height":797,"url":"https:\/\/www.allnav.com\/wp-content\/uploads\/2020\/06\/6.png","type":"image\/png"}],"twitter_card":"summary_large_image","twitter_title":"Rounds","twitter_description":"Mit dem ALLNAV Trimble Access-Modul Rounds k\u00f6nnen Anwender schnell und bequem Satzlisten als Koordinaten-Datei speichern und laden.","twitter_image":"https:\/\/www.allnav.com\/wp-content\/uploads\/2020\/06\/6.png","twitter_misc":{"Dur\u00e9e de lecture estim\u00e9e":"2 minutes"},"schema":{"@context":"https:\/\/schema.org","@graph":[{"@type":"WebPage","@id":"https:\/\/www.allnav.com\/produkte\/feldrechner\/rounds\/","url":"https:\/\/www.allnav.com\/produkte\/feldrechner\/rounds\/","name":"allnav Rounds - ALLNAV","isPartOf":{"@id":"https:\/\/www.allnav.com\/#website"},"primaryImageOfPage":{"@id":"https:\/\/www.allnav.com\/produkte\/feldrechner\/rounds\/#primaryimage"},"image":{"@id":"https:\/\/www.allnav.com\/produkte\/feldrechner\/rounds\/#primaryimage"},"thumbnailUrl":"https:\/\/www.allnav.com\/wp-content\/uploads\/2024\/06\/allnav-rounds-thumb.jpg","datePublished":"2020-06-05T11:38:46+00:00","dateModified":"2024-12-18T09:41:54+00:00","description":"Mit dem ALLNAV Trimble Access-Modul Rounds k\u00f6nnen Anwender schnell und bequem Satzlisten als Koordinaten-Datei speichern und laden.","breadcrumb":{"@id":"https:\/\/www.allnav.com\/produkte\/feldrechner\/rounds\/#breadcrumb"},"inLanguage":"fr-FR","potentialAction":[{"@type":"ReadAction","target":["https:\/\/www.allnav.com\/produkte\/feldrechner\/rounds\/"]}]},{"@type":"ImageObject","inLanguage":"fr-FR","@id":"https:\/\/www.allnav.com\/produkte\/feldrechner\/rounds\/#primaryimage","url":"https:\/\/www.allnav.com\/wp-content\/uploads\/2024\/06\/allnav-rounds-thumb.jpg","contentUrl":"https:\/\/www.allnav.com\/wp-content\/uploads\/2024\/06\/allnav-rounds-thumb.jpg","width":1280,"height":853,"caption":"allnav Rounds Software"},{"@type":"BreadcrumbList","@id":"https:\/\/www.allnav.com\/produkte\/feldrechner\/rounds\/#breadcrumb","itemListElement":[{"@type":"ListItem","position":1,"name":"Startseite","item":"https:\/\/www.allnav.com\/"},{"@type":"ListItem","position":2,"name":"Produkte","item":"https:\/\/www.allnav.com\/produkte\/"},{"@type":"ListItem","position":3,"name":"Feldrechner","item":"https:\/\/www.allnav.com\/produkte\/feldrechner\/"},{"@type":"ListItem","position":4,"name":"allnav Rounds"}]},{"@type":"WebSite","@id":"https:\/\/www.allnav.com\/#website","url":"https:\/\/www.allnav.com\/","name":"ALLNAV","description":"L\u00f6sungen und Systeme f\u00fcr Vermessungsprofis","publisher":{"@id":"https:\/\/www.allnav.com\/#organization"},"potentialAction":[{"@type":"SearchAction","target":{"@type":"EntryPoint","urlTemplate":"https:\/\/www.allnav.com\/?s={search_term_string}"},"query-input":{"@type":"PropertyValueSpecification","valueRequired":true,"valueName":"search_term_string"}}],"inLanguage":"fr-FR"},{"@type":"Organization","@id":"https:\/\/www.allnav.com\/#organization","name":"ALLNAV","url":"https:\/\/www.allnav.com\/","logo":{"@type":"ImageObject","inLanguage":"fr-FR","@id":"https:\/\/www.allnav.com\/#\/schema\/logo\/image\/","url":"https:\/\/www.allnav.com\/wp-content\/uploads\/2020\/01\/allnav.png","contentUrl":"https:\/\/www.allnav.com\/wp-content\/uploads\/2020\/01\/allnav.png","width":506,"height":152,"caption":"ALLNAV"},"image":{"@id":"https:\/\/www.allnav.com\/#\/schema\/logo\/image\/"}}]}},"_links":{"self":[{"href":"https:\/\/www.allnav.com\/fr\/wp-json\/wp\/v2\/pages\/5323","targetHints":{"allow":["GET"]}}],"collection":[{"href":"https:\/\/www.allnav.com\/fr\/wp-json\/wp\/v2\/pages"}],"about":[{"href":"https:\/\/www.allnav.com\/fr\/wp-json\/wp\/v2\/types\/page"}],"author":[{"embeddable":true,"href":"https:\/\/www.allnav.com\/fr\/wp-json\/wp\/v2\/users\/1"}],"replies":[{"embeddable":true,"href":"https:\/\/www.allnav.com\/fr\/wp-json\/wp\/v2\/comments?post=5323"}],"version-history":[{"count":0,"href":"https:\/\/www.allnav.com\/fr\/wp-json\/wp\/v2\/pages\/5323\/revisions"}],"up":[{"embeddable":true,"href":"https:\/\/www.allnav.com\/fr\/wp-json\/wp\/v2\/pages\/4158"}],"wp:featuredmedia":[{"embeddable":true,"href":"https:\/\/www.allnav.com\/fr\/wp-json\/wp\/v2\/media\/13841"}],"wp:attachment":[{"href":"https:\/\/www.allnav.com\/fr\/wp-json\/wp\/v2\/media?parent=5323"}],"curies":[{"name":"wp","href":"https:\/\/api.w.org\/{rel}","templated":true}]}}