{"id":5338,"date":"2020-06-05T13:59:15","date_gmt":"2020-06-05T11:59:15","guid":{"rendered":"\/?page_id=5338"},"modified":"2024-06-07T14:13:02","modified_gmt":"2024-06-07T12:13:02","slug":"settop","status":"publish","type":"page","link":"https:\/\/www.allnav.com\/fr\/produkte\/monitoring\/settop\/","title":{"rendered":"Settop"},"content":{"rendered":"<div data-elementor-type=\"wp-page\" data-elementor-id=\"5338\" class=\"elementor elementor-5338\" data-elementor-post-type=\"page\">\n\t\t\t\t\t\t<section class=\"elementor-section elementor-top-section elementor-element elementor-element-19a34a9 elementor-section-full_width elementor-reverse-mobile elementor-section-height-default elementor-section-height-default\" data-id=\"19a34a9\" data-element_type=\"section\" data-e-type=\"section\">\n\t\t\t\t\t\t<div class=\"elementor-container elementor-column-gap-default\">\n\t\t\t\t\t<div class=\"elementor-column elementor-col-33 elementor-top-column elementor-element elementor-element-9653273\" data-id=\"9653273\" data-element_type=\"column\" data-e-type=\"column\">\n\t\t\t<div class=\"elementor-widget-wrap elementor-element-populated\">\n\t\t\t\t\t\t<div class=\"elementor-element elementor-element-53c0a1b elementor-widget elementor-widget-image\" data-id=\"53c0a1b\" data-element_type=\"widget\" data-e-type=\"widget\" data-widget_type=\"image.default\">\n\t\t\t\t<div class=\"elementor-widget-container\">\n\t\t\t\t\t\t\t\t\t\t\t\t\t\t\t\t<a href=\"https:\/\/www.allnav.com\/wp-content\/uploads\/2020\/06\/SettopM1_C-e1592549101957_220x191.png\" data-elementor-open-lightbox=\"yes\" data-elementor-lightbox-title=\"Monitoring settop\" data-elementor-lightbox-description=\"Monitoring settop\" data-e-action-hash=\"#elementor-action%3Aaction%3Dlightbox%26settings%3DeyJpZCI6NTg2NCwidXJsIjoiaHR0cHM6XC9cL3d3dy5hbGxuYXYuY29tXC93cC1jb250ZW50XC91cGxvYWRzXC8yMDIwXC8wNlwvU2V0dG9wTTFfQy1lMTU5MjU0OTEwMTk1N18yMjB4MTkxLnBuZyJ9\">\n\t\t\t\t\t\t\t<img decoding=\"async\" width=\"220\" height=\"191\" src=\"https:\/\/www.allnav.com\/wp-content\/uploads\/2020\/06\/SettopM1_C-e1592549101957_220x191.png\" class=\"attachment-large size-large wp-image-5864\" alt=\"Monitoring settop\" \/>\t\t\t\t\t\t\t\t<\/a>\n\t\t\t\t\t\t\t\t\t\t\t\t\t\t\t<\/div>\n\t\t\t\t<\/div>\n\t\t\t\t\t<\/div>\n\t\t<\/div>\n\t\t\t\t<div class=\"elementor-column elementor-col-66 elementor-top-column elementor-element elementor-element-303723e\" data-id=\"303723e\" data-element_type=\"column\" data-e-type=\"column\">\n\t\t\t<div class=\"elementor-widget-wrap elementor-element-populated\">\n\t\t\t\t\t\t<div class=\"elementor-element elementor-element-2d6ff29 elementor-widget elementor-widget-heading\" data-id=\"2d6ff29\" data-element_type=\"widget\" data-e-type=\"widget\" data-widget_type=\"heading.default\">\n\t\t\t\t<div class=\"elementor-widget-container\">\n\t\t\t\t\t<h1 class=\"elementor-heading-title elementor-size-default\">Settop M1<\/h1>\t\t\t\t<\/div>\n\t\t\t\t<\/div>\n\t\t\t\t<div class=\"elementor-element elementor-element-b095535 elementor-widget-divider--view-line elementor-widget elementor-widget-divider\" data-id=\"b095535\" data-element_type=\"widget\" data-e-type=\"widget\" data-widget_type=\"divider.default\">\n\t\t\t\t<div class=\"elementor-widget-container\">\n\t\t\t\t\t\t\t<div class=\"elementor-divider\">\n\t\t\t<span class=\"elementor-divider-separator\">\n\t\t\t\t\t\t<\/span>\n\t\t<\/div>\n\t\t\t\t\t\t<\/div>\n\t\t\t\t<\/div>\n\t\t\t\t<div class=\"elementor-element elementor-element-051a4d3 elementor-widget elementor-widget-heading\" data-id=\"051a4d3\" data-element_type=\"widget\" data-e-type=\"widget\" data-widget_type=\"heading.default\">\n\t\t\t\t<div class=\"elementor-widget-container\">\n\t\t\t\t\t<h3 class=\"elementor-heading-title elementor-size-default\">UNIT\u00c9 DE COMMUNICATION ET DE CONTR\u00d4LE POUR LA SURVEILLANCE EN TEMPS R\u00c9EL AVEC LES STATIONS TOTALES<\/h3>\t\t\t\t<\/div>\n\t\t\t\t<\/div>\n\t\t\t\t<div class=\"elementor-element elementor-element-f168088 elementor-widget elementor-widget-text-editor\" data-id=\"f168088\" data-element_type=\"widget\" data-e-type=\"widget\" data-widget_type=\"text-editor.default\">\n\t\t\t\t<div class=\"elementor-widget-container\">\n\t\t\t\t\t\t\t\t\tLa Settop M1 contr\u00f4le la station totale dans le cadre de projets complexes de surveillance en temps r\u00e9el. Gr\u00e2ce \u00e0 une simple interface web, le Settop M1 est accessible \u00e0 tout moment et de n\u2019importe o\u00f9, sans adresse IP fixe. L\u2019op\u00e9rateur peut configurer et ajuster les mesures, d\u00e9finir les intervalles de mesure, acc\u00e9der \u00e0 l\u2019image de la cam\u00e9ra et bien plus encore.\t\t\t\t\t\t\t\t<\/div>\n\t\t\t\t<\/div>\n\t\t\t\t<div class=\"elementor-element elementor-element-83560b5 elementor-widget elementor-widget-text-editor\" data-id=\"83560b5\" data-element_type=\"widget\" data-e-type=\"widget\" data-widget_type=\"text-editor.default\">\n\t\t\t\t<div class=\"elementor-widget-container\">\n\t\t\t\t\t\t\t\t\tLes donn\u00e9es de mesure sont transf\u00e9r\u00e9es en temps r\u00e9el au logiciel de monitoring Trimble 4D Control.\t\t\t\t\t\t\t\t<\/div>\n\t\t\t\t<\/div>\n\t\t\t\t\t<\/div>\n\t\t<\/div>\n\t\t\t\t\t<\/div>\n\t\t<\/section>\n\t\t\t\t<section class=\"elementor-section elementor-top-section elementor-element elementor-element-b73d739 elementor-section-full_width elementor-section-height-default elementor-section-height-default\" data-id=\"b73d739\" data-element_type=\"section\" data-e-type=\"section\" data-settings=\"{&quot;background_background&quot;:&quot;classic&quot;}\">\n\t\t\t\t\t\t<div class=\"elementor-container elementor-column-gap-default\">\n\t\t\t\t\t<div class=\"elementor-column elementor-col-100 elementor-top-column elementor-element elementor-element-d853877\" data-id=\"d853877\" data-element_type=\"column\" data-e-type=\"column\">\n\t\t\t<div class=\"elementor-widget-wrap elementor-element-populated\">\n\t\t\t\t\t\t<div class=\"elementor-element elementor-element-acf13b8 elementor-widget elementor-widget-heading\" data-id=\"acf13b8\" data-element_type=\"widget\" data-e-type=\"widget\" data-widget_type=\"heading.default\">\n\t\t\t\t<div class=\"elementor-widget-container\">\n\t\t\t\t\t<h2 class=\"elementor-heading-title elementor-size-default\">Caract\u00e9ristques<\/h2>\t\t\t\t<\/div>\n\t\t\t\t<\/div>\n\t\t\t\t<div class=\"elementor-element elementor-element-882127f elementor-widget-divider--view-line elementor-widget elementor-widget-divider\" data-id=\"882127f\" data-element_type=\"widget\" data-e-type=\"widget\" data-widget_type=\"divider.default\">\n\t\t\t\t<div class=\"elementor-widget-container\">\n\t\t\t\t\t\t\t<div class=\"elementor-divider\">\n\t\t\t<span class=\"elementor-divider-separator\">\n\t\t\t\t\t\t<\/span>\n\t\t<\/div>\n\t\t\t\t\t\t<\/div>\n\t\t\t\t<\/div>\n\t\t\t\t<div class=\"elementor-element elementor-element-0c60fe5 elementor-widget elementor-widget-text-editor\" data-id=\"0c60fe5\" data-element_type=\"widget\" data-e-type=\"widget\" data-widget_type=\"text-editor.default\">\n\t\t\t\t<div class=\"elementor-widget-container\">\n\t\t\t\t\t\t\t\t\t<ul><li>Interface web pour le pilotage<\/li><li>Alimentation \u00e9lectrique de la station totale<\/li><li>D\u00e9marrage automatique en cas de coupure de courant<\/li><li>Thermom\u00e8tre int\u00e9gr\u00e9<\/li><li>M\u00e9moire interne<\/li><li>Supporte Trimble Vision<\/li><\/ul>\t\t\t\t\t\t\t\t<\/div>\n\t\t\t\t<\/div>\n\t\t\t\t<section class=\"elementor-section elementor-inner-section elementor-element elementor-element-587c77b elementor-section-full_width elementor-section-height-default elementor-section-height-default\" data-id=\"587c77b\" data-element_type=\"section\" data-e-type=\"section\">\n\t\t\t\t\t\t<div class=\"elementor-container elementor-column-gap-default\">\n\t\t\t\t\t<div class=\"elementor-column elementor-col-25 elementor-inner-column elementor-element elementor-element-d6e58d0\" data-id=\"d6e58d0\" data-element_type=\"column\" data-e-type=\"column\">\n\t\t\t<div class=\"elementor-widget-wrap elementor-element-populated\">\n\t\t\t\t\t\t<div class=\"elementor-element elementor-element-42c63f9 elementor-align-justify elementor-widget elementor-widget-button\" data-id=\"42c63f9\" data-element_type=\"widget\" data-e-type=\"widget\" data-widget_type=\"button.default\">\n\t\t\t\t<div class=\"elementor-widget-container\">\n\t\t\t\t\t\t\t\t\t<div class=\"elementor-button-wrapper\">\n\t\t\t\t\t<a class=\"elementor-button elementor-button-link elementor-size-sm\" href=\"http:\/\/trl.trimble.com\/docushare\/dsweb\/Get\/Document-832161\/022506-240_SettopM1_DS_1116_LR.pdf\" target=\"_blank\">\n\t\t\t\t\t\t<span class=\"elementor-button-content-wrapper\">\n\t\t\t\t\t\t\t\t\t<span class=\"elementor-button-text\">Fiche Technique<\/span>\n\t\t\t\t\t<\/span>\n\t\t\t\t\t<\/a>\n\t\t\t\t<\/div>\n\t\t\t\t\t\t\t\t<\/div>\n\t\t\t\t<\/div>\n\t\t\t\t\t<\/div>\n\t\t<\/div>\n\t\t\t\t<div class=\"elementor-column elementor-col-25 elementor-inner-column elementor-element elementor-element-f7c0b4c\" data-id=\"f7c0b4c\" data-element_type=\"column\" data-e-type=\"column\">\n\t\t\t<div class=\"elementor-widget-wrap elementor-element-populated\">\n\t\t\t\t\t\t<div class=\"elementor-element elementor-element-ae974a1 elementor-align-justify elementor-widget elementor-widget-button\" data-id=\"ae974a1\" data-element_type=\"widget\" data-e-type=\"widget\" data-widget_type=\"button.default\">\n\t\t\t\t<div class=\"elementor-widget-container\">\n\t\t\t\t\t\t\t\t\t<div class=\"elementor-button-wrapper\">\n\t\t\t\t\t<a class=\"elementor-button elementor-button-link elementor-size-sm\" href=\"https:\/\/geospatial.trimble.com\/en\/products\/hardware\/settop-m1\" target=\"_blank\">\n\t\t\t\t\t\t<span class=\"elementor-button-content-wrapper\">\n\t\t\t\t\t\t\t\t\t<span class=\"elementor-button-text\">En savoir plus<\/span>\n\t\t\t\t\t<\/span>\n\t\t\t\t\t<\/a>\n\t\t\t\t<\/div>\n\t\t\t\t\t\t\t\t<\/div>\n\t\t\t\t<\/div>\n\t\t\t\t\t<\/div>\n\t\t<\/div>\n\t\t\t\t<div class=\"elementor-column elementor-col-25 elementor-inner-column elementor-element elementor-element-04494b6\" data-id=\"04494b6\" data-element_type=\"column\" data-e-type=\"column\">\n\t\t\t<div class=\"elementor-widget-wrap\">\n\t\t\t\t\t\t\t<\/div>\n\t\t<\/div>\n\t\t\t\t<div class=\"elementor-column elementor-col-25 elementor-inner-column elementor-element elementor-element-9a8de06\" data-id=\"9a8de06\" data-element_type=\"column\" data-e-type=\"column\">\n\t\t\t<div class=\"elementor-widget-wrap\">\n\t\t\t\t\t\t\t<\/div>\n\t\t<\/div>\n\t\t\t\t\t<\/div>\n\t\t<\/section>\n\t\t\t\t\t<\/div>\n\t\t<\/div>\n\t\t\t\t\t<\/div>\n\t\t<\/section>\n\t\t\t\t<\/div>","protected":false},"excerpt":{"rendered":"<p>Settop M1 KOMMUNIKATIONS- UND KONTROLLEINHEIT F\u00dcR ECHTZEITMONITORING MIT TOTALSTATIONEN Die Settop M1 steuert die Totalstation in komplexen Echtzeit-Monitoring-Projekten. \u00dcber ein einfaches Webinterface kann jederzeit und von \u00fcberall, ohne fixe IP-Adresse, auf die Settop M1 zugegriffen werden. Der Operateur kann Messungen einrichten und anpassen, Messintervalle definieren, auf das Kamerabild zugreifen und vieles mehr.Die Messdaten werden in [&hellip;]<\/p>\n","protected":false},"author":1,"featured_media":0,"parent":4387,"menu_order":0,"comment_status":"closed","ping_status":"closed","template":"elementor_header_footer","meta":{"footnotes":""},"class_list":["post-5338","page","type-page","status-publish","hentry"],"yoast_head":"<!-- This site is optimized with the Yoast SEO Premium plugin v27.5 (Yoast SEO v27.5) - https:\/\/yoast.com\/product\/yoast-seo-premium-wordpress\/ -->\n<title>Settop - ALLNAV<\/title>\n<meta name=\"description\" content=\"Die Settop M1 steuert die Totalstation in komplexen Echtzeit-Monitoring-Projekten ohne fixe IP-Adresse jederzeit und \u00fcberall.\" \/>\n<meta name=\"robots\" content=\"index, follow, max-snippet:-1, max-image-preview:large, max-video-preview:-1\" \/>\n<link rel=\"canonical\" href=\"https:\/\/www.allnav.com\/fr\/produkte\/monitoring\/settop\/\" \/>\n<meta property=\"og:locale\" content=\"fr_FR\" \/>\n<meta property=\"og:type\" content=\"article\" \/>\n<meta property=\"og:title\" content=\"Settop\" \/>\n<meta property=\"og:description\" content=\"Die Settop M1 steuert die Totalstation in komplexen Echtzeit-Monitoring-Projekten ohne fixe IP-Adresse jederzeit und \u00fcberall.\" \/>\n<meta property=\"og:url\" content=\"https:\/\/www.allnav.com\/fr\/produkte\/monitoring\/settop\/\" \/>\n<meta property=\"og:site_name\" content=\"ALLNAV\" \/>\n<meta property=\"article:modified_time\" content=\"2024-06-07T12:13:02+00:00\" \/>\n<meta property=\"og:image\" content=\"https:\/\/www.allnav.com\/wp-content\/uploads\/2021\/03\/ALC_Logo_RGB.jpg\" \/>\n\t<meta property=\"og:image:width\" content=\"2117\" \/>\n\t<meta property=\"og:image:height\" content=\"634\" \/>\n\t<meta property=\"og:image:type\" content=\"image\/jpeg\" \/>\n<meta name=\"twitter:card\" content=\"summary_large_image\" \/>\n<meta name=\"twitter:title\" content=\"Settop\" \/>\n<meta name=\"twitter:description\" content=\"Die Settop M1 steuert die Totalstation in komplexen Echtzeit-Monitoring-Projekten ohne fixe IP-Adresse jederzeit und \u00fcberall.\" \/>\n<meta name=\"twitter:image\" content=\"https:\/\/www.allnav.com\/wp-content\/uploads\/2021\/03\/ALC_Logo_RGB.jpg\" \/>\n<meta name=\"twitter:label1\" content=\"Dur\u00e9e de lecture estim\u00e9e\" \/>\n\t<meta name=\"twitter:data1\" content=\"1 minute\" \/>\n<script type=\"application\/ld+json\" class=\"yoast-schema-graph\">{\"@context\":\"https:\\\/\\\/schema.org\",\"@graph\":[{\"@type\":\"WebPage\",\"@id\":\"https:\\\/\\\/www.allnav.com\\\/produkte\\\/monitoring\\\/settop\\\/\",\"url\":\"https:\\\/\\\/www.allnav.com\\\/produkte\\\/monitoring\\\/settop\\\/\",\"name\":\"Settop - ALLNAV\",\"isPartOf\":{\"@id\":\"https:\\\/\\\/www.allnav.com\\\/#website\"},\"primaryImageOfPage\":{\"@id\":\"https:\\\/\\\/www.allnav.com\\\/produkte\\\/monitoring\\\/settop\\\/#primaryimage\"},\"image\":{\"@id\":\"https:\\\/\\\/www.allnav.com\\\/produkte\\\/monitoring\\\/settop\\\/#primaryimage\"},\"thumbnailUrl\":\"https:\\\/\\\/www.allnav.com\\\/wp-content\\\/uploads\\\/2020\\\/06\\\/SettopM1_C-e1592549101957_220x191.png\",\"datePublished\":\"2020-06-05T11:59:15+00:00\",\"dateModified\":\"2024-06-07T12:13:02+00:00\",\"description\":\"Die Settop M1 steuert die Totalstation in komplexen Echtzeit-Monitoring-Projekten ohne fixe IP-Adresse jederzeit und \u00fcberall.\",\"breadcrumb\":{\"@id\":\"https:\\\/\\\/www.allnav.com\\\/produkte\\\/monitoring\\\/settop\\\/#breadcrumb\"},\"inLanguage\":\"fr-FR\",\"potentialAction\":[{\"@type\":\"ReadAction\",\"target\":[\"https:\\\/\\\/www.allnav.com\\\/produkte\\\/monitoring\\\/settop\\\/\"]}]},{\"@type\":\"ImageObject\",\"inLanguage\":\"fr-FR\",\"@id\":\"https:\\\/\\\/www.allnav.com\\\/produkte\\\/monitoring\\\/settop\\\/#primaryimage\",\"url\":\"https:\\\/\\\/www.allnav.com\\\/wp-content\\\/uploads\\\/2020\\\/06\\\/SettopM1_C-e1592549101957_220x191.png\",\"contentUrl\":\"https:\\\/\\\/www.allnav.com\\\/wp-content\\\/uploads\\\/2020\\\/06\\\/SettopM1_C-e1592549101957_220x191.png\"},{\"@type\":\"BreadcrumbList\",\"@id\":\"https:\\\/\\\/www.allnav.com\\\/produkte\\\/monitoring\\\/settop\\\/#breadcrumb\",\"itemListElement\":[{\"@type\":\"ListItem\",\"position\":1,\"name\":\"Startseite\",\"item\":\"https:\\\/\\\/www.allnav.com\\\/\"},{\"@type\":\"ListItem\",\"position\":2,\"name\":\"Produkte\",\"item\":\"https:\\\/\\\/www.allnav.com\\\/produkte\\\/\"},{\"@type\":\"ListItem\",\"position\":3,\"name\":\"Monitoring\",\"item\":\"https:\\\/\\\/www.allnav.com\\\/produkte\\\/monitoring\\\/\"},{\"@type\":\"ListItem\",\"position\":4,\"name\":\"Settop\"}]},{\"@type\":\"WebSite\",\"@id\":\"https:\\\/\\\/www.allnav.com\\\/#website\",\"url\":\"https:\\\/\\\/www.allnav.com\\\/\",\"name\":\"ALLNAV\",\"description\":\"L\u00f6sungen und Systeme f\u00fcr Vermessungsprofis\",\"publisher\":{\"@id\":\"https:\\\/\\\/www.allnav.com\\\/#organization\"},\"potentialAction\":[{\"@type\":\"SearchAction\",\"target\":{\"@type\":\"EntryPoint\",\"urlTemplate\":\"https:\\\/\\\/www.allnav.com\\\/?s={search_term_string}\"},\"query-input\":{\"@type\":\"PropertyValueSpecification\",\"valueRequired\":true,\"valueName\":\"search_term_string\"}}],\"inLanguage\":\"fr-FR\"},{\"@type\":\"Organization\",\"@id\":\"https:\\\/\\\/www.allnav.com\\\/#organization\",\"name\":\"ALLNAV\",\"url\":\"https:\\\/\\\/www.allnav.com\\\/\",\"logo\":{\"@type\":\"ImageObject\",\"inLanguage\":\"fr-FR\",\"@id\":\"https:\\\/\\\/www.allnav.com\\\/#\\\/schema\\\/logo\\\/image\\\/\",\"url\":\"https:\\\/\\\/www.allnav.com\\\/wp-content\\\/uploads\\\/2020\\\/01\\\/allnav.png\",\"contentUrl\":\"https:\\\/\\\/www.allnav.com\\\/wp-content\\\/uploads\\\/2020\\\/01\\\/allnav.png\",\"width\":506,\"height\":152,\"caption\":\"ALLNAV\"},\"image\":{\"@id\":\"https:\\\/\\\/www.allnav.com\\\/#\\\/schema\\\/logo\\\/image\\\/\"}}]}<\/script>\n<!-- \/ Yoast SEO Premium plugin. -->","yoast_head_json":{"title":"Settop - ALLNAV","description":"Die Settop M1 steuert die Totalstation in komplexen Echtzeit-Monitoring-Projekten ohne fixe IP-Adresse jederzeit und \u00fcberall.","robots":{"index":"index","follow":"follow","max-snippet":"max-snippet:-1","max-image-preview":"max-image-preview:large","max-video-preview":"max-video-preview:-1"},"canonical":"https:\/\/www.allnav.com\/fr\/produkte\/monitoring\/settop\/","og_locale":"fr_FR","og_type":"article","og_title":"Settop","og_description":"Die Settop M1 steuert die Totalstation in komplexen Echtzeit-Monitoring-Projekten ohne fixe IP-Adresse jederzeit und \u00fcberall.","og_url":"https:\/\/www.allnav.com\/fr\/produkte\/monitoring\/settop\/","og_site_name":"ALLNAV","article_modified_time":"2024-06-07T12:13:02+00:00","og_image":[{"width":2117,"height":634,"url":"https:\/\/www.allnav.com\/wp-content\/uploads\/2021\/03\/ALC_Logo_RGB.jpg","type":"image\/jpeg"}],"twitter_card":"summary_large_image","twitter_title":"Settop","twitter_description":"Die Settop M1 steuert die Totalstation in komplexen Echtzeit-Monitoring-Projekten ohne fixe IP-Adresse jederzeit und \u00fcberall.","twitter_image":"https:\/\/www.allnav.com\/wp-content\/uploads\/2021\/03\/ALC_Logo_RGB.jpg","twitter_misc":{"Dur\u00e9e de lecture estim\u00e9e":"1 minute"},"schema":{"@context":"https:\/\/schema.org","@graph":[{"@type":"WebPage","@id":"https:\/\/www.allnav.com\/produkte\/monitoring\/settop\/","url":"https:\/\/www.allnav.com\/produkte\/monitoring\/settop\/","name":"Settop - ALLNAV","isPartOf":{"@id":"https:\/\/www.allnav.com\/#website"},"primaryImageOfPage":{"@id":"https:\/\/www.allnav.com\/produkte\/monitoring\/settop\/#primaryimage"},"image":{"@id":"https:\/\/www.allnav.com\/produkte\/monitoring\/settop\/#primaryimage"},"thumbnailUrl":"https:\/\/www.allnav.com\/wp-content\/uploads\/2020\/06\/SettopM1_C-e1592549101957_220x191.png","datePublished":"2020-06-05T11:59:15+00:00","dateModified":"2024-06-07T12:13:02+00:00","description":"Die Settop M1 steuert die Totalstation in komplexen Echtzeit-Monitoring-Projekten ohne fixe IP-Adresse jederzeit und \u00fcberall.","breadcrumb":{"@id":"https:\/\/www.allnav.com\/produkte\/monitoring\/settop\/#breadcrumb"},"inLanguage":"fr-FR","potentialAction":[{"@type":"ReadAction","target":["https:\/\/www.allnav.com\/produkte\/monitoring\/settop\/"]}]},{"@type":"ImageObject","inLanguage":"fr-FR","@id":"https:\/\/www.allnav.com\/produkte\/monitoring\/settop\/#primaryimage","url":"https:\/\/www.allnav.com\/wp-content\/uploads\/2020\/06\/SettopM1_C-e1592549101957_220x191.png","contentUrl":"https:\/\/www.allnav.com\/wp-content\/uploads\/2020\/06\/SettopM1_C-e1592549101957_220x191.png"},{"@type":"BreadcrumbList","@id":"https:\/\/www.allnav.com\/produkte\/monitoring\/settop\/#breadcrumb","itemListElement":[{"@type":"ListItem","position":1,"name":"Startseite","item":"https:\/\/www.allnav.com\/"},{"@type":"ListItem","position":2,"name":"Produkte","item":"https:\/\/www.allnav.com\/produkte\/"},{"@type":"ListItem","position":3,"name":"Monitoring","item":"https:\/\/www.allnav.com\/produkte\/monitoring\/"},{"@type":"ListItem","position":4,"name":"Settop"}]},{"@type":"WebSite","@id":"https:\/\/www.allnav.com\/#website","url":"https:\/\/www.allnav.com\/","name":"ALLNAV","description":"L\u00f6sungen und Systeme f\u00fcr Vermessungsprofis","publisher":{"@id":"https:\/\/www.allnav.com\/#organization"},"potentialAction":[{"@type":"SearchAction","target":{"@type":"EntryPoint","urlTemplate":"https:\/\/www.allnav.com\/?s={search_term_string}"},"query-input":{"@type":"PropertyValueSpecification","valueRequired":true,"valueName":"search_term_string"}}],"inLanguage":"fr-FR"},{"@type":"Organization","@id":"https:\/\/www.allnav.com\/#organization","name":"ALLNAV","url":"https:\/\/www.allnav.com\/","logo":{"@type":"ImageObject","inLanguage":"fr-FR","@id":"https:\/\/www.allnav.com\/#\/schema\/logo\/image\/","url":"https:\/\/www.allnav.com\/wp-content\/uploads\/2020\/01\/allnav.png","contentUrl":"https:\/\/www.allnav.com\/wp-content\/uploads\/2020\/01\/allnav.png","width":506,"height":152,"caption":"ALLNAV"},"image":{"@id":"https:\/\/www.allnav.com\/#\/schema\/logo\/image\/"}}]}},"_links":{"self":[{"href":"https:\/\/www.allnav.com\/fr\/wp-json\/wp\/v2\/pages\/5338","targetHints":{"allow":["GET"]}}],"collection":[{"href":"https:\/\/www.allnav.com\/fr\/wp-json\/wp\/v2\/pages"}],"about":[{"href":"https:\/\/www.allnav.com\/fr\/wp-json\/wp\/v2\/types\/page"}],"author":[{"embeddable":true,"href":"https:\/\/www.allnav.com\/fr\/wp-json\/wp\/v2\/users\/1"}],"replies":[{"embeddable":true,"href":"https:\/\/www.allnav.com\/fr\/wp-json\/wp\/v2\/comments?post=5338"}],"version-history":[{"count":0,"href":"https:\/\/www.allnav.com\/fr\/wp-json\/wp\/v2\/pages\/5338\/revisions"}],"up":[{"embeddable":true,"href":"https:\/\/www.allnav.com\/fr\/wp-json\/wp\/v2\/pages\/4387"}],"wp:attachment":[{"href":"https:\/\/www.allnav.com\/fr\/wp-json\/wp\/v2\/media?parent=5338"}],"curies":[{"name":"wp","href":"https:\/\/api.w.org\/{rel}","templated":true}]}}