{"id":5340,"date":"2020-06-05T14:03:17","date_gmt":"2020-06-05T12:03:17","guid":{"rendered":"\/?page_id=5340"},"modified":"2024-06-07T12:53:08","modified_gmt":"2024-06-07T10:53:08","slug":"vibrationsmesser","status":"publish","type":"page","link":"https:\/\/www.allnav.com\/fr\/produkte\/monitoring\/vibrationsmesser\/","title":{"rendered":"GSI Vibration Monitoring System (VMS)"},"content":{"rendered":"<div data-elementor-type=\"wp-page\" data-elementor-id=\"5340\" class=\"elementor elementor-5340\" data-elementor-post-type=\"page\">\n\t\t\t\t\t\t<section class=\"elementor-section elementor-top-section elementor-element elementor-element-292b96a elementor-section-full_width elementor-reverse-mobile elementor-section-height-default elementor-section-height-default\" data-id=\"292b96a\" data-element_type=\"section\" data-e-type=\"section\">\n\t\t\t\t\t\t<div class=\"elementor-container elementor-column-gap-default\">\n\t\t\t\t\t<div class=\"elementor-column elementor-col-33 elementor-top-column elementor-element elementor-element-b8ecd8a\" data-id=\"b8ecd8a\" data-element_type=\"column\" data-e-type=\"column\">\n\t\t\t<div class=\"elementor-widget-wrap elementor-element-populated\">\n\t\t\t\t\t\t<div class=\"elementor-element elementor-element-7a0a83d elementor-widget elementor-widget-image\" data-id=\"7a0a83d\" data-element_type=\"widget\" data-e-type=\"widget\" data-widget_type=\"image.default\">\n\t\t\t\t<div class=\"elementor-widget-container\">\n\t\t\t\t\t\t\t\t\t\t\t\t\t\t\t\t<a href=\"https:\/\/www.allnav.com\/wp-content\/uploads\/2020\/06\/1550660440-e1592549173987_220x191.png\" data-elementor-open-lightbox=\"yes\" data-elementor-lightbox-title=\"Monitoring Vibrationsmesser\" data-elementor-lightbox-description=\"Monitoring Vibrationsmesser\" data-e-action-hash=\"#elementor-action%3Aaction%3Dlightbox%26settings%3DeyJpZCI6NTg2NSwidXJsIjoiaHR0cHM6XC9cL3d3dy5hbGxuYXYuY29tXC93cC1jb250ZW50XC91cGxvYWRzXC8yMDIwXC8wNlwvMTU1MDY2MDQ0MC1lMTU5MjU0OTE3Mzk4N18yMjB4MTkxLnBuZyJ9\">\n\t\t\t\t\t\t\t<img decoding=\"async\" width=\"220\" height=\"191\" src=\"https:\/\/www.allnav.com\/wp-content\/uploads\/2020\/06\/1550660440-e1592549173987_220x191.png\" class=\"attachment-large size-large wp-image-5865\" alt=\"Monitoring Vibrationsmesser\" \/>\t\t\t\t\t\t\t\t<\/a>\n\t\t\t\t\t\t\t\t\t\t\t\t\t\t\t<\/div>\n\t\t\t\t<\/div>\n\t\t\t\t\t<\/div>\n\t\t<\/div>\n\t\t\t\t<div class=\"elementor-column elementor-col-66 elementor-top-column elementor-element elementor-element-5df5fb3\" data-id=\"5df5fb3\" data-element_type=\"column\" data-e-type=\"column\">\n\t\t\t<div class=\"elementor-widget-wrap elementor-element-populated\">\n\t\t\t\t\t\t<div class=\"elementor-element elementor-element-20eb900 elementor-widget elementor-widget-heading\" data-id=\"20eb900\" data-element_type=\"widget\" data-e-type=\"widget\" data-widget_type=\"heading.default\">\n\t\t\t\t<div class=\"elementor-widget-container\">\n\t\t\t\t\t<h1 class=\"elementor-heading-title elementor-size-default\">GSI VIBRATION MONITORING SYSTEM (VMS)<\/h1>\t\t\t\t<\/div>\n\t\t\t\t<\/div>\n\t\t\t\t<div class=\"elementor-element elementor-element-5701305 elementor-widget-divider--view-line elementor-widget elementor-widget-divider\" data-id=\"5701305\" data-element_type=\"widget\" data-e-type=\"widget\" data-widget_type=\"divider.default\">\n\t\t\t\t<div class=\"elementor-widget-container\">\n\t\t\t\t\t\t\t<div class=\"elementor-divider\">\n\t\t\t<span class=\"elementor-divider-separator\">\n\t\t\t\t\t\t<\/span>\n\t\t<\/div>\n\t\t\t\t\t\t<\/div>\n\t\t\t\t<\/div>\n\t\t\t\t<div class=\"elementor-element elementor-element-8a8f0df elementor-widget elementor-widget-heading\" data-id=\"8a8f0df\" data-element_type=\"widget\" data-e-type=\"widget\" data-widget_type=\"heading.default\">\n\t\t\t\t<div class=\"elementor-widget-container\">\n\t\t\t\t\t<h3 class=\"elementor-heading-title elementor-size-default\">FACILITER LES MESURES DE VIBRATIONS<\/h3>\t\t\t\t<\/div>\n\t\t\t\t<\/div>\n\t\t\t\t<div class=\"elementor-element elementor-element-19d5938 elementor-widget elementor-widget-text-editor\" data-id=\"19d5938\" data-element_type=\"widget\" data-e-type=\"widget\" data-widget_type=\"text-editor.default\">\n\t\t\t\t<div class=\"elementor-widget-container\">\n\t\t\t\t\t\t\t\t\tLe GSI VMS est un appareil de mesure des vibrations \u00e0 la pointe de la technologie. L'appareil est compact et tr\u00e8s facile \u00e0 configurer et \u00e0 utiliser. Il permet l'acquisition et le stockage des donn\u00e9es ainsi que diff\u00e9rentes possibilit\u00e9s de communication.\t\t\t\t\t\t\t\t<\/div>\n\t\t\t\t<\/div>\n\t\t\t\t\t<\/div>\n\t\t<\/div>\n\t\t\t\t\t<\/div>\n\t\t<\/section>\n\t\t\t\t<section class=\"elementor-section elementor-top-section elementor-element elementor-element-9e70271 elementor-section-full_width elementor-section-height-default elementor-section-height-default\" data-id=\"9e70271\" data-element_type=\"section\" data-e-type=\"section\" data-settings=\"{&quot;background_background&quot;:&quot;classic&quot;}\">\n\t\t\t\t\t\t<div class=\"elementor-container elementor-column-gap-default\">\n\t\t\t\t\t<div class=\"elementor-column elementor-col-100 elementor-top-column elementor-element elementor-element-b0fbb86\" data-id=\"b0fbb86\" data-element_type=\"column\" data-e-type=\"column\">\n\t\t\t<div class=\"elementor-widget-wrap elementor-element-populated\">\n\t\t\t\t\t\t<div class=\"elementor-element elementor-element-2715bc1 elementor-widget elementor-widget-heading\" data-id=\"2715bc1\" data-element_type=\"widget\" data-e-type=\"widget\" data-widget_type=\"heading.default\">\n\t\t\t\t<div class=\"elementor-widget-container\">\n\t\t\t\t\t<h2 class=\"elementor-heading-title elementor-size-default\">Caract\u00e9ristques<\/h2>\t\t\t\t<\/div>\n\t\t\t\t<\/div>\n\t\t\t\t<div class=\"elementor-element elementor-element-ca6866b elementor-widget-divider--view-line elementor-widget elementor-widget-divider\" data-id=\"ca6866b\" data-element_type=\"widget\" data-e-type=\"widget\" data-widget_type=\"divider.default\">\n\t\t\t\t<div class=\"elementor-widget-container\">\n\t\t\t\t\t\t\t<div class=\"elementor-divider\">\n\t\t\t<span class=\"elementor-divider-separator\">\n\t\t\t\t\t\t<\/span>\n\t\t<\/div>\n\t\t\t\t\t\t<\/div>\n\t\t\t\t<\/div>\n\t\t\t\t<div class=\"elementor-element elementor-element-81b534d elementor-widget elementor-widget-text-editor\" data-id=\"81b534d\" data-element_type=\"widget\" data-e-type=\"widget\" data-widget_type=\"text-editor.default\">\n\t\t\t\t<div class=\"elementor-widget-container\">\n\t\t\t\t\t\t\t\t\t<ul><li>Compact, tout-en-un<\/li><li>Norme suisse pour les vibrations SN640312a<\/li><li>Vitesse et \/ ou acc\u00e9l\u00e9ration<\/li><li>Mesure dynamique et statique<\/li><li>Prend en charge GPRS, GSM<\/li><li>Alarme locale avec SMS et e-mail<\/li><li>Interface graphique et clavier<\/li><li>Compatible avec Trimble 4D Control<\/li><\/ul>\t\t\t\t\t\t\t\t<\/div>\n\t\t\t\t<\/div>\n\t\t\t\t<section class=\"elementor-section elementor-inner-section elementor-element elementor-element-be54cbe elementor-section-full_width elementor-section-height-default elementor-section-height-default\" data-id=\"be54cbe\" data-element_type=\"section\" data-e-type=\"section\">\n\t\t\t\t\t\t<div class=\"elementor-container elementor-column-gap-default\">\n\t\t\t\t\t<div class=\"elementor-column elementor-col-33 elementor-inner-column elementor-element elementor-element-f848e5e\" data-id=\"f848e5e\" data-element_type=\"column\" data-e-type=\"column\">\n\t\t\t<div class=\"elementor-widget-wrap elementor-element-populated\">\n\t\t\t\t\t\t<div class=\"elementor-element elementor-element-4487d14 elementor-align-justify elementor-widget elementor-widget-button\" data-id=\"4487d14\" data-element_type=\"widget\" data-e-type=\"widget\" data-widget_type=\"button.default\">\n\t\t\t\t<div class=\"elementor-widget-container\">\n\t\t\t\t\t\t\t\t\t<div class=\"elementor-button-wrapper\">\n\t\t\t\t\t<a class=\"elementor-button elementor-button-link elementor-size-sm\" href=\"https:\/\/www.gsi-ltd.ch\/deutsch\/vms\/\" target=\"_blank\">\n\t\t\t\t\t\t<span class=\"elementor-button-content-wrapper\">\n\t\t\t\t\t\t\t\t\t<span class=\"elementor-button-text\">En savoir plus<\/span>\n\t\t\t\t\t<\/span>\n\t\t\t\t\t<\/a>\n\t\t\t\t<\/div>\n\t\t\t\t\t\t\t\t<\/div>\n\t\t\t\t<\/div>\n\t\t\t\t\t<\/div>\n\t\t<\/div>\n\t\t\t\t<div class=\"elementor-column elementor-col-33 elementor-inner-column elementor-element elementor-element-b2ece41\" data-id=\"b2ece41\" data-element_type=\"column\" data-e-type=\"column\">\n\t\t\t<div class=\"elementor-widget-wrap\">\n\t\t\t\t\t\t\t<\/div>\n\t\t<\/div>\n\t\t\t\t<div class=\"elementor-column elementor-col-33 elementor-inner-column elementor-element elementor-element-8175eae\" data-id=\"8175eae\" data-element_type=\"column\" data-e-type=\"column\">\n\t\t\t<div class=\"elementor-widget-wrap\">\n\t\t\t\t\t\t\t<\/div>\n\t\t<\/div>\n\t\t\t\t\t<\/div>\n\t\t<\/section>\n\t\t\t\t\t<\/div>\n\t\t<\/div>\n\t\t\t\t\t<\/div>\n\t\t<\/section>\n\t\t\t\t<\/div>","protected":false},"excerpt":{"rendered":"<p>GSI VIBRATION MONITORING SYSTEM (VMS) ERSCH\u00dcTTERUNGSMESSUNGEN LEICHT GEMACHT Das GSI VMS ist ein Ersch\u00fctterungsmessger\u00e4t nach dem neuesten Stand der Technik. Das Ger\u00e4t ist kompakt und sehr einfach zu konfigurieren und zu bedienen. Es bietet die Datenerfassung und -speicherung sowie unterschiedliche Kommunikationsm\u00f6glichkeiten. Eigenschaften Kompakt, all-in-one Schweizer Norm f\u00fcr Ersch\u00fctterungen SN640312a Geschwindigkeit und\/oder Beschleunigung Dynamische und statische [&hellip;]<\/p>\n","protected":false},"author":1,"featured_media":0,"parent":4387,"menu_order":0,"comment_status":"closed","ping_status":"closed","template":"elementor_header_footer","meta":{"footnotes":""},"class_list":["post-5340","page","type-page","status-publish","hentry"],"yoast_head":"<!-- This site is optimized with the Yoast SEO Premium plugin v27.4 (Yoast SEO v27.4) - https:\/\/yoast.com\/product\/yoast-seo-premium-wordpress\/ -->\n<title>GSI Vibration Monitoring System (VMS) - ALLNAV<\/title>\n<meta name=\"description\" content=\"Das GSI VMS ist ein kompaktes und einfach zu bedienendes Ersch\u00fctterungsmessger\u00e4t nach dem neuesten Stand der Technik.\" \/>\n<meta name=\"robots\" content=\"index, follow, max-snippet:-1, max-image-preview:large, max-video-preview:-1\" \/>\n<link rel=\"canonical\" href=\"https:\/\/www.allnav.com\/fr\/produkte\/monitoring\/vibrationsmesser\/\" \/>\n<meta property=\"og:locale\" content=\"fr_FR\" \/>\n<meta property=\"og:type\" content=\"article\" \/>\n<meta property=\"og:title\" content=\"Vibrationsmesser\" \/>\n<meta property=\"og:description\" content=\"Das GSI VMS ist ein kompaktes und einfach zu bedienendes Ersch\u00fctterungsmessger\u00e4t nach dem neuesten Stand der Technik.\" \/>\n<meta property=\"og:url\" content=\"https:\/\/www.allnav.com\/fr\/produkte\/monitoring\/vibrationsmesser\/\" \/>\n<meta property=\"og:site_name\" content=\"ALLNAV\" \/>\n<meta property=\"article:modified_time\" content=\"2024-06-07T10:53:08+00:00\" \/>\n<meta property=\"og:image\" content=\"https:\/\/www.allnav.com\/wp-content\/uploads\/2020\/06\/1550660440-e1592549173987.png\" \/>\n\t<meta property=\"og:image:width\" content=\"246\" \/>\n\t<meta property=\"og:image:height\" content=\"191\" \/>\n\t<meta property=\"og:image:type\" content=\"image\/png\" \/>\n<meta name=\"twitter:card\" content=\"summary_large_image\" \/>\n<meta name=\"twitter:title\" content=\"Vibrationsmesser\" \/>\n<meta name=\"twitter:description\" content=\"Das GSI VMS ist ein kompaktes und einfach zu bedienendes Ersch\u00fctterungsmessger\u00e4t nach dem neuesten Stand der Technik.\" \/>\n<meta name=\"twitter:image\" content=\"https:\/\/www.allnav.com\/wp-content\/uploads\/2020\/06\/1550660440-e1592549173987.png\" \/>\n<meta name=\"twitter:label1\" content=\"Dur\u00e9e de lecture estim\u00e9e\" \/>\n\t<meta name=\"twitter:data1\" content=\"1 minute\" \/>\n<script type=\"application\/ld+json\" class=\"yoast-schema-graph\">{\"@context\":\"https:\\\/\\\/schema.org\",\"@graph\":[{\"@type\":\"WebPage\",\"@id\":\"https:\\\/\\\/www.allnav.com\\\/produkte\\\/monitoring\\\/vibrationsmesser\\\/\",\"url\":\"https:\\\/\\\/www.allnav.com\\\/produkte\\\/monitoring\\\/vibrationsmesser\\\/\",\"name\":\"GSI Vibration Monitoring System (VMS) - ALLNAV\",\"isPartOf\":{\"@id\":\"https:\\\/\\\/www.allnav.com\\\/#website\"},\"primaryImageOfPage\":{\"@id\":\"https:\\\/\\\/www.allnav.com\\\/produkte\\\/monitoring\\\/vibrationsmesser\\\/#primaryimage\"},\"image\":{\"@id\":\"https:\\\/\\\/www.allnav.com\\\/produkte\\\/monitoring\\\/vibrationsmesser\\\/#primaryimage\"},\"thumbnailUrl\":\"https:\\\/\\\/www.allnav.com\\\/wp-content\\\/uploads\\\/2020\\\/06\\\/1550660440-e1592549173987_220x191.png\",\"datePublished\":\"2020-06-05T12:03:17+00:00\",\"dateModified\":\"2024-06-07T10:53:08+00:00\",\"description\":\"Das GSI VMS ist ein kompaktes und einfach zu bedienendes Ersch\u00fctterungsmessger\u00e4t nach dem neuesten Stand der Technik.\",\"breadcrumb\":{\"@id\":\"https:\\\/\\\/www.allnav.com\\\/produkte\\\/monitoring\\\/vibrationsmesser\\\/#breadcrumb\"},\"inLanguage\":\"fr-FR\",\"potentialAction\":[{\"@type\":\"ReadAction\",\"target\":[\"https:\\\/\\\/www.allnav.com\\\/produkte\\\/monitoring\\\/vibrationsmesser\\\/\"]}]},{\"@type\":\"ImageObject\",\"inLanguage\":\"fr-FR\",\"@id\":\"https:\\\/\\\/www.allnav.com\\\/produkte\\\/monitoring\\\/vibrationsmesser\\\/#primaryimage\",\"url\":\"https:\\\/\\\/www.allnav.com\\\/wp-content\\\/uploads\\\/2020\\\/06\\\/1550660440-e1592549173987_220x191.png\",\"contentUrl\":\"https:\\\/\\\/www.allnav.com\\\/wp-content\\\/uploads\\\/2020\\\/06\\\/1550660440-e1592549173987_220x191.png\"},{\"@type\":\"BreadcrumbList\",\"@id\":\"https:\\\/\\\/www.allnav.com\\\/produkte\\\/monitoring\\\/vibrationsmesser\\\/#breadcrumb\",\"itemListElement\":[{\"@type\":\"ListItem\",\"position\":1,\"name\":\"Startseite\",\"item\":\"https:\\\/\\\/www.allnav.com\\\/\"},{\"@type\":\"ListItem\",\"position\":2,\"name\":\"Produkte\",\"item\":\"https:\\\/\\\/www.allnav.com\\\/produkte\\\/\"},{\"@type\":\"ListItem\",\"position\":3,\"name\":\"Monitoring\",\"item\":\"https:\\\/\\\/www.allnav.com\\\/produkte\\\/monitoring\\\/\"},{\"@type\":\"ListItem\",\"position\":4,\"name\":\"GSI Vibration Monitoring System (VMS)\"}]},{\"@type\":\"WebSite\",\"@id\":\"https:\\\/\\\/www.allnav.com\\\/#website\",\"url\":\"https:\\\/\\\/www.allnav.com\\\/\",\"name\":\"ALLNAV\",\"description\":\"L\u00f6sungen und Systeme f\u00fcr Vermessungsprofis\",\"publisher\":{\"@id\":\"https:\\\/\\\/www.allnav.com\\\/#organization\"},\"potentialAction\":[{\"@type\":\"SearchAction\",\"target\":{\"@type\":\"EntryPoint\",\"urlTemplate\":\"https:\\\/\\\/www.allnav.com\\\/?s={search_term_string}\"},\"query-input\":{\"@type\":\"PropertyValueSpecification\",\"valueRequired\":true,\"valueName\":\"search_term_string\"}}],\"inLanguage\":\"fr-FR\"},{\"@type\":\"Organization\",\"@id\":\"https:\\\/\\\/www.allnav.com\\\/#organization\",\"name\":\"ALLNAV\",\"url\":\"https:\\\/\\\/www.allnav.com\\\/\",\"logo\":{\"@type\":\"ImageObject\",\"inLanguage\":\"fr-FR\",\"@id\":\"https:\\\/\\\/www.allnav.com\\\/#\\\/schema\\\/logo\\\/image\\\/\",\"url\":\"https:\\\/\\\/www.allnav.com\\\/wp-content\\\/uploads\\\/2020\\\/01\\\/allnav.png\",\"contentUrl\":\"https:\\\/\\\/www.allnav.com\\\/wp-content\\\/uploads\\\/2020\\\/01\\\/allnav.png\",\"width\":506,\"height\":152,\"caption\":\"ALLNAV\"},\"image\":{\"@id\":\"https:\\\/\\\/www.allnav.com\\\/#\\\/schema\\\/logo\\\/image\\\/\"}}]}<\/script>\n<!-- \/ Yoast SEO Premium plugin. -->","yoast_head_json":{"title":"GSI Vibration Monitoring System (VMS) - ALLNAV","description":"Das GSI VMS ist ein kompaktes und einfach zu bedienendes Ersch\u00fctterungsmessger\u00e4t nach dem neuesten Stand der Technik.","robots":{"index":"index","follow":"follow","max-snippet":"max-snippet:-1","max-image-preview":"max-image-preview:large","max-video-preview":"max-video-preview:-1"},"canonical":"https:\/\/www.allnav.com\/fr\/produkte\/monitoring\/vibrationsmesser\/","og_locale":"fr_FR","og_type":"article","og_title":"Vibrationsmesser","og_description":"Das GSI VMS ist ein kompaktes und einfach zu bedienendes Ersch\u00fctterungsmessger\u00e4t nach dem neuesten Stand der Technik.","og_url":"https:\/\/www.allnav.com\/fr\/produkte\/monitoring\/vibrationsmesser\/","og_site_name":"ALLNAV","article_modified_time":"2024-06-07T10:53:08+00:00","og_image":[{"width":246,"height":191,"url":"https:\/\/www.allnav.com\/wp-content\/uploads\/2020\/06\/1550660440-e1592549173987.png","type":"image\/png"}],"twitter_card":"summary_large_image","twitter_title":"Vibrationsmesser","twitter_description":"Das GSI VMS ist ein kompaktes und einfach zu bedienendes Ersch\u00fctterungsmessger\u00e4t nach dem neuesten Stand der Technik.","twitter_image":"https:\/\/www.allnav.com\/wp-content\/uploads\/2020\/06\/1550660440-e1592549173987.png","twitter_misc":{"Dur\u00e9e de lecture estim\u00e9e":"1 minute"},"schema":{"@context":"https:\/\/schema.org","@graph":[{"@type":"WebPage","@id":"https:\/\/www.allnav.com\/produkte\/monitoring\/vibrationsmesser\/","url":"https:\/\/www.allnav.com\/produkte\/monitoring\/vibrationsmesser\/","name":"GSI Vibration Monitoring System (VMS) - ALLNAV","isPartOf":{"@id":"https:\/\/www.allnav.com\/#website"},"primaryImageOfPage":{"@id":"https:\/\/www.allnav.com\/produkte\/monitoring\/vibrationsmesser\/#primaryimage"},"image":{"@id":"https:\/\/www.allnav.com\/produkte\/monitoring\/vibrationsmesser\/#primaryimage"},"thumbnailUrl":"https:\/\/www.allnav.com\/wp-content\/uploads\/2020\/06\/1550660440-e1592549173987_220x191.png","datePublished":"2020-06-05T12:03:17+00:00","dateModified":"2024-06-07T10:53:08+00:00","description":"Das GSI VMS ist ein kompaktes und einfach zu bedienendes Ersch\u00fctterungsmessger\u00e4t nach dem neuesten Stand der Technik.","breadcrumb":{"@id":"https:\/\/www.allnav.com\/produkte\/monitoring\/vibrationsmesser\/#breadcrumb"},"inLanguage":"fr-FR","potentialAction":[{"@type":"ReadAction","target":["https:\/\/www.allnav.com\/produkte\/monitoring\/vibrationsmesser\/"]}]},{"@type":"ImageObject","inLanguage":"fr-FR","@id":"https:\/\/www.allnav.com\/produkte\/monitoring\/vibrationsmesser\/#primaryimage","url":"https:\/\/www.allnav.com\/wp-content\/uploads\/2020\/06\/1550660440-e1592549173987_220x191.png","contentUrl":"https:\/\/www.allnav.com\/wp-content\/uploads\/2020\/06\/1550660440-e1592549173987_220x191.png"},{"@type":"BreadcrumbList","@id":"https:\/\/www.allnav.com\/produkte\/monitoring\/vibrationsmesser\/#breadcrumb","itemListElement":[{"@type":"ListItem","position":1,"name":"Startseite","item":"https:\/\/www.allnav.com\/"},{"@type":"ListItem","position":2,"name":"Produkte","item":"https:\/\/www.allnav.com\/produkte\/"},{"@type":"ListItem","position":3,"name":"Monitoring","item":"https:\/\/www.allnav.com\/produkte\/monitoring\/"},{"@type":"ListItem","position":4,"name":"GSI Vibration Monitoring System (VMS)"}]},{"@type":"WebSite","@id":"https:\/\/www.allnav.com\/#website","url":"https:\/\/www.allnav.com\/","name":"ALLNAV","description":"L\u00f6sungen und Systeme f\u00fcr Vermessungsprofis","publisher":{"@id":"https:\/\/www.allnav.com\/#organization"},"potentialAction":[{"@type":"SearchAction","target":{"@type":"EntryPoint","urlTemplate":"https:\/\/www.allnav.com\/?s={search_term_string}"},"query-input":{"@type":"PropertyValueSpecification","valueRequired":true,"valueName":"search_term_string"}}],"inLanguage":"fr-FR"},{"@type":"Organization","@id":"https:\/\/www.allnav.com\/#organization","name":"ALLNAV","url":"https:\/\/www.allnav.com\/","logo":{"@type":"ImageObject","inLanguage":"fr-FR","@id":"https:\/\/www.allnav.com\/#\/schema\/logo\/image\/","url":"https:\/\/www.allnav.com\/wp-content\/uploads\/2020\/01\/allnav.png","contentUrl":"https:\/\/www.allnav.com\/wp-content\/uploads\/2020\/01\/allnav.png","width":506,"height":152,"caption":"ALLNAV"},"image":{"@id":"https:\/\/www.allnav.com\/#\/schema\/logo\/image\/"}}]}},"_links":{"self":[{"href":"https:\/\/www.allnav.com\/fr\/wp-json\/wp\/v2\/pages\/5340","targetHints":{"allow":["GET"]}}],"collection":[{"href":"https:\/\/www.allnav.com\/fr\/wp-json\/wp\/v2\/pages"}],"about":[{"href":"https:\/\/www.allnav.com\/fr\/wp-json\/wp\/v2\/types\/page"}],"author":[{"embeddable":true,"href":"https:\/\/www.allnav.com\/fr\/wp-json\/wp\/v2\/users\/1"}],"replies":[{"embeddable":true,"href":"https:\/\/www.allnav.com\/fr\/wp-json\/wp\/v2\/comments?post=5340"}],"version-history":[{"count":0,"href":"https:\/\/www.allnav.com\/fr\/wp-json\/wp\/v2\/pages\/5340\/revisions"}],"up":[{"embeddable":true,"href":"https:\/\/www.allnav.com\/fr\/wp-json\/wp\/v2\/pages\/4387"}],"wp:attachment":[{"href":"https:\/\/www.allnav.com\/fr\/wp-json\/wp\/v2\/media?parent=5340"}],"curies":[{"name":"wp","href":"https:\/\/api.w.org\/{rel}","templated":true}]}}