{"id":5880,"date":"2020-06-22T14:15:29","date_gmt":"2020-06-22T12:15:29","guid":{"rendered":"\/?page_id=5880"},"modified":"2024-06-11T13:11:17","modified_gmt":"2024-06-11T11:11:17","slug":"alloy","status":"publish","type":"page","link":"https:\/\/www.allnav.com\/fr\/produkte\/gnss-systeme\/alloy\/","title":{"rendered":"Trimble Alloy"},"content":{"rendered":"<div data-elementor-type=\"wp-page\" data-elementor-id=\"5880\" class=\"elementor elementor-5880\" data-elementor-post-type=\"page\">\n\t\t\t\t\t\t<section class=\"elementor-section elementor-top-section elementor-element elementor-element-4910fd7 elementor-section-full_width elementor-reverse-mobile elementor-section-height-default elementor-section-height-default\" data-id=\"4910fd7\" data-element_type=\"section\" data-e-type=\"section\">\n\t\t\t\t\t\t<div class=\"elementor-container elementor-column-gap-default\">\n\t\t\t\t\t<div class=\"elementor-column elementor-col-33 elementor-top-column elementor-element elementor-element-a054ec7\" data-id=\"a054ec7\" data-element_type=\"column\" data-e-type=\"column\">\n\t\t\t<div class=\"elementor-widget-wrap elementor-element-populated\">\n\t\t\t\t\t\t<div class=\"elementor-element elementor-element-1e68ade elementor-widget elementor-widget-image\" data-id=\"1e68ade\" data-element_type=\"widget\" data-e-type=\"widget\" data-widget_type=\"image.default\">\n\t\t\t\t<div class=\"elementor-widget-container\">\n\t\t\t\t\t\t\t\t\t\t\t\t\t\t\t\t<a href=\"https:\/\/www.allnav.com\/wp-content\/uploads\/2024\/06\/trimble-alloy-thumb.jpg\" data-elementor-open-lightbox=\"yes\" data-elementor-lightbox-title=\"Allnav Trimble Alloy\" data-elementor-lightbox-description=\"Allnav Trimble Alloy\" data-e-action-hash=\"#elementor-action%3Aaction%3Dlightbox%26settings%3DeyJpZCI6MTM4NzcsInVybCI6Imh0dHBzOlwvXC93d3cuYWxsbmF2LmNvbVwvd3AtY29udGVudFwvdXBsb2Fkc1wvMjAyNFwvMDZcL3RyaW1ibGUtYWxsb3ktdGh1bWIuanBnIn0%3D\">\n\t\t\t\t\t\t\t<img fetchpriority=\"high\" decoding=\"async\" width=\"800\" height=\"533\" src=\"https:\/\/www.allnav.com\/wp-content\/uploads\/2024\/06\/trimble-alloy-thumb-1024x682.jpg\" class=\"attachment-large size-large wp-image-13877\" alt=\"Allnav Trimble Alloy\" srcset=\"https:\/\/www.allnav.com\/wp-content\/uploads\/2024\/06\/trimble-alloy-thumb-1024x682.jpg 1024w, https:\/\/www.allnav.com\/wp-content\/uploads\/2024\/06\/trimble-alloy-thumb-300x200.jpg 300w, https:\/\/www.allnav.com\/wp-content\/uploads\/2024\/06\/trimble-alloy-thumb-768x512.jpg 768w, https:\/\/www.allnav.com\/wp-content\/uploads\/2024\/06\/trimble-alloy-thumb.jpg 1280w\" sizes=\"(max-width: 800px) 100vw, 800px\" \/>\t\t\t\t\t\t\t\t<\/a>\n\t\t\t\t\t\t\t\t\t\t\t\t\t\t\t<\/div>\n\t\t\t\t<\/div>\n\t\t\t\t\t<\/div>\n\t\t<\/div>\n\t\t\t\t<div class=\"elementor-column elementor-col-66 elementor-top-column elementor-element elementor-element-b804bc0\" data-id=\"b804bc0\" data-element_type=\"column\" data-e-type=\"column\">\n\t\t\t<div class=\"elementor-widget-wrap elementor-element-populated\">\n\t\t\t\t\t\t<div class=\"elementor-element elementor-element-2c89c11 elementor-widget elementor-widget-heading\" data-id=\"2c89c11\" data-element_type=\"widget\" data-e-type=\"widget\" data-widget_type=\"heading.default\">\n\t\t\t\t<div class=\"elementor-widget-container\">\n\t\t\t\t\t<h1 class=\"elementor-heading-title elementor-size-default\">Trimble Alloy<\/h1>\t\t\t\t<\/div>\n\t\t\t\t<\/div>\n\t\t\t\t<div class=\"elementor-element elementor-element-19087b1 elementor-widget-divider--view-line elementor-widget elementor-widget-divider\" data-id=\"19087b1\" data-element_type=\"widget\" data-e-type=\"widget\" data-widget_type=\"divider.default\">\n\t\t\t\t<div class=\"elementor-widget-container\">\n\t\t\t\t\t\t\t<div class=\"elementor-divider\">\n\t\t\t<span class=\"elementor-divider-separator\">\n\t\t\t\t\t\t<\/span>\n\t\t<\/div>\n\t\t\t\t\t\t<\/div>\n\t\t\t\t<\/div>\n\t\t\t\t<div class=\"elementor-element elementor-element-3a01121 elementor-widget elementor-widget-heading\" data-id=\"3a01121\" data-element_type=\"widget\" data-e-type=\"widget\" data-widget_type=\"heading.default\">\n\t\t\t\t<div class=\"elementor-widget-container\">\n\t\t\t\t\t<h3 class=\"elementor-heading-title elementor-size-default\">R\u00c9CEPTEUR DE R\u00c9F\u00c9RENCE GNSS PUISSANT<\/h3>\t\t\t\t<\/div>\n\t\t\t\t<\/div>\n\t\t\t\t<div class=\"elementor-element elementor-element-cf3087d elementor-widget elementor-widget-text-editor\" data-id=\"cf3087d\" data-element_type=\"widget\" data-e-type=\"widget\" data-widget_type=\"text-editor.default\">\n\t\t\t\t<div class=\"elementor-widget-container\">\n\t\t\t\t\t\t\t\t\tLe Trimble Alloy est un r\u00e9cepteur GNSS de r\u00e9f\u00e9rence performant, \u00e9quip\u00e9 de la technologie la plus r\u00e9cente. Qu'il s'agisse d'une utilisation \u00e0 court terme ou d'une installation fixe, ce r\u00e9cepteur flexible fournit des donn\u00e9es stables et fiables - quand et o\u00f9 vous en avez besoin.\t\t\t\t\t\t\t\t<\/div>\n\t\t\t\t<\/div>\n\t\t\t\t\t<\/div>\n\t\t<\/div>\n\t\t\t\t\t<\/div>\n\t\t<\/section>\n\t\t\t\t<section class=\"elementor-section elementor-top-section elementor-element elementor-element-b1966a8 elementor-section-full_width elementor-section-height-default elementor-section-height-default\" data-id=\"b1966a8\" data-element_type=\"section\" data-e-type=\"section\" data-settings=\"{&quot;background_background&quot;:&quot;classic&quot;}\">\n\t\t\t\t\t\t<div class=\"elementor-container elementor-column-gap-default\">\n\t\t\t\t\t<div class=\"elementor-column elementor-col-100 elementor-top-column elementor-element elementor-element-50bb014\" data-id=\"50bb014\" data-element_type=\"column\" data-e-type=\"column\">\n\t\t\t<div class=\"elementor-widget-wrap elementor-element-populated\">\n\t\t\t\t\t\t<div class=\"elementor-element elementor-element-304917a elementor-widget elementor-widget-heading\" data-id=\"304917a\" data-element_type=\"widget\" data-e-type=\"widget\" data-widget_type=\"heading.default\">\n\t\t\t\t<div class=\"elementor-widget-container\">\n\t\t\t\t\t<h2 class=\"elementor-heading-title elementor-size-default\">Caract\u00e9ristques<\/h2>\t\t\t\t<\/div>\n\t\t\t\t<\/div>\n\t\t\t\t<div class=\"elementor-element elementor-element-feb15b3 elementor-widget-divider--view-line elementor-widget elementor-widget-divider\" data-id=\"feb15b3\" data-element_type=\"widget\" data-e-type=\"widget\" data-widget_type=\"divider.default\">\n\t\t\t\t<div class=\"elementor-widget-container\">\n\t\t\t\t\t\t\t<div class=\"elementor-divider\">\n\t\t\t<span class=\"elementor-divider-separator\">\n\t\t\t\t\t\t<\/span>\n\t\t<\/div>\n\t\t\t\t\t\t<\/div>\n\t\t\t\t<\/div>\n\t\t\t\t<div class=\"elementor-element elementor-element-8a8cc68 elementor-widget elementor-widget-text-editor\" data-id=\"8a8cc68\" data-element_type=\"widget\" data-e-type=\"widget\" data-widget_type=\"text-editor.default\">\n\t\t\t\t<div class=\"elementor-widget-container\">\n\t\t\t\t\t\t\t\t\t<ul><li>Technologie du r\u00e9cepteur Trimble 360<\/li><li>Deux chipsets Trimble Maxwell 7<\/li><li>Prise en charge d\u2019Ethernet et de Wi-Fi pour un acc\u00e8s, une configuration et une transmission faciles<\/li><li>Deux batteries interchangeables avec chargement int\u00e9gr\u00e9<\/li><li>Certifi\u00e9 IP68<\/li><li>upport de firmware inclut pour la vie<\/li><\/ul>\t\t\t\t\t\t\t\t<\/div>\n\t\t\t\t<\/div>\n\t\t\t\t<section class=\"elementor-section elementor-inner-section elementor-element elementor-element-a6b2cda elementor-section-full_width elementor-section-height-default elementor-section-height-default\" data-id=\"a6b2cda\" data-element_type=\"section\" data-e-type=\"section\">\n\t\t\t\t\t\t<div class=\"elementor-container elementor-column-gap-default\">\n\t\t\t\t\t<div class=\"elementor-column elementor-col-25 elementor-inner-column elementor-element elementor-element-ad6c850\" data-id=\"ad6c850\" data-element_type=\"column\" data-e-type=\"column\">\n\t\t\t<div class=\"elementor-widget-wrap elementor-element-populated\">\n\t\t\t\t\t\t<div class=\"elementor-element elementor-element-88a1370 elementor-align-justify elementor-widget elementor-widget-button\" data-id=\"88a1370\" data-element_type=\"widget\" data-e-type=\"widget\" data-widget_type=\"button.default\">\n\t\t\t\t<div class=\"elementor-widget-container\">\n\t\t\t\t\t\t\t\t\t<div class=\"elementor-button-wrapper\">\n\t\t\t\t\t<a class=\"elementor-button elementor-button-link elementor-size-sm\" href=\"http:\/\/trl.trimble.com\/docushare\/dsweb\/Get\/Document-867350\/022506-243B_Alloy_GNSS_Ref_Receiver_USL_DS_0218_LR.pdf\" target=\"_blank\">\n\t\t\t\t\t\t<span class=\"elementor-button-content-wrapper\">\n\t\t\t\t\t\t\t\t\t<span class=\"elementor-button-text\">Fiche Technique<\/span>\n\t\t\t\t\t<\/span>\n\t\t\t\t\t<\/a>\n\t\t\t\t<\/div>\n\t\t\t\t\t\t\t\t<\/div>\n\t\t\t\t<\/div>\n\t\t\t\t\t<\/div>\n\t\t<\/div>\n\t\t\t\t<div class=\"elementor-column elementor-col-25 elementor-inner-column elementor-element elementor-element-1fead47\" data-id=\"1fead47\" data-element_type=\"column\" data-e-type=\"column\">\n\t\t\t<div class=\"elementor-widget-wrap elementor-element-populated\">\n\t\t\t\t\t\t<div class=\"elementor-element elementor-element-c372c8a elementor-align-justify elementor-widget elementor-widget-button\" data-id=\"c372c8a\" data-element_type=\"widget\" data-e-type=\"widget\" data-widget_type=\"button.default\">\n\t\t\t\t<div class=\"elementor-widget-container\">\n\t\t\t\t\t\t\t\t\t<div class=\"elementor-button-wrapper\">\n\t\t\t\t\t<a class=\"elementor-button elementor-button-link elementor-size-sm\" href=\"https:\/\/www.trimble.com\/Real-Time-Networks\/Trimble-Alloy.aspx\" target=\"_blank\">\n\t\t\t\t\t\t<span class=\"elementor-button-content-wrapper\">\n\t\t\t\t\t\t\t\t\t<span class=\"elementor-button-text\">En savoir plus<\/span>\n\t\t\t\t\t<\/span>\n\t\t\t\t\t<\/a>\n\t\t\t\t<\/div>\n\t\t\t\t\t\t\t\t<\/div>\n\t\t\t\t<\/div>\n\t\t\t\t\t<\/div>\n\t\t<\/div>\n\t\t\t\t<div class=\"elementor-column elementor-col-25 elementor-inner-column elementor-element elementor-element-7b4a574\" data-id=\"7b4a574\" data-element_type=\"column\" data-e-type=\"column\">\n\t\t\t<div class=\"elementor-widget-wrap\">\n\t\t\t\t\t\t\t<\/div>\n\t\t<\/div>\n\t\t\t\t<div class=\"elementor-column elementor-col-25 elementor-inner-column elementor-element elementor-element-5379f26\" data-id=\"5379f26\" data-element_type=\"column\" data-e-type=\"column\">\n\t\t\t<div class=\"elementor-widget-wrap\">\n\t\t\t\t\t\t\t<\/div>\n\t\t<\/div>\n\t\t\t\t\t<\/div>\n\t\t<\/section>\n\t\t\t\t\t<\/div>\n\t\t<\/div>\n\t\t\t\t\t<\/div>\n\t\t<\/section>\n\t\t\t\t<\/div>","protected":false},"excerpt":{"rendered":"<p>Der Trimble Alloy ist ein leistungsstarker GNSS-Referenzempf\u00e4nger, ausgestattet mit der neuesten Technologie.<\/p>","protected":false},"author":1,"featured_media":13877,"parent":4065,"menu_order":0,"comment_status":"closed","ping_status":"closed","template":"elementor_header_footer","meta":{"footnotes":""},"class_list":["post-5880","page","type-page","status-publish","has-post-thumbnail","hentry"],"yoast_head":"<!-- This site is optimized with the Yoast SEO Premium plugin v25.3.1 (Yoast SEO v27.3) - https:\/\/yoast.com\/product\/yoast-seo-premium-wordpress\/ -->\n<title>Trimble Alloy - ALLNAV<\/title>\n<meta name=\"description\" content=\"Der Trimble Alloy ist ein leistungsstarker GNSS-Referenzempf\u00e4nger, ausgestattet mit der neuesten Technologie.\" \/>\n<meta name=\"robots\" content=\"index, follow, max-snippet:-1, max-image-preview:large, max-video-preview:-1\" \/>\n<link rel=\"canonical\" href=\"https:\/\/www.allnav.com\/fr\/produkte\/gnss-systeme\/alloy\/\" \/>\n<meta property=\"og:locale\" content=\"fr_FR\" \/>\n<meta property=\"og:type\" content=\"article\" \/>\n<meta property=\"og:title\" content=\"Trimble Alloy\" \/>\n<meta property=\"og:description\" content=\"Der Trimble Alloy ist ein leistungsstarker GNSS-Referenzempf\u00e4nger, ausgestattet mit der neuesten Technologie.\" \/>\n<meta property=\"og:url\" content=\"https:\/\/www.allnav.com\/fr\/produkte\/gnss-systeme\/alloy\/\" \/>\n<meta property=\"og:site_name\" content=\"ALLNAV\" \/>\n<meta property=\"article:modified_time\" content=\"2024-06-11T11:11:17+00:00\" \/>\n<meta property=\"og:image\" content=\"https:\/\/www.allnav.com\/wp-content\/uploads\/2020\/06\/Three-Quarter-Alloy_500x500px_web.jpg\" \/>\n\t<meta property=\"og:image:width\" content=\"500\" \/>\n\t<meta property=\"og:image:height\" content=\"500\" \/>\n\t<meta property=\"og:image:type\" content=\"image\/jpeg\" \/>\n<meta name=\"twitter:card\" content=\"summary_large_image\" \/>\n<meta name=\"twitter:title\" content=\"Trimble Alloy\" \/>\n<meta name=\"twitter:description\" content=\"Der Trimble Alloy ist ein leistungsstarker GNSS-Referenzempf\u00e4nger, ausgestattet mit der neuesten Technologie.\" \/>\n<meta name=\"twitter:image\" content=\"https:\/\/www.allnav.com\/wp-content\/uploads\/2020\/06\/Three-Quarter-Alloy_500x500px_web.jpg\" \/>\n<meta name=\"twitter:label1\" content=\"Dur\u00e9e de lecture estim\u00e9e\" \/>\n\t<meta name=\"twitter:data1\" content=\"1 minute\" \/>\n<script type=\"application\/ld+json\" class=\"yoast-schema-graph\">{\"@context\":\"https:\\\/\\\/schema.org\",\"@graph\":[{\"@type\":\"WebPage\",\"@id\":\"https:\\\/\\\/www.allnav.com\\\/produkte\\\/gnss-systeme\\\/alloy\\\/\",\"url\":\"https:\\\/\\\/www.allnav.com\\\/produkte\\\/gnss-systeme\\\/alloy\\\/\",\"name\":\"Trimble Alloy - ALLNAV\",\"isPartOf\":{\"@id\":\"https:\\\/\\\/www.allnav.com\\\/#website\"},\"primaryImageOfPage\":{\"@id\":\"https:\\\/\\\/www.allnav.com\\\/produkte\\\/gnss-systeme\\\/alloy\\\/#primaryimage\"},\"image\":{\"@id\":\"https:\\\/\\\/www.allnav.com\\\/produkte\\\/gnss-systeme\\\/alloy\\\/#primaryimage\"},\"thumbnailUrl\":\"https:\\\/\\\/www.allnav.com\\\/wp-content\\\/uploads\\\/2024\\\/06\\\/trimble-alloy-thumb.jpg\",\"datePublished\":\"2020-06-22T12:15:29+00:00\",\"dateModified\":\"2024-06-11T11:11:17+00:00\",\"description\":\"Der Trimble Alloy ist ein leistungsstarker GNSS-Referenzempf\u00e4nger, ausgestattet mit der neuesten Technologie.\",\"breadcrumb\":{\"@id\":\"https:\\\/\\\/www.allnav.com\\\/produkte\\\/gnss-systeme\\\/alloy\\\/#breadcrumb\"},\"inLanguage\":\"fr-FR\",\"potentialAction\":[{\"@type\":\"ReadAction\",\"target\":[\"https:\\\/\\\/www.allnav.com\\\/produkte\\\/gnss-systeme\\\/alloy\\\/\"]}]},{\"@type\":\"ImageObject\",\"inLanguage\":\"fr-FR\",\"@id\":\"https:\\\/\\\/www.allnav.com\\\/produkte\\\/gnss-systeme\\\/alloy\\\/#primaryimage\",\"url\":\"https:\\\/\\\/www.allnav.com\\\/wp-content\\\/uploads\\\/2024\\\/06\\\/trimble-alloy-thumb.jpg\",\"contentUrl\":\"https:\\\/\\\/www.allnav.com\\\/wp-content\\\/uploads\\\/2024\\\/06\\\/trimble-alloy-thumb.jpg\",\"width\":1280,\"height\":853,\"caption\":\"Allnav Trimble Alloy\"},{\"@type\":\"BreadcrumbList\",\"@id\":\"https:\\\/\\\/www.allnav.com\\\/produkte\\\/gnss-systeme\\\/alloy\\\/#breadcrumb\",\"itemListElement\":[{\"@type\":\"ListItem\",\"position\":1,\"name\":\"Startseite\",\"item\":\"https:\\\/\\\/www.allnav.com\\\/\"},{\"@type\":\"ListItem\",\"position\":2,\"name\":\"Produkte\",\"item\":\"https:\\\/\\\/www.allnav.com\\\/produkte\\\/\"},{\"@type\":\"ListItem\",\"position\":3,\"name\":\"GNSS-Systeme\",\"item\":\"https:\\\/\\\/www.allnav.com\\\/produkte\\\/gnss-systeme\\\/\"},{\"@type\":\"ListItem\",\"position\":4,\"name\":\"Trimble Alloy\"}]},{\"@type\":\"WebSite\",\"@id\":\"https:\\\/\\\/www.allnav.com\\\/#website\",\"url\":\"https:\\\/\\\/www.allnav.com\\\/\",\"name\":\"ALLNAV\",\"description\":\"L\u00f6sungen und Systeme f\u00fcr Vermessungsprofis\",\"publisher\":{\"@id\":\"https:\\\/\\\/www.allnav.com\\\/#organization\"},\"potentialAction\":[{\"@type\":\"SearchAction\",\"target\":{\"@type\":\"EntryPoint\",\"urlTemplate\":\"https:\\\/\\\/www.allnav.com\\\/?s={search_term_string}\"},\"query-input\":{\"@type\":\"PropertyValueSpecification\",\"valueRequired\":true,\"valueName\":\"search_term_string\"}}],\"inLanguage\":\"fr-FR\"},{\"@type\":\"Organization\",\"@id\":\"https:\\\/\\\/www.allnav.com\\\/#organization\",\"name\":\"ALLNAV\",\"url\":\"https:\\\/\\\/www.allnav.com\\\/\",\"logo\":{\"@type\":\"ImageObject\",\"inLanguage\":\"fr-FR\",\"@id\":\"https:\\\/\\\/www.allnav.com\\\/#\\\/schema\\\/logo\\\/image\\\/\",\"url\":\"https:\\\/\\\/www.allnav.com\\\/wp-content\\\/uploads\\\/2020\\\/01\\\/allnav.png\",\"contentUrl\":\"https:\\\/\\\/www.allnav.com\\\/wp-content\\\/uploads\\\/2020\\\/01\\\/allnav.png\",\"width\":506,\"height\":152,\"caption\":\"ALLNAV\"},\"image\":{\"@id\":\"https:\\\/\\\/www.allnav.com\\\/#\\\/schema\\\/logo\\\/image\\\/\"}}]}<\/script>\n<!-- \/ Yoast SEO Premium plugin. -->","yoast_head_json":{"title":"Trimble Alloy - ALLNAV","description":"Der Trimble Alloy ist ein leistungsstarker GNSS-Referenzempf\u00e4nger, ausgestattet mit der neuesten Technologie.","robots":{"index":"index","follow":"follow","max-snippet":"max-snippet:-1","max-image-preview":"max-image-preview:large","max-video-preview":"max-video-preview:-1"},"canonical":"https:\/\/www.allnav.com\/fr\/produkte\/gnss-systeme\/alloy\/","og_locale":"fr_FR","og_type":"article","og_title":"Trimble Alloy","og_description":"Der Trimble Alloy ist ein leistungsstarker GNSS-Referenzempf\u00e4nger, ausgestattet mit der neuesten Technologie.","og_url":"https:\/\/www.allnav.com\/fr\/produkte\/gnss-systeme\/alloy\/","og_site_name":"ALLNAV","article_modified_time":"2024-06-11T11:11:17+00:00","og_image":[{"width":500,"height":500,"url":"https:\/\/www.allnav.com\/wp-content\/uploads\/2020\/06\/Three-Quarter-Alloy_500x500px_web.jpg","type":"image\/jpeg"}],"twitter_card":"summary_large_image","twitter_title":"Trimble Alloy","twitter_description":"Der Trimble Alloy ist ein leistungsstarker GNSS-Referenzempf\u00e4nger, ausgestattet mit der neuesten Technologie.","twitter_image":"https:\/\/www.allnav.com\/wp-content\/uploads\/2020\/06\/Three-Quarter-Alloy_500x500px_web.jpg","twitter_misc":{"Dur\u00e9e de lecture estim\u00e9e":"1 minute"},"schema":{"@context":"https:\/\/schema.org","@graph":[{"@type":"WebPage","@id":"https:\/\/www.allnav.com\/produkte\/gnss-systeme\/alloy\/","url":"https:\/\/www.allnav.com\/produkte\/gnss-systeme\/alloy\/","name":"Trimble Alloy - ALLNAV","isPartOf":{"@id":"https:\/\/www.allnav.com\/#website"},"primaryImageOfPage":{"@id":"https:\/\/www.allnav.com\/produkte\/gnss-systeme\/alloy\/#primaryimage"},"image":{"@id":"https:\/\/www.allnav.com\/produkte\/gnss-systeme\/alloy\/#primaryimage"},"thumbnailUrl":"https:\/\/www.allnav.com\/wp-content\/uploads\/2024\/06\/trimble-alloy-thumb.jpg","datePublished":"2020-06-22T12:15:29+00:00","dateModified":"2024-06-11T11:11:17+00:00","description":"Der Trimble Alloy ist ein leistungsstarker GNSS-Referenzempf\u00e4nger, ausgestattet mit der neuesten Technologie.","breadcrumb":{"@id":"https:\/\/www.allnav.com\/produkte\/gnss-systeme\/alloy\/#breadcrumb"},"inLanguage":"fr-FR","potentialAction":[{"@type":"ReadAction","target":["https:\/\/www.allnav.com\/produkte\/gnss-systeme\/alloy\/"]}]},{"@type":"ImageObject","inLanguage":"fr-FR","@id":"https:\/\/www.allnav.com\/produkte\/gnss-systeme\/alloy\/#primaryimage","url":"https:\/\/www.allnav.com\/wp-content\/uploads\/2024\/06\/trimble-alloy-thumb.jpg","contentUrl":"https:\/\/www.allnav.com\/wp-content\/uploads\/2024\/06\/trimble-alloy-thumb.jpg","width":1280,"height":853,"caption":"Allnav Trimble Alloy"},{"@type":"BreadcrumbList","@id":"https:\/\/www.allnav.com\/produkte\/gnss-systeme\/alloy\/#breadcrumb","itemListElement":[{"@type":"ListItem","position":1,"name":"Startseite","item":"https:\/\/www.allnav.com\/"},{"@type":"ListItem","position":2,"name":"Produkte","item":"https:\/\/www.allnav.com\/produkte\/"},{"@type":"ListItem","position":3,"name":"GNSS-Systeme","item":"https:\/\/www.allnav.com\/produkte\/gnss-systeme\/"},{"@type":"ListItem","position":4,"name":"Trimble Alloy"}]},{"@type":"WebSite","@id":"https:\/\/www.allnav.com\/#website","url":"https:\/\/www.allnav.com\/","name":"ALLNAV","description":"L\u00f6sungen und Systeme f\u00fcr Vermessungsprofis","publisher":{"@id":"https:\/\/www.allnav.com\/#organization"},"potentialAction":[{"@type":"SearchAction","target":{"@type":"EntryPoint","urlTemplate":"https:\/\/www.allnav.com\/?s={search_term_string}"},"query-input":{"@type":"PropertyValueSpecification","valueRequired":true,"valueName":"search_term_string"}}],"inLanguage":"fr-FR"},{"@type":"Organization","@id":"https:\/\/www.allnav.com\/#organization","name":"ALLNAV","url":"https:\/\/www.allnav.com\/","logo":{"@type":"ImageObject","inLanguage":"fr-FR","@id":"https:\/\/www.allnav.com\/#\/schema\/logo\/image\/","url":"https:\/\/www.allnav.com\/wp-content\/uploads\/2020\/01\/allnav.png","contentUrl":"https:\/\/www.allnav.com\/wp-content\/uploads\/2020\/01\/allnav.png","width":506,"height":152,"caption":"ALLNAV"},"image":{"@id":"https:\/\/www.allnav.com\/#\/schema\/logo\/image\/"}}]}},"_links":{"self":[{"href":"https:\/\/www.allnav.com\/fr\/wp-json\/wp\/v2\/pages\/5880","targetHints":{"allow":["GET"]}}],"collection":[{"href":"https:\/\/www.allnav.com\/fr\/wp-json\/wp\/v2\/pages"}],"about":[{"href":"https:\/\/www.allnav.com\/fr\/wp-json\/wp\/v2\/types\/page"}],"author":[{"embeddable":true,"href":"https:\/\/www.allnav.com\/fr\/wp-json\/wp\/v2\/users\/1"}],"replies":[{"embeddable":true,"href":"https:\/\/www.allnav.com\/fr\/wp-json\/wp\/v2\/comments?post=5880"}],"version-history":[{"count":25,"href":"https:\/\/www.allnav.com\/fr\/wp-json\/wp\/v2\/pages\/5880\/revisions"}],"predecessor-version":[{"id":13887,"href":"https:\/\/www.allnav.com\/fr\/wp-json\/wp\/v2\/pages\/5880\/revisions\/13887"}],"up":[{"embeddable":true,"href":"https:\/\/www.allnav.com\/fr\/wp-json\/wp\/v2\/pages\/4065"}],"wp:featuredmedia":[{"embeddable":true,"href":"https:\/\/www.allnav.com\/fr\/wp-json\/wp\/v2\/media\/13877"}],"wp:attachment":[{"href":"https:\/\/www.allnav.com\/fr\/wp-json\/wp\/v2\/media?parent=5880"}],"curies":[{"name":"wp","href":"https:\/\/api.w.org\/{rel}","templated":true}]}}