{"id":8364,"date":"2020-09-21T10:27:15","date_gmt":"2020-09-21T08:27:15","guid":{"rendered":"https:\/\/www.allnav.com\/?page_id=8364"},"modified":"2025-05-27T08:42:09","modified_gmt":"2025-05-27T06:42:09","slug":"impressum","status":"publish","type":"page","link":"https:\/\/www.allnav.com\/fr\/impressum\/","title":{"rendered":"Mentions l\u00e9gales"},"content":{"rendered":"<div data-elementor-type=\"wp-page\" data-elementor-id=\"8364\" class=\"elementor elementor-8364\" data-elementor-post-type=\"page\">\n\t\t\t\t\t\t<section class=\"elementor-section elementor-top-section elementor-element elementor-element-be5a2ea elementor-section-full_width elementor-reverse-mobile elementor-section-height-default elementor-section-height-default\" data-id=\"be5a2ea\" data-element_type=\"section\" data-e-type=\"section\">\n\t\t\t\t\t\t<div class=\"elementor-container elementor-column-gap-default\">\n\t\t\t\t\t<div class=\"elementor-column elementor-col-100 elementor-top-column elementor-element elementor-element-026cecd\" data-id=\"026cecd\" data-element_type=\"column\" data-e-type=\"column\">\n\t\t\t<div class=\"elementor-widget-wrap elementor-element-populated\">\n\t\t\t\t\t\t<div class=\"elementor-element elementor-element-ee9892a elementor-widget elementor-widget-heading\" data-id=\"ee9892a\" data-element_type=\"widget\" data-e-type=\"widget\" data-widget_type=\"heading.default\">\n\t\t\t\t<div class=\"elementor-widget-container\">\n\t\t\t\t\t<h1 class=\"elementor-heading-title elementor-size-default\">Mentions l\u00e9gales<\/h1>\t\t\t\t<\/div>\n\t\t\t\t<\/div>\n\t\t\t\t<div class=\"elementor-element elementor-element-7a25692 elementor-widget-divider--view-line elementor-widget elementor-widget-divider\" data-id=\"7a25692\" data-element_type=\"widget\" data-e-type=\"widget\" data-widget_type=\"divider.default\">\n\t\t\t\t<div class=\"elementor-widget-container\">\n\t\t\t\t\t\t\t<div class=\"elementor-divider\">\n\t\t\t<span class=\"elementor-divider-separator\">\n\t\t\t\t\t\t<\/span>\n\t\t<\/div>\n\t\t\t\t\t\t<\/div>\n\t\t\t\t<\/div>\n\t\t\t\t<div class=\"elementor-element elementor-element-2187a9db elementor-widget elementor-widget-text-editor\" data-id=\"2187a9db\" data-element_type=\"widget\" data-e-type=\"widget\" data-widget_type=\"text-editor.default\">\n\t\t\t\t<div class=\"elementor-widget-container\">\n\t\t\t\t\t\t\t\t\t<h3>ALLNAV<\/h3><p><strong>allnav ag<\/strong><br \/>Ahornweg 5a<br \/>5504 Othmarsingen<\/p><p>Tel.: +41 43 255 20 20<br \/>Fax: +41 43 255 20 21<\/p><p>email:\u00a0<span style=\"text-decoration: underline;\"><span style=\"color: #000000;\"><a style=\"color: #000000; text-decoration: underline;\" href=\"mailto:allnav@allnav.com\">allnav{at}allnav.com<\/a><\/span><\/span><\/p><h3>SUISSE ROMANDE<\/h3><p><strong>allnav ag<\/strong><br \/>Route de Lavaux 35<br \/>1095 Lutry<\/p><p>Tel.: +41 24 550 22 15<br \/>Fax: +41 24 550 22 16<\/p><p>email:\u00a0<span style=\"text-decoration: underline;\"><span style=\"color: #000000;\"><a style=\"color: #000000; text-decoration: underline;\" href=\"mailto:romandie@allnav.com\">romandie{at}allnav.com<\/a><\/span><\/span><\/p><h3>Direction<\/h3><p><b><strong>allnav ag<\/strong><br \/>Ivo Pfammatter<\/b><br \/>Ing. en G\u00e9omatique HES<br \/>Directeur<br \/>T\u00e9l: +41 43 255 20 24<br \/>Mobil: +41 79 769 02 18<br \/>E-Mail:\u00a0<span style=\"text-decoration: underline;\"><span style=\"color: #000000;\"><a style=\"color: #000000; text-decoration: underline;\" href=\"mailto:ivo.pfammatter@allnav.com\">ivo.pfammatter{at}allnav.com<\/a><\/span><\/span><\/p>\t\t\t\t\t\t\t\t<\/div>\n\t\t\t\t<\/div>\n\t\t\t\t<div class=\"elementor-element elementor-element-079be49 elementor-widget elementor-widget-image\" data-id=\"079be49\" data-element_type=\"widget\" data-e-type=\"widget\" data-widget_type=\"image.default\">\n\t\t\t\t<div class=\"elementor-widget-container\">\n\t\t\t\t\t\t\t\t\t\t\t\t\t\t\t<img fetchpriority=\"high\" decoding=\"async\" width=\"800\" height=\"143\" src=\"https:\/\/www.allnav.com\/wp-content\/uploads\/2023\/08\/MEB-Group-Logo.jpg\" class=\"attachment-large size-large wp-image-11457\" alt=\"\" srcset=\"https:\/\/www.allnav.com\/wp-content\/uploads\/2023\/08\/MEB-Group-Logo.jpg 800w, https:\/\/www.allnav.com\/wp-content\/uploads\/2023\/08\/MEB-Group-Logo-300x54.jpg 300w, https:\/\/www.allnav.com\/wp-content\/uploads\/2023\/08\/MEB-Group-Logo-768x137.jpg 768w\" sizes=\"(max-width: 800px) 100vw, 800px\" \/>\t\t\t\t\t\t\t\t\t\t\t\t\t\t\t<\/div>\n\t\t\t\t<\/div>\n\t\t\t\t\t<\/div>\n\t\t<\/div>\n\t\t\t\t\t<\/div>\n\t\t<\/section>\n\t\t\t\t<\/div>","protected":false},"excerpt":{"rendered":"<p>Impressum ALLNAV allnav agAhornweg 5a5504 Othmarsingen Tel.: +41 43 255 20 20Fax: +41 43 255 20 21 email:\u00a0allnav{at}allnav.com SUISSE ROMANDE allnav agRoute de Lavaux 351095 Lutry Tel.: +41 24 550 22 15Fax: +41 24 550 22 16 email:\u00a0romandie{at}allnav.com Gesch\u00e4ftsf\u00fchrung allnav agIvo PfammatterDipl. Geomatikingenieur FHGesch\u00e4ftsf\u00fchrerTel: +41 43 255 20 24Mobil: +41 79 769 02 18E-Mail:\u00a0ivo.pfammatter{at}allnav.com<\/p>","protected":false},"author":1,"featured_media":0,"parent":0,"menu_order":0,"comment_status":"closed","ping_status":"closed","template":"elementor_header_footer","meta":{"footnotes":""},"class_list":["post-8364","page","type-page","status-publish","hentry"],"yoast_head":"<!-- This site is optimized with the Yoast SEO Premium plugin v25.3.1 (Yoast SEO v27.3) - https:\/\/yoast.com\/product\/yoast-seo-premium-wordpress\/ -->\n<title>Impressum - ALLNAV<\/title>\n<meta name=\"robots\" content=\"index, follow, max-snippet:-1, max-image-preview:large, max-video-preview:-1\" \/>\n<link rel=\"canonical\" href=\"https:\/\/www.allnav.com\/fr\/impressum\/\" \/>\n<meta property=\"og:locale\" content=\"fr_FR\" \/>\n<meta property=\"og:type\" content=\"article\" \/>\n<meta property=\"og:title\" content=\"Impressum\" \/>\n<meta property=\"og:description\" content=\"Impressum ALLNAV allnav agAhornweg 5a5504 Othmarsingen Tel.: +41 43 255 20 20Fax: +41 43 255 20 21 email:\u00a0allnav{at}allnav.com SUISSE ROMANDE allnav agRoute de Lavaux 351095 Lutry Tel.: +41 24 550 22 15Fax: +41 24 550 22 16 email:\u00a0romandie{at}allnav.com Gesch\u00e4ftsf\u00fchrung allnav agIvo PfammatterDipl. Geomatikingenieur FHGesch\u00e4ftsf\u00fchrerTel: +41 43 255 20 24Mobil: +41 79 769 02 18E-Mail:\u00a0ivo.pfammatter{at}allnav.com\" \/>\n<meta property=\"og:url\" content=\"https:\/\/www.allnav.com\/fr\/impressum\/\" \/>\n<meta property=\"og:site_name\" content=\"ALLNAV\" \/>\n<meta property=\"article:modified_time\" content=\"2025-05-27T06:42:09+00:00\" \/>\n<meta property=\"og:image\" content=\"https:\/\/www.allnav.com\/wp-content\/uploads\/2023\/08\/MEB-Group-Logo.jpg\" \/>\n\t<meta property=\"og:image:width\" content=\"800\" \/>\n\t<meta property=\"og:image:height\" content=\"143\" \/>\n\t<meta property=\"og:image:type\" content=\"image\/jpeg\" \/>\n<meta name=\"twitter:card\" content=\"summary_large_image\" \/>\n<meta name=\"twitter:title\" content=\"Impressum\" \/>\n<meta name=\"twitter:label1\" content=\"Dur\u00e9e de lecture estim\u00e9e\" \/>\n\t<meta name=\"twitter:data1\" content=\"1 minute\" \/>\n<script type=\"application\/ld+json\" class=\"yoast-schema-graph\">{\"@context\":\"https:\\\/\\\/schema.org\",\"@graph\":[{\"@type\":\"WebPage\",\"@id\":\"https:\\\/\\\/www.allnav.com\\\/impressum\\\/\",\"url\":\"https:\\\/\\\/www.allnav.com\\\/impressum\\\/\",\"name\":\"Impressum - ALLNAV\",\"isPartOf\":{\"@id\":\"https:\\\/\\\/www.allnav.com\\\/#website\"},\"primaryImageOfPage\":{\"@id\":\"https:\\\/\\\/www.allnav.com\\\/impressum\\\/#primaryimage\"},\"image\":{\"@id\":\"https:\\\/\\\/www.allnav.com\\\/impressum\\\/#primaryimage\"},\"thumbnailUrl\":\"https:\\\/\\\/www.allnav.com\\\/wp-content\\\/uploads\\\/2023\\\/08\\\/MEB-Group-Logo.jpg\",\"datePublished\":\"2020-09-21T08:27:15+00:00\",\"dateModified\":\"2025-05-27T06:42:09+00:00\",\"breadcrumb\":{\"@id\":\"https:\\\/\\\/www.allnav.com\\\/impressum\\\/#breadcrumb\"},\"inLanguage\":\"fr-FR\",\"potentialAction\":[{\"@type\":\"ReadAction\",\"target\":[\"https:\\\/\\\/www.allnav.com\\\/impressum\\\/\"]}]},{\"@type\":\"ImageObject\",\"inLanguage\":\"fr-FR\",\"@id\":\"https:\\\/\\\/www.allnav.com\\\/impressum\\\/#primaryimage\",\"url\":\"https:\\\/\\\/www.allnav.com\\\/wp-content\\\/uploads\\\/2023\\\/08\\\/MEB-Group-Logo.jpg\",\"contentUrl\":\"https:\\\/\\\/www.allnav.com\\\/wp-content\\\/uploads\\\/2023\\\/08\\\/MEB-Group-Logo.jpg\"},{\"@type\":\"BreadcrumbList\",\"@id\":\"https:\\\/\\\/www.allnav.com\\\/impressum\\\/#breadcrumb\",\"itemListElement\":[{\"@type\":\"ListItem\",\"position\":1,\"name\":\"Startseite\",\"item\":\"https:\\\/\\\/www.allnav.com\\\/\"},{\"@type\":\"ListItem\",\"position\":2,\"name\":\"Impressum\"}]},{\"@type\":\"WebSite\",\"@id\":\"https:\\\/\\\/www.allnav.com\\\/#website\",\"url\":\"https:\\\/\\\/www.allnav.com\\\/\",\"name\":\"ALLNAV\",\"description\":\"L\u00f6sungen und Systeme f\u00fcr Vermessungsprofis\",\"publisher\":{\"@id\":\"https:\\\/\\\/www.allnav.com\\\/#organization\"},\"potentialAction\":[{\"@type\":\"SearchAction\",\"target\":{\"@type\":\"EntryPoint\",\"urlTemplate\":\"https:\\\/\\\/www.allnav.com\\\/?s={search_term_string}\"},\"query-input\":{\"@type\":\"PropertyValueSpecification\",\"valueRequired\":true,\"valueName\":\"search_term_string\"}}],\"inLanguage\":\"fr-FR\"},{\"@type\":\"Organization\",\"@id\":\"https:\\\/\\\/www.allnav.com\\\/#organization\",\"name\":\"ALLNAV\",\"url\":\"https:\\\/\\\/www.allnav.com\\\/\",\"logo\":{\"@type\":\"ImageObject\",\"inLanguage\":\"fr-FR\",\"@id\":\"https:\\\/\\\/www.allnav.com\\\/#\\\/schema\\\/logo\\\/image\\\/\",\"url\":\"https:\\\/\\\/www.allnav.com\\\/wp-content\\\/uploads\\\/2020\\\/01\\\/allnav.png\",\"contentUrl\":\"https:\\\/\\\/www.allnav.com\\\/wp-content\\\/uploads\\\/2020\\\/01\\\/allnav.png\",\"width\":506,\"height\":152,\"caption\":\"ALLNAV\"},\"image\":{\"@id\":\"https:\\\/\\\/www.allnav.com\\\/#\\\/schema\\\/logo\\\/image\\\/\"}}]}<\/script>\n<!-- \/ Yoast SEO Premium plugin. -->","yoast_head_json":{"title":"Impressum - ALLNAV","robots":{"index":"index","follow":"follow","max-snippet":"max-snippet:-1","max-image-preview":"max-image-preview:large","max-video-preview":"max-video-preview:-1"},"canonical":"https:\/\/www.allnav.com\/fr\/impressum\/","og_locale":"fr_FR","og_type":"article","og_title":"Impressum","og_description":"Impressum ALLNAV allnav agAhornweg 5a5504 Othmarsingen Tel.: +41 43 255 20 20Fax: +41 43 255 20 21 email:\u00a0allnav{at}allnav.com SUISSE ROMANDE allnav agRoute de Lavaux 351095 Lutry Tel.: +41 24 550 22 15Fax: +41 24 550 22 16 email:\u00a0romandie{at}allnav.com Gesch\u00e4ftsf\u00fchrung allnav agIvo PfammatterDipl. Geomatikingenieur FHGesch\u00e4ftsf\u00fchrerTel: +41 43 255 20 24Mobil: +41 79 769 02 18E-Mail:\u00a0ivo.pfammatter{at}allnav.com","og_url":"https:\/\/www.allnav.com\/fr\/impressum\/","og_site_name":"ALLNAV","article_modified_time":"2025-05-27T06:42:09+00:00","og_image":[{"width":800,"height":143,"url":"https:\/\/www.allnav.com\/wp-content\/uploads\/2023\/08\/MEB-Group-Logo.jpg","type":"image\/jpeg"}],"twitter_card":"summary_large_image","twitter_title":"Impressum","twitter_misc":{"Dur\u00e9e de lecture estim\u00e9e":"1 minute"},"schema":{"@context":"https:\/\/schema.org","@graph":[{"@type":"WebPage","@id":"https:\/\/www.allnav.com\/impressum\/","url":"https:\/\/www.allnav.com\/impressum\/","name":"Impressum - ALLNAV","isPartOf":{"@id":"https:\/\/www.allnav.com\/#website"},"primaryImageOfPage":{"@id":"https:\/\/www.allnav.com\/impressum\/#primaryimage"},"image":{"@id":"https:\/\/www.allnav.com\/impressum\/#primaryimage"},"thumbnailUrl":"https:\/\/www.allnav.com\/wp-content\/uploads\/2023\/08\/MEB-Group-Logo.jpg","datePublished":"2020-09-21T08:27:15+00:00","dateModified":"2025-05-27T06:42:09+00:00","breadcrumb":{"@id":"https:\/\/www.allnav.com\/impressum\/#breadcrumb"},"inLanguage":"fr-FR","potentialAction":[{"@type":"ReadAction","target":["https:\/\/www.allnav.com\/impressum\/"]}]},{"@type":"ImageObject","inLanguage":"fr-FR","@id":"https:\/\/www.allnav.com\/impressum\/#primaryimage","url":"https:\/\/www.allnav.com\/wp-content\/uploads\/2023\/08\/MEB-Group-Logo.jpg","contentUrl":"https:\/\/www.allnav.com\/wp-content\/uploads\/2023\/08\/MEB-Group-Logo.jpg"},{"@type":"BreadcrumbList","@id":"https:\/\/www.allnav.com\/impressum\/#breadcrumb","itemListElement":[{"@type":"ListItem","position":1,"name":"Startseite","item":"https:\/\/www.allnav.com\/"},{"@type":"ListItem","position":2,"name":"Impressum"}]},{"@type":"WebSite","@id":"https:\/\/www.allnav.com\/#website","url":"https:\/\/www.allnav.com\/","name":"ALLNAV","description":"L\u00f6sungen und Systeme f\u00fcr Vermessungsprofis","publisher":{"@id":"https:\/\/www.allnav.com\/#organization"},"potentialAction":[{"@type":"SearchAction","target":{"@type":"EntryPoint","urlTemplate":"https:\/\/www.allnav.com\/?s={search_term_string}"},"query-input":{"@type":"PropertyValueSpecification","valueRequired":true,"valueName":"search_term_string"}}],"inLanguage":"fr-FR"},{"@type":"Organization","@id":"https:\/\/www.allnav.com\/#organization","name":"ALLNAV","url":"https:\/\/www.allnav.com\/","logo":{"@type":"ImageObject","inLanguage":"fr-FR","@id":"https:\/\/www.allnav.com\/#\/schema\/logo\/image\/","url":"https:\/\/www.allnav.com\/wp-content\/uploads\/2020\/01\/allnav.png","contentUrl":"https:\/\/www.allnav.com\/wp-content\/uploads\/2020\/01\/allnav.png","width":506,"height":152,"caption":"ALLNAV"},"image":{"@id":"https:\/\/www.allnav.com\/#\/schema\/logo\/image\/"}}]}},"_links":{"self":[{"href":"https:\/\/www.allnav.com\/fr\/wp-json\/wp\/v2\/pages\/8364","targetHints":{"allow":["GET"]}}],"collection":[{"href":"https:\/\/www.allnav.com\/fr\/wp-json\/wp\/v2\/pages"}],"about":[{"href":"https:\/\/www.allnav.com\/fr\/wp-json\/wp\/v2\/types\/page"}],"author":[{"embeddable":true,"href":"https:\/\/www.allnav.com\/fr\/wp-json\/wp\/v2\/users\/1"}],"replies":[{"embeddable":true,"href":"https:\/\/www.allnav.com\/fr\/wp-json\/wp\/v2\/comments?post=8364"}],"version-history":[{"count":25,"href":"https:\/\/www.allnav.com\/fr\/wp-json\/wp\/v2\/pages\/8364\/revisions"}],"predecessor-version":[{"id":19225,"href":"https:\/\/www.allnav.com\/fr\/wp-json\/wp\/v2\/pages\/8364\/revisions\/19225"}],"wp:attachment":[{"href":"https:\/\/www.allnav.com\/fr\/wp-json\/wp\/v2\/media?parent=8364"}],"curies":[{"name":"wp","href":"https:\/\/api.w.org\/{rel}","templated":true}]}}