{"id":8712,"date":"2021-02-19T15:07:20","date_gmt":"2021-02-19T14:07:20","guid":{"rendered":"https:\/\/www.allnav.com\/?page_id=8712"},"modified":"2024-06-06T14:29:35","modified_gmt":"2024-06-06T12:29:35","slug":"ebee-geo","status":"publish","type":"page","link":"https:\/\/www.allnav.com\/fr\/produkte\/drohnen\/ebee-geo\/","title":{"rendered":"eBee Geo"},"content":{"rendered":"<div data-elementor-type=\"wp-page\" data-elementor-id=\"8712\" class=\"elementor elementor-8712\" data-elementor-post-type=\"page\">\n\t\t\t\t\t\t<section class=\"elementor-section elementor-top-section elementor-element elementor-element-9e7e1db elementor-section-full_width elementor-reverse-mobile elementor-section-height-default elementor-section-height-default\" data-id=\"9e7e1db\" data-element_type=\"section\" data-e-type=\"section\">\n\t\t\t\t\t\t<div class=\"elementor-container elementor-column-gap-default\">\n\t\t\t\t\t<div class=\"elementor-column elementor-col-33 elementor-top-column elementor-element elementor-element-ed5db54\" data-id=\"ed5db54\" data-element_type=\"column\" data-e-type=\"column\">\n\t\t\t<div class=\"elementor-widget-wrap elementor-element-populated\">\n\t\t\t\t\t\t<div class=\"elementor-element elementor-element-2261aca elementor-widget elementor-widget-image\" data-id=\"2261aca\" data-element_type=\"widget\" data-e-type=\"widget\" data-widget_type=\"image.default\">\n\t\t\t\t<div class=\"elementor-widget-container\">\n\t\t\t\t\t\t\t\t\t\t\t\t\t\t\t\t<a href=\"https:\/\/www.allnav.com\/wp-content\/uploads\/2021\/03\/ALC_eBee_Geo.png\" data-elementor-open-lightbox=\"yes\" data-elementor-lightbox-title=\"Drohne eBee Geo\" data-elementor-lightbox-description=\"Drohne eBee Geo\" data-e-action-hash=\"#elementor-action%3Aaction%3Dlightbox%26settings%3DeyJpZCI6ODkxMCwidXJsIjoiaHR0cHM6XC9cL3d3dy5hbGxuYXYuY29tXC93cC1jb250ZW50XC91cGxvYWRzXC8yMDIxXC8wM1wvQUxDX2VCZWVfR2VvLnBuZyJ9\">\n\t\t\t\t\t\t\t<img fetchpriority=\"high\" decoding=\"async\" width=\"800\" height=\"465\" src=\"https:\/\/www.allnav.com\/wp-content\/uploads\/2021\/03\/ALC_eBee_Geo-1024x595.png\" class=\"attachment-large size-large wp-image-8910\" alt=\"Drohne eBee Geo\" srcset=\"https:\/\/www.allnav.com\/wp-content\/uploads\/2021\/03\/ALC_eBee_Geo-1024x595.png 1024w, https:\/\/www.allnav.com\/wp-content\/uploads\/2021\/03\/ALC_eBee_Geo-300x174.png 300w, https:\/\/www.allnav.com\/wp-content\/uploads\/2021\/03\/ALC_eBee_Geo-768x446.png 768w, https:\/\/www.allnav.com\/wp-content\/uploads\/2021\/03\/ALC_eBee_Geo.png 1280w\" sizes=\"(max-width: 800px) 100vw, 800px\" \/>\t\t\t\t\t\t\t\t<\/a>\n\t\t\t\t\t\t\t\t\t\t\t\t\t\t\t<\/div>\n\t\t\t\t<\/div>\n\t\t\t\t\t<\/div>\n\t\t<\/div>\n\t\t\t\t<div class=\"elementor-column elementor-col-66 elementor-top-column elementor-element elementor-element-2a49b1c\" data-id=\"2a49b1c\" data-element_type=\"column\" data-e-type=\"column\">\n\t\t\t<div class=\"elementor-widget-wrap elementor-element-populated\">\n\t\t\t\t\t\t<div class=\"elementor-element elementor-element-521080b elementor-widget elementor-widget-heading\" data-id=\"521080b\" data-element_type=\"widget\" data-e-type=\"widget\" data-widget_type=\"heading.default\">\n\t\t\t\t<div class=\"elementor-widget-container\">\n\t\t\t\t\t<h1 class=\"elementor-heading-title elementor-size-default\">senseFly eBee Geo<\/h1>\t\t\t\t<\/div>\n\t\t\t\t<\/div>\n\t\t\t\t<div class=\"elementor-element elementor-element-3eda5a8 elementor-widget-divider--view-line elementor-widget elementor-widget-divider\" data-id=\"3eda5a8\" data-element_type=\"widget\" data-e-type=\"widget\" data-widget_type=\"divider.default\">\n\t\t\t\t<div class=\"elementor-widget-container\">\n\t\t\t\t\t\t\t<div class=\"elementor-divider\">\n\t\t\t<span class=\"elementor-divider-separator\">\n\t\t\t\t\t\t<\/span>\n\t\t<\/div>\n\t\t\t\t\t\t<\/div>\n\t\t\t\t<\/div>\n\t\t\t\t<div class=\"elementor-element elementor-element-9faa3de elementor-widget elementor-widget-heading\" data-id=\"9faa3de\" data-element_type=\"widget\" data-e-type=\"widget\" data-widget_type=\"heading.default\">\n\t\t\t\t<div class=\"elementor-widget-container\">\n\t\t\t\t\t<h3 class=\"elementor-heading-title elementor-size-default\">CARTOGRAPHIER SANS LIMITES<\/h3>\t\t\t\t<\/div>\n\t\t\t\t<\/div>\n\t\t\t\t<div class=\"elementor-element elementor-element-3cbc0b3 elementor-widget elementor-widget-text-editor\" data-id=\"3cbc0b3\" data-element_type=\"widget\" data-e-type=\"widget\" data-widget_type=\"text-editor.default\">\n\t\t\t\t<div class=\"elementor-widget-container\">\n\t\t\t\t\t\t\t\t\tDes lev\u00e9s et une cartographie plus rapides, un co\u00fbt diminu\u00e9 : sous cet objectif, senseFly pr\u00e9sente son dernier mod\u00e8le de drone. L\u2019eBee Geo est un drone cartographique \u00e0 aile fixe \u00e9conomique, con\u00e7u sp\u00e9cialement pour r\u00e9pondre aux exigences \u00e9lev\u00e9es des g\u00e9om\u00e8tres, des ing\u00e9nieurs et des professionnels des SIG. Robuste et intuitif d\u2019utilisation, l\u2019eBee Geo rend les lev\u00e9s a\u00e9riens et la cartographie simples et rapides.\t\t\t\t\t\t\t\t<\/div>\n\t\t\t\t<\/div>\n\t\t\t\t\t<\/div>\n\t\t<\/div>\n\t\t\t\t\t<\/div>\n\t\t<\/section>\n\t\t\t\t<section class=\"elementor-section elementor-top-section elementor-element elementor-element-46b55fa elementor-section-full_width elementor-section-height-default elementor-section-height-default\" data-id=\"46b55fa\" data-element_type=\"section\" data-e-type=\"section\" data-settings=\"{&quot;background_background&quot;:&quot;classic&quot;}\">\n\t\t\t\t\t\t<div class=\"elementor-container elementor-column-gap-default\">\n\t\t\t\t\t<div class=\"elementor-column elementor-col-100 elementor-top-column elementor-element elementor-element-fe71a3f\" data-id=\"fe71a3f\" data-element_type=\"column\" data-e-type=\"column\">\n\t\t\t<div class=\"elementor-widget-wrap elementor-element-populated\">\n\t\t\t\t\t\t<div class=\"elementor-element elementor-element-bac65a0 elementor-widget elementor-widget-heading\" data-id=\"bac65a0\" data-element_type=\"widget\" data-e-type=\"widget\" data-widget_type=\"heading.default\">\n\t\t\t\t<div class=\"elementor-widget-container\">\n\t\t\t\t\t<h2 class=\"elementor-heading-title elementor-size-default\">Caract\u00e9ristques<\/h2>\t\t\t\t<\/div>\n\t\t\t\t<\/div>\n\t\t\t\t<div class=\"elementor-element elementor-element-bf8615f elementor-widget-divider--view-line elementor-widget elementor-widget-divider\" data-id=\"bf8615f\" data-element_type=\"widget\" data-e-type=\"widget\" data-widget_type=\"divider.default\">\n\t\t\t\t<div class=\"elementor-widget-container\">\n\t\t\t\t\t\t\t<div class=\"elementor-divider\">\n\t\t\t<span class=\"elementor-divider-separator\">\n\t\t\t\t\t\t<\/span>\n\t\t<\/div>\n\t\t\t\t\t\t<\/div>\n\t\t\t\t<\/div>\n\t\t\t\t<div class=\"elementor-element elementor-element-6baa64d elementor-widget elementor-widget-text-editor\" data-id=\"6baa64d\" data-element_type=\"widget\" data-e-type=\"widget\" data-widget_type=\"text-editor.default\">\n\t\t\t\t<div class=\"elementor-widget-container\">\n\t\t\t\t\t\t\t\t\t<ul><li>Une entr\u00e9e rentabilis\u00e9e dans le monde des drones \u00e0 aile fixe<\/li><li>Construit sur la plate-forme de l\u2019eBee X<\/li><li>Une cam\u00e9ra S.O.D.A. senseFly fiable<\/li><li>Acquisition de grandes surfaces gr\u00e2ce \u00e0 un temps de vol de 45 minutes<\/li><li>Activation du RTK disponible en option<\/li><\/ul>\t\t\t\t\t\t\t\t<\/div>\n\t\t\t\t<\/div>\n\t\t\t\t<section class=\"elementor-section elementor-inner-section elementor-element elementor-element-bee3594 elementor-section-full_width elementor-section-height-default elementor-section-height-default\" data-id=\"bee3594\" data-element_type=\"section\" data-e-type=\"section\">\n\t\t\t\t\t\t<div class=\"elementor-container elementor-column-gap-default\">\n\t\t\t\t\t<div class=\"elementor-column elementor-col-25 elementor-inner-column elementor-element elementor-element-2b24b55\" data-id=\"2b24b55\" data-element_type=\"column\" data-e-type=\"column\">\n\t\t\t<div class=\"elementor-widget-wrap elementor-element-populated\">\n\t\t\t\t\t\t<div class=\"elementor-element elementor-element-926a701 elementor-align-justify elementor-widget elementor-widget-button\" data-id=\"926a701\" data-element_type=\"widget\" data-e-type=\"widget\" data-widget_type=\"button.default\">\n\t\t\t\t<div class=\"elementor-widget-container\">\n\t\t\t\t\t\t\t\t\t<div class=\"elementor-button-wrapper\">\n\t\t\t\t\t<a class=\"elementor-button elementor-button-link elementor-size-sm\" href=\"https:\/\/www.sensefly.com\/drone\/ebee-geo\/\" target=\"_blank\">\n\t\t\t\t\t\t<span class=\"elementor-button-content-wrapper\">\n\t\t\t\t\t\t\t\t\t<span class=\"elementor-button-text\">En savoir plus<\/span>\n\t\t\t\t\t<\/span>\n\t\t\t\t\t<\/a>\n\t\t\t\t<\/div>\n\t\t\t\t\t\t\t\t<\/div>\n\t\t\t\t<\/div>\n\t\t\t\t\t<\/div>\n\t\t<\/div>\n\t\t\t\t<div class=\"elementor-column elementor-col-25 elementor-inner-column elementor-element elementor-element-af82ec2\" data-id=\"af82ec2\" data-element_type=\"column\" data-e-type=\"column\">\n\t\t\t<div class=\"elementor-widget-wrap elementor-element-populated\">\n\t\t\t\t\t\t<div class=\"elementor-element elementor-element-3d97d20 elementor-align-justify elementor-widget elementor-widget-button\" data-id=\"3d97d20\" data-element_type=\"widget\" data-e-type=\"widget\" data-widget_type=\"button.default\">\n\t\t\t\t<div class=\"elementor-widget-container\">\n\t\t\t\t\t\t\t\t\t<div class=\"elementor-button-wrapper\">\n\t\t\t\t\t<a class=\"elementor-button elementor-button-link elementor-size-sm\" href=\"https:\/\/shop.allnav.ch\/produkt-kategorie\/drohnen-uas\/sensefly\/ebee-geo\/\" target=\"_blank\">\n\t\t\t\t\t\t<span class=\"elementor-button-content-wrapper\">\n\t\t\t\t\t\t\t\t\t<span class=\"elementor-button-text\">Boutique en ligne<\/span>\n\t\t\t\t\t<\/span>\n\t\t\t\t\t<\/a>\n\t\t\t\t<\/div>\n\t\t\t\t\t\t\t\t<\/div>\n\t\t\t\t<\/div>\n\t\t\t\t\t<\/div>\n\t\t<\/div>\n\t\t\t\t<div class=\"elementor-column elementor-col-25 elementor-inner-column elementor-element elementor-element-b543e24\" data-id=\"b543e24\" data-element_type=\"column\" data-e-type=\"column\">\n\t\t\t<div class=\"elementor-widget-wrap elementor-element-populated\">\n\t\t\t\t\t\t<div class=\"elementor-element elementor-element-aefb350 elementor-align-justify elementor-widget elementor-widget-button\" data-id=\"aefb350\" data-element_type=\"widget\" data-e-type=\"widget\" data-widget_type=\"button.default\">\n\t\t\t\t<div class=\"elementor-widget-container\">\n\t\t\t\t\t\t\t\t\t<div class=\"elementor-button-wrapper\">\n\t\t\t\t\t<a class=\"elementor-button elementor-button-link elementor-size-sm\" href=\"https:\/\/www.allnav.com\/fr\/klassenmarkierung-fuer-allnav-drohnen\/\" target=\"_blank\">\n\t\t\t\t\t\t<span class=\"elementor-button-content-wrapper\">\n\t\t\t\t\t\t\t\t\t<span class=\"elementor-button-text\">R\u00e9gulation des drones<\/span>\n\t\t\t\t\t<\/span>\n\t\t\t\t\t<\/a>\n\t\t\t\t<\/div>\n\t\t\t\t\t\t\t\t<\/div>\n\t\t\t\t<\/div>\n\t\t\t\t\t<\/div>\n\t\t<\/div>\n\t\t\t\t<div class=\"elementor-column elementor-col-25 elementor-inner-column elementor-element elementor-element-b41a4d0\" data-id=\"b41a4d0\" data-element_type=\"column\" data-e-type=\"column\">\n\t\t\t<div class=\"elementor-widget-wrap elementor-element-populated\">\n\t\t\t\t\t\t<div class=\"elementor-element elementor-element-1398d8b elementor-align-justify elementor-widget elementor-widget-button\" data-id=\"1398d8b\" data-element_type=\"widget\" data-e-type=\"widget\" data-widget_type=\"button.default\">\n\t\t\t\t<div class=\"elementor-widget-container\">\n\t\t\t\t\t\t\t\t\t<div class=\"elementor-button-wrapper\">\n\t\t\t\t\t<a class=\"elementor-button elementor-button-link elementor-size-sm\" href=\"#elementor-action%3Aaction%3Dlightbox%26settings%3DeyJ0eXBlIjoidmlkZW8iLCJ2aWRlb1R5cGUiOiJ5b3V0dWJlIiwidXJsIjoiaHR0cHM6XC9cL3d3dy55b3V0dWJlLmNvbVwvZW1iZWRcL0MxTVE1ZHRSNEpvP2ZlYXR1cmU9b2VtYmVkIn0%3D\" target=\"_blank\">\n\t\t\t\t\t\t<span class=\"elementor-button-content-wrapper\">\n\t\t\t\t\t\t\t\t\t<span class=\"elementor-button-text\">Vid\u00e9o<\/span>\n\t\t\t\t\t<\/span>\n\t\t\t\t\t<\/a>\n\t\t\t\t<\/div>\n\t\t\t\t\t\t\t\t<\/div>\n\t\t\t\t<\/div>\n\t\t\t\t\t<\/div>\n\t\t<\/div>\n\t\t\t\t\t<\/div>\n\t\t<\/section>\n\t\t\t\t\t<\/div>\n\t\t<\/div>\n\t\t\t\t\t<\/div>\n\t\t<\/section>\n\t\t\t\t<\/div>","protected":false},"excerpt":{"rendered":"<p>senseFly eBee Geo KARTIEREN OHNE GRENZEN Schneller vermessen und kartieren f\u00fcr weniger Geld \u2013 unter dieser Zielsetzung pr\u00e4sentiert senseFly sein neuestes Drohnenmodell. Die eBee Geo ist eine kosteng\u00fcnstige Fixed-Wing-Kartierungsdrohne, die speziell f\u00fcr die hohen Anspr\u00fcche von Vermessern, Ingenieuren und GIS-Fachleuten entwickelt wurde. Die eBee Geo ist robust und intuitiv bedienbar und macht Vermessungen und Kartierungen [&hellip;]<\/p>\n","protected":false},"author":1,"featured_media":0,"parent":4335,"menu_order":0,"comment_status":"closed","ping_status":"closed","template":"elementor_header_footer","meta":{"footnotes":""},"class_list":["post-8712","page","type-page","status-publish","hentry"],"yoast_head":"<!-- This site is optimized with the Yoast SEO Premium plugin v27.5 (Yoast SEO v27.5) - https:\/\/yoast.com\/product\/yoast-seo-premium-wordpress\/ -->\n<title>eBee Geo - ALLNAV<\/title>\n<meta name=\"description\" content=\"Schneller vermessen und kartieren f\u00fcr weniger Geld \u2013 unter dieser Zielsetzung pr\u00e4sentiert senseFly sein neuestes Drohnenmodell.\" \/>\n<meta name=\"robots\" content=\"index, follow, max-snippet:-1, max-image-preview:large, max-video-preview:-1\" \/>\n<link rel=\"canonical\" href=\"https:\/\/www.allnav.com\/fr\/produkte\/drohnen\/ebee-geo\/\" \/>\n<meta property=\"og:locale\" content=\"fr_FR\" \/>\n<meta property=\"og:type\" content=\"article\" \/>\n<meta property=\"og:title\" content=\"eBee Geo\" \/>\n<meta property=\"og:description\" content=\"Schneller vermessen und kartieren f\u00fcr weniger Geld \u2013 unter dieser Zielsetzung pr\u00e4sentiert senseFly sein neuestes Drohnenmodell.\" \/>\n<meta property=\"og:url\" content=\"https:\/\/www.allnav.com\/fr\/produkte\/drohnen\/ebee-geo\/\" \/>\n<meta property=\"og:site_name\" content=\"ALLNAV\" \/>\n<meta property=\"article:modified_time\" content=\"2024-06-06T12:29:35+00:00\" \/>\n<meta property=\"og:image\" content=\"https:\/\/www.allnav.com\/wp-content\/uploads\/2021\/03\/ALC_eBee_Geo.png\" \/>\n\t<meta property=\"og:image:width\" content=\"1280\" \/>\n\t<meta property=\"og:image:height\" content=\"744\" \/>\n\t<meta property=\"og:image:type\" content=\"image\/png\" \/>\n<meta name=\"twitter:card\" content=\"summary_large_image\" \/>\n<meta name=\"twitter:title\" content=\"eBee Geo\" \/>\n<meta name=\"twitter:description\" content=\"Schneller vermessen und kartieren f\u00fcr weniger Geld \u2013 unter dieser Zielsetzung pr\u00e4sentiert senseFly sein neuestes Drohnenmodell.\" \/>\n<meta name=\"twitter:image\" content=\"https:\/\/www.allnav.com\/wp-content\/uploads\/2021\/03\/ALC_eBee_Geo.png\" \/>\n<meta name=\"twitter:label1\" content=\"Dur\u00e9e de lecture estim\u00e9e\" \/>\n\t<meta name=\"twitter:data1\" content=\"1 minute\" \/>\n<script type=\"application\/ld+json\" class=\"yoast-schema-graph\">{\"@context\":\"https:\\\/\\\/schema.org\",\"@graph\":[{\"@type\":\"WebPage\",\"@id\":\"https:\\\/\\\/www.allnav.com\\\/produkte\\\/drohnen\\\/ebee-geo\\\/\",\"url\":\"https:\\\/\\\/www.allnav.com\\\/produkte\\\/drohnen\\\/ebee-geo\\\/\",\"name\":\"eBee Geo - ALLNAV\",\"isPartOf\":{\"@id\":\"https:\\\/\\\/www.allnav.com\\\/#website\"},\"primaryImageOfPage\":{\"@id\":\"https:\\\/\\\/www.allnav.com\\\/produkte\\\/drohnen\\\/ebee-geo\\\/#primaryimage\"},\"image\":{\"@id\":\"https:\\\/\\\/www.allnav.com\\\/produkte\\\/drohnen\\\/ebee-geo\\\/#primaryimage\"},\"thumbnailUrl\":\"https:\\\/\\\/www.allnav.com\\\/wp-content\\\/uploads\\\/2021\\\/03\\\/ALC_eBee_Geo-1024x595.png\",\"datePublished\":\"2021-02-19T14:07:20+00:00\",\"dateModified\":\"2024-06-06T12:29:35+00:00\",\"description\":\"Schneller vermessen und kartieren f\u00fcr weniger Geld \u2013 unter dieser Zielsetzung pr\u00e4sentiert senseFly sein neuestes Drohnenmodell.\",\"breadcrumb\":{\"@id\":\"https:\\\/\\\/www.allnav.com\\\/produkte\\\/drohnen\\\/ebee-geo\\\/#breadcrumb\"},\"inLanguage\":\"fr-FR\",\"potentialAction\":[{\"@type\":\"ReadAction\",\"target\":[\"https:\\\/\\\/www.allnav.com\\\/produkte\\\/drohnen\\\/ebee-geo\\\/\"]}]},{\"@type\":\"ImageObject\",\"inLanguage\":\"fr-FR\",\"@id\":\"https:\\\/\\\/www.allnav.com\\\/produkte\\\/drohnen\\\/ebee-geo\\\/#primaryimage\",\"url\":\"https:\\\/\\\/www.allnav.com\\\/wp-content\\\/uploads\\\/2021\\\/03\\\/ALC_eBee_Geo-1024x595.png\",\"contentUrl\":\"https:\\\/\\\/www.allnav.com\\\/wp-content\\\/uploads\\\/2021\\\/03\\\/ALC_eBee_Geo-1024x595.png\"},{\"@type\":\"BreadcrumbList\",\"@id\":\"https:\\\/\\\/www.allnav.com\\\/produkte\\\/drohnen\\\/ebee-geo\\\/#breadcrumb\",\"itemListElement\":[{\"@type\":\"ListItem\",\"position\":1,\"name\":\"Startseite\",\"item\":\"https:\\\/\\\/www.allnav.com\\\/\"},{\"@type\":\"ListItem\",\"position\":2,\"name\":\"Produkte\",\"item\":\"https:\\\/\\\/www.allnav.com\\\/produkte\\\/\"},{\"@type\":\"ListItem\",\"position\":3,\"name\":\"Drohnen\",\"item\":\"https:\\\/\\\/www.allnav.com\\\/produkte\\\/drohnen\\\/\"},{\"@type\":\"ListItem\",\"position\":4,\"name\":\"eBee Geo\"}]},{\"@type\":\"WebSite\",\"@id\":\"https:\\\/\\\/www.allnav.com\\\/#website\",\"url\":\"https:\\\/\\\/www.allnav.com\\\/\",\"name\":\"ALLNAV\",\"description\":\"L\u00f6sungen und Systeme f\u00fcr Vermessungsprofis\",\"publisher\":{\"@id\":\"https:\\\/\\\/www.allnav.com\\\/#organization\"},\"potentialAction\":[{\"@type\":\"SearchAction\",\"target\":{\"@type\":\"EntryPoint\",\"urlTemplate\":\"https:\\\/\\\/www.allnav.com\\\/?s={search_term_string}\"},\"query-input\":{\"@type\":\"PropertyValueSpecification\",\"valueRequired\":true,\"valueName\":\"search_term_string\"}}],\"inLanguage\":\"fr-FR\"},{\"@type\":\"Organization\",\"@id\":\"https:\\\/\\\/www.allnav.com\\\/#organization\",\"name\":\"ALLNAV\",\"url\":\"https:\\\/\\\/www.allnav.com\\\/\",\"logo\":{\"@type\":\"ImageObject\",\"inLanguage\":\"fr-FR\",\"@id\":\"https:\\\/\\\/www.allnav.com\\\/#\\\/schema\\\/logo\\\/image\\\/\",\"url\":\"https:\\\/\\\/www.allnav.com\\\/wp-content\\\/uploads\\\/2020\\\/01\\\/allnav.png\",\"contentUrl\":\"https:\\\/\\\/www.allnav.com\\\/wp-content\\\/uploads\\\/2020\\\/01\\\/allnav.png\",\"width\":506,\"height\":152,\"caption\":\"ALLNAV\"},\"image\":{\"@id\":\"https:\\\/\\\/www.allnav.com\\\/#\\\/schema\\\/logo\\\/image\\\/\"}}]}<\/script>\n<!-- \/ Yoast SEO Premium plugin. -->","yoast_head_json":{"title":"eBee Geo - ALLNAV","description":"Schneller vermessen und kartieren f\u00fcr weniger Geld \u2013 unter dieser Zielsetzung pr\u00e4sentiert senseFly sein neuestes Drohnenmodell.","robots":{"index":"index","follow":"follow","max-snippet":"max-snippet:-1","max-image-preview":"max-image-preview:large","max-video-preview":"max-video-preview:-1"},"canonical":"https:\/\/www.allnav.com\/fr\/produkte\/drohnen\/ebee-geo\/","og_locale":"fr_FR","og_type":"article","og_title":"eBee Geo","og_description":"Schneller vermessen und kartieren f\u00fcr weniger Geld \u2013 unter dieser Zielsetzung pr\u00e4sentiert senseFly sein neuestes Drohnenmodell.","og_url":"https:\/\/www.allnav.com\/fr\/produkte\/drohnen\/ebee-geo\/","og_site_name":"ALLNAV","article_modified_time":"2024-06-06T12:29:35+00:00","og_image":[{"width":1280,"height":744,"url":"https:\/\/www.allnav.com\/wp-content\/uploads\/2021\/03\/ALC_eBee_Geo.png","type":"image\/png"}],"twitter_card":"summary_large_image","twitter_title":"eBee Geo","twitter_description":"Schneller vermessen und kartieren f\u00fcr weniger Geld \u2013 unter dieser Zielsetzung pr\u00e4sentiert senseFly sein neuestes Drohnenmodell.","twitter_image":"https:\/\/www.allnav.com\/wp-content\/uploads\/2021\/03\/ALC_eBee_Geo.png","twitter_misc":{"Dur\u00e9e de lecture estim\u00e9e":"1 minute"},"schema":{"@context":"https:\/\/schema.org","@graph":[{"@type":"WebPage","@id":"https:\/\/www.allnav.com\/produkte\/drohnen\/ebee-geo\/","url":"https:\/\/www.allnav.com\/produkte\/drohnen\/ebee-geo\/","name":"eBee Geo - ALLNAV","isPartOf":{"@id":"https:\/\/www.allnav.com\/#website"},"primaryImageOfPage":{"@id":"https:\/\/www.allnav.com\/produkte\/drohnen\/ebee-geo\/#primaryimage"},"image":{"@id":"https:\/\/www.allnav.com\/produkte\/drohnen\/ebee-geo\/#primaryimage"},"thumbnailUrl":"https:\/\/www.allnav.com\/wp-content\/uploads\/2021\/03\/ALC_eBee_Geo-1024x595.png","datePublished":"2021-02-19T14:07:20+00:00","dateModified":"2024-06-06T12:29:35+00:00","description":"Schneller vermessen und kartieren f\u00fcr weniger Geld \u2013 unter dieser Zielsetzung pr\u00e4sentiert senseFly sein neuestes Drohnenmodell.","breadcrumb":{"@id":"https:\/\/www.allnav.com\/produkte\/drohnen\/ebee-geo\/#breadcrumb"},"inLanguage":"fr-FR","potentialAction":[{"@type":"ReadAction","target":["https:\/\/www.allnav.com\/produkte\/drohnen\/ebee-geo\/"]}]},{"@type":"ImageObject","inLanguage":"fr-FR","@id":"https:\/\/www.allnav.com\/produkte\/drohnen\/ebee-geo\/#primaryimage","url":"https:\/\/www.allnav.com\/wp-content\/uploads\/2021\/03\/ALC_eBee_Geo-1024x595.png","contentUrl":"https:\/\/www.allnav.com\/wp-content\/uploads\/2021\/03\/ALC_eBee_Geo-1024x595.png"},{"@type":"BreadcrumbList","@id":"https:\/\/www.allnav.com\/produkte\/drohnen\/ebee-geo\/#breadcrumb","itemListElement":[{"@type":"ListItem","position":1,"name":"Startseite","item":"https:\/\/www.allnav.com\/"},{"@type":"ListItem","position":2,"name":"Produkte","item":"https:\/\/www.allnav.com\/produkte\/"},{"@type":"ListItem","position":3,"name":"Drohnen","item":"https:\/\/www.allnav.com\/produkte\/drohnen\/"},{"@type":"ListItem","position":4,"name":"eBee Geo"}]},{"@type":"WebSite","@id":"https:\/\/www.allnav.com\/#website","url":"https:\/\/www.allnav.com\/","name":"ALLNAV","description":"L\u00f6sungen und Systeme f\u00fcr Vermessungsprofis","publisher":{"@id":"https:\/\/www.allnav.com\/#organization"},"potentialAction":[{"@type":"SearchAction","target":{"@type":"EntryPoint","urlTemplate":"https:\/\/www.allnav.com\/?s={search_term_string}"},"query-input":{"@type":"PropertyValueSpecification","valueRequired":true,"valueName":"search_term_string"}}],"inLanguage":"fr-FR"},{"@type":"Organization","@id":"https:\/\/www.allnav.com\/#organization","name":"ALLNAV","url":"https:\/\/www.allnav.com\/","logo":{"@type":"ImageObject","inLanguage":"fr-FR","@id":"https:\/\/www.allnav.com\/#\/schema\/logo\/image\/","url":"https:\/\/www.allnav.com\/wp-content\/uploads\/2020\/01\/allnav.png","contentUrl":"https:\/\/www.allnav.com\/wp-content\/uploads\/2020\/01\/allnav.png","width":506,"height":152,"caption":"ALLNAV"},"image":{"@id":"https:\/\/www.allnav.com\/#\/schema\/logo\/image\/"}}]}},"_links":{"self":[{"href":"https:\/\/www.allnav.com\/fr\/wp-json\/wp\/v2\/pages\/8712","targetHints":{"allow":["GET"]}}],"collection":[{"href":"https:\/\/www.allnav.com\/fr\/wp-json\/wp\/v2\/pages"}],"about":[{"href":"https:\/\/www.allnav.com\/fr\/wp-json\/wp\/v2\/types\/page"}],"author":[{"embeddable":true,"href":"https:\/\/www.allnav.com\/fr\/wp-json\/wp\/v2\/users\/1"}],"replies":[{"embeddable":true,"href":"https:\/\/www.allnav.com\/fr\/wp-json\/wp\/v2\/comments?post=8712"}],"version-history":[{"count":0,"href":"https:\/\/www.allnav.com\/fr\/wp-json\/wp\/v2\/pages\/8712\/revisions"}],"up":[{"embeddable":true,"href":"https:\/\/www.allnav.com\/fr\/wp-json\/wp\/v2\/pages\/4335"}],"wp:attachment":[{"href":"https:\/\/www.allnav.com\/fr\/wp-json\/wp\/v2\/media?parent=8712"}],"curies":[{"name":"wp","href":"https:\/\/api.w.org\/{rel}","templated":true}]}}