{"id":8926,"date":"2021-03-05T10:31:45","date_gmt":"2021-03-05T09:31:45","guid":{"rendered":"https:\/\/www.allnav.com\/?page_id=8926"},"modified":"2024-06-27T16:40:56","modified_gmt":"2024-06-27T14:40:56","slug":"tsc5","status":"publish","type":"page","link":"https:\/\/www.allnav.com\/fr\/produkte\/feldrechner\/tsc5\/","title":{"rendered":"Trimble TSC5"},"content":{"rendered":"<div data-elementor-type=\"wp-page\" data-elementor-id=\"8926\" class=\"elementor elementor-8926\" data-elementor-post-type=\"page\">\n\t\t\t\t\t\t<section class=\"elementor-section elementor-top-section elementor-element elementor-element-a69e0b4 elementor-section-full_width elementor-reverse-mobile elementor-section-height-default elementor-section-height-default\" data-id=\"a69e0b4\" data-element_type=\"section\" data-e-type=\"section\">\n\t\t\t\t\t\t<div class=\"elementor-container elementor-column-gap-default\">\n\t\t\t\t\t<div class=\"elementor-column elementor-col-33 elementor-top-column elementor-element elementor-element-06a78fb\" data-id=\"06a78fb\" data-element_type=\"column\" data-e-type=\"column\">\n\t\t\t<div class=\"elementor-widget-wrap elementor-element-populated\">\n\t\t\t\t\t\t<div class=\"elementor-element elementor-element-8e1d925 elementor-widget elementor-widget-image\" data-id=\"8e1d925\" data-element_type=\"widget\" data-e-type=\"widget\" data-widget_type=\"image.default\">\n\t\t\t\t<div class=\"elementor-widget-container\">\n\t\t\t\t\t\t\t\t\t\t\t\t\t\t\t\t<a href=\"https:\/\/www.allnav.com\/wp-content\/uploads\/2024\/06\/allnav-feldrechner-trimble-TSC5.jpg\" data-elementor-open-lightbox=\"yes\" data-elementor-lightbox-title=\"allnav-feldrechner-trimble-TSC5\" data-e-action-hash=\"#elementor-action%3Aaction%3Dlightbox%26settings%3DeyJpZCI6MTM3NjAsInVybCI6Imh0dHBzOlwvXC93d3cuYWxsbmF2LmNvbVwvd3AtY29udGVudFwvdXBsb2Fkc1wvMjAyNFwvMDZcL2FsbG5hdi1mZWxkcmVjaG5lci10cmltYmxlLVRTQzUuanBnIn0%3D\">\n\t\t\t\t\t\t\t<img fetchpriority=\"high\" decoding=\"async\" width=\"800\" height=\"533\" src=\"https:\/\/www.allnav.com\/wp-content\/uploads\/2024\/06\/allnav-feldrechner-trimble-TSC5-1024x682.jpg\" class=\"attachment-large size-large wp-image-13760\" alt=\"\" srcset=\"https:\/\/www.allnav.com\/wp-content\/uploads\/2024\/06\/allnav-feldrechner-trimble-TSC5-1024x682.jpg 1024w, https:\/\/www.allnav.com\/wp-content\/uploads\/2024\/06\/allnav-feldrechner-trimble-TSC5-300x200.jpg 300w, https:\/\/www.allnav.com\/wp-content\/uploads\/2024\/06\/allnav-feldrechner-trimble-TSC5-768x512.jpg 768w, https:\/\/www.allnav.com\/wp-content\/uploads\/2024\/06\/allnav-feldrechner-trimble-TSC5.jpg 1280w\" sizes=\"(max-width: 800px) 100vw, 800px\" \/>\t\t\t\t\t\t\t\t<\/a>\n\t\t\t\t\t\t\t\t\t\t\t\t\t\t\t<\/div>\n\t\t\t\t<\/div>\n\t\t\t\t\t<\/div>\n\t\t<\/div>\n\t\t\t\t<div class=\"elementor-column elementor-col-66 elementor-top-column elementor-element elementor-element-a6b2965\" data-id=\"a6b2965\" data-element_type=\"column\" data-e-type=\"column\">\n\t\t\t<div class=\"elementor-widget-wrap elementor-element-populated\">\n\t\t\t\t\t\t<div class=\"elementor-element elementor-element-03d0145 elementor-widget elementor-widget-heading\" data-id=\"03d0145\" data-element_type=\"widget\" data-e-type=\"widget\" data-widget_type=\"heading.default\">\n\t\t\t\t<div class=\"elementor-widget-container\">\n\t\t\t\t\t<h1 class=\"elementor-heading-title elementor-size-default\">Trimble TSC5<\/h1>\t\t\t\t<\/div>\n\t\t\t\t<\/div>\n\t\t\t\t<div class=\"elementor-element elementor-element-2444370 elementor-widget-divider--view-line elementor-widget elementor-widget-divider\" data-id=\"2444370\" data-element_type=\"widget\" data-e-type=\"widget\" data-widget_type=\"divider.default\">\n\t\t\t\t<div class=\"elementor-widget-container\">\n\t\t\t\t\t\t\t<div class=\"elementor-divider\">\n\t\t\t<span class=\"elementor-divider-separator\">\n\t\t\t\t\t\t<\/span>\n\t\t<\/div>\n\t\t\t\t\t\t<\/div>\n\t\t\t\t<\/div>\n\t\t\t\t<div class=\"elementor-element elementor-element-23e3700 elementor-widget elementor-widget-heading\" data-id=\"23e3700\" data-element_type=\"widget\" data-e-type=\"widget\" data-widget_type=\"heading.default\">\n\t\t\t\t<div class=\"elementor-widget-container\">\n\t\t\t\t\t<h3 class=\"elementor-heading-title elementor-size-default\">Poursuite d\u2019un d\u00e9veloppement coh\u00e9rent<\/h3>\t\t\t\t<\/div>\n\t\t\t\t<\/div>\n\t\t\t\t<div class=\"elementor-element elementor-element-c3df398 elementor-widget elementor-widget-text-editor\" data-id=\"c3df398\" data-element_type=\"widget\" data-e-type=\"widget\" data-widget_type=\"text-editor.default\">\n\t\t\t\t<div class=\"elementor-widget-container\">\n\t\t\t\t\t\t\t\t\tAvec l\u2019ordinateur de terrain TSC5, Trimble pr\u00e9sente un appareil de sixi\u00e8me g\u00e9n\u00e9ration. Parfait et \u00e0 la pointe de la technologie pour mener \u00e0 bien tous les projets avec efficacit\u00e9 et pr\u00e9cision sur le terrain. Le TSC5 est dot\u00e9 d\u2019un syst\u00e8me d\u2019exploitation Android, d\u2019un \u00e9cran multi-touch de 5 pouces et d\u2019un clavier complet. L\u2019ordinateur de terrain peut \u00eatre utilis\u00e9 m\u00eame avec des gants, il est extr\u00eamement robuste et dispose d\u2019une batterie pour une journ\u00e9e de travail compl\u00e8te. Le logiciel de terrain Trimble Access le rend id\u00e9al pour les implantations et les lev\u00e9s.\t\t\t\t\t\t\t\t<\/div>\n\t\t\t\t<\/div>\n\t\t\t\t\t<\/div>\n\t\t<\/div>\n\t\t\t\t\t<\/div>\n\t\t<\/section>\n\t\t\t\t<section class=\"elementor-section elementor-top-section elementor-element elementor-element-d6e7f58 elementor-section-full_width elementor-section-height-default elementor-section-height-default\" data-id=\"d6e7f58\" data-element_type=\"section\" data-e-type=\"section\" data-settings=\"{&quot;background_background&quot;:&quot;classic&quot;}\">\n\t\t\t\t\t\t<div class=\"elementor-container elementor-column-gap-default\">\n\t\t\t\t\t<div class=\"elementor-column elementor-col-100 elementor-top-column elementor-element elementor-element-eba7386\" data-id=\"eba7386\" data-element_type=\"column\" data-e-type=\"column\">\n\t\t\t<div class=\"elementor-widget-wrap elementor-element-populated\">\n\t\t\t\t\t\t<div class=\"elementor-element elementor-element-7e4d488 elementor-widget elementor-widget-heading\" data-id=\"7e4d488\" data-element_type=\"widget\" data-e-type=\"widget\" data-widget_type=\"heading.default\">\n\t\t\t\t<div class=\"elementor-widget-container\">\n\t\t\t\t\t<h2 class=\"elementor-heading-title elementor-size-default\">Caract\u00e9ristques<\/h2>\t\t\t\t<\/div>\n\t\t\t\t<\/div>\n\t\t\t\t<div class=\"elementor-element elementor-element-9e1d521 elementor-widget-divider--view-line elementor-widget elementor-widget-divider\" data-id=\"9e1d521\" data-element_type=\"widget\" data-e-type=\"widget\" data-widget_type=\"divider.default\">\n\t\t\t\t<div class=\"elementor-widget-container\">\n\t\t\t\t\t\t\t<div class=\"elementor-divider\">\n\t\t\t<span class=\"elementor-divider-separator\">\n\t\t\t\t\t\t<\/span>\n\t\t<\/div>\n\t\t\t\t\t\t<\/div>\n\t\t\t\t<\/div>\n\t\t\t\t<div class=\"elementor-element elementor-element-b2c994a elementor-widget elementor-widget-text-editor\" data-id=\"b2c994a\" data-element_type=\"widget\" data-e-type=\"widget\" data-widget_type=\"text-editor.default\">\n\t\t\t\t<div class=\"elementor-widget-container\">\n\t\t\t\t\t\t\t\t\t<ul><li>\u00c9cran multi-touch 5\u2033 pour l\u2019utilisation du doigt ou du stylet<\/li><li>Affichage lumineux, non r\u00e9fl\u00e9chissant, lisible m\u00eame en plein soleil<\/li><li>Clavier alphanum\u00e9rique r\u00e9tro-\u00e9clair\u00e9 avec touches directionnelles<\/li><li>12 touches de fonction programmables<\/li><li>Conception ergonomique, facile \u00e0 prendre en main et portable pour un fonctionnement sans fatigue<\/li><li>Syst\u00e8me d\u2019exploitation Android 10<\/li><li>Certifi\u00e9 pour les services mobiles de Google avec acc\u00e8s aux applications de Google Play\u2122Store<\/li><li>Capacit\u00e9 de la batterie pour une journ\u00e9e de travail compl\u00e8te avec possibilit\u00e9 de remplacement<\/li><li>Conception robuste, de qualit\u00e9 militaire, protection IP65<\/li><li>Fonctionnalit\u00e9 suppl\u00e9mentaire avec le module EMPOWER de Trimble en option.<\/li><li>Optimis\u00e9 pour Trimble Access\u2122 Logiciel de terrain 2020<\/li><\/ul>\t\t\t\t\t\t\t\t<\/div>\n\t\t\t\t<\/div>\n\t\t\t\t<section class=\"elementor-section elementor-inner-section elementor-element elementor-element-8f82094 elementor-section-full_width elementor-section-height-default elementor-section-height-default\" data-id=\"8f82094\" data-element_type=\"section\" data-e-type=\"section\">\n\t\t\t\t\t\t<div class=\"elementor-container elementor-column-gap-default\">\n\t\t\t\t\t<div class=\"elementor-column elementor-col-25 elementor-inner-column elementor-element elementor-element-68fe7ca\" data-id=\"68fe7ca\" data-element_type=\"column\" data-e-type=\"column\">\n\t\t\t<div class=\"elementor-widget-wrap elementor-element-populated\">\n\t\t\t\t\t\t<div class=\"elementor-element elementor-element-08563dd elementor-align-justify elementor-widget elementor-widget-button\" data-id=\"08563dd\" data-element_type=\"widget\" data-e-type=\"widget\" data-widget_type=\"button.default\">\n\t\t\t\t<div class=\"elementor-widget-container\">\n\t\t\t\t\t\t\t\t\t<div class=\"elementor-button-wrapper\">\n\t\t\t\t\t<a class=\"elementor-button elementor-button-link elementor-size-sm\" href=\"https:\/\/allnav.com\/wp-content\/uploads\/2021\/03\/ALC_TSC5_Datenblatt.pdf\" target=\"_blank\">\n\t\t\t\t\t\t<span class=\"elementor-button-content-wrapper\">\n\t\t\t\t\t\t\t\t\t<span class=\"elementor-button-text\">Fiche Technique<\/span>\n\t\t\t\t\t<\/span>\n\t\t\t\t\t<\/a>\n\t\t\t\t<\/div>\n\t\t\t\t\t\t\t\t<\/div>\n\t\t\t\t<\/div>\n\t\t\t\t\t<\/div>\n\t\t<\/div>\n\t\t\t\t<div class=\"elementor-column elementor-col-25 elementor-inner-column elementor-element elementor-element-622bba0\" data-id=\"622bba0\" data-element_type=\"column\" data-e-type=\"column\">\n\t\t\t<div class=\"elementor-widget-wrap\">\n\t\t\t\t\t\t\t<\/div>\n\t\t<\/div>\n\t\t\t\t<div class=\"elementor-column elementor-col-25 elementor-inner-column elementor-element elementor-element-e0e1099\" data-id=\"e0e1099\" data-element_type=\"column\" data-e-type=\"column\">\n\t\t\t<div class=\"elementor-widget-wrap\">\n\t\t\t\t\t\t\t<\/div>\n\t\t<\/div>\n\t\t\t\t<div class=\"elementor-column elementor-col-25 elementor-inner-column elementor-element elementor-element-2725b9a\" data-id=\"2725b9a\" data-element_type=\"column\" data-e-type=\"column\">\n\t\t\t<div class=\"elementor-widget-wrap\">\n\t\t\t\t\t\t\t<\/div>\n\t\t<\/div>\n\t\t\t\t\t<\/div>\n\t\t<\/section>\n\t\t\t\t\t<\/div>\n\t\t<\/div>\n\t\t\t\t\t<\/div>\n\t\t<\/section>\n\t\t\t\t<\/div>","protected":false},"excerpt":{"rendered":"<p>Avec le contr\u00f4leur de terrain TSC5, Trimble pr\u00e9sente un appareil de sixi\u00e8me g\u00e9n\u00e9ration. Parfait et \u00e0 la pointe de la technologie, il permet de r\u00e9aliser tous les projets sur le terrain avec efficacit\u00e9 et pr\u00e9cision.<\/p>","protected":false},"author":1,"featured_media":13760,"parent":4158,"menu_order":0,"comment_status":"closed","ping_status":"closed","template":"elementor_header_footer","meta":{"footnotes":""},"class_list":["post-8926","page","type-page","status-publish","has-post-thumbnail","hentry"],"yoast_head":"<!-- This site is optimized with the Yoast SEO Premium plugin v27.4 (Yoast SEO v27.4) - https:\/\/yoast.com\/product\/yoast-seo-premium-wordpress\/ -->\n<title>Trimble TSC5 - ALLNAV<\/title>\n<meta name=\"description\" content=\"Mit dem TSC5 Feldrechner pr\u00e4sentiert Trimble ein Ger\u00e4t auf dem neuesten Stand der Technik f\u00fcr Projekte im Feld.\" \/>\n<meta name=\"robots\" content=\"index, follow, max-snippet:-1, max-image-preview:large, max-video-preview:-1\" \/>\n<link rel=\"canonical\" href=\"https:\/\/www.allnav.com\/fr\/produkte\/feldrechner\/tsc5\/\" \/>\n<meta property=\"og:locale\" content=\"fr_FR\" \/>\n<meta property=\"og:type\" content=\"article\" \/>\n<meta property=\"og:title\" content=\"TSC5\" \/>\n<meta property=\"og:description\" content=\"Mit dem TSC5 Feldrechner pr\u00e4sentiert Trimble ein Ger\u00e4t auf dem neuesten Stand der Technik f\u00fcr Projekte im Feld.\" \/>\n<meta property=\"og:url\" content=\"https:\/\/www.allnav.com\/fr\/produkte\/feldrechner\/tsc5\/\" \/>\n<meta property=\"og:site_name\" content=\"ALLNAV\" \/>\n<meta property=\"article:modified_time\" content=\"2024-06-27T14:40:56+00:00\" \/>\n<meta property=\"og:image\" content=\"https:\/\/www.allnav.com\/wp-content\/uploads\/2021\/03\/IMG_1354.jpeg\" \/>\n\t<meta property=\"og:image:width\" content=\"1280\" \/>\n\t<meta property=\"og:image:height\" content=\"720\" \/>\n\t<meta property=\"og:image:type\" content=\"image\/jpeg\" \/>\n<meta name=\"twitter:card\" content=\"summary_large_image\" \/>\n<meta name=\"twitter:title\" content=\"TSC5\" \/>\n<meta name=\"twitter:description\" content=\"Mit dem TSC5 Feldrechner pr\u00e4sentiert Trimble ein Ger\u00e4t auf dem neuesten Stand der Technik f\u00fcr Projekte im Feld.\" \/>\n<meta name=\"twitter:image\" content=\"https:\/\/www.allnav.com\/wp-content\/uploads\/2021\/03\/IMG_1354.jpeg\" \/>\n<meta name=\"twitter:label1\" content=\"Dur\u00e9e de lecture estim\u00e9e\" \/>\n\t<meta name=\"twitter:data1\" content=\"2 minutes\" \/>\n<script type=\"application\/ld+json\" class=\"yoast-schema-graph\">{\"@context\":\"https:\\\/\\\/schema.org\",\"@graph\":[{\"@type\":\"WebPage\",\"@id\":\"https:\\\/\\\/www.allnav.com\\\/produkte\\\/feldrechner\\\/tsc5\\\/\",\"url\":\"https:\\\/\\\/www.allnav.com\\\/produkte\\\/feldrechner\\\/tsc5\\\/\",\"name\":\"Trimble TSC5 - ALLNAV\",\"isPartOf\":{\"@id\":\"https:\\\/\\\/www.allnav.com\\\/#website\"},\"primaryImageOfPage\":{\"@id\":\"https:\\\/\\\/www.allnav.com\\\/produkte\\\/feldrechner\\\/tsc5\\\/#primaryimage\"},\"image\":{\"@id\":\"https:\\\/\\\/www.allnav.com\\\/produkte\\\/feldrechner\\\/tsc5\\\/#primaryimage\"},\"thumbnailUrl\":\"https:\\\/\\\/www.allnav.com\\\/wp-content\\\/uploads\\\/2024\\\/06\\\/allnav-feldrechner-trimble-TSC5.jpg\",\"datePublished\":\"2021-03-05T09:31:45+00:00\",\"dateModified\":\"2024-06-27T14:40:56+00:00\",\"description\":\"Mit dem TSC5 Feldrechner pr\u00e4sentiert Trimble ein Ger\u00e4t auf dem neuesten Stand der Technik f\u00fcr Projekte im Feld.\",\"breadcrumb\":{\"@id\":\"https:\\\/\\\/www.allnav.com\\\/produkte\\\/feldrechner\\\/tsc5\\\/#breadcrumb\"},\"inLanguage\":\"fr-FR\",\"potentialAction\":[{\"@type\":\"ReadAction\",\"target\":[\"https:\\\/\\\/www.allnav.com\\\/produkte\\\/feldrechner\\\/tsc5\\\/\"]}]},{\"@type\":\"ImageObject\",\"inLanguage\":\"fr-FR\",\"@id\":\"https:\\\/\\\/www.allnav.com\\\/produkte\\\/feldrechner\\\/tsc5\\\/#primaryimage\",\"url\":\"https:\\\/\\\/www.allnav.com\\\/wp-content\\\/uploads\\\/2024\\\/06\\\/allnav-feldrechner-trimble-TSC5.jpg\",\"contentUrl\":\"https:\\\/\\\/www.allnav.com\\\/wp-content\\\/uploads\\\/2024\\\/06\\\/allnav-feldrechner-trimble-TSC5.jpg\",\"width\":1280,\"height\":853},{\"@type\":\"BreadcrumbList\",\"@id\":\"https:\\\/\\\/www.allnav.com\\\/produkte\\\/feldrechner\\\/tsc5\\\/#breadcrumb\",\"itemListElement\":[{\"@type\":\"ListItem\",\"position\":1,\"name\":\"Startseite\",\"item\":\"https:\\\/\\\/www.allnav.com\\\/\"},{\"@type\":\"ListItem\",\"position\":2,\"name\":\"Produkte\",\"item\":\"https:\\\/\\\/www.allnav.com\\\/produkte\\\/\"},{\"@type\":\"ListItem\",\"position\":3,\"name\":\"Feldrechner\",\"item\":\"https:\\\/\\\/www.allnav.com\\\/produkte\\\/feldrechner\\\/\"},{\"@type\":\"ListItem\",\"position\":4,\"name\":\"Trimble TSC5\"}]},{\"@type\":\"WebSite\",\"@id\":\"https:\\\/\\\/www.allnav.com\\\/#website\",\"url\":\"https:\\\/\\\/www.allnav.com\\\/\",\"name\":\"ALLNAV\",\"description\":\"L\u00f6sungen und Systeme f\u00fcr Vermessungsprofis\",\"publisher\":{\"@id\":\"https:\\\/\\\/www.allnav.com\\\/#organization\"},\"potentialAction\":[{\"@type\":\"SearchAction\",\"target\":{\"@type\":\"EntryPoint\",\"urlTemplate\":\"https:\\\/\\\/www.allnav.com\\\/?s={search_term_string}\"},\"query-input\":{\"@type\":\"PropertyValueSpecification\",\"valueRequired\":true,\"valueName\":\"search_term_string\"}}],\"inLanguage\":\"fr-FR\"},{\"@type\":\"Organization\",\"@id\":\"https:\\\/\\\/www.allnav.com\\\/#organization\",\"name\":\"ALLNAV\",\"url\":\"https:\\\/\\\/www.allnav.com\\\/\",\"logo\":{\"@type\":\"ImageObject\",\"inLanguage\":\"fr-FR\",\"@id\":\"https:\\\/\\\/www.allnav.com\\\/#\\\/schema\\\/logo\\\/image\\\/\",\"url\":\"https:\\\/\\\/www.allnav.com\\\/wp-content\\\/uploads\\\/2020\\\/01\\\/allnav.png\",\"contentUrl\":\"https:\\\/\\\/www.allnav.com\\\/wp-content\\\/uploads\\\/2020\\\/01\\\/allnav.png\",\"width\":506,\"height\":152,\"caption\":\"ALLNAV\"},\"image\":{\"@id\":\"https:\\\/\\\/www.allnav.com\\\/#\\\/schema\\\/logo\\\/image\\\/\"}}]}<\/script>\n<!-- \/ Yoast SEO Premium plugin. -->","yoast_head_json":{"title":"Trimble TSC5 - ALLNAV","description":"Mit dem TSC5 Feldrechner pr\u00e4sentiert Trimble ein Ger\u00e4t auf dem neuesten Stand der Technik f\u00fcr Projekte im Feld.","robots":{"index":"index","follow":"follow","max-snippet":"max-snippet:-1","max-image-preview":"max-image-preview:large","max-video-preview":"max-video-preview:-1"},"canonical":"https:\/\/www.allnav.com\/fr\/produkte\/feldrechner\/tsc5\/","og_locale":"fr_FR","og_type":"article","og_title":"TSC5","og_description":"Mit dem TSC5 Feldrechner pr\u00e4sentiert Trimble ein Ger\u00e4t auf dem neuesten Stand der Technik f\u00fcr Projekte im Feld.","og_url":"https:\/\/www.allnav.com\/fr\/produkte\/feldrechner\/tsc5\/","og_site_name":"ALLNAV","article_modified_time":"2024-06-27T14:40:56+00:00","og_image":[{"width":1280,"height":720,"url":"https:\/\/www.allnav.com\/wp-content\/uploads\/2021\/03\/IMG_1354.jpeg","type":"image\/jpeg"}],"twitter_card":"summary_large_image","twitter_title":"TSC5","twitter_description":"Mit dem TSC5 Feldrechner pr\u00e4sentiert Trimble ein Ger\u00e4t auf dem neuesten Stand der Technik f\u00fcr Projekte im Feld.","twitter_image":"https:\/\/www.allnav.com\/wp-content\/uploads\/2021\/03\/IMG_1354.jpeg","twitter_misc":{"Dur\u00e9e de lecture estim\u00e9e":"2 minutes"},"schema":{"@context":"https:\/\/schema.org","@graph":[{"@type":"WebPage","@id":"https:\/\/www.allnav.com\/produkte\/feldrechner\/tsc5\/","url":"https:\/\/www.allnav.com\/produkte\/feldrechner\/tsc5\/","name":"Trimble TSC5 - ALLNAV","isPartOf":{"@id":"https:\/\/www.allnav.com\/#website"},"primaryImageOfPage":{"@id":"https:\/\/www.allnav.com\/produkte\/feldrechner\/tsc5\/#primaryimage"},"image":{"@id":"https:\/\/www.allnav.com\/produkte\/feldrechner\/tsc5\/#primaryimage"},"thumbnailUrl":"https:\/\/www.allnav.com\/wp-content\/uploads\/2024\/06\/allnav-feldrechner-trimble-TSC5.jpg","datePublished":"2021-03-05T09:31:45+00:00","dateModified":"2024-06-27T14:40:56+00:00","description":"Mit dem TSC5 Feldrechner pr\u00e4sentiert Trimble ein Ger\u00e4t auf dem neuesten Stand der Technik f\u00fcr Projekte im Feld.","breadcrumb":{"@id":"https:\/\/www.allnav.com\/produkte\/feldrechner\/tsc5\/#breadcrumb"},"inLanguage":"fr-FR","potentialAction":[{"@type":"ReadAction","target":["https:\/\/www.allnav.com\/produkte\/feldrechner\/tsc5\/"]}]},{"@type":"ImageObject","inLanguage":"fr-FR","@id":"https:\/\/www.allnav.com\/produkte\/feldrechner\/tsc5\/#primaryimage","url":"https:\/\/www.allnav.com\/wp-content\/uploads\/2024\/06\/allnav-feldrechner-trimble-TSC5.jpg","contentUrl":"https:\/\/www.allnav.com\/wp-content\/uploads\/2024\/06\/allnav-feldrechner-trimble-TSC5.jpg","width":1280,"height":853},{"@type":"BreadcrumbList","@id":"https:\/\/www.allnav.com\/produkte\/feldrechner\/tsc5\/#breadcrumb","itemListElement":[{"@type":"ListItem","position":1,"name":"Startseite","item":"https:\/\/www.allnav.com\/"},{"@type":"ListItem","position":2,"name":"Produkte","item":"https:\/\/www.allnav.com\/produkte\/"},{"@type":"ListItem","position":3,"name":"Feldrechner","item":"https:\/\/www.allnav.com\/produkte\/feldrechner\/"},{"@type":"ListItem","position":4,"name":"Trimble TSC5"}]},{"@type":"WebSite","@id":"https:\/\/www.allnav.com\/#website","url":"https:\/\/www.allnav.com\/","name":"ALLNAV","description":"L\u00f6sungen und Systeme f\u00fcr Vermessungsprofis","publisher":{"@id":"https:\/\/www.allnav.com\/#organization"},"potentialAction":[{"@type":"SearchAction","target":{"@type":"EntryPoint","urlTemplate":"https:\/\/www.allnav.com\/?s={search_term_string}"},"query-input":{"@type":"PropertyValueSpecification","valueRequired":true,"valueName":"search_term_string"}}],"inLanguage":"fr-FR"},{"@type":"Organization","@id":"https:\/\/www.allnav.com\/#organization","name":"ALLNAV","url":"https:\/\/www.allnav.com\/","logo":{"@type":"ImageObject","inLanguage":"fr-FR","@id":"https:\/\/www.allnav.com\/#\/schema\/logo\/image\/","url":"https:\/\/www.allnav.com\/wp-content\/uploads\/2020\/01\/allnav.png","contentUrl":"https:\/\/www.allnav.com\/wp-content\/uploads\/2020\/01\/allnav.png","width":506,"height":152,"caption":"ALLNAV"},"image":{"@id":"https:\/\/www.allnav.com\/#\/schema\/logo\/image\/"}}]}},"_links":{"self":[{"href":"https:\/\/www.allnav.com\/fr\/wp-json\/wp\/v2\/pages\/8926","targetHints":{"allow":["GET"]}}],"collection":[{"href":"https:\/\/www.allnav.com\/fr\/wp-json\/wp\/v2\/pages"}],"about":[{"href":"https:\/\/www.allnav.com\/fr\/wp-json\/wp\/v2\/types\/page"}],"author":[{"embeddable":true,"href":"https:\/\/www.allnav.com\/fr\/wp-json\/wp\/v2\/users\/1"}],"replies":[{"embeddable":true,"href":"https:\/\/www.allnav.com\/fr\/wp-json\/wp\/v2\/comments?post=8926"}],"version-history":[{"count":0,"href":"https:\/\/www.allnav.com\/fr\/wp-json\/wp\/v2\/pages\/8926\/revisions"}],"up":[{"embeddable":true,"href":"https:\/\/www.allnav.com\/fr\/wp-json\/wp\/v2\/pages\/4158"}],"wp:featuredmedia":[{"embeddable":true,"href":"https:\/\/www.allnav.com\/fr\/wp-json\/wp\/v2\/media\/13760"}],"wp:attachment":[{"href":"https:\/\/www.allnav.com\/fr\/wp-json\/wp\/v2\/media?parent=8926"}],"curies":[{"name":"wp","href":"https:\/\/api.w.org\/{rel}","templated":true}]}}