{"id":9490,"date":"2021-04-14T11:22:15","date_gmt":"2021-04-14T09:22:15","guid":{"rendered":"https:\/\/www.allnav.com\/?page_id=9490"},"modified":"2024-06-11T12:31:07","modified_gmt":"2024-06-11T10:31:07","slug":"trimble-t100","status":"publish","type":"page","link":"https:\/\/www.allnav.com\/fr\/produkte\/feldrechner\/trimble-t100\/","title":{"rendered":"Trimble T100"},"content":{"rendered":"<div data-elementor-type=\"wp-page\" data-elementor-id=\"9490\" class=\"elementor elementor-9490\" data-elementor-post-type=\"page\">\n\t\t\t\t\t\t<section class=\"elementor-section elementor-top-section elementor-element elementor-element-90fc5c9 elementor-section-full_width elementor-reverse-mobile elementor-section-height-default elementor-section-height-default\" data-id=\"90fc5c9\" data-element_type=\"section\" data-e-type=\"section\">\n\t\t\t\t\t\t<div class=\"elementor-container elementor-column-gap-default\">\n\t\t\t\t\t<div class=\"elementor-column elementor-col-33 elementor-top-column elementor-element elementor-element-cbd746f\" data-id=\"cbd746f\" data-element_type=\"column\" data-e-type=\"column\">\n\t\t\t<div class=\"elementor-widget-wrap elementor-element-populated\">\n\t\t\t\t\t\t<div class=\"elementor-element elementor-element-3b6dacc elementor-widget elementor-widget-image\" data-id=\"3b6dacc\" data-element_type=\"widget\" data-e-type=\"widget\" data-widget_type=\"image.default\">\n\t\t\t\t<div class=\"elementor-widget-container\">\n\t\t\t\t\t\t\t\t\t\t\t\t\t\t\t\t<a href=\"https:\/\/www.allnav.com\/wp-content\/uploads\/2024\/06\/allnav-feldrechner-trimble-T100.jpg\" data-elementor-open-lightbox=\"yes\" data-elementor-lightbox-title=\"Trimble Feldrechner T100\" data-elementor-lightbox-description=\"Trimble Feldrechner T100\" data-e-action-hash=\"#elementor-action%3Aaction%3Dlightbox%26settings%3DeyJpZCI6MTM3NjUsInVybCI6Imh0dHBzOlwvXC93d3cuYWxsbmF2LmNvbVwvd3AtY29udGVudFwvdXBsb2Fkc1wvMjAyNFwvMDZcL2FsbG5hdi1mZWxkcmVjaG5lci10cmltYmxlLVQxMDAuanBnIn0%3D\">\n\t\t\t\t\t\t\t<img fetchpriority=\"high\" decoding=\"async\" width=\"800\" height=\"533\" src=\"https:\/\/www.allnav.com\/wp-content\/uploads\/2024\/06\/allnav-feldrechner-trimble-T100-1024x682.jpg\" class=\"attachment-large size-large wp-image-13765\" alt=\"Trimble Feldrechner T100\" srcset=\"https:\/\/www.allnav.com\/wp-content\/uploads\/2024\/06\/allnav-feldrechner-trimble-T100-1024x682.jpg 1024w, https:\/\/www.allnav.com\/wp-content\/uploads\/2024\/06\/allnav-feldrechner-trimble-T100-300x200.jpg 300w, https:\/\/www.allnav.com\/wp-content\/uploads\/2024\/06\/allnav-feldrechner-trimble-T100-768x512.jpg 768w, https:\/\/www.allnav.com\/wp-content\/uploads\/2024\/06\/allnav-feldrechner-trimble-T100.jpg 1280w\" sizes=\"(max-width: 800px) 100vw, 800px\" \/>\t\t\t\t\t\t\t\t<\/a>\n\t\t\t\t\t\t\t\t\t\t\t\t\t\t\t<\/div>\n\t\t\t\t<\/div>\n\t\t\t\t\t<\/div>\n\t\t<\/div>\n\t\t\t\t<div class=\"elementor-column elementor-col-66 elementor-top-column elementor-element elementor-element-923d08c\" data-id=\"923d08c\" data-element_type=\"column\" data-e-type=\"column\">\n\t\t\t<div class=\"elementor-widget-wrap elementor-element-populated\">\n\t\t\t\t\t\t<div class=\"elementor-element elementor-element-9c13726 elementor-widget elementor-widget-heading\" data-id=\"9c13726\" data-element_type=\"widget\" data-e-type=\"widget\" data-widget_type=\"heading.default\">\n\t\t\t\t<div class=\"elementor-widget-container\">\n\t\t\t\t\t<h1 class=\"elementor-heading-title elementor-size-default\">Trimble Tablet T100<\/h1>\t\t\t\t<\/div>\n\t\t\t\t<\/div>\n\t\t\t\t<div class=\"elementor-element elementor-element-3532ac7 elementor-widget-divider--view-line elementor-widget elementor-widget-divider\" data-id=\"3532ac7\" data-element_type=\"widget\" data-e-type=\"widget\" data-widget_type=\"divider.default\">\n\t\t\t\t<div class=\"elementor-widget-container\">\n\t\t\t\t\t\t\t<div class=\"elementor-divider\">\n\t\t\t<span class=\"elementor-divider-separator\">\n\t\t\t\t\t\t<\/span>\n\t\t<\/div>\n\t\t\t\t\t\t<\/div>\n\t\t\t\t<\/div>\n\t\t\t\t<div class=\"elementor-element elementor-element-8d0cec4 elementor-widget elementor-widget-heading\" data-id=\"8d0cec4\" data-element_type=\"widget\" data-e-type=\"widget\" data-widget_type=\"heading.default\">\n\t\t\t\t<div class=\"elementor-widget-container\">\n\t\t\t\t\t<h3 class=\"elementor-heading-title elementor-size-default\">La puissance de la haute technologie au format tablette : le nouveau Trimble T100<\/h3>\t\t\t\t<\/div>\n\t\t\t\t<\/div>\n\t\t\t\t<div class=\"elementor-element elementor-element-a815362 elementor-widget elementor-widget-text-editor\" data-id=\"a815362\" data-element_type=\"widget\" data-e-type=\"widget\" data-widget_type=\"text-editor.default\">\n\t\t\t\t<div class=\"elementor-widget-container\">\n\t\t\t\t\t\t\t\t\tAvec la nouvelle tablette T100 \u00e0 \u00e9cran tactile de 10.1 pouces, Trimble propose un appareil high-tech puissant et robuste \u00e0 utiliser sur le terrain. \u00c9quip\u00e9 d\u2019un puissant processeur Intel de 8e g\u00e9n\u00e9ration (i5) et du syst\u00e8me d\u2019exploitation Microsoft\u00ae Windows\u00ae 10 Professional, vous disposez d\u2019un ordinateur de terrain ergonomiquement parfait pour l\u2019acquisition et le traitement rapides des donn\u00e9es avec les performances d\u2019un ordinateur de bureau.\t\t\t\t\t\t\t\t<\/div>\n\t\t\t\t<\/div>\n\t\t\t\t\t<\/div>\n\t\t<\/div>\n\t\t\t\t\t<\/div>\n\t\t<\/section>\n\t\t\t\t<section class=\"elementor-section elementor-top-section elementor-element elementor-element-9d66c73 elementor-section-full_width elementor-section-height-default elementor-section-height-default\" data-id=\"9d66c73\" data-element_type=\"section\" data-e-type=\"section\" data-settings=\"{&quot;background_background&quot;:&quot;classic&quot;}\">\n\t\t\t\t\t\t<div class=\"elementor-container elementor-column-gap-default\">\n\t\t\t\t\t<div class=\"elementor-column elementor-col-100 elementor-top-column elementor-element elementor-element-7aa7783\" data-id=\"7aa7783\" data-element_type=\"column\" data-e-type=\"column\">\n\t\t\t<div class=\"elementor-widget-wrap elementor-element-populated\">\n\t\t\t\t\t\t<div class=\"elementor-element elementor-element-9ffb9ef elementor-widget elementor-widget-heading\" data-id=\"9ffb9ef\" data-element_type=\"widget\" data-e-type=\"widget\" data-widget_type=\"heading.default\">\n\t\t\t\t<div class=\"elementor-widget-container\">\n\t\t\t\t\t<h2 class=\"elementor-heading-title elementor-size-default\">Caract\u00e9ristques<\/h2>\t\t\t\t<\/div>\n\t\t\t\t<\/div>\n\t\t\t\t<div class=\"elementor-element elementor-element-45be7f4 elementor-widget-divider--view-line elementor-widget elementor-widget-divider\" data-id=\"45be7f4\" data-element_type=\"widget\" data-e-type=\"widget\" data-widget_type=\"divider.default\">\n\t\t\t\t<div class=\"elementor-widget-container\">\n\t\t\t\t\t\t\t<div class=\"elementor-divider\">\n\t\t\t<span class=\"elementor-divider-separator\">\n\t\t\t\t\t\t<\/span>\n\t\t<\/div>\n\t\t\t\t\t\t<\/div>\n\t\t\t\t<\/div>\n\t\t\t\t<div class=\"elementor-element elementor-element-af901ae elementor-widget elementor-widget-text-editor\" data-id=\"af901ae\" data-element_type=\"widget\" data-e-type=\"widget\" data-widget_type=\"text-editor.default\">\n\t\t\t\t<div class=\"elementor-widget-container\">\n\t\t\t\t\t\t\t\t\t<ul><li>2 emplacements pour le module Trimble EMPOWER pour une configuration utilisateur flexible<\/li><li>16 Go de SDRAM, 512 Go de stockage de donn\u00e9es SSD, Wi-Fi et 4G LTE<\/li><li>Indice IP65, \u00e9cran r\u00e9sistant aux rayures<\/li><li>Autonomie de la batterie : 10 heures (avec GPS activ\u00e9).<\/li><li>Optimis\u00e9 pour Trimble Access\u2122 Logiciel de terrain 2020<\/li><\/ul>\t\t\t\t\t\t\t\t<\/div>\n\t\t\t\t<\/div>\n\t\t\t\t<section class=\"elementor-section elementor-inner-section elementor-element elementor-element-6b070b0 elementor-section-full_width elementor-section-height-default elementor-section-height-default\" data-id=\"6b070b0\" data-element_type=\"section\" data-e-type=\"section\">\n\t\t\t\t\t\t<div class=\"elementor-container elementor-column-gap-default\">\n\t\t\t\t\t<div class=\"elementor-column elementor-col-25 elementor-inner-column elementor-element elementor-element-4663f10\" data-id=\"4663f10\" data-element_type=\"column\" data-e-type=\"column\">\n\t\t\t<div class=\"elementor-widget-wrap elementor-element-populated\">\n\t\t\t\t\t\t<div class=\"elementor-element elementor-element-717f62b elementor-align-justify elementor-widget elementor-widget-button\" data-id=\"717f62b\" data-element_type=\"widget\" data-e-type=\"widget\" data-widget_type=\"button.default\">\n\t\t\t\t<div class=\"elementor-widget-container\">\n\t\t\t\t\t\t\t\t\t<div class=\"elementor-button-wrapper\">\n\t\t\t\t\t<a class=\"elementor-button elementor-button-link elementor-size-sm\" href=\"https:\/\/allnav.com\/wp-content\/uploads\/2021\/04\/ALC_Trimble_T100_French.pdf\" target=\"_blank\">\n\t\t\t\t\t\t<span class=\"elementor-button-content-wrapper\">\n\t\t\t\t\t\t\t\t\t<span class=\"elementor-button-text\">Fiche Technique<\/span>\n\t\t\t\t\t<\/span>\n\t\t\t\t\t<\/a>\n\t\t\t\t<\/div>\n\t\t\t\t\t\t\t\t<\/div>\n\t\t\t\t<\/div>\n\t\t\t\t\t<\/div>\n\t\t<\/div>\n\t\t\t\t<div class=\"elementor-column elementor-col-25 elementor-inner-column elementor-element elementor-element-a342a32\" data-id=\"a342a32\" data-element_type=\"column\" data-e-type=\"column\">\n\t\t\t<div class=\"elementor-widget-wrap elementor-element-populated\">\n\t\t\t\t\t\t<div class=\"elementor-element elementor-element-ef8a307 elementor-align-justify elementor-widget elementor-widget-button\" data-id=\"ef8a307\" data-element_type=\"widget\" data-e-type=\"widget\" data-widget_type=\"button.default\">\n\t\t\t\t<div class=\"elementor-widget-container\">\n\t\t\t\t\t\t\t\t\t<div class=\"elementor-button-wrapper\">\n\t\t\t\t\t<a class=\"elementor-button elementor-button-link elementor-size-sm\" href=\"https:\/\/geospatial.trimble.com\/products-and-solutions\/trimble-t100\" target=\"_blank\">\n\t\t\t\t\t\t<span class=\"elementor-button-content-wrapper\">\n\t\t\t\t\t\t\t\t\t<span class=\"elementor-button-text\">En savoir plus<\/span>\n\t\t\t\t\t<\/span>\n\t\t\t\t\t<\/a>\n\t\t\t\t<\/div>\n\t\t\t\t\t\t\t\t<\/div>\n\t\t\t\t<\/div>\n\t\t\t\t\t<\/div>\n\t\t<\/div>\n\t\t\t\t<div class=\"elementor-column elementor-col-25 elementor-inner-column elementor-element elementor-element-ad6ac3c\" data-id=\"ad6ac3c\" data-element_type=\"column\" data-e-type=\"column\">\n\t\t\t<div class=\"elementor-widget-wrap\">\n\t\t\t\t\t\t\t<\/div>\n\t\t<\/div>\n\t\t\t\t<div class=\"elementor-column elementor-col-25 elementor-inner-column elementor-element elementor-element-37ec7ff\" data-id=\"37ec7ff\" data-element_type=\"column\" data-e-type=\"column\">\n\t\t\t<div class=\"elementor-widget-wrap\">\n\t\t\t\t\t\t\t<\/div>\n\t\t<\/div>\n\t\t\t\t\t<\/div>\n\t\t<\/section>\n\t\t\t\t\t<\/div>\n\t\t<\/div>\n\t\t\t\t\t<\/div>\n\t\t<\/section>\n\t\t\t\t<section class=\"elementor-section elementor-top-section elementor-element elementor-element-5fda357 elementor-section-full_width elementor-section-height-default elementor-section-height-default\" data-id=\"5fda357\" data-element_type=\"section\" data-e-type=\"section\" data-settings=\"{&quot;background_background&quot;:&quot;classic&quot;}\">\n\t\t\t\t\t\t<div class=\"elementor-container elementor-column-gap-default\">\n\t\t\t\t\t<div class=\"elementor-column elementor-col-100 elementor-top-column elementor-element elementor-element-e2b5bf7\" data-id=\"e2b5bf7\" data-element_type=\"column\" data-e-type=\"column\">\n\t\t\t<div class=\"elementor-widget-wrap elementor-element-populated\">\n\t\t\t\t\t\t<div class=\"elementor-element elementor-element-df2c10c elementor-arrows-position-inside elementor-pagination-position-outside elementor-widget elementor-widget-image-carousel\" data-id=\"df2c10c\" data-element_type=\"widget\" data-e-type=\"widget\" data-settings=\"{&quot;slides_to_show&quot;:&quot;4&quot;,&quot;lazyload&quot;:&quot;yes&quot;,&quot;navigation&quot;:&quot;both&quot;,&quot;speed&quot;:500}\" data-widget_type=\"image-carousel.default\">\n\t\t\t\t<div class=\"elementor-widget-container\">\n\t\t\t\t\t\t\t<div class=\"elementor-image-carousel-wrapper swiper\" role=\"region\" aria-roledescription=\"carousel\" aria-label=\"Carrousel d\u2019images\" dir=\"ltr\">\n\t\t\t<div class=\"elementor-image-carousel swiper-wrapper\" aria-live=\"polite\">\n\t\t\t\t\t\t\t\t<div class=\"swiper-slide\" role=\"group\" aria-roledescription=\"slide\" aria-label=\"1 sur 1\" data-no-translation-aria-label=\"\"><a data-elementor-open-lightbox=\"yes\" data-elementor-lightbox-slideshow=\"df2c10c\" data-elementor-lightbox-title=\"ALC T100\" data-elementor-lightbox-description=\"ALC T100\" data-e-action-hash=\"#elementor-action%3Aaction%3Dlightbox%26settings%3DeyJpZCI6OTUxOSwidXJsIjoiaHR0cHM6XC9cL3d3dy5hbGxuYXYuY29tXC93cC1jb250ZW50XC91cGxvYWRzXC8yMDIxXC8wNFwvQUxDX1QxMDBfQmlsZC5wbmciLCJzbGlkZXNob3ciOiJkZjJjMTBjIn0%3D\" href=\"https:\/\/www.allnav.com\/wp-content\/uploads\/2021\/04\/ALC_T100_Bild.png\"><figure class=\"swiper-slide-inner\"><img class=\"swiper-slide-image swiper-lazy\" data-src=\"https:\/\/www.allnav.com\/wp-content\/uploads\/2021\/04\/ALC_T100_Bild-768x505.png\" alt=\"ALC T100\" \/><div class=\"swiper-lazy-preloader\"><\/div><\/figure><\/a><\/div>\t\t\t<\/div>\n\t\t\t\t\t<\/div>\n\t\t\t\t\t\t<\/div>\n\t\t\t\t<\/div>\n\t\t\t\t\t<\/div>\n\t\t<\/div>\n\t\t\t\t\t<\/div>\n\t\t<\/section>\n\t\t\t\t<\/div>","protected":false},"excerpt":{"rendered":"<p>Avec la tablette tactile T100 de 10.1\", Trimble met \u00e0 disposition un appareil high-tech puissant et robuste pour l'utilisation sur le terrain.<\/p>","protected":false},"author":1,"featured_media":13765,"parent":4158,"menu_order":0,"comment_status":"closed","ping_status":"closed","template":"elementor_header_footer","meta":{"footnotes":""},"class_list":["post-9490","page","type-page","status-publish","has-post-thumbnail","hentry"],"yoast_head":"<!-- This site is optimized with the Yoast SEO Premium plugin v27.4 (Yoast SEO v27.4) - https:\/\/yoast.com\/product\/yoast-seo-premium-wordpress\/ -->\n<title>Trimble T100 - ALLNAV<\/title>\n<meta name=\"description\" content=\"Mit dem neuen 10\u20181 Touchscreen Tablet T100 stellt Trimble ein starkes und robustes HighTech Ger\u00e4t f\u00fcr den Einsatz im Feld bereit. Ausgestattet mit leistungsf\u00e4higem Intel-Prozessor der 8. Generation (i5) und Microsoft\u00ae Windows\u00ae 10 Professional Betriebssystem verf\u00fcgen Sie \u00fcber einen ergonomisch perfekten Feldrechner zur schnellen Datenerfassung und -bearbeitung mit dem Leistungsumfang eines B\u00fcrorechners.\" \/>\n<meta name=\"robots\" content=\"index, follow, max-snippet:-1, max-image-preview:large, max-video-preview:-1\" \/>\n<link rel=\"canonical\" href=\"https:\/\/www.allnav.com\/fr\/produkte\/feldrechner\/trimble-t100\/\" \/>\n<meta property=\"og:locale\" content=\"fr_FR\" \/>\n<meta property=\"og:type\" content=\"article\" \/>\n<meta property=\"og:title\" content=\"HighTech-Power im TabletformatDer neue Trimble T100\" \/>\n<meta property=\"og:description\" content=\"Mit dem neuen 10\u20181 Touchscreen Tablet T100 stellt Trimble ein starkes und robustes HighTech Ger\u00e4t f\u00fcr den Einsatz im Feld bereit. Ausgestattet mit leistungsf\u00e4higem Intel-Prozessor der 8. Generation (i5) und Microsoft\u00ae Windows\u00ae 10 Professional Betriebssystem verf\u00fcgen Sie \u00fcber einen ergonomisch perfekten Feldrechner zur schnellen Datenerfassung und -bearbeitung mit dem Leistungsumfang eines B\u00fcrorechners.\" \/>\n<meta property=\"og:url\" content=\"https:\/\/www.allnav.com\/fr\/produkte\/feldrechner\/trimble-t100\/\" \/>\n<meta property=\"og:site_name\" content=\"ALLNAV\" \/>\n<meta property=\"article:modified_time\" content=\"2024-06-11T10:31:07+00:00\" \/>\n<meta property=\"og:image\" content=\"https:\/\/www.allnav.com\/wp-content\/uploads\/2021\/04\/ALC_T100.png\" \/>\n\t<meta property=\"og:image:width\" content=\"960\" \/>\n\t<meta property=\"og:image:height\" content=\"676\" \/>\n\t<meta property=\"og:image:type\" content=\"image\/png\" \/>\n<meta name=\"twitter:card\" content=\"summary_large_image\" \/>\n<meta name=\"twitter:title\" content=\"HighTech-Power im TabletformatDer neue Trimble T100\" \/>\n<meta name=\"twitter:description\" content=\"Mit dem neuen 10\u20181 Touchscreen Tablet T100 stellt Trimble ein starkes und robustes HighTech Ger\u00e4t f\u00fcr den Einsatz im Feld bereit. Ausgestattet mit leistungsf\u00e4higem Intel-Prozessor der 8. Generation (i5) und Microsoft\u00ae Windows\u00ae 10 Professional Betriebssystem verf\u00fcgen Sie \u00fcber einen ergonomisch perfekten Feldrechner zur schnellen Datenerfassung und -bearbeitung mit dem Leistungsumfang eines B\u00fcrorechners. Weitere wichtige Merkmale:\" \/>\n<meta name=\"twitter:image\" content=\"https:\/\/www.allnav.com\/wp-content\/uploads\/2021\/04\/ALC_T100.png\" \/>\n<meta name=\"twitter:label1\" content=\"Dur\u00e9e de lecture estim\u00e9e\" \/>\n\t<meta name=\"twitter:data1\" content=\"1 minute\" \/>\n<script type=\"application\/ld+json\" class=\"yoast-schema-graph\">{\"@context\":\"https:\\\/\\\/schema.org\",\"@graph\":[{\"@type\":\"WebPage\",\"@id\":\"https:\\\/\\\/www.allnav.com\\\/produkte\\\/feldrechner\\\/trimble-t100\\\/\",\"url\":\"https:\\\/\\\/www.allnav.com\\\/produkte\\\/feldrechner\\\/trimble-t100\\\/\",\"name\":\"Trimble T100 - ALLNAV\",\"isPartOf\":{\"@id\":\"https:\\\/\\\/www.allnav.com\\\/#website\"},\"primaryImageOfPage\":{\"@id\":\"https:\\\/\\\/www.allnav.com\\\/produkte\\\/feldrechner\\\/trimble-t100\\\/#primaryimage\"},\"image\":{\"@id\":\"https:\\\/\\\/www.allnav.com\\\/produkte\\\/feldrechner\\\/trimble-t100\\\/#primaryimage\"},\"thumbnailUrl\":\"https:\\\/\\\/www.allnav.com\\\/wp-content\\\/uploads\\\/2024\\\/06\\\/allnav-feldrechner-trimble-T100.jpg\",\"datePublished\":\"2021-04-14T09:22:15+00:00\",\"dateModified\":\"2024-06-11T10:31:07+00:00\",\"description\":\"Mit dem neuen 10\u20181 Touchscreen Tablet T100 stellt Trimble ein starkes und robustes HighTech Ger\u00e4t f\u00fcr den Einsatz im Feld bereit. Ausgestattet mit leistungsf\u00e4higem Intel-Prozessor der 8. Generation (i5) und Microsoft\u00ae Windows\u00ae 10 Professional Betriebssystem verf\u00fcgen Sie \u00fcber einen ergonomisch perfekten Feldrechner zur schnellen Datenerfassung und -bearbeitung mit dem Leistungsumfang eines B\u00fcrorechners.\",\"breadcrumb\":{\"@id\":\"https:\\\/\\\/www.allnav.com\\\/produkte\\\/feldrechner\\\/trimble-t100\\\/#breadcrumb\"},\"inLanguage\":\"fr-FR\",\"potentialAction\":[{\"@type\":\"ReadAction\",\"target\":[\"https:\\\/\\\/www.allnav.com\\\/produkte\\\/feldrechner\\\/trimble-t100\\\/\"]}]},{\"@type\":\"ImageObject\",\"inLanguage\":\"fr-FR\",\"@id\":\"https:\\\/\\\/www.allnav.com\\\/produkte\\\/feldrechner\\\/trimble-t100\\\/#primaryimage\",\"url\":\"https:\\\/\\\/www.allnav.com\\\/wp-content\\\/uploads\\\/2024\\\/06\\\/allnav-feldrechner-trimble-T100.jpg\",\"contentUrl\":\"https:\\\/\\\/www.allnav.com\\\/wp-content\\\/uploads\\\/2024\\\/06\\\/allnav-feldrechner-trimble-T100.jpg\",\"width\":1280,\"height\":853,\"caption\":\"Trimble Feldrechner T100\"},{\"@type\":\"BreadcrumbList\",\"@id\":\"https:\\\/\\\/www.allnav.com\\\/produkte\\\/feldrechner\\\/trimble-t100\\\/#breadcrumb\",\"itemListElement\":[{\"@type\":\"ListItem\",\"position\":1,\"name\":\"Startseite\",\"item\":\"https:\\\/\\\/www.allnav.com\\\/\"},{\"@type\":\"ListItem\",\"position\":2,\"name\":\"Produkte\",\"item\":\"https:\\\/\\\/www.allnav.com\\\/produkte\\\/\"},{\"@type\":\"ListItem\",\"position\":3,\"name\":\"Feldrechner\",\"item\":\"https:\\\/\\\/www.allnav.com\\\/produkte\\\/feldrechner\\\/\"},{\"@type\":\"ListItem\",\"position\":4,\"name\":\"Trimble T100\"}]},{\"@type\":\"WebSite\",\"@id\":\"https:\\\/\\\/www.allnav.com\\\/#website\",\"url\":\"https:\\\/\\\/www.allnav.com\\\/\",\"name\":\"ALLNAV\",\"description\":\"L\u00f6sungen und Systeme f\u00fcr Vermessungsprofis\",\"publisher\":{\"@id\":\"https:\\\/\\\/www.allnav.com\\\/#organization\"},\"potentialAction\":[{\"@type\":\"SearchAction\",\"target\":{\"@type\":\"EntryPoint\",\"urlTemplate\":\"https:\\\/\\\/www.allnav.com\\\/?s={search_term_string}\"},\"query-input\":{\"@type\":\"PropertyValueSpecification\",\"valueRequired\":true,\"valueName\":\"search_term_string\"}}],\"inLanguage\":\"fr-FR\"},{\"@type\":\"Organization\",\"@id\":\"https:\\\/\\\/www.allnav.com\\\/#organization\",\"name\":\"ALLNAV\",\"url\":\"https:\\\/\\\/www.allnav.com\\\/\",\"logo\":{\"@type\":\"ImageObject\",\"inLanguage\":\"fr-FR\",\"@id\":\"https:\\\/\\\/www.allnav.com\\\/#\\\/schema\\\/logo\\\/image\\\/\",\"url\":\"https:\\\/\\\/www.allnav.com\\\/wp-content\\\/uploads\\\/2020\\\/01\\\/allnav.png\",\"contentUrl\":\"https:\\\/\\\/www.allnav.com\\\/wp-content\\\/uploads\\\/2020\\\/01\\\/allnav.png\",\"width\":506,\"height\":152,\"caption\":\"ALLNAV\"},\"image\":{\"@id\":\"https:\\\/\\\/www.allnav.com\\\/#\\\/schema\\\/logo\\\/image\\\/\"}}]}<\/script>\n<!-- \/ Yoast SEO Premium plugin. -->","yoast_head_json":{"title":"Trimble T100 - ALLNAV","description":"Mit dem neuen 10\u20181 Touchscreen Tablet T100 stellt Trimble ein starkes und robustes HighTech Ger\u00e4t f\u00fcr den Einsatz im Feld bereit. Ausgestattet mit leistungsf\u00e4higem Intel-Prozessor der 8. Generation (i5) und Microsoft\u00ae Windows\u00ae 10 Professional Betriebssystem verf\u00fcgen Sie \u00fcber einen ergonomisch perfekten Feldrechner zur schnellen Datenerfassung und -bearbeitung mit dem Leistungsumfang eines B\u00fcrorechners.","robots":{"index":"index","follow":"follow","max-snippet":"max-snippet:-1","max-image-preview":"max-image-preview:large","max-video-preview":"max-video-preview:-1"},"canonical":"https:\/\/www.allnav.com\/fr\/produkte\/feldrechner\/trimble-t100\/","og_locale":"fr_FR","og_type":"article","og_title":"HighTech-Power im TabletformatDer neue Trimble T100","og_description":"Mit dem neuen 10\u20181 Touchscreen Tablet T100 stellt Trimble ein starkes und robustes HighTech Ger\u00e4t f\u00fcr den Einsatz im Feld bereit. Ausgestattet mit leistungsf\u00e4higem Intel-Prozessor der 8. Generation (i5) und Microsoft\u00ae Windows\u00ae 10 Professional Betriebssystem verf\u00fcgen Sie \u00fcber einen ergonomisch perfekten Feldrechner zur schnellen Datenerfassung und -bearbeitung mit dem Leistungsumfang eines B\u00fcrorechners.","og_url":"https:\/\/www.allnav.com\/fr\/produkte\/feldrechner\/trimble-t100\/","og_site_name":"ALLNAV","article_modified_time":"2024-06-11T10:31:07+00:00","og_image":[{"width":960,"height":676,"url":"https:\/\/www.allnav.com\/wp-content\/uploads\/2021\/04\/ALC_T100.png","type":"image\/png"}],"twitter_card":"summary_large_image","twitter_title":"HighTech-Power im TabletformatDer neue Trimble T100","twitter_description":"Mit dem neuen 10\u20181 Touchscreen Tablet T100 stellt Trimble ein starkes und robustes HighTech Ger\u00e4t f\u00fcr den Einsatz im Feld bereit. Ausgestattet mit leistungsf\u00e4higem Intel-Prozessor der 8. Generation (i5) und Microsoft\u00ae Windows\u00ae 10 Professional Betriebssystem verf\u00fcgen Sie \u00fcber einen ergonomisch perfekten Feldrechner zur schnellen Datenerfassung und -bearbeitung mit dem Leistungsumfang eines B\u00fcrorechners. Weitere wichtige Merkmale:","twitter_image":"https:\/\/www.allnav.com\/wp-content\/uploads\/2021\/04\/ALC_T100.png","twitter_misc":{"Dur\u00e9e de lecture estim\u00e9e":"1 minute"},"schema":{"@context":"https:\/\/schema.org","@graph":[{"@type":"WebPage","@id":"https:\/\/www.allnav.com\/produkte\/feldrechner\/trimble-t100\/","url":"https:\/\/www.allnav.com\/produkte\/feldrechner\/trimble-t100\/","name":"Trimble T100 - ALLNAV","isPartOf":{"@id":"https:\/\/www.allnav.com\/#website"},"primaryImageOfPage":{"@id":"https:\/\/www.allnav.com\/produkte\/feldrechner\/trimble-t100\/#primaryimage"},"image":{"@id":"https:\/\/www.allnav.com\/produkte\/feldrechner\/trimble-t100\/#primaryimage"},"thumbnailUrl":"https:\/\/www.allnav.com\/wp-content\/uploads\/2024\/06\/allnav-feldrechner-trimble-T100.jpg","datePublished":"2021-04-14T09:22:15+00:00","dateModified":"2024-06-11T10:31:07+00:00","description":"Mit dem neuen 10\u20181 Touchscreen Tablet T100 stellt Trimble ein starkes und robustes HighTech Ger\u00e4t f\u00fcr den Einsatz im Feld bereit. Ausgestattet mit leistungsf\u00e4higem Intel-Prozessor der 8. Generation (i5) und Microsoft\u00ae Windows\u00ae 10 Professional Betriebssystem verf\u00fcgen Sie \u00fcber einen ergonomisch perfekten Feldrechner zur schnellen Datenerfassung und -bearbeitung mit dem Leistungsumfang eines B\u00fcrorechners.","breadcrumb":{"@id":"https:\/\/www.allnav.com\/produkte\/feldrechner\/trimble-t100\/#breadcrumb"},"inLanguage":"fr-FR","potentialAction":[{"@type":"ReadAction","target":["https:\/\/www.allnav.com\/produkte\/feldrechner\/trimble-t100\/"]}]},{"@type":"ImageObject","inLanguage":"fr-FR","@id":"https:\/\/www.allnav.com\/produkte\/feldrechner\/trimble-t100\/#primaryimage","url":"https:\/\/www.allnav.com\/wp-content\/uploads\/2024\/06\/allnav-feldrechner-trimble-T100.jpg","contentUrl":"https:\/\/www.allnav.com\/wp-content\/uploads\/2024\/06\/allnav-feldrechner-trimble-T100.jpg","width":1280,"height":853,"caption":"Trimble Feldrechner T100"},{"@type":"BreadcrumbList","@id":"https:\/\/www.allnav.com\/produkte\/feldrechner\/trimble-t100\/#breadcrumb","itemListElement":[{"@type":"ListItem","position":1,"name":"Startseite","item":"https:\/\/www.allnav.com\/"},{"@type":"ListItem","position":2,"name":"Produkte","item":"https:\/\/www.allnav.com\/produkte\/"},{"@type":"ListItem","position":3,"name":"Feldrechner","item":"https:\/\/www.allnav.com\/produkte\/feldrechner\/"},{"@type":"ListItem","position":4,"name":"Trimble T100"}]},{"@type":"WebSite","@id":"https:\/\/www.allnav.com\/#website","url":"https:\/\/www.allnav.com\/","name":"ALLNAV","description":"L\u00f6sungen und Systeme f\u00fcr Vermessungsprofis","publisher":{"@id":"https:\/\/www.allnav.com\/#organization"},"potentialAction":[{"@type":"SearchAction","target":{"@type":"EntryPoint","urlTemplate":"https:\/\/www.allnav.com\/?s={search_term_string}"},"query-input":{"@type":"PropertyValueSpecification","valueRequired":true,"valueName":"search_term_string"}}],"inLanguage":"fr-FR"},{"@type":"Organization","@id":"https:\/\/www.allnav.com\/#organization","name":"ALLNAV","url":"https:\/\/www.allnav.com\/","logo":{"@type":"ImageObject","inLanguage":"fr-FR","@id":"https:\/\/www.allnav.com\/#\/schema\/logo\/image\/","url":"https:\/\/www.allnav.com\/wp-content\/uploads\/2020\/01\/allnav.png","contentUrl":"https:\/\/www.allnav.com\/wp-content\/uploads\/2020\/01\/allnav.png","width":506,"height":152,"caption":"ALLNAV"},"image":{"@id":"https:\/\/www.allnav.com\/#\/schema\/logo\/image\/"}}]}},"_links":{"self":[{"href":"https:\/\/www.allnav.com\/fr\/wp-json\/wp\/v2\/pages\/9490","targetHints":{"allow":["GET"]}}],"collection":[{"href":"https:\/\/www.allnav.com\/fr\/wp-json\/wp\/v2\/pages"}],"about":[{"href":"https:\/\/www.allnav.com\/fr\/wp-json\/wp\/v2\/types\/page"}],"author":[{"embeddable":true,"href":"https:\/\/www.allnav.com\/fr\/wp-json\/wp\/v2\/users\/1"}],"replies":[{"embeddable":true,"href":"https:\/\/www.allnav.com\/fr\/wp-json\/wp\/v2\/comments?post=9490"}],"version-history":[{"count":0,"href":"https:\/\/www.allnav.com\/fr\/wp-json\/wp\/v2\/pages\/9490\/revisions"}],"up":[{"embeddable":true,"href":"https:\/\/www.allnav.com\/fr\/wp-json\/wp\/v2\/pages\/4158"}],"wp:featuredmedia":[{"embeddable":true,"href":"https:\/\/www.allnav.com\/fr\/wp-json\/wp\/v2\/media\/13765"}],"wp:attachment":[{"href":"https:\/\/www.allnav.com\/fr\/wp-json\/wp\/v2\/media?parent=9490"}],"curies":[{"name":"wp","href":"https:\/\/api.w.org\/{rel}","templated":true}]}}